{"id":8116,"date":"2022-10-26T13:06:22","date_gmt":"2022-10-26T11:06:22","guid":{"rendered":"https:\/\/andalubox.com\/producto-andaluz\/alsur-artichokes-with-stalk-720gr\/"},"modified":"2025-06-17T11:32:34","modified_gmt":"2025-06-17T09:32:34","slug":"alsur-artichoke-with-stem-720gr","status":"publish","type":"product","link":"https:\/\/andalubox.com\/en\/producto-andaluz\/alsur-artichoke-with-stem-720gr\/","title":{"rendered":"Alsur Antequera Large Roman Artichokes with Stem 5-7 fruits, 630g"},"content":{"rendered":"<div class=\"info\">\n<h3 class=\"info-title\">General information<\/h3>\n<ul class=\"info-list\">\n\t<li class=\"info-item\"><span class=\"info-key \">Name of the food:<\/span> Artichoke with stalk<\/li>\n\t<li class=\"info-item\"><span class=\"info-key \">Country of origin:<\/span> Peru<\/li>\n\t<li class=\"info-item\"><span class=\"info-key \">Name of the operator:<\/span> Sola de Antequera, S.A.<\/li>\n\t<li class=\"info-item\"><span class=\"info-key \">Operator&#8217;s address:<\/span> Ctra. C\u00f3rdoba &#8211; M\u00e1laga km 520, 29200 Antequera (M\u00e1laga) <\/li>\n\t<li class=\"info-item\"><span class=\"info-key \">Place of origin of the food:<\/span> Per\u00fa_Per\u00fa_Per\u00fa_Peru<\/li>\n\t<li class=\"info-item\"><span class=\"info-key \">Net Quantity:<\/span> 630 g<\/li>\n\t<li class=\"info-item\"><span class=\"info-key \">Drained net weight:<\/span> 360 g<\/li>\n<\/ul>\n<\/div>\n<div class=\"info\">\n<h3 class=\"info-title\">Ingredients and allergens<\/h3>\n<ul class=\"info-list\">\n\t<li class=\"info-item\">Artichokes, sunflower vegetable oil, salt, mixed spices, acidulant: citric acid and preservative: acetic acid. Contains traces of <b>mustard<\/b> <\/li>\n<\/ul>\n<\/div>\n<div class=\"info _nutrients\">\n<h4 class=\"info-title\">Nutrients<\/h4>\n<p>Energy: 281kj\/67kcal; Fat: 4.14g; Saturated Fat: 0.5g; Carbohydrate: 6.38g; of which Sugars: 3.14g; Fiber: 2.69g; Protein: 1.13g; Salt: 0.73g<\/p>\n<p>&nbsp;<\/p>\n<\/div>","protected":false},"excerpt":{"rendered":"<p>General information Name of the food: Artichoke with stalk Country of origin: Peru Name of the operator: Sola de Antequera, S.A. Operator&#8217;s address: Ctra. C\u00f3rdoba &#8211; M\u00e1laga km 520, 29200 Antequera (M\u00e1laga) Place of origin of the food: Per\u00fa_Per\u00fa_Per\u00fa_Peru Net Quantity: 630 g Drained net weight: 360 g Ingredients and allergens Artichokes, sunflower vegetable oil, [&hellip;]<\/p>\n","protected":false},"featured_media":31545,"comment_status":"closed","ping_status":"closed","template":"","meta":{"site-sidebar-layout":"default","site-content-layout":"","ast-site-content-layout":"default","site-content-style":"default","site-sidebar-style":"default","ast-global-header-display":"","ast-banner-title-visibility":"","ast-main-header-display":"","ast-hfb-above-header-display":"","ast-hfb-below-header-display":"","ast-hfb-mobile-header-display":"","site-post-title":"","ast-breadcrumbs-content":"","ast-featured-img":"","footer-sml-layout":"","ast-disable-related-posts":"","theme-transparent-header-meta":"default","adv-header-id-meta":"","stick-header-meta":"","header-above-stick-meta":"","header-main-stick-meta":"","header-below-stick-meta":"","astra-migrate-meta-layouts":"default","ast-page-background-enabled":"default","ast-page-background-meta":{"desktop":{"background-color":"var(--ast-global-color-4)","background-image":"","background-repeat":"repeat","background-position":"center center","background-size":"auto","background-attachment":"scroll","background-type":"","background-media":"","overlay-type":"","overlay-color":"","overlay-opacity":"","overlay-gradient":""},"tablet":{"background-color":"","background-image":"","background-repeat":"repeat","background-position":"center center","background-size":"auto","background-attachment":"scroll","background-type":"","background-media":"","overlay-type":"","overlay-color":"","overlay-opacity":"","overlay-gradient":""},"mobile":{"background-color":"","background-image":"","background-repeat":"repeat","background-position":"center center","background-size":"auto","background-attachment":"scroll","background-type":"","background-media":"","overlay-type":"","overlay-color":"","overlay-opacity":"","overlay-gradient":""}},"ast-content-background-meta":{"desktop":{"background-color":"var(--ast-global-color-5)","background-image":"","background-repeat":"repeat","background-position":"center center","background-size":"auto","background-attachment":"scroll","background-type":"","background-media":"","overlay-type":"","overlay-color":"","overlay-opacity":"","overlay-gradient":""},"tablet":{"background-color":"var(--ast-global-color-5)","background-image":"","background-repeat":"repeat","background-position":"center center","background-size":"auto","background-attachment":"scroll","background-type":"","background-media":"","overlay-type":"","overlay-color":"","overlay-opacity":"","overlay-gradient":""},"mobile":{"background-color":"var(--ast-global-color-5)","background-image":"","background-repeat":"repeat","background-position":"center center","background-size":"auto","background-attachment":"scroll","background-type":"","background-media":"","overlay-type":"","overlay-color":"","overlay-opacity":"","overlay-gradient":""}}},"product_brand":[1132],"product_cat":[],"product_tag":[153],"class_list":{"0":"post-8116","1":"product","2":"type-product","3":"status-publish","4":"has-post-thumbnail","6":"product_brand-alsur","7":"product_tag-malaga-en","8":"desktop-align-left","9":"tablet-align-left","10":"mobile-align-left","12":"first","13":"instock","14":"taxable","15":"shipping-taxable","16":"purchasable","17":"product-type-simple"},"_links":{"self":[{"href":"https:\/\/andalubox.com\/en\/wp-json\/wp\/v2\/product\/8116","targetHints":{"allow":["GET"]}}],"collection":[{"href":"https:\/\/andalubox.com\/en\/wp-json\/wp\/v2\/product"}],"about":[{"href":"https:\/\/andalubox.com\/en\/wp-json\/wp\/v2\/types\/product"}],"replies":[{"embeddable":true,"href":"https:\/\/andalubox.com\/en\/wp-json\/wp\/v2\/comments?post=8116"}],"wp:featuredmedia":[{"embeddable":true,"href":"https:\/\/andalubox.com\/en\/wp-json\/wp\/v2\/media\/31545"}],"wp:attachment":[{"href":"https:\/\/andalubox.com\/en\/wp-json\/wp\/v2\/media?parent=8116"}],"wp:term":[{"taxonomy":"product_brand","embeddable":true,"href":"https:\/\/andalubox.com\/en\/wp-json\/wp\/v2\/product_brand?post=8116"},{"taxonomy":"product_cat","embeddable":true,"href":"https:\/\/andalubox.com\/en\/wp-json\/wp\/v2\/product_cat?post=8116"},{"taxonomy":"product_tag","embeddable":true,"href":"https:\/\/andalubox.com\/en\/wp-json\/wp\/v2\/product_tag?post=8116"}],"curies":[{"name":"wp","href":"https:\/\/api.w.org\/{rel}","templated":true}]}}