{"id":8113,"date":"2022-10-26T13:06:21","date_gmt":"2022-10-26T11:06:21","guid":{"rendered":"https:\/\/andalubox.com\/producto-andaluz\/alsur-artichoke-hearts-mini-250gr\/"},"modified":"2025-06-17T11:37:29","modified_gmt":"2025-06-17T09:37:29","slug":"alsur-artichoke-hearts-mini-250gr","status":"publish","type":"product","link":"https:\/\/andalubox.com\/en\/producto-andaluz\/alsur-artichoke-hearts-mini-250gr\/","title":{"rendered":"Alsur Antequera Artichoke Hearts Mini Baby 20-25 fruits, 225g"},"content":{"rendered":"<div class=\"block_1\">\n<p class=\"marg_3\">Alsur artichoke hearts are prepared from heads devoid of stems and leathery outer bracts, so they are formed only from the receptacle and inner tender bracts. At Alsur we maintain its appearance, and above all the organoleptic qualities of the canned product, which are extraordinarily similar to those of the fresh product.<\/p>\n<div class=\"info\">\n<h3 class=\"info-title\">General information<\/h3>\n<ul class=\"info-list\">\n\t<li class=\"info-item\"><span class=\"info-key \">Name of product:<\/span> Artichoke 20\/25 fruits<\/li>\n\t<li class=\"info-item\"><span class=\"info-key \">Country of origin:<\/span> Peru<\/li>\n\t<li class=\"info-item\"><span class=\"info-key \">Name of the operator:<\/span> Sola de Antequera, S.A.<\/li>\n\t<li class=\"info-item\"><span class=\"info-key \">Operator&#8217;s address:<\/span> Ctra. C\u00f3rdoba &#8211; M\u00e1laga km 520, 29200 Antequera (M\u00e1laga) <\/li>\n\t<li class=\"info-item\"><span class=\"info-key \">Place of origin of the food:<\/span> Per\u00fa_Per\u00fa_Per\u00fa_Peru<\/li>\n\t<li class=\"info-item\"><span class=\"info-key \">Net Quantity:<\/span> 225 g<\/li>\n\t<li class=\"info-item\"><span class=\"info-key \">Net drained weight:<\/span> 150 g<\/li>\n<\/ul>\n<\/div>\n<div class=\"info\">\n<h3 class=\"info-title\">Ingredients and allergens<\/h3>\n<ul class=\"info-list\">\n\t<li class=\"info-item\">Artichoke, water, salt and acidulant: citric acid.<\/li>\n<\/ul>\n<\/div>\n<div class=\"info _nutrients\">\n<h4 class=\"info-title\">Nutrients<\/h4>\n<p>Energy: 178kj\/42kcal; Fat: 0.28g Saturated Fat: 0.07g; Carbohydrates: 7.72g; of which Sugars: 3.88g; Protein: 2.13g; Fiber: 2.33g; Salt: 0.73g<\/p>\n<\/div>\n<\/div>","protected":false},"excerpt":{"rendered":"<p>Prepared from capitula devoid of stems and leathery outer bracts, so they are formed only from the receptacle.<\/p>\n","protected":false},"featured_media":31549,"comment_status":"closed","ping_status":"closed","template":"","meta":{"site-sidebar-layout":"default","site-content-layout":"default","ast-site-content-layout":"default","site-content-style":"default","site-sidebar-style":"default","ast-global-header-display":"","ast-banner-title-visibility":"","ast-main-header-display":"","ast-hfb-above-header-display":"","ast-hfb-below-header-display":"","ast-hfb-mobile-header-display":"","site-post-title":"","ast-breadcrumbs-content":"","ast-featured-img":"","footer-sml-layout":"","ast-disable-related-posts":"","theme-transparent-header-meta":"default","adv-header-id-meta":"","stick-header-meta":"","header-above-stick-meta":"","header-main-stick-meta":"","header-below-stick-meta":"","astra-migrate-meta-layouts":"default","ast-page-background-enabled":"default","ast-page-background-meta":{"desktop":{"background-color":"var(--ast-global-color-4)","background-image":"","background-repeat":"repeat","background-position":"center center","background-size":"auto","background-attachment":"scroll","background-type":"","background-media":"","overlay-type":"","overlay-color":"","overlay-opacity":"","overlay-gradient":""},"tablet":{"background-color":"","background-image":"","background-repeat":"repeat","background-position":"center center","background-size":"auto","background-attachment":"scroll","background-type":"","background-media":"","overlay-type":"","overlay-color":"","overlay-opacity":"","overlay-gradient":""},"mobile":{"background-color":"","background-image":"","background-repeat":"repeat","background-position":"center center","background-size":"auto","background-attachment":"scroll","background-type":"","background-media":"","overlay-type":"","overlay-color":"","overlay-opacity":"","overlay-gradient":""}},"ast-content-background-meta":{"desktop":{"background-color":"var(--ast-global-color-5)","background-image":"","background-repeat":"repeat","background-position":"center center","background-size":"auto","background-attachment":"scroll","background-type":"","background-media":"","overlay-type":"","overlay-color":"","overlay-opacity":"","overlay-gradient":""},"tablet":{"background-color":"var(--ast-global-color-5)","background-image":"","background-repeat":"repeat","background-position":"center center","background-size":"auto","background-attachment":"scroll","background-type":"","background-media":"","overlay-type":"","overlay-color":"","overlay-opacity":"","overlay-gradient":""},"mobile":{"background-color":"var(--ast-global-color-5)","background-image":"","background-repeat":"repeat","background-position":"center center","background-size":"auto","background-attachment":"scroll","background-type":"","background-media":"","overlay-type":"","overlay-color":"","overlay-opacity":"","overlay-gradient":""}}},"product_brand":[1132],"product_cat":[1604],"product_tag":[153],"class_list":{"0":"post-8113","1":"product","2":"type-product","3":"status-publish","4":"has-post-thumbnail","6":"product_brand-alsur","7":"product_cat-huerta-verduras-y-hortalizas-en","8":"product_tag-malaga-en","9":"desktop-align-left","10":"tablet-align-left","11":"mobile-align-left","13":"first","14":"outofstock","15":"taxable","16":"shipping-taxable","17":"purchasable","18":"product-type-simple"},"_links":{"self":[{"href":"https:\/\/andalubox.com\/en\/wp-json\/wp\/v2\/product\/8113","targetHints":{"allow":["GET"]}}],"collection":[{"href":"https:\/\/andalubox.com\/en\/wp-json\/wp\/v2\/product"}],"about":[{"href":"https:\/\/andalubox.com\/en\/wp-json\/wp\/v2\/types\/product"}],"replies":[{"embeddable":true,"href":"https:\/\/andalubox.com\/en\/wp-json\/wp\/v2\/comments?post=8113"}],"wp:featuredmedia":[{"embeddable":true,"href":"https:\/\/andalubox.com\/en\/wp-json\/wp\/v2\/media\/31549"}],"wp:attachment":[{"href":"https:\/\/andalubox.com\/en\/wp-json\/wp\/v2\/media?parent=8113"}],"wp:term":[{"taxonomy":"product_brand","embeddable":true,"href":"https:\/\/andalubox.com\/en\/wp-json\/wp\/v2\/product_brand?post=8113"},{"taxonomy":"product_cat","embeddable":true,"href":"https:\/\/andalubox.com\/en\/wp-json\/wp\/v2\/product_cat?post=8113"},{"taxonomy":"product_tag","embeddable":true,"href":"https:\/\/andalubox.com\/en\/wp-json\/wp\/v2\/product_tag?post=8113"}],"curies":[{"name":"wp","href":"https:\/\/api.w.org\/{rel}","templated":true}]}}