{"id":8006,"date":"2022-10-26T13:05:33","date_gmt":"2022-10-26T11:05:33","guid":{"rendered":"https:\/\/andalubox.com\/producto-andaluz\/holy-tuesday-chestnut-liqueur-70cl\/"},"modified":"2026-02-25T16:08:42","modified_gmt":"2026-02-25T15:08:42","slug":"martes-santo-licor-de-castana-70cl","status":"publish","type":"product","link":"https:\/\/andalubox.com\/en\/producto-andaluz\/tuesday-holy-licor-of-castana-70cl\/","title":{"rendered":"Martes Santo Licor de Casta\u00f1a 70cl"},"content":{"rendered":"<p>Martes Santo Licor de Casta\u00f1a 70cl<\/p>\r\n<p>El Licor de Casta\u00f1a de Destiler\u00edas Martes Santo es un licor tradicional de casta\u00f1as elaborado en Higuera de la Sierra, dentro del Parque Natural Sierra de Aracena y Picos de Aroche en Huelva, Espa\u00f1a.<\/p>\r\n<p>Elaborado por una destiler\u00eda familiar fundada en 1870, se elabora macerando casta\u00f1as silvestres de origen local en aguardiente Martes Santo bidestilado, utilizando m\u00e9todos artesanales como alambiques de cobre calentados con le\u00f1a de encina.<\/p>\r\n<p>El licor tiene una graduaci\u00f3n alcoh\u00f3lica del 20 %, se presenta en una botella de 70 cl y contiene casta\u00f1as enteras, lo que le confiere un sabor distintivo, dulce y cremoso que refleja la herencia culinaria de la regi\u00f3n. Es reconocido por su sabor \u00fanico y rico, y su conexi\u00f3n con las tradiciones etnogr\u00e1ficas de la Sierra de Aracena.<\/p>\r\n<p>El Licor de Casta\u00f1a est\u00e1, elaborado con una selecci\u00f3n de las mejores materias primas (frutos naturales, plantas arom\u00e1ticas y los mejores alcoholes).<\/p>\r\n<p>Elaborado y embotellado por Destiler\u00edas Martes Santo S.L. fundada en 1870.<\/p>\r\n<p>Botella de cristal<br \/>\r\nCont. 70 cl.<br \/>\r\nAlc. 20% Vol.<br \/>\r\n75 gr. fruto 95 cl licor<\/p>","protected":false},"excerpt":{"rendered":"<p>Martes Santo Licor de Casta\u00f1a 70cl env\u00edos a TODA EUROPA.<\/p>\n","protected":false},"featured_media":6862,"comment_status":"closed","ping_status":"closed","template":"","meta":{"site-sidebar-layout":"default","site-content-layout":"default","ast-site-content-layout":"default","site-content-style":"default","site-sidebar-style":"default","ast-global-header-display":"","ast-banner-title-visibility":"","ast-main-header-display":"","ast-hfb-above-header-display":"","ast-hfb-below-header-display":"","ast-hfb-mobile-header-display":"","site-post-title":"","ast-breadcrumbs-content":"","ast-featured-img":"","footer-sml-layout":"","ast-disable-related-posts":"","theme-transparent-header-meta":"default","adv-header-id-meta":"","stick-header-meta":"","header-above-stick-meta":"","header-main-stick-meta":"","header-below-stick-meta":"","astra-migrate-meta-layouts":"default","ast-page-background-enabled":"default","ast-page-background-meta":{"desktop":{"background-color":"var(--ast-global-color-4)","background-image":"","background-repeat":"repeat","background-position":"center center","background-size":"auto","background-attachment":"scroll","background-type":"","background-media":"","overlay-type":"","overlay-color":"","overlay-opacity":"","overlay-gradient":""},"tablet":{"background-color":"","background-image":"","background-repeat":"repeat","background-position":"center center","background-size":"auto","background-attachment":"scroll","background-type":"","background-media":"","overlay-type":"","overlay-color":"","overlay-opacity":"","overlay-gradient":""},"mobile":{"background-color":"","background-image":"","background-repeat":"repeat","background-position":"center center","background-size":"auto","background-attachment":"scroll","background-type":"","background-media":"","overlay-type":"","overlay-color":"","overlay-opacity":"","overlay-gradient":""}},"ast-content-background-meta":{"desktop":{"background-color":"var(--ast-global-color-5)","background-image":"","background-repeat":"repeat","background-position":"center center","background-size":"auto","background-attachment":"scroll","background-type":"","background-media":"","overlay-type":"","overlay-color":"","overlay-opacity":"","overlay-gradient":""},"tablet":{"background-color":"var(--ast-global-color-5)","background-image":"","background-repeat":"repeat","background-position":"center center","background-size":"auto","background-attachment":"scroll","background-type":"","background-media":"","overlay-type":"","overlay-color":"","overlay-opacity":"","overlay-gradient":""},"mobile":{"background-color":"var(--ast-global-color-5)","background-image":"","background-repeat":"repeat","background-position":"center center","background-size":"auto","background-attachment":"scroll","background-type":"","background-media":"","overlay-type":"","overlay-color":"","overlay-opacity":"","overlay-gradient":""}}},"product_brand":[1174],"product_cat":[1664],"product_tag":[112],"class_list":{"0":"post-8006","1":"product","2":"type-product","3":"status-publish","4":"has-post-thumbnail","6":"product_brand-martes-santo","7":"product_cat-cremas-y-licores-dulces-en","8":"product_tag-huelva-en","9":"desktop-align-left","10":"tablet-align-left","11":"mobile-align-left","13":"first","14":"instock","15":"taxable","16":"shipping-taxable","17":"purchasable","18":"product-type-simple"},"_links":{"self":[{"href":"https:\/\/andalubox.com\/en\/wp-json\/wp\/v2\/product\/8006","targetHints":{"allow":["GET"]}}],"collection":[{"href":"https:\/\/andalubox.com\/en\/wp-json\/wp\/v2\/product"}],"about":[{"href":"https:\/\/andalubox.com\/en\/wp-json\/wp\/v2\/types\/product"}],"replies":[{"embeddable":true,"href":"https:\/\/andalubox.com\/en\/wp-json\/wp\/v2\/comments?post=8006"}],"wp:featuredmedia":[{"embeddable":true,"href":"https:\/\/andalubox.com\/en\/wp-json\/wp\/v2\/media\/6862"}],"wp:attachment":[{"href":"https:\/\/andalubox.com\/en\/wp-json\/wp\/v2\/media?parent=8006"}],"wp:term":[{"taxonomy":"product_brand","embeddable":true,"href":"https:\/\/andalubox.com\/en\/wp-json\/wp\/v2\/product_brand?post=8006"},{"taxonomy":"product_cat","embeddable":true,"href":"https:\/\/andalubox.com\/en\/wp-json\/wp\/v2\/product_cat?post=8006"},{"taxonomy":"product_tag","embeddable":true,"href":"https:\/\/andalubox.com\/en\/wp-json\/wp\/v2\/product_tag?post=8006"}],"curies":[{"name":"wp","href":"https:\/\/api.w.org\/{rel}","templated":true}]}}