{"id":7933,"date":"2022-10-26T13:05:23","date_gmt":"2022-10-26T11:05:23","guid":{"rendered":"https:\/\/andalubox.com\/producto-andaluz\/andalusi-crema-de-torrija-75cl\/"},"modified":"2026-02-25T16:08:42","modified_gmt":"2026-02-25T15:08:42","slug":"andalusi-crema-de-torrija-75cl","status":"publish","type":"product","link":"https:\/\/andalubox.com\/en\/producto-andaluz\/andalusi-crema-de-torrija-75cl\/","title":{"rendered":"Andalus\u00ed Crema de Torrija de Carmona 75cl"},"content":{"rendered":"<p><b>Andalus\u00ed Crema de Torrija de Carmona 75cl<\/b><\/p>\r\n<p><b>Descripci\u00f3n:<\/b><\/p>\r\n<p>La <b>Crema de Torrija Andalus\u00ed<\/b> es un licor cremoso innovador que captura la esencia y el sabor del tradicional postre espa\u00f1ol de Cuaresma y Semana Santa, la torrija, en formato de bebida espirituosa.<\/p>\r\n<ul>\r\n\t<li>\r\n<p><b>Origen:<\/b> Producida por Destiler\u00edas Andalus\u00ed, con instalaciones en <b>Carmona y El Viso del Alcor (Sevilla)<\/b>.<\/p>\r\n<\/li>\r\n\t<li>\r\n<p><b>Inspiraci\u00f3n:<\/b> Nace como homenaje a la tradici\u00f3n repostera andaluza, buscando evocar los recuerdos familiares y los aromas t\u00edpicos de la torrija casera.<\/p>\r\n<\/li>\r\n\t<li>\r\n<p><b>Sabor y Aroma:<\/b> El inconfundible perfil de la torrija est\u00e1 presente gracias a la combinaci\u00f3n de sus ingredientes principales:<\/p>\r\n<ul>\r\n\t<li>\r\n<p><b>Leche y Base Cremosa.<\/b><\/p>\r\n<\/li>\r\n\t<li>\r\n<p><b>Canela (aroma dominante).<\/b><\/p>\r\n<\/li>\r\n\t<li>\r\n<p><b>Miel<\/b> (a menudo con un toque de miel de azahar).<\/p>\r\n<\/li>\r\n\t<li>\r\n<p><b>Lim\u00f3n y Azahar<\/b> (aportando un contraste c\u00edtrico y floral).<\/p>\r\n<\/li>\r\n<\/ul>\r\n<\/li>\r\n\t<li>\r\n<p><b>Notas de Cata:<\/b><\/p>\r\n<ul>\r\n\t<li>\r\n<p><b>Apariencia:<\/b> Color blanco crema avainillado, brillante.<\/p>\r\n<\/li>\r\n\t<li>\r\n<p><b>Nariz:<\/b> Dulce, con notas pronunciadas a canela, lim\u00f3n y azahar.<\/p>\r\n<\/li>\r\n\t<li>\r\n<p><b>Boca:<\/b> Textura sedosa y cremosa, sabor dulce con ligeros toques a miel y un sutil regusto final a canela.<\/p>\r\n<\/li>\r\n<\/ul>\r\n<\/li>\r\n\t<li>\r\n<p><b>Graduaci\u00f3n Alcoh\u00f3lica:<\/b> <b>17% Vol.<\/b><\/p>\r\n<\/li>\r\n\t<li>\r\n<p><b>Formato:<\/b> Botella de vidrio de <b>75 cl<\/b> (o 70 cl, el formato est\u00e1ndar de licor).<\/p>\r\n<\/li>\r\n\t<li>\r\n<p><b>Consumo Recomendado:<\/b> Ideal para la sobremesa. Se aconseja tomarla <b>muy fr\u00eda<\/b>, sola en copa de bal\u00f3n o sobre cubitos de hielo, para intensificar su cremosidad. Contiene productos l\u00e1cteos.<\/p>\r\n<\/li>\r\n<\/ul>\r\n<p><b>Andalus\u00ed Crema de Torrija de Carmona 75cl.<\/b><\/p>\r\n<p>Tradici\u00f3n y recuerdos: Nuestra Crema de Torrija te transportar\u00e1 a aquellas a\u00f1oradas reuniones familiares con aroma a leche, canela, miel, lim\u00f3n y azahar, logrando que estos recuerdos y tradiciones sigan formando parte de nuestra esencia.<br \/>\r\n17% VOL. Contiene productos l\u00e1cteos.<\/p>","protected":false},"excerpt":{"rendered":"<p><b>Andalus\u00ed Crema de Torrija de Carmona 75cl ahora disponible para disfrutarla en toda EUROPA! <\/b>Sabor a tradici\u00f3n y recuerdos con aroma a leche, canela, miel, lim\u00f3n y azahar<\/p>\n","protected":false},"featured_media":6871,"comment_status":"closed","ping_status":"closed","template":"","meta":{"site-sidebar-layout":"default","site-content-layout":"default","ast-site-content-layout":"default","site-content-style":"default","site-sidebar-style":"default","ast-global-header-display":"","ast-banner-title-visibility":"","ast-main-header-display":"","ast-hfb-above-header-display":"","ast-hfb-below-header-display":"","ast-hfb-mobile-header-display":"","site-post-title":"","ast-breadcrumbs-content":"","ast-featured-img":"","footer-sml-layout":"","ast-disable-related-posts":"","theme-transparent-header-meta":"default","adv-header-id-meta":"","stick-header-meta":"","header-above-stick-meta":"","header-main-stick-meta":"","header-below-stick-meta":"","astra-migrate-meta-layouts":"default","ast-page-background-enabled":"default","ast-page-background-meta":{"desktop":{"background-color":"var(--ast-global-color-4)","background-image":"","background-repeat":"repeat","background-position":"center center","background-size":"auto","background-attachment":"scroll","background-type":"","background-media":"","overlay-type":"","overlay-color":"","overlay-opacity":"","overlay-gradient":""},"tablet":{"background-color":"","background-image":"","background-repeat":"repeat","background-position":"center center","background-size":"auto","background-attachment":"scroll","background-type":"","background-media":"","overlay-type":"","overlay-color":"","overlay-opacity":"","overlay-gradient":""},"mobile":{"background-color":"","background-image":"","background-repeat":"repeat","background-position":"center center","background-size":"auto","background-attachment":"scroll","background-type":"","background-media":"","overlay-type":"","overlay-color":"","overlay-opacity":"","overlay-gradient":""}},"ast-content-background-meta":{"desktop":{"background-color":"var(--ast-global-color-5)","background-image":"","background-repeat":"repeat","background-position":"center center","background-size":"auto","background-attachment":"scroll","background-type":"","background-media":"","overlay-type":"","overlay-color":"","overlay-opacity":"","overlay-gradient":""},"tablet":{"background-color":"var(--ast-global-color-5)","background-image":"","background-repeat":"repeat","background-position":"center center","background-size":"auto","background-attachment":"scroll","background-type":"","background-media":"","overlay-type":"","overlay-color":"","overlay-opacity":"","overlay-gradient":""},"mobile":{"background-color":"var(--ast-global-color-5)","background-image":"","background-repeat":"repeat","background-position":"center center","background-size":"auto","background-attachment":"scroll","background-type":"","background-media":"","overlay-type":"","overlay-color":"","overlay-opacity":"","overlay-gradient":""}}},"product_brand":[1490],"product_cat":[1664],"product_tag":[118],"class_list":{"0":"post-7933","1":"product","2":"type-product","3":"status-publish","4":"has-post-thumbnail","6":"product_brand-andalusi","7":"product_cat-cremas-y-licores-dulces-en","8":"product_tag-seville-en","9":"desktop-align-left","10":"tablet-align-left","11":"mobile-align-left","13":"first","14":"instock","15":"taxable","16":"shipping-taxable","17":"purchasable","18":"product-type-simple"},"_links":{"self":[{"href":"https:\/\/andalubox.com\/en\/wp-json\/wp\/v2\/product\/7933","targetHints":{"allow":["GET"]}}],"collection":[{"href":"https:\/\/andalubox.com\/en\/wp-json\/wp\/v2\/product"}],"about":[{"href":"https:\/\/andalubox.com\/en\/wp-json\/wp\/v2\/types\/product"}],"replies":[{"embeddable":true,"href":"https:\/\/andalubox.com\/en\/wp-json\/wp\/v2\/comments?post=7933"}],"wp:featuredmedia":[{"embeddable":true,"href":"https:\/\/andalubox.com\/en\/wp-json\/wp\/v2\/media\/6871"}],"wp:attachment":[{"href":"https:\/\/andalubox.com\/en\/wp-json\/wp\/v2\/media?parent=7933"}],"wp:term":[{"taxonomy":"product_brand","embeddable":true,"href":"https:\/\/andalubox.com\/en\/wp-json\/wp\/v2\/product_brand?post=7933"},{"taxonomy":"product_cat","embeddable":true,"href":"https:\/\/andalubox.com\/en\/wp-json\/wp\/v2\/product_cat?post=7933"},{"taxonomy":"product_tag","embeddable":true,"href":"https:\/\/andalubox.com\/en\/wp-json\/wp\/v2\/product_tag?post=7933"}],"curies":[{"name":"wp","href":"https:\/\/api.w.org\/{rel}","templated":true}]}}