{"id":7832,"date":"2022-10-26T13:04:37","date_gmt":"2022-10-26T11:04:37","guid":{"rendered":"https:\/\/andalubox.com\/producto-andaluz\/pata-negra-reserva-d-o-p-valdepenas-75cl\/"},"modified":"2026-01-28T11:12:00","modified_gmt":"2026-01-28T10:12:00","slug":"pata-negra-reserva-d-o-p-valdepenas-75-cl","status":"publish","type":"product","link":"https:\/\/andalubox.com\/en\/producto-andaluz\/pata-negra-reserva-d-o-p-valdepenas-75-cl\/","title":{"rendered":"Pata Negra Reserva Valdepe\u00f1as 75 CL"},"content":{"rendered":"<p>Pata Negra Reserva Valdepe\u00f1as 75 CL<\/p>\n<p>Pata Negra Valdepe\u00f1as is a Spanish red wine from the Protected Designation of Origin (PDO) Valdepe\u00f1as, made by Garc\u00eda Carri\u00f3n, a leading winery founded in Jumilla in 1890. It is made mainly from Tempranillo grapes, known for their balanced acidity, sugar and phenolic compounds, grown in soils with low clay content, high limestone content and good drainage, in a dry and sunny climate.<br>Variants and Characteristics:<br>Pata Negra Valdepe\u00f1as Reserva:<br>Winemaking: Made from selected Tempranillo grapes, fermented at 25-30 \u00b0C with about 20 days of maceration to obtain structure and color. After malolactic fermentation, it ages for 12 months in American and French oak barrels, and then in bottle.  <\/p>\n<p>Tasting Notes: Intense garnet or ruby red color with tile reflections. Aromas of blackberry, cherry, plum, mocha, cassis, black tea and roasted coffee. In the mouth, it is full-bodied, smooth, with soft, round tannins, a velvety texture and a toasty, lingering finish.  <\/p>\n<p>Food pairings: Combines with meat stews, game, roasted meats, artisan cheeses, tapas and even spicy dishes.<\/p>\n<p>Alcoholic strength: ~13 % vol.<\/p>\n<p>The grapes are destemmed and placed in stainless steel tanks at 24\u00baC where fermentation takes place respecting the integrity of the grapes. The wine is pumped over daily to bring the liquid part into contact with the solid part, favoring the extraction of color, aromas and tannins, which are important for aging in barrels. After an extended period of fermentation, the wine is devatted by separating the wine yolk from the press.<\/p>\n<p>Background:<br>Pata Negra, launched in 1978 with its first Gran Reserva from Valdepe\u00f1as, is a flagship brand of Garc\u00eda Carri\u00f3n, currently present in multiple Spanish PDOs (e.g. Rioja, Ribera del Duero, Rueda, Toro, Cava, Jumilla, La Mancha). It is recognized for its quality, affordable price and more than 170 awards in national and international competitions. The brand prioritizes innovation, combining traditional winemaking with modern technology, and promotes Spanish biodiversity with labels that include Iberian fauna such as the lynx, bull, wolf and fox.  <\/p>\n<p>Andalubox exports Pata Negra Valdepe\u00f1as Reserva throughout Europe.<\/p>","protected":false},"excerpt":{"rendered":"<p>Pata Negra Reserva Valdepe\u00f1as 75 CL, at wholesale prices, shipments to all EUROPEAN COUNTRIES.<\/p>\n","protected":false},"featured_media":6760,"comment_status":"closed","ping_status":"closed","template":"","meta":{"site-sidebar-layout":"default","site-content-layout":"default","ast-site-content-layout":"default","site-content-style":"default","site-sidebar-style":"default","ast-global-header-display":"","ast-banner-title-visibility":"","ast-main-header-display":"","ast-hfb-above-header-display":"","ast-hfb-below-header-display":"","ast-hfb-mobile-header-display":"","site-post-title":"","ast-breadcrumbs-content":"","ast-featured-img":"","footer-sml-layout":"","ast-disable-related-posts":"","theme-transparent-header-meta":"default","adv-header-id-meta":"","stick-header-meta":"","header-above-stick-meta":"","header-main-stick-meta":"","header-below-stick-meta":"","astra-migrate-meta-layouts":"default","ast-page-background-enabled":"default","ast-page-background-meta":{"desktop":{"background-color":"var(--ast-global-color-4)","background-image":"","background-repeat":"repeat","background-position":"center center","background-size":"auto","background-attachment":"scroll","background-type":"","background-media":"","overlay-type":"","overlay-color":"","overlay-opacity":"","overlay-gradient":""},"tablet":{"background-color":"","background-image":"","background-repeat":"repeat","background-position":"center center","background-size":"auto","background-attachment":"scroll","background-type":"","background-media":"","overlay-type":"","overlay-color":"","overlay-opacity":"","overlay-gradient":""},"mobile":{"background-color":"","background-image":"","background-repeat":"repeat","background-position":"center center","background-size":"auto","background-attachment":"scroll","background-type":"","background-media":"","overlay-type":"","overlay-color":"","overlay-opacity":"","overlay-gradient":""}},"ast-content-background-meta":{"desktop":{"background-color":"var(--ast-global-color-5)","background-image":"","background-repeat":"repeat","background-position":"center center","background-size":"auto","background-attachment":"scroll","background-type":"","background-media":"","overlay-type":"","overlay-color":"","overlay-opacity":"","overlay-gradient":""},"tablet":{"background-color":"var(--ast-global-color-5)","background-image":"","background-repeat":"repeat","background-position":"center center","background-size":"auto","background-attachment":"scroll","background-type":"","background-media":"","overlay-type":"","overlay-color":"","overlay-opacity":"","overlay-gradient":""},"mobile":{"background-color":"var(--ast-global-color-5)","background-image":"","background-repeat":"repeat","background-position":"center center","background-size":"auto","background-attachment":"scroll","background-type":"","background-media":"","overlay-type":"","overlay-color":"","overlay-opacity":"","overlay-gradient":""}}},"product_brand":[1315],"product_cat":[274],"product_tag":[],"class_list":{"0":"post-7832","1":"product","2":"type-product","3":"status-publish","4":"has-post-thumbnail","6":"product_brand-pata-negra","7":"product_cat-red-wine","8":"desktop-align-left","9":"tablet-align-left","10":"mobile-align-left","12":"first","13":"instock","14":"taxable","15":"shipping-taxable","16":"purchasable","17":"product-type-simple"},"_links":{"self":[{"href":"https:\/\/andalubox.com\/en\/wp-json\/wp\/v2\/product\/7832","targetHints":{"allow":["GET"]}}],"collection":[{"href":"https:\/\/andalubox.com\/en\/wp-json\/wp\/v2\/product"}],"about":[{"href":"https:\/\/andalubox.com\/en\/wp-json\/wp\/v2\/types\/product"}],"replies":[{"embeddable":true,"href":"https:\/\/andalubox.com\/en\/wp-json\/wp\/v2\/comments?post=7832"}],"wp:featuredmedia":[{"embeddable":true,"href":"https:\/\/andalubox.com\/en\/wp-json\/wp\/v2\/media\/6760"}],"wp:attachment":[{"href":"https:\/\/andalubox.com\/en\/wp-json\/wp\/v2\/media?parent=7832"}],"wp:term":[{"taxonomy":"product_brand","embeddable":true,"href":"https:\/\/andalubox.com\/en\/wp-json\/wp\/v2\/product_brand?post=7832"},{"taxonomy":"product_cat","embeddable":true,"href":"https:\/\/andalubox.com\/en\/wp-json\/wp\/v2\/product_cat?post=7832"},{"taxonomy":"product_tag","embeddable":true,"href":"https:\/\/andalubox.com\/en\/wp-json\/wp\/v2\/product_tag?post=7832"}],"curies":[{"name":"wp","href":"https:\/\/api.w.org\/{rel}","templated":true}]}}