{"id":7815,"date":"2022-10-26T13:04:37","date_gmt":"2022-10-26T11:04:37","guid":{"rendered":"https:\/\/andalubox.com\/producto-andaluz\/el-guiso-haute-cocina-vino-pedro-ximenez-especial-para-cocina-d-o-montilla-moriles-75cl\/"},"modified":"2025-09-19T11:50:42","modified_gmt":"2025-09-19T09:50:42","slug":"el-guiso-haute-cuisine-wine-pedro-ximenez-especial-para-cocina-do-montilla-moriles-75cl","status":"publish","type":"product","link":"https:\/\/andalubox.com\/en\/producto-andaluz\/el-guiso-haute-cuisine-wine-pedro-ximenez-especial-para-cocina-do-montilla-moriles-75cl\/","title":{"rendered":"El Guiso Haute Cuisine PX Montilla-Moriles Wine 75 Cl"},"content":{"rendered":"<div class=\"mfcss_article-detail--tabs\">\n<div id=\"details-tabs\" class=\"mfcss_article-detail--tabs-content\">\n<div class=\"tab-content\">\n<div id=\"details-tabs-pane-1\" class=\"tab-pane active fade in\" role=\"tabpanel\" aria-labelledby=\"details-tabs-tab-1\" aria-hidden=\"false\">\n<p>El Guiso Haute Cuisine PX Montilla-Moriles Wine 75 Cl<\/p>\n<p>The Guiso Vino Alta Cocina Pedro Xim\u00e9nez D.O. Montilla-Moriles, 75 cl, is a high quality cooking wine produced by Bodegas Rodr\u00edguez Chiachio S.L. in Cabra, Spain, within the Montilla-Moriles Denomination of Origin. Made exclusively from Pedro Xim\u00e9nez grapes, it is recognized for its intense aromatic profile and rich oak flavor, thanks to its aging in oak barrels for at least one year. <\/p>\n<p>This sweet, full-bodied wine is designed specifically for culinary use, enhancing dishes with its distinctive aroma and flavor that persist even after long cooking, unlike other wines that lose flavor during cooking.<\/p>\n<ul>\n\t<li>Type: Natural sweet wine (Pedro Xim\u00e9nez)<\/li>\n\t<li>Alcoholic content: 15 % vol. Appearance: Amber, intense color. <\/li>\n\t<li>Aroma: Intense, clean, fruity, with a marked varietal character.<\/li>\n\t<li>Flavor: Smooth, dense, sweet, with a long and elegant finish.<\/li>\n\t<li>Culinary use: Ideal for cooking, especially in sauces, stews and desserts, thanks to its robust flavor.<\/li>\n\t<li>Nutritional information (per 100 ml): 931 kJ \/ 222 kcal, 0 g fat, 0 g saturated fat, 0 g carbohydrates, 0 g sugars, 0 g protein, 0 g salt, contains sulfites<br>Producer: Bodegas Rodriguez Chiachio, founded in 1942, known for its high quality wines.<\/li>\n<\/ul>\n<p>This wine is a classic in professional and domestic kitchens, appreciated for its ability to enhance dishes with an authentic touch Personaje de Montilla-Moriles.<\/p>\n<\/div>\n<\/div>\n<\/div>\n<\/div>","protected":false},"excerpt":{"rendered":"<p>El Guiso Haute Cuisine Wine PX Montilla-Moriles 75 Cl. Shipments to ALL EUROPE.<\/p>\n","protected":false},"featured_media":6757,"template":"","meta":{"site-sidebar-layout":"default","site-content-layout":"default","ast-site-content-layout":"default","site-content-style":"default","site-sidebar-style":"default","ast-global-header-display":"","ast-banner-title-visibility":"","ast-main-header-display":"","ast-hfb-above-header-display":"","ast-hfb-below-header-display":"","ast-hfb-mobile-header-display":"","site-post-title":"","ast-breadcrumbs-content":"","ast-featured-img":"","footer-sml-layout":"","ast-disable-related-posts":"","theme-transparent-header-meta":"default","adv-header-id-meta":"","stick-header-meta":"","header-above-stick-meta":"","header-main-stick-meta":"","header-below-stick-meta":"","astra-migrate-meta-layouts":"default","ast-page-background-enabled":"default","ast-page-background-meta":{"desktop":{"background-color":"var(--ast-global-color-4)","background-image":"","background-repeat":"repeat","background-position":"center center","background-size":"auto","background-attachment":"scroll","background-type":"","background-media":"","overlay-type":"","overlay-color":"","overlay-opacity":"","overlay-gradient":""},"tablet":{"background-color":"","background-image":"","background-repeat":"repeat","background-position":"center center","background-size":"auto","background-attachment":"scroll","background-type":"","background-media":"","overlay-type":"","overlay-color":"","overlay-opacity":"","overlay-gradient":""},"mobile":{"background-color":"","background-image":"","background-repeat":"repeat","background-position":"center center","background-size":"auto","background-attachment":"scroll","background-type":"","background-media":"","overlay-type":"","overlay-color":"","overlay-opacity":"","overlay-gradient":""}},"ast-content-background-meta":{"desktop":{"background-color":"var(--ast-global-color-5)","background-image":"","background-repeat":"repeat","background-position":"center center","background-size":"auto","background-attachment":"scroll","background-type":"","background-media":"","overlay-type":"","overlay-color":"","overlay-opacity":"","overlay-gradient":""},"tablet":{"background-color":"var(--ast-global-color-5)","background-image":"","background-repeat":"repeat","background-position":"center center","background-size":"auto","background-attachment":"scroll","background-type":"","background-media":"","overlay-type":"","overlay-color":"","overlay-opacity":"","overlay-gradient":""},"mobile":{"background-color":"var(--ast-global-color-5)","background-image":"","background-repeat":"repeat","background-position":"center center","background-size":"auto","background-attachment":"scroll","background-type":"","background-media":"","overlay-type":"","overlay-color":"","overlay-opacity":"","overlay-gradient":""}}},"product_brand":[1130],"product_cat":[279],"product_tag":[115],"class_list":{"0":"post-7815","1":"product","2":"type-product","3":"status-publish","4":"has-post-thumbnail","6":"product_brand-el-guiso","7":"product_cat-wines-for-cooking","8":"product_tag-cordoba-en","9":"desktop-align-left","10":"tablet-align-left","11":"mobile-align-left","13":"first","14":"instock","15":"taxable","16":"shipping-taxable","17":"purchasable","18":"product-type-simple"},"_links":{"self":[{"href":"https:\/\/andalubox.com\/en\/wp-json\/wp\/v2\/product\/7815","targetHints":{"allow":["GET"]}}],"collection":[{"href":"https:\/\/andalubox.com\/en\/wp-json\/wp\/v2\/product"}],"about":[{"href":"https:\/\/andalubox.com\/en\/wp-json\/wp\/v2\/types\/product"}],"wp:featuredmedia":[{"embeddable":true,"href":"https:\/\/andalubox.com\/en\/wp-json\/wp\/v2\/media\/6757"}],"wp:attachment":[{"href":"https:\/\/andalubox.com\/en\/wp-json\/wp\/v2\/media?parent=7815"}],"wp:term":[{"taxonomy":"product_brand","embeddable":true,"href":"https:\/\/andalubox.com\/en\/wp-json\/wp\/v2\/product_brand?post=7815"},{"taxonomy":"product_cat","embeddable":true,"href":"https:\/\/andalubox.com\/en\/wp-json\/wp\/v2\/product_cat?post=7815"},{"taxonomy":"product_tag","embeddable":true,"href":"https:\/\/andalubox.com\/en\/wp-json\/wp\/v2\/product_tag?post=7815"}],"curies":[{"name":"wp","href":"https:\/\/api.w.org\/{rel}","templated":true}]}}