{"id":7762,"date":"2022-10-26T13:04:13","date_gmt":"2022-10-26T11:04:13","guid":{"rendered":"https:\/\/andalubox.com\/producto-andaluz\/cistus-tinto-bodega-margarita-sierra-de-sevilla-75cl\/"},"modified":"2025-06-27T19:00:00","modified_gmt":"2025-06-27T17:00:00","slug":"cistus-tinto-bodega-margarita-sierra-de-sevilla-75cl","status":"publish","type":"product","link":"https:\/\/andalubox.com\/en\/producto-andaluz\/cistus-tinto-bodega-margarita-sierra-de-sevilla-75cl\/","title":{"rendered":"Cistus Red Wine Bodega Margarita de la Sierra de Sevilla 75cl"},"content":{"rendered":"<p>Bodegas La Margarita is a family winery located in Constantina, within the Sierra Norte Natural Park in Seville, Spain. Founded in 1998 by Ra\u00fal Fern\u00e1ndez, it emerged from an old wine press acquired in 1995, originally used to produce the traditional Ros\u00e9 Must of the region. The winery combines traditional, artisanal methods with modern winemaking practices, cultivating 11 hectares of vineyards with varieties such as Tempranillo, Syrah, Garnacha, Petit Verdot, Chardonnay and Air\u00e9n. Known for its limited edition wines, it prioritizes quality and offers wine tourism experiences, including vineyard tours and tastings.   <\/p>\n<p>Cistus wine from Bodegas La Margarita:<\/p>\n<ul>\n\t<li>Type: Red wine (Tinto Joven).<\/li>\n\t<li>Grape varieties: Mainly Tempranillo and Syrah, although the exact blend may vary depending on the vintage.<\/li>\n<\/ul>\n<p>Characteristics:<br>&#8211; View: Clean, bright, cherry red color.<\/p>\n<ul>\n\t<li>Aroma: Notes of red fruits, with a fresh and delicate profile.<\/li>\n\t<li>Palate: Fresh, expressive and balanced, with a young and vibrant character.<\/li>\n\t<li>Style: As it is a young wine, it is not aged in barrels, thus preserving its fruity and fresh qualities.<\/li>\n\t<li>Production: Produced in limited quantities on the winery&#8217;s 11 hectares, reflecting its focus on exclusivity and quality.<\/li>\n\t<li>Food pairing: Ideal with grilled meats, game or tapas, given its fresh and fruity profile.<\/li>\n<\/ul>\n<p>Availability: Available in specialized Andalubox stores in Seville.<\/p>\n<p>Andalubox also sells wines from the Margarita winery throughout Spain and Europe through www.andalubox.com.<\/p>","protected":false},"excerpt":{"rendered":"<p>Young red wine, handcrafted with Tempranillo and Garnacha grapes in Constatina, Seville. At La Margarita winery<\/p>\n","protected":false},"featured_media":6685,"comment_status":"closed","ping_status":"closed","template":"","meta":{"site-sidebar-layout":"default","site-content-layout":"default","ast-site-content-layout":"default","site-content-style":"default","site-sidebar-style":"default","ast-global-header-display":"","ast-banner-title-visibility":"","ast-main-header-display":"","ast-hfb-above-header-display":"","ast-hfb-below-header-display":"","ast-hfb-mobile-header-display":"","site-post-title":"","ast-breadcrumbs-content":"","ast-featured-img":"","footer-sml-layout":"","ast-disable-related-posts":"","theme-transparent-header-meta":"default","adv-header-id-meta":"","stick-header-meta":"","header-above-stick-meta":"","header-main-stick-meta":"","header-below-stick-meta":"","astra-migrate-meta-layouts":"default","ast-page-background-enabled":"default","ast-page-background-meta":{"desktop":{"background-color":"var(--ast-global-color-4)","background-image":"","background-repeat":"repeat","background-position":"center center","background-size":"auto","background-attachment":"scroll","background-type":"","background-media":"","overlay-type":"","overlay-color":"","overlay-opacity":"","overlay-gradient":""},"tablet":{"background-color":"","background-image":"","background-repeat":"repeat","background-position":"center center","background-size":"auto","background-attachment":"scroll","background-type":"","background-media":"","overlay-type":"","overlay-color":"","overlay-opacity":"","overlay-gradient":""},"mobile":{"background-color":"","background-image":"","background-repeat":"repeat","background-position":"center center","background-size":"auto","background-attachment":"scroll","background-type":"","background-media":"","overlay-type":"","overlay-color":"","overlay-opacity":"","overlay-gradient":""}},"ast-content-background-meta":{"desktop":{"background-color":"var(--ast-global-color-5)","background-image":"","background-repeat":"repeat","background-position":"center center","background-size":"auto","background-attachment":"scroll","background-type":"","background-media":"","overlay-type":"","overlay-color":"","overlay-opacity":"","overlay-gradient":""},"tablet":{"background-color":"var(--ast-global-color-5)","background-image":"","background-repeat":"repeat","background-position":"center center","background-size":"auto","background-attachment":"scroll","background-type":"","background-media":"","overlay-type":"","overlay-color":"","overlay-opacity":"","overlay-gradient":""},"mobile":{"background-color":"var(--ast-global-color-5)","background-image":"","background-repeat":"repeat","background-position":"center center","background-size":"auto","background-attachment":"scroll","background-type":"","background-media":"","overlay-type":"","overlay-color":"","overlay-opacity":"","overlay-gradient":""}}},"product_brand":[1477],"product_cat":[274],"product_tag":[118],"class_list":{"0":"post-7762","1":"product","2":"type-product","3":"status-publish","4":"has-post-thumbnail","6":"product_brand-bodega-la-margarita","7":"product_cat-red-wine","8":"product_tag-seville-en","9":"desktop-align-left","10":"tablet-align-left","11":"mobile-align-left","13":"first","14":"instock","15":"taxable","16":"shipping-taxable","17":"purchasable","18":"product-type-simple"},"_links":{"self":[{"href":"https:\/\/andalubox.com\/en\/wp-json\/wp\/v2\/product\/7762","targetHints":{"allow":["GET"]}}],"collection":[{"href":"https:\/\/andalubox.com\/en\/wp-json\/wp\/v2\/product"}],"about":[{"href":"https:\/\/andalubox.com\/en\/wp-json\/wp\/v2\/types\/product"}],"replies":[{"embeddable":true,"href":"https:\/\/andalubox.com\/en\/wp-json\/wp\/v2\/comments?post=7762"}],"wp:featuredmedia":[{"embeddable":true,"href":"https:\/\/andalubox.com\/en\/wp-json\/wp\/v2\/media\/6685"}],"wp:attachment":[{"href":"https:\/\/andalubox.com\/en\/wp-json\/wp\/v2\/media?parent=7762"}],"wp:term":[{"taxonomy":"product_brand","embeddable":true,"href":"https:\/\/andalubox.com\/en\/wp-json\/wp\/v2\/product_brand?post=7762"},{"taxonomy":"product_cat","embeddable":true,"href":"https:\/\/andalubox.com\/en\/wp-json\/wp\/v2\/product_cat?post=7762"},{"taxonomy":"product_tag","embeddable":true,"href":"https:\/\/andalubox.com\/en\/wp-json\/wp\/v2\/product_tag?post=7762"}],"curies":[{"name":"wp","href":"https:\/\/api.w.org\/{rel}","templated":true}]}}