{"id":7717,"date":"2022-10-26T13:04:12","date_gmt":"2022-10-26T11:04:12","guid":{"rendered":"https:\/\/andalubox.com\/producto-andaluz\/sabalo-barbadillo-blanco-ecologico-cadiz-75cl\/"},"modified":"2025-09-02T22:51:04","modified_gmt":"2025-09-02T20:51:04","slug":"sabalo-barbadillo-blanco-ecologico-cadiz-75-cl","status":"publish","type":"product","link":"https:\/\/andalubox.com\/en\/producto-andaluz\/sabalo-barbadillo-blanco-ecologico-cadiz-75-cl\/","title":{"rendered":"S\u00e1balo Organic White Wine from C\u00e1diz 75 Cl"},"content":{"rendered":"<p>S\u00e1balo Organic White Wine from C\u00e1diz 75 Cl.<\/p>\n<p>S\u00e1balo Vino Blanco Ecol\u00f3gico de C\u00e1diz is a 75 cl organic white wine produced by Bodegas Barbadillo in Sanl\u00facar de Barrameda, C\u00e1diz, Spain. Made from 100% organic Palomino Fino grapes grown in the albariza soils of the region, it has the IGP Vino de la Tierra de C\u00e1diz appellation. <\/p>\n<p>This wine pays tribute to the winery&#8217;s commitment to sustainability and its nearly 200 years of history. It is named after the shad, which symbolizes the adventurous spirit of the region, influenced by the sea, the marshes and the Guadalquivir River. Tasting notes: Appearance: Clean, bright golden color with metallic reflections.  <\/p>\n<ul>\n\t<li>Aroma: Complex, with notes of ripe apple, peach and spicy nuances.<\/li>\n\t<li>Palate: Ample, creamy, with light notes of ripe fruit and a smooth, saline finish, reflecting its coastal origin.<\/li>\n\t<li>Alcoholic graduation: 13-13.5 % vol.<\/li>\n\t<li>Vinification: Slow fermentation in stainless steel at 17 \u00b0C, with aging on lees for four months to enhance its creaminess. Grapes from organic vineyards, such as Balba\u00edna, A\u00f1ina, Macharnudo and Burujena, are vinified separately to obtain a refined blend. <\/li>\n<\/ul>\n<p>Pairing: Ideal with fish, seafood, cold meats, creamy poultry dishes or innovative combinations such as tofu, artichokes or cheese. Serve at 6-10 \u00b0C. Background: Launched as Barbadillo&#8217;s first organic wine, S\u00e1balo reflects the expertise of winemaker Montse Molina and honors the legacy of poet and winemaker Manuel Barbadillo. It is part of a larger organic project, with 25 hectares of vineyards certified organic by 2022.   <\/p>","protected":false},"excerpt":{"rendered":"<p>S\u00e1balo Organic White Wine from C\u00e1diz 75 Cl, shipments to ALL EUROPE.<\/p>\n","protected":false},"featured_media":6676,"comment_status":"closed","ping_status":"closed","template":"","meta":{"site-sidebar-layout":"default","site-content-layout":"default","ast-site-content-layout":"default","site-content-style":"default","site-sidebar-style":"default","ast-global-header-display":"","ast-banner-title-visibility":"","ast-main-header-display":"","ast-hfb-above-header-display":"","ast-hfb-below-header-display":"","ast-hfb-mobile-header-display":"","site-post-title":"","ast-breadcrumbs-content":"","ast-featured-img":"","footer-sml-layout":"","ast-disable-related-posts":"","theme-transparent-header-meta":"default","adv-header-id-meta":"","stick-header-meta":"","header-above-stick-meta":"","header-main-stick-meta":"","header-below-stick-meta":"","astra-migrate-meta-layouts":"default","ast-page-background-enabled":"default","ast-page-background-meta":{"desktop":{"background-color":"var(--ast-global-color-4)","background-image":"","background-repeat":"repeat","background-position":"center center","background-size":"auto","background-attachment":"scroll","background-type":"","background-media":"","overlay-type":"","overlay-color":"","overlay-opacity":"","overlay-gradient":""},"tablet":{"background-color":"","background-image":"","background-repeat":"repeat","background-position":"center center","background-size":"auto","background-attachment":"scroll","background-type":"","background-media":"","overlay-type":"","overlay-color":"","overlay-opacity":"","overlay-gradient":""},"mobile":{"background-color":"","background-image":"","background-repeat":"repeat","background-position":"center center","background-size":"auto","background-attachment":"scroll","background-type":"","background-media":"","overlay-type":"","overlay-color":"","overlay-opacity":"","overlay-gradient":""}},"ast-content-background-meta":{"desktop":{"background-color":"var(--ast-global-color-5)","background-image":"","background-repeat":"repeat","background-position":"center center","background-size":"auto","background-attachment":"scroll","background-type":"","background-media":"","overlay-type":"","overlay-color":"","overlay-opacity":"","overlay-gradient":""},"tablet":{"background-color":"var(--ast-global-color-5)","background-image":"","background-repeat":"repeat","background-position":"center center","background-size":"auto","background-attachment":"scroll","background-type":"","background-media":"","overlay-type":"","overlay-color":"","overlay-opacity":"","overlay-gradient":""},"mobile":{"background-color":"var(--ast-global-color-5)","background-image":"","background-repeat":"repeat","background-position":"center center","background-size":"auto","background-attachment":"scroll","background-type":"","background-media":"","overlay-type":"","overlay-color":"","overlay-opacity":"","overlay-gradient":""}}},"product_brand":[1314],"product_cat":[272],"product_tag":[122],"class_list":{"0":"post-7717","1":"product","2":"type-product","3":"status-publish","4":"has-post-thumbnail","6":"product_brand-bodegas-barbadillo","7":"product_cat-white-wine","8":"product_tag-cadiz-en","9":"desktop-align-left","10":"tablet-align-left","11":"mobile-align-left","13":"first","14":"instock","15":"taxable","16":"shipping-taxable","17":"purchasable","18":"product-type-simple"},"_links":{"self":[{"href":"https:\/\/andalubox.com\/en\/wp-json\/wp\/v2\/product\/7717","targetHints":{"allow":["GET"]}}],"collection":[{"href":"https:\/\/andalubox.com\/en\/wp-json\/wp\/v2\/product"}],"about":[{"href":"https:\/\/andalubox.com\/en\/wp-json\/wp\/v2\/types\/product"}],"replies":[{"embeddable":true,"href":"https:\/\/andalubox.com\/en\/wp-json\/wp\/v2\/comments?post=7717"}],"wp:featuredmedia":[{"embeddable":true,"href":"https:\/\/andalubox.com\/en\/wp-json\/wp\/v2\/media\/6676"}],"wp:attachment":[{"href":"https:\/\/andalubox.com\/en\/wp-json\/wp\/v2\/media?parent=7717"}],"wp:term":[{"taxonomy":"product_brand","embeddable":true,"href":"https:\/\/andalubox.com\/en\/wp-json\/wp\/v2\/product_brand?post=7717"},{"taxonomy":"product_cat","embeddable":true,"href":"https:\/\/andalubox.com\/en\/wp-json\/wp\/v2\/product_cat?post=7717"},{"taxonomy":"product_tag","embeddable":true,"href":"https:\/\/andalubox.com\/en\/wp-json\/wp\/v2\/product_tag?post=7717"}],"curies":[{"name":"wp","href":"https:\/\/api.w.org\/{rel}","templated":true}]}}