{"id":7715,"date":"2022-10-26T13:03:48","date_gmt":"2022-10-26T11:03:48","guid":{"rendered":"https:\/\/andalubox.com\/producto-andaluz\/rum-shrimp-from-the-island-aged-70cl\/"},"modified":"2026-02-25T16:53:33","modified_gmt":"2026-02-25T15:53:33","slug":"ron-camaron-de-la-isla-anejo-70cl","status":"publish","type":"product","link":"https:\/\/andalubox.com\/en\/producto-andaluz\/rum-shrimp-of-the-island-annex-70cl\/","title":{"rendered":"Camar\u00f3n De La Isla A\u00f1ejo Ron Especial de C\u00e1diz, 70cl"},"content":{"rendered":"<div class=\"elementor-element elementor-element-2279614 elementor-widget elementor-widget-wd_title\" data-id=\"2279614\" data-element_type=\"widget\" data-widget_type=\"wd_title.default\">\r\n<div class=\"elementor-widget-container\">\r\n<div class=\"title-wrapper woodmart-title-color-default woodmart-title-style-default woodmart-title-size-small text-left\">\r\n<div class=\"liner-continer\">\r\n<p>Combinaci\u00f3n del sabor y el arte. <strong>Ron Camar\u00f3n<\/strong> nace en el coraz\u00f3n de <strong>San Fernando, C\u00e1diz<\/strong>, del sentimiento andaluz y del arte de Camar\u00f3n de la Isla. Quien fue capaz de cruzar fronteras y llevar su arte cantando a todos los rincones del mundo, dando as\u00ed a conocer el arte y la cultura flamenca. Elaborando en una de las destiler\u00edas m\u00e1s antiguas y con m\u00e1s tradici\u00f3n de Espa\u00f1a. En honor al cantautor Jos\u00e9 Monje Cruz, conocido art\u00edsticamente como <strong>Camar\u00f3n de la Isla<\/strong> o simplemente Camar\u00f3n, fue un cantaor gitano espa\u00f1ol considerado como el mejor cantaor de flamenco contempor\u00e1neo y una de las m\u00e1s importantes figuras del flamenco.<\/p>\r\n<p>&nbsp;<\/p>\r\n<h2 class=\"woodmart-title-container title\">Ron camar\u00f3n, el arte hecho ron<\/h2>\r\n<\/div>\r\n<\/div>\r\n<\/div>\r\n<\/div>\r\n<section class=\"elementor-section elementor-inner-section elementor-element elementor-element-1235670 elementor-section-boxed elementor-section-height-default elementor-section-height-default wd-section-disabled\" data-id=\"1235670\" data-element_type=\"section\">\r\n<div class=\"elementor-container elementor-column-gap-default\">\r\n<div class=\"elementor-row\">\r\n<div class=\"elementor-column elementor-col-50 elementor-inner-column elementor-element elementor-element-2939343\" data-id=\"2939343\" data-element_type=\"column\">\r\n<div class=\"elementor-column-wrap elementor-element-populated\">\r\n<div class=\"elementor-widget-wrap\">\r\n<div class=\"elementor-element elementor-element-3769150 elementor-widget elementor-widget-wd_list\" data-id=\"3769150\" data-element_type=\"widget\" data-widget_type=\"wd_list.default\">\r\n<div class=\"elementor-widget-container\">\r\n<div class=\"woodmart-list color-scheme- woodmart-text-size-default woodmart-list-type-icon woodmart-list-style-default\">\r\n<p>Detalles del producto. Andalubox recomienda un consumo responsable.<\/p>\r\n<ul>\r\n\t<li class=\"elementor-repeater-item-999217\"><span class=\"list-content\"><strong>Tipo de ron:<\/strong> Tostado Dorado<\/span><\/li>\r\n\t<li class=\"elementor-repeater-item-2578872\"><span class=\"list-content\"><strong>Su origen:<\/strong> San Fernando (C\u00e1diz)<\/span><\/li>\r\n\t<li class=\"elementor-repeater-item-4865737\"><span class=\"list-content\"><strong>Grado de alcohol: <\/strong>38% Vol<\/span><\/li>\r\n\t<li class=\"elementor-repeater-item-2310935\"><span class=\"list-content\"><strong>Capacidad:<\/strong>\u00a070cl<\/span><\/li>\r\n\t<li class=\"elementor-repeater-item-081d6cf\"><span class=\"list-content\"><strong>Sabores:<\/strong> Un sabor cremoso con toques leves de caramelo<\/span><\/li>\r\n\t<li class=\"elementor-repeater-item-081d6cf\"><span class=\"list-content\"><strong>Formato<\/strong>: Botella de cristal<\/span><\/li>\r\n\t<li class=\"elementor-repeater-item-081d6cf\"><span class=\"list-content\"><strong>Peso<\/strong>: 1.2KG<\/span><\/li>\r\n\t<li class=\"elementor-repeater-item-081d6cf\"><span class=\"list-content\"><strong>Dimensiones<\/strong>: 6,7cm x 29cm x 6,5cm aprox<\/span><\/li>\r\n\t<li class=\"elementor-repeater-item-081d6cf\"><span class=\"list-content\"><strong>Notas de cata<\/strong>: \u00c1mbar puro y brillante<\/span><\/li>\r\n\t<li class=\"elementor-repeater-item-081d6cf\"><span class=\"list-content\"><strong>Aroma<\/strong>: Ligero a madera con toques sutiles de chocolate<\/span><\/li>\r\n<\/ul>\r\n<\/div>\r\n<\/div>\r\n<\/div>\r\n<\/div>\r\n<\/div>\r\n<\/div>\r\n<div class=\"elementor-column elementor-col-50 elementor-top-column elementor-element elementor-element-1546750\" data-id=\"1546750\" data-element_type=\"column\">\r\n<div class=\"elementor-column-wrap elementor-element-populated\">\r\n<div class=\"elementor-widget-wrap\">\r\n<div class=\"elementor-element elementor-element-6149497 elementor-widget elementor-widget-wd_list\" data-id=\"6149497\" data-element_type=\"widget\" data-widget_type=\"wd_list.default\">\r\n<div class=\"elementor-widget-container\">\r\n<div class=\"woodmart-list color-scheme- woodmart-text-size-default woodmart-list-type-icon woodmart-list-style-default\">\u00a0<\/div>\r\n<\/div>\r\n<\/div>\r\n<\/div>\r\n<\/div>\r\n<\/div>\r\n<\/div>\r\n<\/div>\r\n<\/section>","protected":false},"excerpt":{"rendered":"<p>Andalubox recomienda el Ron camar\u00f3n, tra\u00eddo directamente desde el coraz\u00f3n de San Fernando en C\u00e1diz. Disfruta de un sabor cremoso con ligeros toques de caramelo y chocolate y un toque de madera.<\/p>\n","protected":false},"featured_media":9224,"comment_status":"closed","ping_status":"closed","template":"","meta":{"site-sidebar-layout":"default","site-content-layout":"default","ast-site-content-layout":"default","site-content-style":"default","site-sidebar-style":"default","ast-global-header-display":"","ast-banner-title-visibility":"","ast-main-header-display":"","ast-hfb-above-header-display":"","ast-hfb-below-header-display":"","ast-hfb-mobile-header-display":"","site-post-title":"","ast-breadcrumbs-content":"","ast-featured-img":"","footer-sml-layout":"","ast-disable-related-posts":"","theme-transparent-header-meta":"default","adv-header-id-meta":"","stick-header-meta":"","header-above-stick-meta":"","header-main-stick-meta":"","header-below-stick-meta":"","astra-migrate-meta-layouts":"default","ast-page-background-enabled":"default","ast-page-background-meta":{"desktop":{"background-color":"var(--ast-global-color-4)","background-image":"","background-repeat":"repeat","background-position":"center center","background-size":"auto","background-attachment":"scroll","background-type":"","background-media":"","overlay-type":"","overlay-color":"","overlay-opacity":"","overlay-gradient":""},"tablet":{"background-color":"","background-image":"","background-repeat":"repeat","background-position":"center center","background-size":"auto","background-attachment":"scroll","background-type":"","background-media":"","overlay-type":"","overlay-color":"","overlay-opacity":"","overlay-gradient":""},"mobile":{"background-color":"","background-image":"","background-repeat":"repeat","background-position":"center center","background-size":"auto","background-attachment":"scroll","background-type":"","background-media":"","overlay-type":"","overlay-color":"","overlay-opacity":"","overlay-gradient":""}},"ast-content-background-meta":{"desktop":{"background-color":"var(--ast-global-color-5)","background-image":"","background-repeat":"repeat","background-position":"center center","background-size":"auto","background-attachment":"scroll","background-type":"","background-media":"","overlay-type":"","overlay-color":"","overlay-opacity":"","overlay-gradient":""},"tablet":{"background-color":"var(--ast-global-color-5)","background-image":"","background-repeat":"repeat","background-position":"center center","background-size":"auto","background-attachment":"scroll","background-type":"","background-media":"","overlay-type":"","overlay-color":"","overlay-opacity":"","overlay-gradient":""},"mobile":{"background-color":"var(--ast-global-color-5)","background-image":"","background-repeat":"repeat","background-position":"center center","background-size":"auto","background-attachment":"scroll","background-type":"","background-media":"","overlay-type":"","overlay-color":"","overlay-opacity":"","overlay-gradient":""}}},"product_brand":[1505],"product_cat":[1658],"product_tag":[],"class_list":{"0":"post-7715","1":"product","2":"type-product","3":"status-publish","4":"has-post-thumbnail","6":"product_brand-camaron-de-la-isla","7":"product_cat-destilados-y-espirituosos-en","8":"desktop-align-left","9":"tablet-align-left","10":"mobile-align-left","12":"first","13":"outofstock","14":"taxable","15":"shipping-taxable","16":"purchasable","17":"product-type-simple"},"_links":{"self":[{"href":"https:\/\/andalubox.com\/en\/wp-json\/wp\/v2\/product\/7715","targetHints":{"allow":["GET"]}}],"collection":[{"href":"https:\/\/andalubox.com\/en\/wp-json\/wp\/v2\/product"}],"about":[{"href":"https:\/\/andalubox.com\/en\/wp-json\/wp\/v2\/types\/product"}],"replies":[{"embeddable":true,"href":"https:\/\/andalubox.com\/en\/wp-json\/wp\/v2\/comments?post=7715"}],"wp:featuredmedia":[{"embeddable":true,"href":"https:\/\/andalubox.com\/en\/wp-json\/wp\/v2\/media\/9224"}],"wp:attachment":[{"href":"https:\/\/andalubox.com\/en\/wp-json\/wp\/v2\/media?parent=7715"}],"wp:term":[{"taxonomy":"product_brand","embeddable":true,"href":"https:\/\/andalubox.com\/en\/wp-json\/wp\/v2\/product_brand?post=7715"},{"taxonomy":"product_cat","embeddable":true,"href":"https:\/\/andalubox.com\/en\/wp-json\/wp\/v2\/product_cat?post=7715"},{"taxonomy":"product_tag","embeddable":true,"href":"https:\/\/andalubox.com\/en\/wp-json\/wp\/v2\/product_tag?post=7715"}],"curies":[{"name":"wp","href":"https:\/\/api.w.org\/{rel}","templated":true}]}}