{"id":7521,"date":"2022-10-26T13:03:01","date_gmt":"2022-10-26T11:03:01","guid":{"rendered":"https:\/\/andalubox.com\/producto-andaluz\/tejero-tuna-of-almadraba-del-principe-al-natural-pack-3-x-80gr\/"},"modified":"2026-01-28T11:33:09","modified_gmt":"2026-01-28T10:33:09","slug":"tejero-atun-de-almadraba-del-principe-in-olive-oil-pack-3-x-80-gr-2","status":"publish","type":"product","link":"https:\/\/andalubox.com\/en\/producto-andaluz\/tejero-atun-de-almadraba-del-principe-in-olive-oil-pack-3-x-80-gr-2\/","title":{"rendered":"Tuna Tuna of Almadraba NATURAL p-3&#215;80 gr."},"content":{"rendered":"<p>Tuna Tuna of Almadraba NATURAL p-3&#215;80 gr.<\/p>\n<p>Tejero At\u00fan de Almadraba al Natural is a high quality canned tuna product from Uni\u00f3n Salazonera Isle\u00f1a S.A. (USISA), based in Isla Cristina, Huelva, Spain. It is made with Almadraba tuna, a traditional method that guarantees superior quality. The tuna is preserved in water and brine, without preservatives or additional additives, which enhances its natural flavor and nutritional benefits. Key Details: Ingredients: Tuna, water and salt.<br>Nutritional Benefits: Rich in high quality protein, Omega-3 fatty acids (beneficial for cardiovascular and brain health), essential vitamins (B12, D) and minerals (selenium, phosphorus, magnesium).<br>Packaging: Usually available in 3 x 80 g (net weight 240 g, drained weight 156 g) or 3 x 52 g packages. Production: The tuna is processed immediately after the traditional ronqueo (hand-cutting) of fresh tuna, which guarantees freshness and quality. The artisanal process involves hermetic sealing and sterilization in autoclaves to obtain a sterile and long-lasting product.<br>Flavor and use: Known for its mild and natural flavor, ideal for salads, sandwiches or light dishes.     <\/p>\n<p>almadraba tuna<\/p>","protected":false},"excerpt":{"rendered":"<p>Tuna of Almadraba Tuna NATURAL p-3&#215;80 gr, shipments to ALL EUROPE.<\/p>\n","protected":false},"featured_media":6493,"comment_status":"closed","ping_status":"closed","template":"","meta":{"site-sidebar-layout":"default","site-content-layout":"default","ast-site-content-layout":"default","site-content-style":"default","site-sidebar-style":"default","ast-global-header-display":"","ast-banner-title-visibility":"","ast-main-header-display":"","ast-hfb-above-header-display":"","ast-hfb-below-header-display":"","ast-hfb-mobile-header-display":"","site-post-title":"","ast-breadcrumbs-content":"","ast-featured-img":"","footer-sml-layout":"","ast-disable-related-posts":"","theme-transparent-header-meta":"default","adv-header-id-meta":"","stick-header-meta":"","header-above-stick-meta":"","header-main-stick-meta":"","header-below-stick-meta":"","astra-migrate-meta-layouts":"default","ast-page-background-enabled":"default","ast-page-background-meta":{"desktop":{"background-color":"var(--ast-global-color-4)","background-image":"","background-repeat":"repeat","background-position":"center center","background-size":"auto","background-attachment":"scroll","background-type":"","background-media":"","overlay-type":"","overlay-color":"","overlay-opacity":"","overlay-gradient":""},"tablet":{"background-color":"","background-image":"","background-repeat":"repeat","background-position":"center center","background-size":"auto","background-attachment":"scroll","background-type":"","background-media":"","overlay-type":"","overlay-color":"","overlay-opacity":"","overlay-gradient":""},"mobile":{"background-color":"","background-image":"","background-repeat":"repeat","background-position":"center center","background-size":"auto","background-attachment":"scroll","background-type":"","background-media":"","overlay-type":"","overlay-color":"","overlay-opacity":"","overlay-gradient":""}},"ast-content-background-meta":{"desktop":{"background-color":"var(--ast-global-color-5)","background-image":"","background-repeat":"repeat","background-position":"center center","background-size":"auto","background-attachment":"scroll","background-type":"","background-media":"","overlay-type":"","overlay-color":"","overlay-opacity":"","overlay-gradient":""},"tablet":{"background-color":"var(--ast-global-color-5)","background-image":"","background-repeat":"repeat","background-position":"center center","background-size":"auto","background-attachment":"scroll","background-type":"","background-media":"","overlay-type":"","overlay-color":"","overlay-opacity":"","overlay-gradient":""},"mobile":{"background-color":"var(--ast-global-color-5)","background-image":"","background-repeat":"repeat","background-position":"center center","background-size":"auto","background-attachment":"scroll","background-type":"","background-media":"","overlay-type":"","overlay-color":"","overlay-opacity":"","overlay-gradient":""}}},"product_brand":[1088],"product_cat":[247],"product_tag":[],"class_list":{"0":"post-7521","1":"product","2":"type-product","3":"status-publish","4":"has-post-thumbnail","6":"product_brand-tejero","7":"product_cat-tuna","8":"desktop-align-left","9":"tablet-align-left","10":"mobile-align-left","12":"first","13":"instock","14":"taxable","15":"shipping-taxable","16":"purchasable","17":"product-type-simple"},"_links":{"self":[{"href":"https:\/\/andalubox.com\/en\/wp-json\/wp\/v2\/product\/7521","targetHints":{"allow":["GET"]}}],"collection":[{"href":"https:\/\/andalubox.com\/en\/wp-json\/wp\/v2\/product"}],"about":[{"href":"https:\/\/andalubox.com\/en\/wp-json\/wp\/v2\/types\/product"}],"replies":[{"embeddable":true,"href":"https:\/\/andalubox.com\/en\/wp-json\/wp\/v2\/comments?post=7521"}],"wp:featuredmedia":[{"embeddable":true,"href":"https:\/\/andalubox.com\/en\/wp-json\/wp\/v2\/media\/6493"}],"wp:attachment":[{"href":"https:\/\/andalubox.com\/en\/wp-json\/wp\/v2\/media?parent=7521"}],"wp:term":[{"taxonomy":"product_brand","embeddable":true,"href":"https:\/\/andalubox.com\/en\/wp-json\/wp\/v2\/product_brand?post=7521"},{"taxonomy":"product_cat","embeddable":true,"href":"https:\/\/andalubox.com\/en\/wp-json\/wp\/v2\/product_cat?post=7521"},{"taxonomy":"product_tag","embeddable":true,"href":"https:\/\/andalubox.com\/en\/wp-json\/wp\/v2\/product_tag?post=7521"}],"curies":[{"name":"wp","href":"https:\/\/api.w.org\/{rel}","templated":true}]}}