{"id":32917,"date":"2026-01-19T13:39:25","date_gmt":"2026-01-19T12:39:25","guid":{"rendered":"https:\/\/andalubox.com\/producto-andaluz\/isabel-mejillones-al-natural-pequenos-13-18-piezas-115g\/"},"modified":"2026-04-06T15:31:30","modified_gmt":"2026-04-06T13:31:30","slug":"isabel-mejillones-al-natural-pequenos-13-18-piezas-115g","status":"publish","type":"product","link":"https:\/\/andalubox.com\/en\/producto-andaluz\/isabel-mejillones-al-natural-pequenos-13-18-piezas-115g\/","title":{"rendered":"Small Fresh Mussels 13\u201318 pieces 115g"},"content":{"rendered":"<p data-path-to-node=\"3\">Small Fresh Mussels 13\u201318 pieces 115g<\/p>\n<p data-path-to-node=\"3\">For those who love the purest, most authentic taste of the sea, Isabel presents her mussels preserved in their own juice.2 Unlike the pickled variety, this method uses no oil or vinegar, preserving the mussels solely in their own juice with a touch of salt.<\/p>\n<p data-path-to-node=\"4\">With a size of 13 to 18 pieces, Isabel\u2019s Natural Small Mussels stand out for their tenderness and lightness, making them the preferred choice for those looking for a low-calorie product that retains all the nutritional benefits of the sea.<\/p>\n<h3 data-path-to-node=\"5\">What makes Isabel\u2019s Natural Mussels so special?<\/h3>\n<ul data-path-to-node=\"6\">\n\t<li>\n<p data-path-to-node=\"6,0,0\">100% Sea Flavour: As there are no sauces or spices, you can enjoy the mussel\u2019s natural, fresh, briny flavour.<\/p>\n<\/li>\n\t<li>\n<p data-path-to-node=\"6,1,0\">Healthy Choice: This product is ideal for weight-management diets and athletes, thanks to its high protein content and very low fat content.<\/p>\n<\/li>\n\t<li>\n<p data-path-to-node=\"6,2,0\">Utmost Purity: Carefully selected to ensure uniform, clean pieces with a smooth texture.<\/p>\n<\/li>\n\t<li>\n<p data-path-to-node=\"6,3,0\">Total Versatility: Their natural form makes them perfect for adding to pasta dishes, rice dishes, salads or even for creating your own personalised dressings.<\/p>\n<\/li>\n<\/ul>\n<h3 data-path-to-node=\"7\">Suggestions for use<\/h3>\n<ul data-path-to-node=\"8\">\n\t<li>\n<p data-path-to-node=\"8,0,0\"><b data-path-to-node=\"8,0,0\" data-index-in-node=\"0\">Snack Fit:<\/b><\/p>\n<\/li>\n\t<li>\n<p data-path-to-node=\"8,1,0\">In the kitchen: Add them to a rice dish with broth towards the end of cooking so that they retain their texture and release all the juice from the tin into the dish.<\/p>\n<\/li>\n<\/ul>\n<hr data-path-to-node=\"9\">\n<h3 data-path-to-node=\"10\">Technical Data<\/h3>\n<table data-path-to-node=\"11\">\n<thead>\n<tr>\nFeature Detail\n<\/tr>\n<\/thead>\n<tbody>\n<tr>\n<td><span data-path-to-node=\"11,1,0,0\"><b data-path-to-node=\"11,1,0,0\" data-index-in-node=\"0\">Brand <\/b><\/span><\/td>\n<td><span data-path-to-node=\"11,1,1,0\">Isabel<\/span><\/td>\n<\/tr>\n<tr>\n<td><span data-path-to-node=\"11,2,0,0\"><b data-path-to-node=\"11,2,0,0\" data-index-in-node=\"0\">Net Weight<\/b><\/span><\/td>\n<td><span data-path-to-node=\"11,2,1,0\">115g<\/span><\/td>\n<\/tr>\n<tr>\n<td><span data-path-to-node=\"11,3,0,0\"><b data-path-to-node=\"11,3,0,0\" data-index-in-node=\"0\">Peso Escurrido<\/b><\/span><\/td>\n<td><span data-path-to-node=\"11,3,1,0\">65g aprox.<\/span><\/td>\n<\/tr>\n<tr>\n<td><span data-path-to-node=\"11,4,0,0\"><b data-path-to-node=\"11,4,0,0\" data-index-in-node=\"0\">N\u00ba de piezas<\/b><\/span><\/td>\n<td><span data-path-to-node=\"11,4,1,0\">13 &#8211; 18 unidades (Tama\u00f1o Peque\u00f1o)<\/span><\/td>\n<\/tr>\n<tr>\n<td><span data-path-to-node=\"11,5,0,0\"><b data-path-to-node=\"11,5,0,0\" data-index-in-node=\"0\">Ingredientes<\/b><\/span><\/td>\n<td><span data-path-to-node=\"11,5,1,0\">Mejillones, agua y sal.<\/span><\/td>\n<\/tr>\n<tr>\n<td><span data-path-to-node=\"11,6,0,0\"><b data-path-to-node=\"11,6,0,0\" data-index-in-node=\"0\">EAN<\/b><\/span><\/td>\n<td><span data-path-to-node=\"11,6,1,0\">8410054020507<\/span><\/td>\n<\/tr>\n<\/tbody>\n<\/table>\n<p data-path-to-node=\"14,0\">Small Fresh Mussels 13\u201318 pieces 115g<\/p>","protected":false},"excerpt":{"rendered":"<p>Disfruta de la esencia del mar en su estado m\u00e1s puro: <b data-path-to-node=\"14,0\" data-index-in-node=\"55\">exportamos los Mejillones al Natural Isabel a toda Europa<\/b>, garantizando una entrega r\u00e1pida y segura de este b\u00e1sico de la dieta mediterr\u00e1nea.<\/p>\n<p>Small Fresh Mussels 13\u201318 pieces 115g<\/p>\n","protected":false},"featured_media":30141,"comment_status":"open","ping_status":"closed","template":"","meta":{"site-sidebar-layout":"default","site-content-layout":"","ast-site-content-layout":"default","site-content-style":"default","site-sidebar-style":"default","ast-global-header-display":"","ast-banner-title-visibility":"","ast-main-header-display":"","ast-hfb-above-header-display":"","ast-hfb-below-header-display":"","ast-hfb-mobile-header-display":"","site-post-title":"","ast-breadcrumbs-content":"","ast-featured-img":"","footer-sml-layout":"","ast-disable-related-posts":"","theme-transparent-header-meta":"default","adv-header-id-meta":"","stick-header-meta":"","header-above-stick-meta":"","header-main-stick-meta":"","header-below-stick-meta":"","astra-migrate-meta-layouts":"set","ast-page-background-enabled":"default","ast-page-background-meta":{"desktop":{"background-color":"var(--ast-global-color-4)","background-image":"","background-repeat":"repeat","background-position":"center center","background-size":"auto","background-attachment":"scroll","background-type":"","background-media":"","overlay-type":"","overlay-color":"","overlay-opacity":"","overlay-gradient":""},"tablet":{"background-color":"","background-image":"","background-repeat":"repeat","background-position":"center center","background-size":"auto","background-attachment":"scroll","background-type":"","background-media":"","overlay-type":"","overlay-color":"","overlay-opacity":"","overlay-gradient":""},"mobile":{"background-color":"","background-image":"","background-repeat":"repeat","background-position":"center center","background-size":"auto","background-attachment":"scroll","background-type":"","background-media":"","overlay-type":"","overlay-color":"","overlay-opacity":"","overlay-gradient":""}},"ast-content-background-meta":{"desktop":{"background-color":"var(--ast-global-color-5)","background-image":"","background-repeat":"repeat","background-position":"center center","background-size":"auto","background-attachment":"scroll","background-type":"","background-media":"","overlay-type":"","overlay-color":"","overlay-opacity":"","overlay-gradient":""},"tablet":{"background-color":"var(--ast-global-color-5)","background-image":"","background-repeat":"repeat","background-position":"center center","background-size":"auto","background-attachment":"scroll","background-type":"","background-media":"","overlay-type":"","overlay-color":"","overlay-opacity":"","overlay-gradient":""},"mobile":{"background-color":"var(--ast-global-color-5)","background-image":"","background-repeat":"repeat","background-position":"center center","background-size":"auto","background-attachment":"scroll","background-type":"","background-media":"","overlay-type":"","overlay-color":"","overlay-opacity":"","overlay-gradient":""}}},"product_brand":[],"product_cat":[246],"product_tag":[],"class_list":{"0":"post-32917","1":"product","2":"type-product","3":"status-publish","4":"has-post-thumbnail","6":"product_cat-mussels","7":"desktop-align-left","8":"tablet-align-left","9":"mobile-align-left","11":"first","12":"instock","13":"taxable","14":"shipping-taxable","15":"purchasable","16":"product-type-simple"},"_links":{"self":[{"href":"https:\/\/andalubox.com\/en\/wp-json\/wp\/v2\/product\/32917","targetHints":{"allow":["GET"]}}],"collection":[{"href":"https:\/\/andalubox.com\/en\/wp-json\/wp\/v2\/product"}],"about":[{"href":"https:\/\/andalubox.com\/en\/wp-json\/wp\/v2\/types\/product"}],"replies":[{"embeddable":true,"href":"https:\/\/andalubox.com\/en\/wp-json\/wp\/v2\/comments?post=32917"}],"wp:featuredmedia":[{"embeddable":true,"href":"https:\/\/andalubox.com\/en\/wp-json\/wp\/v2\/media\/30141"}],"wp:attachment":[{"href":"https:\/\/andalubox.com\/en\/wp-json\/wp\/v2\/media?parent=32917"}],"wp:term":[{"taxonomy":"product_brand","embeddable":true,"href":"https:\/\/andalubox.com\/en\/wp-json\/wp\/v2\/product_brand?post=32917"},{"taxonomy":"product_cat","embeddable":true,"href":"https:\/\/andalubox.com\/en\/wp-json\/wp\/v2\/product_cat?post=32917"},{"taxonomy":"product_tag","embeddable":true,"href":"https:\/\/andalubox.com\/en\/wp-json\/wp\/v2\/product_tag?post=32917"}],"curies":[{"name":"wp","href":"https:\/\/api.w.org\/{rel}","templated":true}]}}