{"id":32291,"date":"2026-02-26T16:35:20","date_gmt":"2026-02-26T15:35:20","guid":{"rendered":"https:\/\/andalubox.com\/producto-andaluz\/alegria-manzanilla-do-sanlucar-75-cl\/"},"modified":"2026-02-26T16:46:25","modified_gmt":"2026-02-26T15:46:25","slug":"alegria-manzanilla-do-sanlucar-75-cl","status":"publish","type":"product","link":"https:\/\/andalubox.com\/en\/producto-andaluz\/alegria-manzanilla-do-sanlucar-75-cl\/","title":{"rendered":"Alegr\u00eda Manzanilla de Sanl\u00facar 75cl"},"content":{"rendered":"<p>Alegr\u00eda Manzanilla de Sanl\u00facar es un vino generoso seco de la Denominaci\u00f3n de Origen Manzanilla-Sanl\u00facar de Barrameda, producido por las Bodegas Williams &amp; Humbert en Sanl\u00facar de Barrameda (C\u00e1diz, Andaluc\u00eda, Espa\u00f1a).<\/p>\r\n<p>Se trata de una manzanilla cl\u00e1sica, elaborada 100% con uva Palomino procedente de vi\u00f1edos de la zona superior de Jerez, como el pago Balba\u00edna. Su crianza es biol\u00f3gica bajo velo de flor en el sistema de criaderas y soleras, con un promedio de unos 5-6 a\u00f1os de envejecimiento (con solo unas 6 criaderas, lo que le da un car\u00e1cter m\u00e1s intenso y cercano a algunos finos).<\/p>\r\n<ul>\r\n\t<li>Formato: Botella de 75 cl (tambi\u00e9n disponible en 37,5 cl en algunos sitios).<\/li>\r\n\t<li>Graduaci\u00f3n alcoh\u00f3lica: 15% vol.<\/li>\r\n\t<li>Color: Amarillo p\u00e1lido brillante, con tonos dorados en algunos casos.<\/li>\r\n\t<li>Aromas (nariz): Intensos y punzantes, con notas de levadura, almendra tostada, pan, heno seco, toques florales, salinos, yodados y un fondo marino caracter\u00edstico de la influencia atl\u00e1ntica de Sanl\u00facar.<\/li>\r\n\t<li>Boca: Seco, fresco, salino, con buena acidez, untuoso y sedoso. Tiene cuerpo medio-alto para una manzanilla, persistente, con final salino y ligeramente amargo. Es m\u00e1s intensa y estructurada que muchas manzanillas est\u00e1ndar.<\/li>\r\n\t<li>Estilo general: Muy seco, ideal como aperitivo, con marcado car\u00e1cter marino (influencia de la brisa atl\u00e1ntica que favorece la flor).<\/li>\r\n<\/ul>\r\n<p><strong>Maridaje recomendado:<\/strong> Perfecta con mariscos, pescado frito, jam\u00f3n ib\u00e9rico, quesos suaves, tapas, aperitivos, frituras o guisos marineros. Es un cl\u00e1sico para acompa\u00f1ar ostras, gambas, boquerones o cualquier plato con influencia del mar.<\/p>\r\n<p>Andalubox env\u00eda los productos de Williams &amp; Humbert a toda Europa.<\/p>\r\n<p>Alegr\u00eda Manzanilla de Sanl\u00facar 75cl<\/p>","protected":false},"excerpt":{"rendered":"<p>Exportamos la esencia del sur. <b data-path-to-node=\"4\" data-index-in-node=\"35\">Alegr\u00eda Manzanilla de Sanl\u00facar <\/b>es nuestro estandarte en Europa: un vino con alma, frescura y esa alegr\u00eda sanluque\u00f1a que hoy conquista los paladares europeos m\u00e1s refinados. Calidad de exportaci\u00f3n directamente desde nuestra bodega.<\/p>\n","protected":false},"featured_media":32280,"comment_status":"open","ping_status":"closed","template":"","meta":{"site-sidebar-layout":"default","site-content-layout":"","ast-site-content-layout":"default","site-content-style":"default","site-sidebar-style":"default","ast-global-header-display":"","ast-banner-title-visibility":"","ast-main-header-display":"","ast-hfb-above-header-display":"","ast-hfb-below-header-display":"","ast-hfb-mobile-header-display":"","site-post-title":"","ast-breadcrumbs-content":"","ast-featured-img":"","footer-sml-layout":"","ast-disable-related-posts":"","theme-transparent-header-meta":"default","adv-header-id-meta":"","stick-header-meta":"","header-above-stick-meta":"","header-main-stick-meta":"","header-below-stick-meta":"","astra-migrate-meta-layouts":"set","ast-page-background-enabled":"default","ast-page-background-meta":{"desktop":{"background-color":"var(--ast-global-color-4)","background-image":"","background-repeat":"repeat","background-position":"center center","background-size":"auto","background-attachment":"scroll","background-type":"","background-media":"","overlay-type":"","overlay-color":"","overlay-opacity":"","overlay-gradient":""},"tablet":{"background-color":"","background-image":"","background-repeat":"repeat","background-position":"center center","background-size":"auto","background-attachment":"scroll","background-type":"","background-media":"","overlay-type":"","overlay-color":"","overlay-opacity":"","overlay-gradient":""},"mobile":{"background-color":"","background-image":"","background-repeat":"repeat","background-position":"center center","background-size":"auto","background-attachment":"scroll","background-type":"","background-media":"","overlay-type":"","overlay-color":"","overlay-opacity":"","overlay-gradient":""}},"ast-content-background-meta":{"desktop":{"background-color":"var(--ast-global-color-5)","background-image":"","background-repeat":"repeat","background-position":"center center","background-size":"auto","background-attachment":"scroll","background-type":"","background-media":"","overlay-type":"","overlay-color":"","overlay-opacity":"","overlay-gradient":""},"tablet":{"background-color":"var(--ast-global-color-5)","background-image":"","background-repeat":"repeat","background-position":"center center","background-size":"auto","background-attachment":"scroll","background-type":"","background-media":"","overlay-type":"","overlay-color":"","overlay-opacity":"","overlay-gradient":""},"mobile":{"background-color":"var(--ast-global-color-5)","background-image":"","background-repeat":"repeat","background-position":"center center","background-size":"auto","background-attachment":"scroll","background-type":"","background-media":"","overlay-type":"","overlay-color":"","overlay-opacity":"","overlay-gradient":""}}},"product_brand":[],"product_cat":[1746,270],"product_tag":[],"class_list":{"0":"post-32291","1":"product","2":"type-product","3":"status-publish","4":"has-post-thumbnail","6":"product_cat-generosos-en","7":"product_cat-vinoteca-en","8":"desktop-align-left","9":"tablet-align-left","10":"mobile-align-left","12":"first","13":"instock","14":"taxable","15":"shipping-taxable","16":"purchasable","17":"product-type-simple"},"_links":{"self":[{"href":"https:\/\/andalubox.com\/en\/wp-json\/wp\/v2\/product\/32291","targetHints":{"allow":["GET"]}}],"collection":[{"href":"https:\/\/andalubox.com\/en\/wp-json\/wp\/v2\/product"}],"about":[{"href":"https:\/\/andalubox.com\/en\/wp-json\/wp\/v2\/types\/product"}],"replies":[{"embeddable":true,"href":"https:\/\/andalubox.com\/en\/wp-json\/wp\/v2\/comments?post=32291"}],"wp:featuredmedia":[{"embeddable":true,"href":"https:\/\/andalubox.com\/en\/wp-json\/wp\/v2\/media\/32280"}],"wp:attachment":[{"href":"https:\/\/andalubox.com\/en\/wp-json\/wp\/v2\/media?parent=32291"}],"wp:term":[{"taxonomy":"product_brand","embeddable":true,"href":"https:\/\/andalubox.com\/en\/wp-json\/wp\/v2\/product_brand?post=32291"},{"taxonomy":"product_cat","embeddable":true,"href":"https:\/\/andalubox.com\/en\/wp-json\/wp\/v2\/product_cat?post=32291"},{"taxonomy":"product_tag","embeddable":true,"href":"https:\/\/andalubox.com\/en\/wp-json\/wp\/v2\/product_tag?post=32291"}],"curies":[{"name":"wp","href":"https:\/\/api.w.org\/{rel}","templated":true}]}}