{"id":32157,"date":"2025-11-02T18:51:13","date_gmt":"2025-11-02T17:51:13","guid":{"rendered":"https:\/\/andalubox.com\/producto-andaluz\/patio-naranjos-ron-sevilladominicano-70-cl\/"},"modified":"2025-11-02T18:51:13","modified_gmt":"2025-11-02T17:51:13","slug":"patio-naranjos-ron-sevilladominicano-70-cl","status":"publish","type":"product","link":"https:\/\/andalubox.com\/en\/producto-andaluz\/patio-naranjos-ron-sevilladominicano-70-cl\/","title":{"rendered":"Patio Naranjos Ron Sevilla Dominicano 70 CL"},"content":{"rendered":"<p>Patio Naranjos Ron Sevilla Dominicano 70 CL. Env\u00edos a <strong>TODA EUROPA<\/strong>.<\/p>\r\n<p>Patio Naranjos Ron Sevilla Dominicano 70 CL es un ron dominicano premium con un distintivo toque sevillano, inspirado en el famoso Patio de los Naranjos de la Catedral de Sevilla.<\/p>\r\n<p>Se produce en Rep\u00fablica Dominicana a partir de jugo de ca\u00f1a de az\u00facar 100% puro, se envejece durante al menos tres a\u00f1os en barricas de roble americano (previamente impregnadas con extracto de naranja para potenciar su perfil), y se aromatiza con naranjas amargas de Sevilla (Citrus aurantium), lo que le aporta un aroma y sabor c\u00edtrico vibrante.<\/p>\r\n<p>El proceso final de embotellado se realiza en Jerez de la Frontera, en bodegas como Romate, fusionando tradiciones caribe\u00f1as, andaluzas y jerezanas.<\/p>\r\n<p>Caracter\u00edsticas principales de Patio Naranjos Ron Sevilla Dominicano 70 CL:<\/p>\r\n<p>Origen: Destilado en Rep\u00fablica Dominicana (zona de San Pedro de Macor\u00eds), solo el 10% de los rones mundiales provienen exclusivamente de jugo de ca\u00f1a fresca.<\/p>\r\n<ul>\r\n\t<li>Graduaci\u00f3n alcoh\u00f3lica: 37,5% Vol.<\/li>\r\n\t<li>Formato: Botella de 70 cl.<\/li>\r\n\t<li>Tipo: Ron a\u00f1ejo (aged rum).<\/li>\r\n\t<li>Notas de cata:Vista: Color \u00e1mbar brillante y transparente.<\/li>\r\n\t<li>Nariz: Aromas suaves a madera, vainilla, caramelo y notas frescas de naranja sevillana.<\/li>\r\n\t<li>Boca: Entrada suave, equilibrada entre el ron tradicional y toques c\u00edtricos; cuerpo medio, con dulzor persistente y final refrescante.<\/li>\r\n\t<li>Consumo recomendado: Se disfruta solo, on the rocks o en c\u00f3cteles refrescantes como Ron Collins o Mojito de naranja. Marida bien con postres c\u00edtricos, quesos suaves, mariscos o sushi, realzando sabores marinos.<\/li>\r\n<\/ul>","protected":false},"excerpt":{"rendered":"<p>Patio Naranjos Ron Sevilla Dominicano 70 CL ahora disponible para ENV\u00cdOS A TODA EUROPA.<\/p>\n","protected":false},"featured_media":27648,"comment_status":"open","ping_status":"closed","template":"","meta":{"site-sidebar-layout":"default","site-content-layout":"","ast-site-content-layout":"default","site-content-style":"default","site-sidebar-style":"default","ast-global-header-display":"","ast-banner-title-visibility":"","ast-main-header-display":"","ast-hfb-above-header-display":"","ast-hfb-below-header-display":"","ast-hfb-mobile-header-display":"","site-post-title":"","ast-breadcrumbs-content":"","ast-featured-img":"","footer-sml-layout":"","ast-disable-related-posts":"","theme-transparent-header-meta":"","adv-header-id-meta":"","stick-header-meta":"","header-above-stick-meta":"","header-main-stick-meta":"","header-below-stick-meta":"","astra-migrate-meta-layouts":"default","ast-page-background-enabled":"default","ast-page-background-meta":{"desktop":{"background-color":"var(--ast-global-color-4)","background-image":"","background-repeat":"repeat","background-position":"center center","background-size":"auto","background-attachment":"scroll","background-type":"","background-media":"","overlay-type":"","overlay-color":"","overlay-opacity":"","overlay-gradient":""},"tablet":{"background-color":"","background-image":"","background-repeat":"repeat","background-position":"center center","background-size":"auto","background-attachment":"scroll","background-type":"","background-media":"","overlay-type":"","overlay-color":"","overlay-opacity":"","overlay-gradient":""},"mobile":{"background-color":"","background-image":"","background-repeat":"repeat","background-position":"center center","background-size":"auto","background-attachment":"scroll","background-type":"","background-media":"","overlay-type":"","overlay-color":"","overlay-opacity":"","overlay-gradient":""}},"ast-content-background-meta":{"desktop":{"background-color":"var(--ast-global-color-5)","background-image":"","background-repeat":"repeat","background-position":"center center","background-size":"auto","background-attachment":"scroll","background-type":"","background-media":"","overlay-type":"","overlay-color":"","overlay-opacity":"","overlay-gradient":""},"tablet":{"background-color":"var(--ast-global-color-5)","background-image":"","background-repeat":"repeat","background-position":"center center","background-size":"auto","background-attachment":"scroll","background-type":"","background-media":"","overlay-type":"","overlay-color":"","overlay-opacity":"","overlay-gradient":""},"mobile":{"background-color":"var(--ast-global-color-5)","background-image":"","background-repeat":"repeat","background-position":"center center","background-size":"auto","background-attachment":"scroll","background-type":"","background-media":"","overlay-type":"","overlay-color":"","overlay-opacity":"","overlay-gradient":""}}},"product_brand":[1162],"product_cat":[1658],"product_tag":[],"class_list":{"0":"post-32157","1":"product","2":"type-product","3":"status-publish","4":"has-post-thumbnail","6":"product_brand-patio-naranjos","7":"product_cat-destilados-y-espirituosos-en","8":"desktop-align-left","9":"tablet-align-left","10":"mobile-align-left","12":"first","13":"instock","14":"taxable","15":"shipping-taxable","16":"product-type-simple"},"_links":{"self":[{"href":"https:\/\/andalubox.com\/en\/wp-json\/wp\/v2\/product\/32157","targetHints":{"allow":["GET"]}}],"collection":[{"href":"https:\/\/andalubox.com\/en\/wp-json\/wp\/v2\/product"}],"about":[{"href":"https:\/\/andalubox.com\/en\/wp-json\/wp\/v2\/types\/product"}],"replies":[{"embeddable":true,"href":"https:\/\/andalubox.com\/en\/wp-json\/wp\/v2\/comments?post=32157"}],"wp:featuredmedia":[{"embeddable":true,"href":"https:\/\/andalubox.com\/en\/wp-json\/wp\/v2\/media\/27648"}],"wp:attachment":[{"href":"https:\/\/andalubox.com\/en\/wp-json\/wp\/v2\/media?parent=32157"}],"wp:term":[{"taxonomy":"product_brand","embeddable":true,"href":"https:\/\/andalubox.com\/en\/wp-json\/wp\/v2\/product_brand?post=32157"},{"taxonomy":"product_cat","embeddable":true,"href":"https:\/\/andalubox.com\/en\/wp-json\/wp\/v2\/product_cat?post=32157"},{"taxonomy":"product_tag","embeddable":true,"href":"https:\/\/andalubox.com\/en\/wp-json\/wp\/v2\/product_tag?post=32157"}],"curies":[{"name":"wp","href":"https:\/\/api.w.org\/{rel}","templated":true}]}}