{"id":32155,"date":"2025-11-02T18:58:47","date_gmt":"2025-11-02T17:58:47","guid":{"rendered":"https:\/\/andalubox.com\/producto-andaluz\/patio-naranjos-orange-gin-sevilla-70-cl\/"},"modified":"2025-11-02T18:58:47","modified_gmt":"2025-11-02T17:58:47","slug":"patio-naranjos-orange-gin-sevilla-70-cl","status":"publish","type":"product","link":"https:\/\/andalubox.com\/en\/producto-andaluz\/patio-naranjos-orange-gin-sevilla-70-cl\/","title":{"rendered":"Patio Naranjos Orange Gin Sevilla 70 CL"},"content":{"rendered":"<p>Patio Naranjos Orange Gin Sevilla 70 CL. Env\u00edos a <strong>TODA EUROPA<\/strong>.<\/p>\r\n<p>Patio Naranjos Orange Gin Sevilla 70 cl es una ginebra premium espa\u00f1ola inspirada en los emblem\u00e1ticos patios de naranjos de Sevilla, evocando especialmente el hist\u00f3rico Patio de los Naranjos de la catedral. Producida por Oranje Spirit, se presenta en una botella de 70 cl con 40 % de alcohol, combinando bot\u00e1nicos tradicionales de la ginebra, como el enebro silvestre, con el vibrante y distintivo aroma y sabor de las famosas naranjas amargas de Sevilla.<\/p>\r\n<p><strong>Caracter\u00edsticas principales de Patio Naranjos Orange Gin Sevilla 70 CL:<\/strong><\/p>\r\n<p>Estilo: Ginebra premium con sabor a naranja (predominantemente c\u00edtrica, con un equilibrio entre el intenso enebro y las notas dulces y amargas de la naranja).<\/p>\r\n<p>Origen: Espa\u00f1a (inspirada en Sevilla, con influencias de la ginebra inglesa en su base).<\/p>\r\n<p><strong>Notas de cata de Patio Naranjos Orange Gin Sevilla 70 CL:\u00a0<\/strong><\/p>\r\n<p>Aspecto: Brillante con tonos anaranjados.<\/p>\r\n<p>Aroma: Hierbas arom\u00e1ticas, plantas arom\u00e1ticas, naranjas frescas de Sevilla y un sutil toque alcoh\u00f3lico.<\/p>\r\n<p>Paladar: Suave, complejo y equilibrado: el intenso car\u00e1cter del enebro silvestre se combina con la frescura c\u00edtrica de la naranja, dando paso a un final c\u00edtrico limpio y persistente.<\/p>\r\n<p>En general: Una &#8220;danza de sabores&#8221; refrescante, audaz y a la vez dulce, ideal para quienes disfrutan de las ginebras c\u00edtricas sin un dulzor excesivo.<\/p>\r\n<p>Bot\u00e1nicos: Principalmente bayas de enebro silvestre, naranjas de Sevilla y diversas hierbas y plantas arom\u00e1ticas para un perfil bot\u00e1nico fresco.<\/p>\r\n<p>Sugerencias de consumo: Gin Tonic perfecto: Llene un vaso con hielo, a\u00f1ada 50 ml de ginebra, complete con t\u00f3nica c\u00edtrica o neutra y decore con una rodaja de naranja para potenciar la esencia de la naranja de Sevilla.<\/p>\r\n<p>Otras opciones: Disfr\u00fatelo solo, con hielo o en c\u00f3cteles; combina a la perfecci\u00f3n con t\u00f3nicas c\u00edtricas para un toque mediterr\u00e1neo vibrante.<\/p>\r\n<p>Se presenta como un deleite sensorial para paladares exigentes, capturando la esencia de los naranjos en flor de Sevilla.<\/p>\r\n<p>Esta ginebra destaca por su aut\u00e9ntica infusi\u00f3n de naranja de Sevilla, diferenci\u00e1ndose de ginebras de naranja m\u00e1s comunes como Tanqueray Flor de Sevilla (de tem\u00e1tica similar pero con mayor graduaci\u00f3n alcoh\u00f3lica, 41,3 % y producida en el Reino Unido). Si buscas el aut\u00e9ntico sabor de la tradici\u00f3n andaluza en una botella, Patio Naranjos te ofrece una experiencia \u00fanica y refrescante.<\/p>","protected":false},"excerpt":{"rendered":"<p>Patio Naranjos Orange Gin Sevilla 70 CL ahora disponible para ENV\u00cdOS A TODA EUROPA.<\/p>\n","protected":false},"featured_media":27653,"comment_status":"open","ping_status":"closed","template":"","meta":{"site-sidebar-layout":"default","site-content-layout":"","ast-site-content-layout":"default","site-content-style":"default","site-sidebar-style":"default","ast-global-header-display":"","ast-banner-title-visibility":"","ast-main-header-display":"","ast-hfb-above-header-display":"","ast-hfb-below-header-display":"","ast-hfb-mobile-header-display":"","site-post-title":"","ast-breadcrumbs-content":"","ast-featured-img":"","footer-sml-layout":"","ast-disable-related-posts":"","theme-transparent-header-meta":"","adv-header-id-meta":"","stick-header-meta":"","header-above-stick-meta":"","header-main-stick-meta":"","header-below-stick-meta":"","astra-migrate-meta-layouts":"default","ast-page-background-enabled":"default","ast-page-background-meta":{"desktop":{"background-color":"var(--ast-global-color-4)","background-image":"","background-repeat":"repeat","background-position":"center center","background-size":"auto","background-attachment":"scroll","background-type":"","background-media":"","overlay-type":"","overlay-color":"","overlay-opacity":"","overlay-gradient":""},"tablet":{"background-color":"","background-image":"","background-repeat":"repeat","background-position":"center center","background-size":"auto","background-attachment":"scroll","background-type":"","background-media":"","overlay-type":"","overlay-color":"","overlay-opacity":"","overlay-gradient":""},"mobile":{"background-color":"","background-image":"","background-repeat":"repeat","background-position":"center center","background-size":"auto","background-attachment":"scroll","background-type":"","background-media":"","overlay-type":"","overlay-color":"","overlay-opacity":"","overlay-gradient":""}},"ast-content-background-meta":{"desktop":{"background-color":"var(--ast-global-color-5)","background-image":"","background-repeat":"repeat","background-position":"center center","background-size":"auto","background-attachment":"scroll","background-type":"","background-media":"","overlay-type":"","overlay-color":"","overlay-opacity":"","overlay-gradient":""},"tablet":{"background-color":"var(--ast-global-color-5)","background-image":"","background-repeat":"repeat","background-position":"center center","background-size":"auto","background-attachment":"scroll","background-type":"","background-media":"","overlay-type":"","overlay-color":"","overlay-opacity":"","overlay-gradient":""},"mobile":{"background-color":"var(--ast-global-color-5)","background-image":"","background-repeat":"repeat","background-position":"center center","background-size":"auto","background-attachment":"scroll","background-type":"","background-media":"","overlay-type":"","overlay-color":"","overlay-opacity":"","overlay-gradient":""}}},"product_brand":[1162],"product_cat":[417,1722],"product_tag":[],"class_list":{"0":"post-32155","1":"product","2":"type-product","3":"status-publish","4":"has-post-thumbnail","6":"product_brand-patio-naranjos","7":"product_cat-andalubox-exclusives","8":"product_cat-ginebra-2-en","9":"desktop-align-left","10":"tablet-align-left","11":"mobile-align-left","13":"first","14":"instock","15":"taxable","16":"shipping-taxable","17":"product-type-simple"},"_links":{"self":[{"href":"https:\/\/andalubox.com\/en\/wp-json\/wp\/v2\/product\/32155","targetHints":{"allow":["GET"]}}],"collection":[{"href":"https:\/\/andalubox.com\/en\/wp-json\/wp\/v2\/product"}],"about":[{"href":"https:\/\/andalubox.com\/en\/wp-json\/wp\/v2\/types\/product"}],"replies":[{"embeddable":true,"href":"https:\/\/andalubox.com\/en\/wp-json\/wp\/v2\/comments?post=32155"}],"wp:featuredmedia":[{"embeddable":true,"href":"https:\/\/andalubox.com\/en\/wp-json\/wp\/v2\/media\/27653"}],"wp:attachment":[{"href":"https:\/\/andalubox.com\/en\/wp-json\/wp\/v2\/media?parent=32155"}],"wp:term":[{"taxonomy":"product_brand","embeddable":true,"href":"https:\/\/andalubox.com\/en\/wp-json\/wp\/v2\/product_brand?post=32155"},{"taxonomy":"product_cat","embeddable":true,"href":"https:\/\/andalubox.com\/en\/wp-json\/wp\/v2\/product_cat?post=32155"},{"taxonomy":"product_tag","embeddable":true,"href":"https:\/\/andalubox.com\/en\/wp-json\/wp\/v2\/product_tag?post=32155"}],"curies":[{"name":"wp","href":"https:\/\/api.w.org\/{rel}","templated":true}]}}