{"id":32124,"date":"2025-11-05T15:49:01","date_gmt":"2025-11-05T14:49:01","guid":{"rendered":"https:\/\/andalubox.com\/producto-andaluz\/fifty-pounds-london-dry-gin-70cl\/"},"modified":"2025-11-05T15:49:01","modified_gmt":"2025-11-05T14:49:01","slug":"fifty-pounds-london-dry-gin-70cl","status":"publish","type":"product","link":"https:\/\/andalubox.com\/en\/producto-andaluz\/fifty-pounds-london-dry-gin-70cl\/","title":{"rendered":"Fifty Pounds London Dry Gin 70cl"},"content":{"rendered":"<p>Fifty Pounds London Dry Gin 70cl<\/p>\r\n<p><strong>Descripci\u00f3n:<\/strong><\/p>\r\n<p><b>Fifty Pounds Gin<\/b> es una ginebra de la categor\u00eda <b>Super Premium<\/b> de origen ingl\u00e9s, que rinde homenaje a la destilaci\u00f3n artesanal cl\u00e1sica del estilo <b>London Dry Gin<\/b>. Su nombre hace referencia al impuesto de <b>50 libras esterlinas<\/b> que el rey Jorge II impuso en 1736 para legalizar y controlar la producci\u00f3n de ginebra en el Reino Unido.<\/p>\r\n<p><strong>Ficha T\u00e9cnica deFifty Pounds London Dry Gin 70cl:<\/strong><\/p>\r\n<table>\r\n<thead>\r\n<tr>\r\n<td><strong>Caracter\u00edstica<\/strong><\/td>\r\n<td><strong>Detalle<\/strong><\/td>\r\n<\/tr>\r\n<\/thead>\r\n<tbody>\r\n<tr>\r\n<td><b>Tipo<\/b><\/td>\r\n<td>London Dry Gin<\/td>\r\n<\/tr>\r\n<tr>\r\n<td><b>Origen<\/b><\/td>\r\n<td>Inglaterra (Reino Unido)<\/td>\r\n<\/tr>\r\n<tr>\r\n<td><b>Graduaci\u00f3n Alcoh\u00f3lica<\/b><\/td>\r\n<td><b>43,5% vol.<\/b> (La marca la considera la graduaci\u00f3n perfecta para mantener el equilibrio de los bot\u00e1nicos).<\/td>\r\n<\/tr>\r\n<tr>\r\n<td><b>Destilaci\u00f3n<\/b><\/td>\r\n<td><b>Cu\u00e1druple destilaci\u00f3n<\/b> en peque\u00f1os lotes (<i>single batch<\/i>), utilizando un solo alambique tradicional fabricado por John Dore &amp; Co.<\/td>\r\n<\/tr>\r\n<tr>\r\n<td><b>Formato<\/b><\/td>\r\n<td>Botella de <b>70 cl<\/b>.<\/td>\r\n<\/tr>\r\n<tr>\r\n<td><b>Presentaci\u00f3n<\/b><\/td>\r\n<td>Botella elegante que imita el estilo de las antiguas <i>Gin Case<\/i>, con el n\u00famero de lote indicado para darle un toque exclusivo.<\/td>\r\n<\/tr>\r\n<\/tbody>\r\n<\/table>\r\n<p><strong>Bot\u00e1nicos:<\/strong><\/p>\r\n<p>La receta es celosamente guardada, pero se conocen varios de los bot\u00e1nicos utilizados, que buscan el equilibrio entre el enebro, los c\u00edtricos y las especias:<\/p>\r\n<ul>\r\n\t<li>\r\n<p><b>Enebro<\/b><\/p>\r\n<\/li>\r\n\t<li>\r\n<p><b>Semilla de Cilantro<\/b><\/p>\r\n<\/li>\r\n\t<li>\r\n<p><b>Granos del Para\u00edso<\/b> (<i>Aframomum melegueta<\/i>)<\/p>\r\n<\/li>\r\n\t<li>\r\n<p><b>Piel de Naranja<\/b><\/p>\r\n<\/li>\r\n\t<li>\r\n<p><b>Piel de Lim\u00f3n<\/b><\/p>\r\n<\/li>\r\n\t<li>\r\n<p><b>Regaliz<\/b><\/p>\r\n<\/li>\r\n\t<li>\r\n<p><b>Ra\u00edz de Ang\u00e9lica<\/b><\/p>\r\n<\/li>\r\n\t<li>\r\n<p><b>Satureja<\/b><\/p>\r\n<\/li>\r\n\t<li>\r\n<p><b>Tres componentes secretos<\/b><\/p>\r\n<\/li>\r\n<\/ul>\r\n<p><strong>Notas de Cata de Fifty Pounds London Dry Gin 70cl:<\/strong><\/p>\r\n<p>Fifty Pounds se caracteriza por su suavidad, complejidad y equilibrio.<\/p>\r\n<ul>\r\n\t<li>\r\n<p><b>Vista:<\/b> Cristalina, transparente y muy brillante, con una l\u00e1grima intensa en la copa.<\/p>\r\n<\/li>\r\n\t<li>\r\n<p><b>Nariz (Aroma):<\/b> Predominio del <b>enebro<\/b> y el <b>cilantro<\/b>, bien equilibrados por sutiles y elegantes notas <b>c\u00edtricas<\/b>. Escasamente perfumada.<\/p>\r\n<\/li>\r\n\t<li>\r\n<p><b>Boca (Sabor):<\/b> <b>Suave<\/b>, pero con vigor y complejidad. En un primer momento destaca el enebro, seguido r\u00e1pidamente por los componentes <b>c\u00edtricos<\/b>, y un toque de especias y matices terrosos. Es una ginebra <b>seca<\/b>.<\/p>\r\n<\/li>\r\n\t<li>\r\n<p><b>Final:<\/b> Largo, fresco, limpio, seco y con un toque c\u00e1lido.<\/p>\r\n<\/li>\r\n<\/ul>\r\n<p><strong>\ud83c\udf7d\ufe0f Maridaje y Consumo de Fifty Pounds London Dry Gin 70cl<\/strong><\/p>\r\n<p>Es una ginebra muy vers\u00e1til y refinada, ideal para los amantes de las ginebras cl\u00e1sicas y equilibradas:<\/p>\r\n<ul>\r\n\t<li>\r\n<p><b>Perfect Serve:<\/b> La marca la recomienda para un <b>Gin Tonic cl\u00e1sico<\/b> (ginebra, t\u00f3nica de burbuja fina y piel de lim\u00f3n) sin florituras.<\/p>\r\n<\/li>\r\n\t<li>\r\n<p><b>C\u00f3cteles:<\/b> Perfecta para un <b>Martini Seco<\/b> o cualquier c\u00f3ctel que requiera una ginebra de perfil limpio y elegante.<\/p>\r\n<\/li>\r\n<\/ul>","protected":false},"excerpt":{"rendered":"<p>Fifty Pounds London Dry Gin 70cl. <strong>ENV\u00cdOS A TODA EUROPA.<\/strong><\/p>\n","protected":false},"featured_media":27852,"comment_status":"open","ping_status":"closed","template":"","meta":{"site-sidebar-layout":"default","site-content-layout":"","ast-site-content-layout":"default","site-content-style":"default","site-sidebar-style":"default","ast-global-header-display":"","ast-banner-title-visibility":"","ast-main-header-display":"","ast-hfb-above-header-display":"","ast-hfb-below-header-display":"","ast-hfb-mobile-header-display":"","site-post-title":"","ast-breadcrumbs-content":"","ast-featured-img":"","footer-sml-layout":"","ast-disable-related-posts":"","theme-transparent-header-meta":"","adv-header-id-meta":"","stick-header-meta":"","header-above-stick-meta":"","header-main-stick-meta":"","header-below-stick-meta":"","astra-migrate-meta-layouts":"default","ast-page-background-enabled":"default","ast-page-background-meta":{"desktop":{"background-color":"var(--ast-global-color-4)","background-image":"","background-repeat":"repeat","background-position":"center center","background-size":"auto","background-attachment":"scroll","background-type":"","background-media":"","overlay-type":"","overlay-color":"","overlay-opacity":"","overlay-gradient":""},"tablet":{"background-color":"","background-image":"","background-repeat":"repeat","background-position":"center center","background-size":"auto","background-attachment":"scroll","background-type":"","background-media":"","overlay-type":"","overlay-color":"","overlay-opacity":"","overlay-gradient":""},"mobile":{"background-color":"","background-image":"","background-repeat":"repeat","background-position":"center center","background-size":"auto","background-attachment":"scroll","background-type":"","background-media":"","overlay-type":"","overlay-color":"","overlay-opacity":"","overlay-gradient":""}},"ast-content-background-meta":{"desktop":{"background-color":"var(--ast-global-color-5)","background-image":"","background-repeat":"repeat","background-position":"center center","background-size":"auto","background-attachment":"scroll","background-type":"","background-media":"","overlay-type":"","overlay-color":"","overlay-opacity":"","overlay-gradient":""},"tablet":{"background-color":"var(--ast-global-color-5)","background-image":"","background-repeat":"repeat","background-position":"center center","background-size":"auto","background-attachment":"scroll","background-type":"","background-media":"","overlay-type":"","overlay-color":"","overlay-opacity":"","overlay-gradient":""},"mobile":{"background-color":"var(--ast-global-color-5)","background-image":"","background-repeat":"repeat","background-position":"center center","background-size":"auto","background-attachment":"scroll","background-type":"","background-media":"","overlay-type":"","overlay-color":"","overlay-opacity":"","overlay-gradient":""}}},"product_brand":[1171],"product_cat":[417,305,1681],"product_tag":[],"class_list":{"0":"post-32124","1":"product","2":"type-product","3":"status-publish","4":"has-post-thumbnail","6":"product_brand-fifty-pounds","7":"product_cat-andalubox-exclusives","8":"product_cat-news","9":"product_cat-white-spirits","10":"desktop-align-left","11":"tablet-align-left","12":"mobile-align-left","14":"first","15":"instock","16":"taxable","17":"shipping-taxable","18":"product-type-simple"},"_links":{"self":[{"href":"https:\/\/andalubox.com\/en\/wp-json\/wp\/v2\/product\/32124","targetHints":{"allow":["GET"]}}],"collection":[{"href":"https:\/\/andalubox.com\/en\/wp-json\/wp\/v2\/product"}],"about":[{"href":"https:\/\/andalubox.com\/en\/wp-json\/wp\/v2\/types\/product"}],"replies":[{"embeddable":true,"href":"https:\/\/andalubox.com\/en\/wp-json\/wp\/v2\/comments?post=32124"}],"wp:featuredmedia":[{"embeddable":true,"href":"https:\/\/andalubox.com\/en\/wp-json\/wp\/v2\/media\/27852"}],"wp:attachment":[{"href":"https:\/\/andalubox.com\/en\/wp-json\/wp\/v2\/media?parent=32124"}],"wp:term":[{"taxonomy":"product_brand","embeddable":true,"href":"https:\/\/andalubox.com\/en\/wp-json\/wp\/v2\/product_brand?post=32124"},{"taxonomy":"product_cat","embeddable":true,"href":"https:\/\/andalubox.com\/en\/wp-json\/wp\/v2\/product_cat?post=32124"},{"taxonomy":"product_tag","embeddable":true,"href":"https:\/\/andalubox.com\/en\/wp-json\/wp\/v2\/product_tag?post=32124"}],"curies":[{"name":"wp","href":"https:\/\/api.w.org\/{rel}","templated":true}]}}