{"id":32087,"date":"2026-01-14T21:44:37","date_gmt":"2026-01-14T20:44:37","guid":{"rendered":"https:\/\/andalubox.com\/producto-andaluz\/sol-natural-aceite-bio-aceite-de-sesamo-250ml\/"},"modified":"2026-01-14T21:44:37","modified_gmt":"2026-01-14T20:44:37","slug":"sol-natural-aceite-bio-aceite-de-sesamo-250ml","status":"publish","type":"product","link":"https:\/\/andalubox.com\/en\/producto-andaluz\/sol-natural-aceite-bio-aceite-de-sesamo-250ml\/","title":{"rendered":"Sol Natural BIO Aceite de S\u00e9samo 250ml"},"content":{"rendered":"<p>Sol Natural BIO Aceite de S\u00e9samo 250ml<\/p>\r\n<p data-path-to-node=\"3\"><b data-path-to-node=\"3\" data-index-in-node=\"0\">El &#8220;oro l\u00edquido&#8221; de la cocina oriental y el bienestar ayurv\u00e9dico.<\/b><\/p>\r\n<p data-path-to-node=\"4\">El <b data-path-to-node=\"4\" data-index-in-node=\"3\">Aceite de S\u00e9samo de Sol Natural<\/b> se obtiene exclusivamente mediante la <b data-path-to-node=\"4\" data-index-in-node=\"73\">primera presi\u00f3n en fr\u00edo<\/b> de semillas de s\u00e9samo procedentes de agricultura ecol\u00f3gica. Este proceso garantiza que el aceite mantenga su delicado aroma a nuez y todas sus propiedades nutricionales intactas, sin haber sido sometido a procesos de refinado qu\u00edmico.<\/p>\r\n<h3 data-path-to-node=\"6\">\ud83c\udf3f Propiedades y Beneficios<\/h3>\r\n<p data-path-to-node=\"7\">Sol Natural BIO Aceite de S\u00e9samo 250ml es un aceite extremadamente estable y nutritivo, muy valorado en la medicina tradicional:<\/p>\r\n<ul data-path-to-node=\"8\">\r\n\t<li>\r\n<p data-path-to-node=\"8,0,0\"><b data-path-to-node=\"8,0,0\" data-index-in-node=\"0\">Rico en Calcio y Magnesio:<\/b> Contribuye a la salud \u00f3sea y al equilibrio del sistema nervioso.<\/p>\r\n<\/li>\r\n\t<li>\r\n<p data-path-to-node=\"8,1,0\"><b data-path-to-node=\"8,1,0\" data-index-in-node=\"0\">Poder Antioxidante:<\/b><span class=\"citation-142\"> Contiene <\/span><b data-path-to-node=\"8,1,0\" data-index-in-node=\"29\"><span class=\"citation-142\">sesamol y sesamolina<\/span><\/b><span class=\"citation-142 citation-end-142\">, antioxidantes naturales que ayudan a conservar el aceite y protegen nuestras c\u00e9lulas.<sup class=\"superscript\" data-turn-source-index=\"2\">2<\/sup><\/span><\/p>\r\n<\/li>\r\n\t<li>\r\n<p data-path-to-node=\"8,2,0\"><b data-path-to-node=\"8,2,0\" data-index-in-node=\"0\">Salud Cardiovascular:<\/b> Su alto contenido en \u00e1cidos grasos poliinsaturados ayuda a regular los niveles de colesterol.<\/p>\r\n<\/li>\r\n<\/ul>\r\n<h3 data-path-to-node=\"10\">\ud83c\udf7d\ufe0f Usos Recomendados<\/h3>\r\n<p data-path-to-node=\"11\">Sol Natural BIO Aceite de S\u00e9samo 250ml es un aceite muy vers\u00e1til con una gran resistencia a la oxidaci\u00f3n:<\/p>\r\n<ul data-path-to-node=\"12\">\r\n\t<li>\r\n<p data-path-to-node=\"12,0,0\"><b data-path-to-node=\"12,0,0\" data-index-in-node=\"0\">Cocina Asi\u00e1tica:<\/b> Es el ingrediente clave para woks, hummus, ali\u00f1os de ensaladas orientales y platos con soja. Se recomienda a\u00f1adirlo al final de la cocci\u00f3n para preservar su aroma.<\/p>\r\n<\/li>\r\n\t<li>\r\n<p data-path-to-node=\"12,1,0\"><b data-path-to-node=\"12,1,0\" data-index-in-node=\"0\">Cuidado Corporal (Ayurveda):<\/b> En la tradici\u00f3n hind\u00fa, se utiliza para masajes (Abhyanga) por su capacidad para penetrar profundamente en la piel, nutrir el sistema nervioso y desintoxicar los tejidos.<\/p>\r\n<\/li>\r\n\t<li>\r\n<p data-path-to-node=\"12,2,0\"><b data-path-to-node=\"12,2,0\" data-index-in-node=\"0\">Enjuagues Bucales:<\/b> Muy utilizado en la t\u00e9cnica de <i data-path-to-node=\"12,2,0\" data-index-in-node=\"50\">oil pulling<\/i> para mejorar la salud dental y enc\u00edas.<\/p>\r\n<\/li>\r\n<\/ul>\r\n<h3 data-path-to-node=\"14\">\ud83d\udc8e Caracter\u00edsticas del Producto<\/h3>\r\n<table data-path-to-node=\"15\">\r\n<thead>\r\n<tr>\r\n<td><strong>Atributo<\/strong><\/td>\r\n<td><strong>Detalle<\/strong><\/td>\r\n<\/tr>\r\n<\/thead>\r\n<tbody>\r\n<tr>\r\n<td><span data-path-to-node=\"15,1,0,0\"><b data-path-to-node=\"15,1,0,0\" data-index-in-node=\"0\">Marca<\/b><\/span><\/td>\r\n<td><span data-path-to-node=\"15,1,1,0\">Sol Natural<\/span><\/td>\r\n<\/tr>\r\n<tr>\r\n<td><span data-path-to-node=\"15,2,0,0\"><b data-path-to-node=\"15,2,0,0\" data-index-in-node=\"0\">Origen Empresa<\/b><\/span><\/td>\r\n<td><span data-path-to-node=\"15,2,1,0\">Barcelona, Espa\u00f1a<\/span><\/td>\r\n<\/tr>\r\n<tr>\r\n<td><span data-path-to-node=\"15,3,0,0\"><b data-path-to-node=\"15,3,0,0\" data-index-in-node=\"0\">Certificaci\u00f3n<\/b><\/span><\/td>\r\n<td><span data-path-to-node=\"15,3,1,0\">Ecol\u00f3gica (Eurohoja)<\/span><\/td>\r\n<\/tr>\r\n<tr>\r\n<td><span data-path-to-node=\"15,4,0,0\"><b data-path-to-node=\"15,4,0,0\" data-index-in-node=\"0\">Formato<\/b><\/span><\/td>\r\n<td><span data-path-to-node=\"15,4,1,0\">Botella de vidrio de 250ml<\/span><\/td>\r\n<\/tr>\r\n<tr>\r\n<td><span data-path-to-node=\"15,5,0,0\"><b data-path-to-node=\"15,5,0,0\" data-index-in-node=\"0\">EAN<\/b><\/span><\/td>\r\n<td><span data-path-to-node=\"15,5,1,0\">8429359001100<\/span><\/td>\r\n<\/tr>\r\n<\/tbody>\r\n<\/table>\r\n<h3 data-path-to-node=\"17\">\ud83c\udf0d Exportaci\u00f3n a toda Europa<\/h3>\r\n<p data-path-to-node=\"18\">Este producto es un &#8220;top ventas&#8221; en los mercados de Alemania, Francia y Pa\u00edses Bajos, donde el consumo de productos BIO est\u00e1 muy consolidado. <b data-path-to-node=\"18\" data-index-in-node=\"142\">Exportamos el Aceite de S\u00e9samo Sol Natural a toda Europa<\/b>, con env\u00edos protegidos para que el cristal y las propiedades del aceite lleguen en perfecto estado.<\/p>\r\n<p>Sol Natural BIO Aceite de S\u00e9samo 250ml<\/p>","protected":false},"excerpt":{"rendered":"<p data-path-to-node=\"20\"><span style=\"font-size: 16px;\">Sabor ex\u00f3tico y bienestar ancestral en un solo envase: <\/span><b style=\"font-size: 16px; font-style: inherit;\" data-path-to-node=\"21,0\" data-index-in-node=\"56\">Exportamos el Aceite de S\u00e9samo BIO de Sol Natural a toda Europa<\/b><span style=\"font-size: 16px;\">, conectando la calidad de Barcelona con tu cocina saludable.<\/span><\/p>\n<p>Sol Natural BIO Aceite de S\u00e9samo 250ml<\/p>\n","protected":false},"featured_media":29218,"comment_status":"open","ping_status":"closed","template":"","meta":{"site-sidebar-layout":"default","site-content-layout":"","ast-site-content-layout":"default","site-content-style":"default","site-sidebar-style":"default","ast-global-header-display":"","ast-banner-title-visibility":"","ast-main-header-display":"","ast-hfb-above-header-display":"","ast-hfb-below-header-display":"","ast-hfb-mobile-header-display":"","site-post-title":"","ast-breadcrumbs-content":"","ast-featured-img":"","footer-sml-layout":"","ast-disable-related-posts":"","theme-transparent-header-meta":"","adv-header-id-meta":"","stick-header-meta":"","header-above-stick-meta":"","header-main-stick-meta":"","header-below-stick-meta":"","astra-migrate-meta-layouts":"default","ast-page-background-enabled":"default","ast-page-background-meta":{"desktop":{"background-color":"var(--ast-global-color-4)","background-image":"","background-repeat":"repeat","background-position":"center center","background-size":"auto","background-attachment":"scroll","background-type":"","background-media":"","overlay-type":"","overlay-color":"","overlay-opacity":"","overlay-gradient":""},"tablet":{"background-color":"","background-image":"","background-repeat":"repeat","background-position":"center center","background-size":"auto","background-attachment":"scroll","background-type":"","background-media":"","overlay-type":"","overlay-color":"","overlay-opacity":"","overlay-gradient":""},"mobile":{"background-color":"","background-image":"","background-repeat":"repeat","background-position":"center center","background-size":"auto","background-attachment":"scroll","background-type":"","background-media":"","overlay-type":"","overlay-color":"","overlay-opacity":"","overlay-gradient":""}},"ast-content-background-meta":{"desktop":{"background-color":"var(--ast-global-color-5)","background-image":"","background-repeat":"repeat","background-position":"center center","background-size":"auto","background-attachment":"scroll","background-type":"","background-media":"","overlay-type":"","overlay-color":"","overlay-opacity":"","overlay-gradient":""},"tablet":{"background-color":"var(--ast-global-color-5)","background-image":"","background-repeat":"repeat","background-position":"center center","background-size":"auto","background-attachment":"scroll","background-type":"","background-media":"","overlay-type":"","overlay-color":"","overlay-opacity":"","overlay-gradient":""},"mobile":{"background-color":"var(--ast-global-color-5)","background-image":"","background-repeat":"repeat","background-position":"center center","background-size":"auto","background-attachment":"scroll","background-type":"","background-media":"","overlay-type":"","overlay-color":"","overlay-opacity":"","overlay-gradient":""}}},"product_brand":[1117],"product_cat":[1575],"product_tag":[],"class_list":{"0":"post-32087","1":"product","2":"type-product","3":"status-publish","4":"has-post-thumbnail","6":"product_brand-sol-natural","7":"product_cat-other-oils","8":"desktop-align-left","9":"tablet-align-left","10":"mobile-align-left","12":"first","13":"instock","14":"taxable","15":"shipping-taxable","16":"product-type-simple"},"_links":{"self":[{"href":"https:\/\/andalubox.com\/en\/wp-json\/wp\/v2\/product\/32087","targetHints":{"allow":["GET"]}}],"collection":[{"href":"https:\/\/andalubox.com\/en\/wp-json\/wp\/v2\/product"}],"about":[{"href":"https:\/\/andalubox.com\/en\/wp-json\/wp\/v2\/types\/product"}],"replies":[{"embeddable":true,"href":"https:\/\/andalubox.com\/en\/wp-json\/wp\/v2\/comments?post=32087"}],"wp:featuredmedia":[{"embeddable":true,"href":"https:\/\/andalubox.com\/en\/wp-json\/wp\/v2\/media\/29218"}],"wp:attachment":[{"href":"https:\/\/andalubox.com\/en\/wp-json\/wp\/v2\/media?parent=32087"}],"wp:term":[{"taxonomy":"product_brand","embeddable":true,"href":"https:\/\/andalubox.com\/en\/wp-json\/wp\/v2\/product_brand?post=32087"},{"taxonomy":"product_cat","embeddable":true,"href":"https:\/\/andalubox.com\/en\/wp-json\/wp\/v2\/product_cat?post=32087"},{"taxonomy":"product_tag","embeddable":true,"href":"https:\/\/andalubox.com\/en\/wp-json\/wp\/v2\/product_tag?post=32087"}],"curies":[{"name":"wp","href":"https:\/\/api.w.org\/{rel}","templated":true}]}}