{"id":32084,"date":"2026-01-14T22:32:36","date_gmt":"2026-01-14T21:32:36","guid":{"rendered":"https:\/\/andalubox.com\/producto-andaluz\/naturgreen-vegetal-aceite-de-pepita-de-uva-250ml\/"},"modified":"2026-01-14T22:32:36","modified_gmt":"2026-01-14T21:32:36","slug":"naturgreen-vegetal-aceite-de-pepita-de-uva-250ml","status":"publish","type":"product","link":"https:\/\/andalubox.com\/en\/producto-andaluz\/naturgreen-vegetal-aceite-de-pepita-de-uva-250ml\/","title":{"rendered":"NaturGreen Vegetal Aceite de Pepita de Uva 250ml"},"content":{"rendered":"<p data-path-to-node=\"3\">NaturGreen Vegetal Aceite de Pepita de Uva 250ml<\/p>\r\n<p data-path-to-node=\"3\"><b data-path-to-node=\"3\" data-index-in-node=\"0\"><span class=\"citation-189 citation-end-189\">Ligereza, salud y un alto punto de humo para tu cocina.<\/span><\/b><\/p>\r\n<p data-path-to-node=\"4\">El <b data-path-to-node=\"4\" data-index-in-node=\"3\">Aceite de Pepita de Uva NaturGreen<\/b> se extrae de las semillas de la uva tras la producci\u00f3n vin\u00edcola, convirti\u00e9ndose en un ejemplo perfecto de aprovechamiento natural. Destaca por su sabor extremadamente suave y neutro, lo que permite resaltar los sabores originales de los alimentos sin enmascararlos. <span class=\"citation-188 citation-end-188\">Es un aceite fluido, de color ligeramente verdoso y muy rico en nutrientes esenciales.<\/span><\/p>\r\n<h3 data-path-to-node=\"6\">\ud83c\udf3f Propiedades Destacadas<\/h3>\r\n<p data-path-to-node=\"7\">NaturGreen Vegetal Aceite de Pepita de Uva 250ml es una joya nutricional gracias a su composici\u00f3n:<\/p>\r\n<ul data-path-to-node=\"8\">\r\n\t<li>\r\n<p data-path-to-node=\"8,0,0\"><b data-path-to-node=\"8,0,0\" data-index-in-node=\"0\"><span class=\"citation-187\">Alto Punto de Humo:<\/span><\/b><span class=\"citation-187 citation-end-187\"> A diferencia de otros aceites vegetales, soporta altas temperaturas sin quemarse ni perder propiedades, lo que lo hace ideal para salteados y frituras ligeras.<\/span><\/p>\r\n<\/li>\r\n\t<li>\r\n<p data-path-to-node=\"8,1,0\"><b data-path-to-node=\"8,1,0\" data-index-in-node=\"0\">Rico en \u00c1cido Linoleico:<\/b> Contiene una alta proporci\u00f3n de <b data-path-to-node=\"8,1,0\" data-index-in-node=\"57\">Omega 6<\/b>, esencial para el equilibrio de las membranas celulares.<\/p>\r\n<\/li>\r\n\t<li>\r\n<p data-path-to-node=\"8,2,0\"><b data-path-to-node=\"8,2,0\" data-index-in-node=\"0\">Vitamina E y Polifenoles:<\/b> Act\u00faa como un potente protector natural contra los radicales libres.<\/p>\r\n<\/li>\r\n\t<li>\r\n<p data-path-to-node=\"8,3,0\"><b data-path-to-node=\"8,3,0\" data-index-in-node=\"0\">Sin Colesterol:<\/b> Como todo aceite de origen 100% vegetal, es ideal para dietas de control cardiovascular.<\/p>\r\n<\/li>\r\n<\/ul>\r\n<h3 data-path-to-node=\"10\">\ud83c\udf7d\ufe0f Usos Recomendados<\/h3>\r\n<p data-path-to-node=\"11\">Su versatilidad lo hace \u00fanico en la despensa:<\/p>\r\n<ul data-path-to-node=\"12\">\r\n\t<li>\r\n<p data-path-to-node=\"12,0,0\"><b data-path-to-node=\"12,0,0\" data-index-in-node=\"0\">Cocina:<\/b> Perfecto para elaborar mayonesas caseras (por su sabor neutro), marinar carnes o pescados, y para reposter\u00eda fina.<\/p>\r\n<\/li>\r\n\t<li>\r\n<p data-path-to-node=\"12,1,0\"><b data-path-to-node=\"12,1,0\" data-index-in-node=\"0\">Ensaladas:<\/b> Es una base excelente para vinagretas bals\u00e1micas donde se quiere que destaque el sabor del vinagre o las especias.<\/p>\r\n<\/li>\r\n\t<li>\r\n<p data-path-to-node=\"12,2,0\"><b data-path-to-node=\"12,2,0\" data-index-in-node=\"0\"><span class=\"citation-186\">Cosm\u00e9tica Natural:<\/span><\/b><span class=\"citation-186 citation-end-186\"> Es uno de los aceites preferidos para el cuidado de la piel grasa o mixta, ya que se absorbe r\u00e1pidamente sin dejar sensaci\u00f3n aceitosa y ayuda a regenerar los tejidos.<\/span><\/p>\r\n<\/li>\r\n<\/ul>\r\n<h3 data-path-to-node=\"14\">\ud83d\udc8e Caracter\u00edsticas del Producto<\/h3>\r\n<table data-path-to-node=\"15\">\r\n<thead>\r\n<tr>\r\n<td><strong>Atributo<\/strong><\/td>\r\n<td><strong>Detalle<\/strong><\/td>\r\n<\/tr>\r\n<\/thead>\r\n<tbody>\r\n<tr>\r\n<td><span data-path-to-node=\"15,1,0,0\"><b data-path-to-node=\"15,1,0,0\" data-index-in-node=\"0\">Marca<\/b><\/span><\/td>\r\n<td><span data-path-to-node=\"15,1,1,0\">NaturGreen<\/span><\/td>\r\n<\/tr>\r\n<tr>\r\n<td><span data-path-to-node=\"15,2,0,0\"><b data-path-to-node=\"15,2,0,0\" data-index-in-node=\"0\">Origen Empresa<\/b><\/span><\/td>\r\n<td><span data-path-to-node=\"15,2,1,0\">Murcia, Espa\u00f1a<\/span><\/td>\r\n<\/tr>\r\n<tr>\r\n<td><span data-path-to-node=\"15,3,0,0\"><b data-path-to-node=\"15,3,0,0\" data-index-in-node=\"0\">Tipo<\/b><\/span><\/td>\r\n<td><span data-path-to-node=\"15,3,1,0\">Aceite Vegetal de Pepita de Uva<\/span><\/td>\r\n<\/tr>\r\n<tr>\r\n<td><span data-path-to-node=\"15,4,0,0\"><b data-path-to-node=\"15,4,0,0\" data-index-in-node=\"0\">Formato<\/b><\/span><\/td>\r\n<td><span data-path-to-node=\"15,4,1,0\">Botella de vidrio de 250ml<\/span><\/td>\r\n<\/tr>\r\n<tr>\r\n<td><span data-path-to-node=\"15,5,0,0\"><b data-path-to-node=\"15,5,0,0\" data-index-in-node=\"0\">EAN<\/b><\/span><\/td>\r\n<td><span data-path-to-node=\"15,5,1,0\">8436542245387<\/span><\/td>\r\n<\/tr>\r\n<\/tbody>\r\n<\/table>\r\n<h3 data-path-to-node=\"17\">\ud83c\udf0d Exportaci\u00f3n Gourmet a toda Europa<\/h3>\r\n<p data-path-to-node=\"18\">El aceite de pepita de uva espa\u00f1ol es muy apreciado en los mercados del norte de Europa por su pureza. <b data-path-to-node=\"18\" data-index-in-node=\"103\">Exportamos el Aceite de Pepita de Uva NaturGreen a toda Europa<\/b>, asegurando un embalaje profesional que garantiza que la botella de 250ml llegue intacta a cualquier pa\u00eds de la Uni\u00f3n Europea.<\/p>\r\n<p data-path-to-node=\"18\">NaturGreen Vegetal Aceite de Pepita de Uva 250ml<\/p>","protected":false},"excerpt":{"rendered":"<p>La versatilidad definitiva en tu cocina y tu piel: <b data-path-to-node=\"21,0\" data-index-in-node=\"52\">Exportamos NaturGreen Aceite de Pepita de Uva a toda Europa<\/b>, ofreci\u00e9ndote un producto multifuncional con la m\u00e1xima garant\u00eda de calidad espa\u00f1ola.<\/p>\n<p>NaturGreen Vegetal Aceite de Pepita de Uva 250ml<\/p>\n","protected":false},"featured_media":29265,"comment_status":"open","ping_status":"closed","template":"","meta":{"site-sidebar-layout":"default","site-content-layout":"","ast-site-content-layout":"default","site-content-style":"default","site-sidebar-style":"default","ast-global-header-display":"","ast-banner-title-visibility":"","ast-main-header-display":"","ast-hfb-above-header-display":"","ast-hfb-below-header-display":"","ast-hfb-mobile-header-display":"","site-post-title":"","ast-breadcrumbs-content":"","ast-featured-img":"","footer-sml-layout":"","ast-disable-related-posts":"","theme-transparent-header-meta":"","adv-header-id-meta":"","stick-header-meta":"","header-above-stick-meta":"","header-main-stick-meta":"","header-below-stick-meta":"","astra-migrate-meta-layouts":"default","ast-page-background-enabled":"default","ast-page-background-meta":{"desktop":{"background-color":"var(--ast-global-color-4)","background-image":"","background-repeat":"repeat","background-position":"center center","background-size":"auto","background-attachment":"scroll","background-type":"","background-media":"","overlay-type":"","overlay-color":"","overlay-opacity":"","overlay-gradient":""},"tablet":{"background-color":"","background-image":"","background-repeat":"repeat","background-position":"center center","background-size":"auto","background-attachment":"scroll","background-type":"","background-media":"","overlay-type":"","overlay-color":"","overlay-opacity":"","overlay-gradient":""},"mobile":{"background-color":"","background-image":"","background-repeat":"repeat","background-position":"center center","background-size":"auto","background-attachment":"scroll","background-type":"","background-media":"","overlay-type":"","overlay-color":"","overlay-opacity":"","overlay-gradient":""}},"ast-content-background-meta":{"desktop":{"background-color":"var(--ast-global-color-5)","background-image":"","background-repeat":"repeat","background-position":"center center","background-size":"auto","background-attachment":"scroll","background-type":"","background-media":"","overlay-type":"","overlay-color":"","overlay-opacity":"","overlay-gradient":""},"tablet":{"background-color":"var(--ast-global-color-5)","background-image":"","background-repeat":"repeat","background-position":"center center","background-size":"auto","background-attachment":"scroll","background-type":"","background-media":"","overlay-type":"","overlay-color":"","overlay-opacity":"","overlay-gradient":""},"mobile":{"background-color":"var(--ast-global-color-5)","background-image":"","background-repeat":"repeat","background-position":"center center","background-size":"auto","background-attachment":"scroll","background-type":"","background-media":"","overlay-type":"","overlay-color":"","overlay-opacity":"","overlay-gradient":""}}},"product_brand":[1118],"product_cat":[1575],"product_tag":[],"class_list":{"0":"post-32084","1":"product","2":"type-product","3":"status-publish","4":"has-post-thumbnail","6":"product_brand-naturgreen","7":"product_cat-other-oils","8":"desktop-align-left","9":"tablet-align-left","10":"mobile-align-left","12":"first","13":"instock","14":"taxable","15":"shipping-taxable","16":"product-type-simple"},"_links":{"self":[{"href":"https:\/\/andalubox.com\/en\/wp-json\/wp\/v2\/product\/32084","targetHints":{"allow":["GET"]}}],"collection":[{"href":"https:\/\/andalubox.com\/en\/wp-json\/wp\/v2\/product"}],"about":[{"href":"https:\/\/andalubox.com\/en\/wp-json\/wp\/v2\/types\/product"}],"replies":[{"embeddable":true,"href":"https:\/\/andalubox.com\/en\/wp-json\/wp\/v2\/comments?post=32084"}],"wp:featuredmedia":[{"embeddable":true,"href":"https:\/\/andalubox.com\/en\/wp-json\/wp\/v2\/media\/29265"}],"wp:attachment":[{"href":"https:\/\/andalubox.com\/en\/wp-json\/wp\/v2\/media?parent=32084"}],"wp:term":[{"taxonomy":"product_brand","embeddable":true,"href":"https:\/\/andalubox.com\/en\/wp-json\/wp\/v2\/product_brand?post=32084"},{"taxonomy":"product_cat","embeddable":true,"href":"https:\/\/andalubox.com\/en\/wp-json\/wp\/v2\/product_cat?post=32084"},{"taxonomy":"product_tag","embeddable":true,"href":"https:\/\/andalubox.com\/en\/wp-json\/wp\/v2\/product_tag?post=32084"}],"curies":[{"name":"wp","href":"https:\/\/api.w.org\/{rel}","templated":true}]}}