{"id":32081,"date":"2026-01-14T23:28:43","date_gmt":"2026-01-14T22:28:43","guid":{"rendered":"https:\/\/andalubox.com\/producto-andaluz\/sol-natural-aceite-de-coco-ecologico-580ml\/"},"modified":"2026-01-14T23:28:43","modified_gmt":"2026-01-14T22:28:43","slug":"sol-natural-aceite-de-coco-ecologico-580ml","status":"publish","type":"product","link":"https:\/\/andalubox.com\/en\/producto-andaluz\/sol-natural-aceite-de-coco-ecologico-580ml\/","title":{"rendered":"Sol Natural Aceite de Coco Ecol\u00f3gico 580ml"},"content":{"rendered":"<p>Sol Natural Aceite de Coco Ecol\u00f3gico 580ml<\/p>\r\n<p data-path-to-node=\"3\"><b data-path-to-node=\"3\" data-index-in-node=\"0\">Energ\u00eda pura y versatilidad total: del coraz\u00f3n del coco a tu hogar.<\/b><\/p>\r\n<p data-path-to-node=\"4\"><span class=\"citation-238\">El <\/span><b data-path-to-node=\"4\" data-index-in-node=\"3\"><span class=\"citation-238\">Aceite de Coco de Sol Natural<\/span><\/b><span class=\"citation-238 citation-end-238\"> es un producto de calidad superior, obtenido de la presi\u00f3n en fr\u00edo de la pulpa de cocos frescos procedentes de agricultura ecol\u00f3gica certificada.<\/span> <span class=\"citation-237\">Al ser <\/span><b data-path-to-node=\"4\" data-index-in-node=\"186\"><span class=\"citation-237\">virgen<\/span><\/b><span class=\"citation-237 citation-end-237\">, no ha sido sometido a procesos de refinado, blanqueamiento ni desodorizaci\u00f3n, lo que le permite conservar su delicioso aroma y sabor original a coco fresco.<\/span><\/p>\r\n<h3 data-path-to-node=\"6\">\ud83c\udf3f Propiedades \u00danicas<\/h3>\r\n<p data-path-to-node=\"7\">Sol Natural Aceite de Coco Ecol\u00f3gico 580ml es famoso por su composici\u00f3n qu\u00edmica, rica en <b data-path-to-node=\"7\" data-index-in-node=\"58\">\u00e1cidos grasos de cadena media (MCT)<\/b>:<\/p>\r\n<ul data-path-to-node=\"8\">\r\n\t<li>\r\n<p data-path-to-node=\"8,0,0\"><b data-path-to-node=\"8,0,0\" data-index-in-node=\"0\">Energ\u00eda Inmediata:<\/b> Los MCT se metabolizan r\u00e1pidamente en el h\u00edgado, proporcionando una fuente de energ\u00eda instant\u00e1nea sin almacenarse como grasa tan f\u00e1cilmente como otras grasas.<\/p>\r\n<\/li>\r\n\t<li>\r\n<p data-path-to-node=\"8,1,0\"><b data-path-to-node=\"8,1,0\" data-index-in-node=\"0\">\u00c1cido L\u00e1urico:<\/b> Contiene altos niveles de \u00e1cido l\u00e1urico, conocido por sus propiedades antimicrobianas y antivirales.<\/p>\r\n<\/li>\r\n\t<li>\r\n<p data-path-to-node=\"8,2,0\"><b data-path-to-node=\"8,2,0\" data-index-in-node=\"0\">Resistencia T\u00e9rmica:<\/b> Es muy estable a altas temperaturas (punto de humo alto), lo que lo hace ideal para cocinar de forma segura.<\/p>\r\n<\/li>\r\n<\/ul>\r\n<blockquote data-path-to-node=\"9\">\r\n<p data-path-to-node=\"9,0\"><b data-path-to-node=\"9,0\" data-index-in-node=\"0\">Nota Importante:<\/b> El aceite de coco cambia de estado seg\u00fan la temperatura. Se vuelve <b data-path-to-node=\"9,0\" data-index-in-node=\"84\">s\u00f3lido<\/b> por debajo de los <b data-path-to-node=\"9,0\" data-index-in-node=\"109\">23-24\u00b0C<\/b> (color blanco) y <b data-path-to-node=\"9,0\" data-index-in-node=\"134\">l\u00edquido<\/b> por encima (transparente). Esto no afecta a su calidad.<\/p>\r\n<\/blockquote>\r\n<p data-path-to-node=\"9,0\"><span style=\"font-size: 1.5em; font-weight: bold;\">\ud83c\udf7d\ufe0f Usos Recomendados (Multifuncional)<\/span><\/p>\r\n<p data-path-to-node=\"12\">Sol Natural Aceite de Coco Ecol\u00f3gico 580ml es un producto muy polivalente:<\/p>\r\n<ul data-path-to-node=\"13\">\r\n\t<li>\r\n<p data-path-to-node=\"13,0,0\"><b data-path-to-node=\"13,0,0\" data-index-in-node=\"0\">En la Cocina:<\/b> Perfecto para reposter\u00eda vegana (sustituto de la mantequilla), woks asi\u00e1ticos, o para a\u00f1adir una cucharadita al caf\u00e9 (<i data-path-to-node=\"13,0,0\" data-index-in-node=\"132\">Bulletproof Coffee<\/i>).<\/p>\r\n<\/li>\r\n\t<li>\r\n<p data-path-to-node=\"13,1,0\"><b data-path-to-node=\"13,1,0\" data-index-in-node=\"0\">Cuidado del Cabello:<\/b> Una de las mejores mascarillas naturales para reparar el cabello seco o da\u00f1ado.<\/p>\r\n<\/li>\r\n\t<li>\r\n<p data-path-to-node=\"13,2,0\"><b data-path-to-node=\"13,2,0\" data-index-in-node=\"0\">Cuidado de la Piel:<\/b> Excelente hidratante corporal y un desmaquillante facial natural muy efectivo.<\/p>\r\n<\/li>\r\n\t<li>\r\n<p data-path-to-node=\"13,3,0\"><b data-path-to-node=\"13,3,0\" data-index-in-node=\"0\">Higiene Bucal:<\/b> Utilizado para el <i data-path-to-node=\"13,3,0\" data-index-in-node=\"33\">oil pulling<\/i> (enjuagues) para mejorar la salud de las enc\u00edas.<\/p>\r\n<\/li>\r\n<\/ul>\r\n<h3 data-path-to-node=\"15\">\ud83d\udc8e Caracter\u00edsticas del Producto<\/h3>\r\n<table data-path-to-node=\"16\">\r\n<thead>\r\n<tr>\r\n<td><strong>Atributo<\/strong><\/td>\r\n<td><strong>Detalle<\/strong><\/td>\r\n<\/tr>\r\n<\/thead>\r\n<tbody>\r\n<tr>\r\n<td><span data-path-to-node=\"16,1,0,0\"><b data-path-to-node=\"16,1,0,0\" data-index-in-node=\"0\">Marca<\/b><\/span><\/td>\r\n<td><span data-path-to-node=\"16,1,1,0\">Sol Natural<\/span><\/td>\r\n<\/tr>\r\n<tr>\r\n<td><span data-path-to-node=\"16,2,0,0\"><b data-path-to-node=\"16,2,0,0\" data-index-in-node=\"0\">Certificaci\u00f3n<\/b><\/span><\/td>\r\n<td><span data-path-to-node=\"16,2,1,0\">Ecol\u00f3gica (Eurohoja)<\/span><\/td>\r\n<\/tr>\r\n<tr>\r\n<td><span data-path-to-node=\"16,3,0,0\"><b data-path-to-node=\"16,3,0,0\" data-index-in-node=\"0\">Tipo<\/b><\/span><\/td>\r\n<td><span data-path-to-node=\"16,3,1,0\">Virgen (Presi\u00f3n en fr\u00edo)<\/span><\/td>\r\n<\/tr>\r\n<tr>\r\n<td><span data-path-to-node=\"16,4,0,0\"><b data-path-to-node=\"16,4,0,0\" data-index-in-node=\"0\">Formato<\/b><\/span><\/td>\r\n<td><span data-path-to-node=\"16,4,1,0\">Tarro de vidrio de 580ml<\/span><\/td>\r\n<\/tr>\r\n<tr>\r\n<td><span data-path-to-node=\"16,5,0,0\"><b data-path-to-node=\"16,5,0,0\" data-index-in-node=\"0\">EAN<\/b><\/span><\/td>\r\n<td><span data-path-to-node=\"16,5,1,0\">8429359001407<\/span><\/td>\r\n<\/tr>\r\n<\/tbody>\r\n<\/table>\r\n<h3 data-path-to-node=\"18\">\ud83c\udf0d Exportaci\u00f3n a toda Europa<\/h3>\r\n<p data-path-to-node=\"19\">El aceite de coco es un pilar en las tiendas de alimentaci\u00f3n saludable en toda la Uni\u00f3n Europea. <b data-path-to-node=\"19\" data-index-in-node=\"97\">Exportamos el Aceite de Coco Sol Natural a toda Europa<\/b>, asegurando que el envase de vidrio de 580ml viaje perfectamente protegido para llegar intacto a cualquier cocina o ba\u00f1o europeo.<\/p>\r\n<p>Sol Natural Aceite de Coco Ecol\u00f3gico 580ml<\/p>","protected":false},"excerpt":{"rendered":"<p>El aliado esencial para tu cocina y tu belleza: <b data-path-to-node=\"22,0\" data-index-in-node=\"49\">Exportamos Aceite de Coco BIO Sol Natural a toda Europa<\/b>, llevando la pureza del tr\u00f3pico directamente a tu puerta.<\/p>\n<p>Sol Natural Aceite de Coco Ecol\u00f3gico 580ml<\/p>\n","protected":false},"featured_media":29300,"comment_status":"open","ping_status":"closed","template":"","meta":{"site-sidebar-layout":"default","site-content-layout":"","ast-site-content-layout":"default","site-content-style":"default","site-sidebar-style":"default","ast-global-header-display":"","ast-banner-title-visibility":"","ast-main-header-display":"","ast-hfb-above-header-display":"","ast-hfb-below-header-display":"","ast-hfb-mobile-header-display":"","site-post-title":"","ast-breadcrumbs-content":"","ast-featured-img":"","footer-sml-layout":"","ast-disable-related-posts":"","theme-transparent-header-meta":"","adv-header-id-meta":"","stick-header-meta":"","header-above-stick-meta":"","header-main-stick-meta":"","header-below-stick-meta":"","astra-migrate-meta-layouts":"default","ast-page-background-enabled":"default","ast-page-background-meta":{"desktop":{"background-color":"var(--ast-global-color-4)","background-image":"","background-repeat":"repeat","background-position":"center center","background-size":"auto","background-attachment":"scroll","background-type":"","background-media":"","overlay-type":"","overlay-color":"","overlay-opacity":"","overlay-gradient":""},"tablet":{"background-color":"","background-image":"","background-repeat":"repeat","background-position":"center center","background-size":"auto","background-attachment":"scroll","background-type":"","background-media":"","overlay-type":"","overlay-color":"","overlay-opacity":"","overlay-gradient":""},"mobile":{"background-color":"","background-image":"","background-repeat":"repeat","background-position":"center center","background-size":"auto","background-attachment":"scroll","background-type":"","background-media":"","overlay-type":"","overlay-color":"","overlay-opacity":"","overlay-gradient":""}},"ast-content-background-meta":{"desktop":{"background-color":"var(--ast-global-color-5)","background-image":"","background-repeat":"repeat","background-position":"center center","background-size":"auto","background-attachment":"scroll","background-type":"","background-media":"","overlay-type":"","overlay-color":"","overlay-opacity":"","overlay-gradient":""},"tablet":{"background-color":"var(--ast-global-color-5)","background-image":"","background-repeat":"repeat","background-position":"center center","background-size":"auto","background-attachment":"scroll","background-type":"","background-media":"","overlay-type":"","overlay-color":"","overlay-opacity":"","overlay-gradient":""},"mobile":{"background-color":"var(--ast-global-color-5)","background-image":"","background-repeat":"repeat","background-position":"center center","background-size":"auto","background-attachment":"scroll","background-type":"","background-media":"","overlay-type":"","overlay-color":"","overlay-opacity":"","overlay-gradient":""}}},"product_brand":[1117],"product_cat":[1575],"product_tag":[],"class_list":{"0":"post-32081","1":"product","2":"type-product","3":"status-publish","4":"has-post-thumbnail","6":"product_brand-sol-natural","7":"product_cat-other-oils","8":"desktop-align-left","9":"tablet-align-left","10":"mobile-align-left","12":"first","13":"instock","14":"taxable","15":"shipping-taxable","16":"product-type-simple"},"_links":{"self":[{"href":"https:\/\/andalubox.com\/en\/wp-json\/wp\/v2\/product\/32081","targetHints":{"allow":["GET"]}}],"collection":[{"href":"https:\/\/andalubox.com\/en\/wp-json\/wp\/v2\/product"}],"about":[{"href":"https:\/\/andalubox.com\/en\/wp-json\/wp\/v2\/types\/product"}],"replies":[{"embeddable":true,"href":"https:\/\/andalubox.com\/en\/wp-json\/wp\/v2\/comments?post=32081"}],"wp:featuredmedia":[{"embeddable":true,"href":"https:\/\/andalubox.com\/en\/wp-json\/wp\/v2\/media\/29300"}],"wp:attachment":[{"href":"https:\/\/andalubox.com\/en\/wp-json\/wp\/v2\/media?parent=32081"}],"wp:term":[{"taxonomy":"product_brand","embeddable":true,"href":"https:\/\/andalubox.com\/en\/wp-json\/wp\/v2\/product_brand?post=32081"},{"taxonomy":"product_cat","embeddable":true,"href":"https:\/\/andalubox.com\/en\/wp-json\/wp\/v2\/product_cat?post=32081"},{"taxonomy":"product_tag","embeddable":true,"href":"https:\/\/andalubox.com\/en\/wp-json\/wp\/v2\/product_tag?post=32081"}],"curies":[{"name":"wp","href":"https:\/\/api.w.org\/{rel}","templated":true}]}}