{"id":32025,"date":"2026-02-02T11:26:37","date_gmt":"2026-02-02T10:26:37","guid":{"rendered":"https:\/\/andalubox.com\/producto-andaluz\/1881-fresco-cosecha-temprana-de-osuna-500-ml\/"},"modified":"2026-04-11T20:32:55","modified_gmt":"2026-04-11T18:32:55","slug":"1881-fresco-cosecha-temprana-de-osuna-500-ml","status":"publish","type":"product","link":"https:\/\/andalubox.com\/en\/producto-andaluz\/1881-fresco-cosecha-temprana-de-osuna-500-ml\/","title":{"rendered":"1881 FRESCO COSECHA TEMPRANA DE OSUNA 500 ML"},"content":{"rendered":"<p>1881 FRESCO COSECHA TEMPRANA DE OSUNA 500 ML.<\/p>\r\n<p>El Aceite de Oliva Virgen Extra (AOVE) 1881 Cosecha Temprana de Osuna (Sevilla) es un aceite de gama alta elaborado con aceitunas recolectadas en el momento \u00f3ptimo de verdor para preservar sus m\u00e1ximas propiedades organol\u00e9pticas.<\/p>\r\n<p>Se caracteriza por su frescura, aroma intenso y un perfil de sabor frutado y herb\u00e1ceo t\u00edpico de la regi\u00f3n de la Sierra Sur de Sevilla. <br \/>\r\nCaracter\u00edsticas del Producto:<\/p>\r\n<ul>\r\n\t<li>Este aceite se presenta habitualmente en formato de 500 ml, dise\u00f1ado tanto para el consumo diario de calidad como para regalo.<\/li>\r\n\t<li>Origen: Elaborado en Osuna, Sevilla, por la marca Aceite 1881.<\/li>\r\n\t<li>Cosecha Temprana: Se obtiene de aceitunas recolectadas entre finales de octubre y mediados de noviembre, antes de su madurez completa, lo que resulta en un contenido m\u00e1s alto de antioxidantes naturales.<\/li>\r\n<\/ul>\r\n<p>Tal es su calidad y reconocimiento que hoy <b data-path-to-node=\"6\" data-index-in-node=\"43\">exportamos este tesoro de Osuna a los rincones m\u00e1s exigentes de Europa<\/b>, llevando la esencia m\u00e1s pura del olivar andaluz directamente desde la almazara a las mesas internacionales m\u00e1s selectas.<\/p>","protected":false},"excerpt":{"rendered":"<p>1881 FRESCO COSECHA TEMPRANA DE OSUNA 500 ML. Exportaci\u00f3n a <strong>TODA EUROPA<\/strong>.<\/p>\n","protected":false},"featured_media":30846,"comment_status":"open","ping_status":"closed","template":"","meta":{"site-sidebar-layout":"default","site-content-layout":"","ast-site-content-layout":"default","site-content-style":"default","site-sidebar-style":"default","ast-global-header-display":"","ast-banner-title-visibility":"","ast-main-header-display":"","ast-hfb-above-header-display":"","ast-hfb-below-header-display":"","ast-hfb-mobile-header-display":"","site-post-title":"","ast-breadcrumbs-content":"","ast-featured-img":"","footer-sml-layout":"","ast-disable-related-posts":"","theme-transparent-header-meta":"default","adv-header-id-meta":"","stick-header-meta":"","header-above-stick-meta":"","header-main-stick-meta":"","header-below-stick-meta":"","astra-migrate-meta-layouts":"set","ast-page-background-enabled":"default","ast-page-background-meta":{"desktop":{"background-color":"var(--ast-global-color-4)","background-image":"","background-repeat":"repeat","background-position":"center center","background-size":"auto","background-attachment":"scroll","background-type":"","background-media":"","overlay-type":"","overlay-color":"","overlay-opacity":"","overlay-gradient":""},"tablet":{"background-color":"","background-image":"","background-repeat":"repeat","background-position":"center center","background-size":"auto","background-attachment":"scroll","background-type":"","background-media":"","overlay-type":"","overlay-color":"","overlay-opacity":"","overlay-gradient":""},"mobile":{"background-color":"","background-image":"","background-repeat":"repeat","background-position":"center center","background-size":"auto","background-attachment":"scroll","background-type":"","background-media":"","overlay-type":"","overlay-color":"","overlay-opacity":"","overlay-gradient":""}},"ast-content-background-meta":{"desktop":{"background-color":"var(--ast-global-color-5)","background-image":"","background-repeat":"repeat","background-position":"center center","background-size":"auto","background-attachment":"scroll","background-type":"","background-media":"","overlay-type":"","overlay-color":"","overlay-opacity":"","overlay-gradient":""},"tablet":{"background-color":"var(--ast-global-color-5)","background-image":"","background-repeat":"repeat","background-position":"center center","background-size":"auto","background-attachment":"scroll","background-type":"","background-media":"","overlay-type":"","overlay-color":"","overlay-opacity":"","overlay-gradient":""},"mobile":{"background-color":"var(--ast-global-color-5)","background-image":"","background-repeat":"repeat","background-position":"center center","background-size":"auto","background-attachment":"scroll","background-type":"","background-media":"","overlay-type":"","overlay-color":"","overlay-opacity":"","overlay-gradient":""}}},"product_brand":[],"product_cat":[296],"product_tag":[],"class_list":{"0":"post-32025","1":"product","2":"type-product","3":"status-publish","4":"has-post-thumbnail","6":"product_cat-andalusia-oil","7":"desktop-align-left","8":"tablet-align-left","9":"mobile-align-left","11":"first","12":"instock","13":"taxable","14":"shipping-taxable","15":"purchasable","16":"product-type-simple"},"_links":{"self":[{"href":"https:\/\/andalubox.com\/en\/wp-json\/wp\/v2\/product\/32025","targetHints":{"allow":["GET"]}}],"collection":[{"href":"https:\/\/andalubox.com\/en\/wp-json\/wp\/v2\/product"}],"about":[{"href":"https:\/\/andalubox.com\/en\/wp-json\/wp\/v2\/types\/product"}],"replies":[{"embeddable":true,"href":"https:\/\/andalubox.com\/en\/wp-json\/wp\/v2\/comments?post=32025"}],"wp:featuredmedia":[{"embeddable":true,"href":"https:\/\/andalubox.com\/en\/wp-json\/wp\/v2\/media\/30846"}],"wp:attachment":[{"href":"https:\/\/andalubox.com\/en\/wp-json\/wp\/v2\/media?parent=32025"}],"wp:term":[{"taxonomy":"product_brand","embeddable":true,"href":"https:\/\/andalubox.com\/en\/wp-json\/wp\/v2\/product_brand?post=32025"},{"taxonomy":"product_cat","embeddable":true,"href":"https:\/\/andalubox.com\/en\/wp-json\/wp\/v2\/product_cat?post=32025"},{"taxonomy":"product_tag","embeddable":true,"href":"https:\/\/andalubox.com\/en\/wp-json\/wp\/v2\/product_tag?post=32025"}],"curies":[{"name":"wp","href":"https:\/\/api.w.org\/{rel}","templated":true}]}}