{"id":25489,"date":"2025-08-27T13:45:08","date_gmt":"2025-08-27T11:45:08","guid":{"rendered":"https:\/\/andalubox.com\/producto-andaluz\/duo-vites-white-wine-from-cadiz-75-cl\/"},"modified":"2026-01-26T19:23:48","modified_gmt":"2026-01-26T18:23:48","slug":"duo-vites-white-wine-from-cadiz-75-cl","status":"publish","type":"product","link":"https:\/\/andalubox.com\/en\/producto-andaluz\/duo-vites-white-wine-from-cadiz-75-cl\/","title":{"rendered":"Duo Vites White Wine from C\u00e1diz 75 CL"},"content":{"rendered":"<p>Duo Vites White Wine from C\u00e1diz 75 CL<\/p>\n<p>Bodega Regant\u00edo Viejo, located in Arcos de la Frontera, C\u00e1diz, is a family winery founded in 1979 by Marcel Fern\u00e1ndez. Located at the foot of the Sierra de Grazalema, near the Bornos reservoir, it covers 12 hectares of vineyards with Syrah, Merlot, Tempranillo and small plots of white varieties such as Moscatel, Riesling and Palomino. The winery prioritizes sustainable viticulture, using cover crops, preserving the native flora and avoiding the use of pesticides to produce high quality limited edition wines that reflect the Cadiz terroir.  <\/p>\n<p>Among its star wines are:<\/p>\n<ul>\n\t<li>Relicta: 100% Syrah, minimal intervention, aged in French oak barrels, expressing the character of the vineyard.<\/li>\n\t<li>Duo Vites: 85 % Syrah, 15 % Merlot.<\/li>\n\t<li>Ignotus: A white blend of Palomino, Riesling and Moscatel, aged for six months in French oak barrels, with artisanal fermentation.<\/li>\n\t<li>Fine Tempo: A premium organic wine of limited production (1500 bottles).<\/li>\n<\/ul>\n<p>The winery, run by the Naranjo family since 2018, prioritizes quality over quantity, with hand and night harvests and on-site production. They also make olive oil (Hojiblanca, Arbequina, Koroneiki) and offer wine tourism experiences, including tastings and a restaurant serving traditional Andalusian cuisine. <\/p>","protected":false},"excerpt":{"rendered":"<p>Duo Vites White Wine from Cadiz 75 CL, shipments to all Europe.<\/p>\n","protected":false},"featured_media":31211,"comment_status":"open","ping_status":"closed","template":"","meta":{"site-sidebar-layout":"default","site-content-layout":"","ast-site-content-layout":"default","site-content-style":"default","site-sidebar-style":"default","ast-global-header-display":"","ast-banner-title-visibility":"","ast-main-header-display":"","ast-hfb-above-header-display":"","ast-hfb-below-header-display":"","ast-hfb-mobile-header-display":"","site-post-title":"","ast-breadcrumbs-content":"","ast-featured-img":"","footer-sml-layout":"","ast-disable-related-posts":"","theme-transparent-header-meta":"default","adv-header-id-meta":"","stick-header-meta":"","header-above-stick-meta":"","header-main-stick-meta":"","header-below-stick-meta":"","astra-migrate-meta-layouts":"default","ast-page-background-enabled":"default","ast-page-background-meta":{"desktop":{"background-color":"var(--ast-global-color-4)","background-image":"","background-repeat":"repeat","background-position":"center center","background-size":"auto","background-attachment":"scroll","background-type":"","background-media":"","overlay-type":"","overlay-color":"","overlay-opacity":"","overlay-gradient":""},"tablet":{"background-color":"","background-image":"","background-repeat":"repeat","background-position":"center center","background-size":"auto","background-attachment":"scroll","background-type":"","background-media":"","overlay-type":"","overlay-color":"","overlay-opacity":"","overlay-gradient":""},"mobile":{"background-color":"","background-image":"","background-repeat":"repeat","background-position":"center center","background-size":"auto","background-attachment":"scroll","background-type":"","background-media":"","overlay-type":"","overlay-color":"","overlay-opacity":"","overlay-gradient":""}},"ast-content-background-meta":{"desktop":{"background-color":"var(--ast-global-color-5)","background-image":"","background-repeat":"repeat","background-position":"center center","background-size":"auto","background-attachment":"scroll","background-type":"","background-media":"","overlay-type":"","overlay-color":"","overlay-opacity":"","overlay-gradient":""},"tablet":{"background-color":"var(--ast-global-color-5)","background-image":"","background-repeat":"repeat","background-position":"center center","background-size":"auto","background-attachment":"scroll","background-type":"","background-media":"","overlay-type":"","overlay-color":"","overlay-opacity":"","overlay-gradient":""},"mobile":{"background-color":"var(--ast-global-color-5)","background-image":"","background-repeat":"repeat","background-position":"center center","background-size":"auto","background-attachment":"scroll","background-type":"","background-media":"","overlay-type":"","overlay-color":"","overlay-opacity":"","overlay-gradient":""}}},"product_brand":[1243],"product_cat":[272],"product_tag":[],"class_list":{"0":"post-25489","1":"product","2":"type-product","3":"status-publish","4":"has-post-thumbnail","6":"product_brand-duo-vites","7":"product_cat-white-wine","8":"desktop-align-left","9":"tablet-align-left","10":"mobile-align-left","12":"first","13":"instock","14":"taxable","15":"shipping-taxable","16":"purchasable","17":"product-type-simple"},"_links":{"self":[{"href":"https:\/\/andalubox.com\/en\/wp-json\/wp\/v2\/product\/25489","targetHints":{"allow":["GET"]}}],"collection":[{"href":"https:\/\/andalubox.com\/en\/wp-json\/wp\/v2\/product"}],"about":[{"href":"https:\/\/andalubox.com\/en\/wp-json\/wp\/v2\/types\/product"}],"replies":[{"embeddable":true,"href":"https:\/\/andalubox.com\/en\/wp-json\/wp\/v2\/comments?post=25489"}],"wp:featuredmedia":[{"embeddable":true,"href":"https:\/\/andalubox.com\/en\/wp-json\/wp\/v2\/media\/31211"}],"wp:attachment":[{"href":"https:\/\/andalubox.com\/en\/wp-json\/wp\/v2\/media?parent=25489"}],"wp:term":[{"taxonomy":"product_brand","embeddable":true,"href":"https:\/\/andalubox.com\/en\/wp-json\/wp\/v2\/product_brand?post=25489"},{"taxonomy":"product_cat","embeddable":true,"href":"https:\/\/andalubox.com\/en\/wp-json\/wp\/v2\/product_cat?post=25489"},{"taxonomy":"product_tag","embeddable":true,"href":"https:\/\/andalubox.com\/en\/wp-json\/wp\/v2\/product_tag?post=25489"}],"curies":[{"name":"wp","href":"https:\/\/api.w.org\/{rel}","templated":true}]}}