{"id":25161,"date":"2025-08-19T11:30:14","date_gmt":"2025-08-19T09:30:14","guid":{"rendered":"https:\/\/andalubox.com\/producto-andaluz\/jaros-ribera-del-duero-crianza-75-cl\/"},"modified":"2026-01-26T19:34:51","modified_gmt":"2026-01-26T18:34:51","slug":"jaros-ribera-del-duero-crianza-75-cl","status":"publish","type":"product","link":"https:\/\/andalubox.com\/en\/producto-andaluz\/jaros-ribera-del-duero-crianza-75-cl\/","title":{"rendered":"Jaros Ribera del Duero Crianza 75cl"},"content":{"rendered":"<p>Jaros Ribera del Duero Crianza 75cl<\/p>\n<p>Jaros Crianza is a red wine from DO Ribera del Duero, made by Vi\u00f1as del Jaro, a small ch\u00e2teau-style winery in Pesquera de Duero, Valladolid, Spain. Founded in 1997, it is part of Compa\u00f1\u00eda de Vi\u00f1edos Ib\u00e9ricos and sources grapes from Finca El Qui\u00f1\u00f3n, a 65-hectare vineyard divided into 28 sectors.   <span style=\"font-size: 16px;\">The name &#8220;Jaros&#8221; comes from a centennial oak grove near the winery.<\/span><\/p>\n<p>Grape varieties: Mainly Tinto Fino (Tempranillo, 90-100%), with some vintages including small amounts of Cabernet Sauvignon (2%) and Merlot (~8%) for added complexity.<\/p>\n<p>Production details:<\/p>\n<ul>\n\t<li>Vineyard: The grapes come from vines about 25 years old, grown at an altitude of 750 meters above sea level in sandy and limestone soils near Pesquera de Duero.<\/li>\n\t<li>Vinification: Fermentation in stainless steel tanks for 12 to 25 days at 26 \u00b0C, with skin maceration for 1 to 25 days, depending on the vintage.<\/li>\n\t<li>Aging: Aged for 15 to 18 months in new and one-year-old 300-liter French and American oak barrels, followed by aging in bottle before release.<\/li>\n\t<li>Alcoholic strength: 14.5% vol.<\/li>\n<\/ul>\n<p>Tasting notes:<\/p>\n<ul>\n\t<li>Appearance: Intense cherry red with garnet reflections.<\/li>\n\t<li>Nose: Aromas of ripe cherries, plums and berries, with balsamic, menthol and spicy notes, as well as hints of chocolate and fine wood.<\/li>\n\t<li>Strong words: Ample, balanced and structured, with ripe cherry and chocolate flavors and a mineral finish. Concentrated, with well-integrated tannins and a lingering, fruity aftertaste. <\/li>\n\t<li>Aging potential: It can develop favorably for up to 25 years.<\/li>\n<\/ul>","protected":false},"excerpt":{"rendered":"<p>Jaros Ribera del Duero Crianza 75 CL. Export to ALL EUROPE. <\/p>\n","protected":false},"featured_media":31306,"comment_status":"open","ping_status":"closed","template":"","meta":{"site-sidebar-layout":"default","site-content-layout":"","ast-site-content-layout":"default","site-content-style":"default","site-sidebar-style":"default","ast-global-header-display":"","ast-banner-title-visibility":"","ast-main-header-display":"","ast-hfb-above-header-display":"","ast-hfb-below-header-display":"","ast-hfb-mobile-header-display":"","site-post-title":"","ast-breadcrumbs-content":"","ast-featured-img":"","footer-sml-layout":"","ast-disable-related-posts":"","theme-transparent-header-meta":"default","adv-header-id-meta":"","stick-header-meta":"","header-above-stick-meta":"","header-main-stick-meta":"","header-below-stick-meta":"","astra-migrate-meta-layouts":"default","ast-page-background-enabled":"default","ast-page-background-meta":{"desktop":{"background-color":"var(--ast-global-color-4)","background-image":"","background-repeat":"repeat","background-position":"center center","background-size":"auto","background-attachment":"scroll","background-type":"","background-media":"","overlay-type":"","overlay-color":"","overlay-opacity":"","overlay-gradient":""},"tablet":{"background-color":"","background-image":"","background-repeat":"repeat","background-position":"center center","background-size":"auto","background-attachment":"scroll","background-type":"","background-media":"","overlay-type":"","overlay-color":"","overlay-opacity":"","overlay-gradient":""},"mobile":{"background-color":"","background-image":"","background-repeat":"repeat","background-position":"center center","background-size":"auto","background-attachment":"scroll","background-type":"","background-media":"","overlay-type":"","overlay-color":"","overlay-opacity":"","overlay-gradient":""}},"ast-content-background-meta":{"desktop":{"background-color":"var(--ast-global-color-5)","background-image":"","background-repeat":"repeat","background-position":"center center","background-size":"auto","background-attachment":"scroll","background-type":"","background-media":"","overlay-type":"","overlay-color":"","overlay-opacity":"","overlay-gradient":""},"tablet":{"background-color":"var(--ast-global-color-5)","background-image":"","background-repeat":"repeat","background-position":"center center","background-size":"auto","background-attachment":"scroll","background-type":"","background-media":"","overlay-type":"","overlay-color":"","overlay-opacity":"","overlay-gradient":""},"mobile":{"background-color":"var(--ast-global-color-5)","background-image":"","background-repeat":"repeat","background-position":"center center","background-size":"auto","background-attachment":"scroll","background-type":"","background-media":"","overlay-type":"","overlay-color":"","overlay-opacity":"","overlay-gradient":""}}},"product_brand":[1258],"product_cat":[274],"product_tag":[],"class_list":{"0":"post-25161","1":"product","2":"type-product","3":"status-publish","4":"has-post-thumbnail","6":"product_brand-vinas-del-jaro","7":"product_cat-red-wine","8":"desktop-align-left","9":"tablet-align-left","10":"mobile-align-left","12":"first","13":"instock","14":"taxable","15":"shipping-taxable","16":"purchasable","17":"product-type-simple"},"_links":{"self":[{"href":"https:\/\/andalubox.com\/en\/wp-json\/wp\/v2\/product\/25161","targetHints":{"allow":["GET"]}}],"collection":[{"href":"https:\/\/andalubox.com\/en\/wp-json\/wp\/v2\/product"}],"about":[{"href":"https:\/\/andalubox.com\/en\/wp-json\/wp\/v2\/types\/product"}],"replies":[{"embeddable":true,"href":"https:\/\/andalubox.com\/en\/wp-json\/wp\/v2\/comments?post=25161"}],"wp:featuredmedia":[{"embeddable":true,"href":"https:\/\/andalubox.com\/en\/wp-json\/wp\/v2\/media\/31306"}],"wp:attachment":[{"href":"https:\/\/andalubox.com\/en\/wp-json\/wp\/v2\/media?parent=25161"}],"wp:term":[{"taxonomy":"product_brand","embeddable":true,"href":"https:\/\/andalubox.com\/en\/wp-json\/wp\/v2\/product_brand?post=25161"},{"taxonomy":"product_cat","embeddable":true,"href":"https:\/\/andalubox.com\/en\/wp-json\/wp\/v2\/product_cat?post=25161"},{"taxonomy":"product_tag","embeddable":true,"href":"https:\/\/andalubox.com\/en\/wp-json\/wp\/v2\/product_tag?post=25161"}],"curies":[{"name":"wp","href":"https:\/\/api.w.org\/{rel}","templated":true}]}}