{"id":24376,"date":"2025-08-03T22:38:42","date_gmt":"2025-08-03T20:38:42","guid":{"rendered":"https:\/\/andalubox.com\/producto-andaluz\/jesus-yllera-crianza-ribera-del-duero-75-cl\/"},"modified":"2026-01-26T20:04:44","modified_gmt":"2026-01-26T19:04:44","slug":"jesus-yllera-crianza-ribera-del-duero-75-cl","status":"publish","type":"product","link":"https:\/\/andalubox.com\/en\/producto-andaluz\/jesus-yllera-crianza-ribera-del-duero-75-cl\/","title":{"rendered":"Jes\u00fas Yllera Crianza Ribera del Duero 75 CL"},"content":{"rendered":"<p>Jes\u00fas Yllera Crianza Ribera del Duero 75 CL is a red wine from Bodegas Yllera in D.O. Ribera del Duero, Spain, created as a tribute to one of the founders of the winery, Don Jes\u00fas Yllera, known for his vibrant and passionate personality. This aged wine is a blend of mainly Tempranillo (87-89%), Cabernet Sauvignon (11-12%) and occasionally a touch of Merlot (1%), sourced from 45-50 year old vines grown at 700-1000 meters altitude in Valladolid and Burgos. <\/p>\n<p>The vineyards, trained in traditional bush vines, are planted in clay and sandy soils, balancing drainage and water retention to obtain concentrated and balanced grapes. The wine undergoes a manual harvest with double selection (in the vineyard and in the winery) to guarantee quality. <\/p>\n<p>The grapes are processed whole without destemming to enhance fruit aromas, with gravity tank filling, daily pumping over for color extraction and fermentation at 28 \u00b0C in stainless steel. It ages for 12 months in French and American oak barrels (50% new, 50% second use in some vintages) and rests in bottle before release. The result is an intense cherry red wine with aromas of ripe black fruits (plum, blackberry, blueberry), vanilla, cocoa, licorice and mineral notes (flint, graphite).  <\/p>\n<ul>\n\t<li>The palate is powerful but elegant, with ripe, velvety tannins, balanced acidity and a long, fresh finish.<\/li>\n\t<li>It pairs well with red and white meats, small game, roasts, stews, legumes and cured or creamy cheeses. Notable vintages such as 2016 and 2018 have received high praise, earning 93 points from Robert Parker, Tim Atkin and Gu\u00eda Pe\u00f1\u00edn, among others, and awards such as Gold at the Berliner Wine Trophy. Production is limited, with around 145,000 bottles for the 2016 vintage. It is described as a modern and complex Ribera del Duero, reflecting both the character of the region and the legacy of its namesake.   <\/li>\n<\/ul>","protected":false},"excerpt":{"rendered":"<p>Jes\u00fas Yllera Crianza Ribera del Duero 75 CL shipments to all EUROPE.<\/p>\n","protected":false},"featured_media":24371,"comment_status":"open","ping_status":"closed","template":"","meta":{"site-sidebar-layout":"default","site-content-layout":"","ast-site-content-layout":"default","site-content-style":"default","site-sidebar-style":"default","ast-global-header-display":"","ast-banner-title-visibility":"","ast-main-header-display":"","ast-hfb-above-header-display":"","ast-hfb-below-header-display":"","ast-hfb-mobile-header-display":"","site-post-title":"","ast-breadcrumbs-content":"","ast-featured-img":"","footer-sml-layout":"","ast-disable-related-posts":"","theme-transparent-header-meta":"default","adv-header-id-meta":"","stick-header-meta":"","header-above-stick-meta":"","header-main-stick-meta":"","header-below-stick-meta":"","astra-migrate-meta-layouts":"default","ast-page-background-enabled":"default","ast-page-background-meta":{"desktop":{"background-color":"var(--ast-global-color-4)","background-image":"","background-repeat":"repeat","background-position":"center center","background-size":"auto","background-attachment":"scroll","background-type":"","background-media":"","overlay-type":"","overlay-color":"","overlay-opacity":"","overlay-gradient":""},"tablet":{"background-color":"","background-image":"","background-repeat":"repeat","background-position":"center center","background-size":"auto","background-attachment":"scroll","background-type":"","background-media":"","overlay-type":"","overlay-color":"","overlay-opacity":"","overlay-gradient":""},"mobile":{"background-color":"","background-image":"","background-repeat":"repeat","background-position":"center center","background-size":"auto","background-attachment":"scroll","background-type":"","background-media":"","overlay-type":"","overlay-color":"","overlay-opacity":"","overlay-gradient":""}},"ast-content-background-meta":{"desktop":{"background-color":"var(--ast-global-color-5)","background-image":"","background-repeat":"repeat","background-position":"center center","background-size":"auto","background-attachment":"scroll","background-type":"","background-media":"","overlay-type":"","overlay-color":"","overlay-opacity":"","overlay-gradient":""},"tablet":{"background-color":"var(--ast-global-color-5)","background-image":"","background-repeat":"repeat","background-position":"center center","background-size":"auto","background-attachment":"scroll","background-type":"","background-media":"","overlay-type":"","overlay-color":"","overlay-opacity":"","overlay-gradient":""},"mobile":{"background-color":"var(--ast-global-color-5)","background-image":"","background-repeat":"repeat","background-position":"center center","background-size":"auto","background-attachment":"scroll","background-type":"","background-media":"","overlay-type":"","overlay-color":"","overlay-opacity":"","overlay-gradient":""}}},"product_brand":[1273],"product_cat":[274],"product_tag":[],"class_list":{"0":"post-24376","1":"product","2":"type-product","3":"status-publish","4":"has-post-thumbnail","6":"product_brand-yllera","7":"product_cat-red-wine","8":"desktop-align-left","9":"tablet-align-left","10":"mobile-align-left","12":"first","13":"instock","14":"taxable","15":"shipping-taxable","16":"purchasable","17":"product-type-simple"},"_links":{"self":[{"href":"https:\/\/andalubox.com\/en\/wp-json\/wp\/v2\/product\/24376","targetHints":{"allow":["GET"]}}],"collection":[{"href":"https:\/\/andalubox.com\/en\/wp-json\/wp\/v2\/product"}],"about":[{"href":"https:\/\/andalubox.com\/en\/wp-json\/wp\/v2\/types\/product"}],"replies":[{"embeddable":true,"href":"https:\/\/andalubox.com\/en\/wp-json\/wp\/v2\/comments?post=24376"}],"wp:featuredmedia":[{"embeddable":true,"href":"https:\/\/andalubox.com\/en\/wp-json\/wp\/v2\/media\/24371"}],"wp:attachment":[{"href":"https:\/\/andalubox.com\/en\/wp-json\/wp\/v2\/media?parent=24376"}],"wp:term":[{"taxonomy":"product_brand","embeddable":true,"href":"https:\/\/andalubox.com\/en\/wp-json\/wp\/v2\/product_brand?post=24376"},{"taxonomy":"product_cat","embeddable":true,"href":"https:\/\/andalubox.com\/en\/wp-json\/wp\/v2\/product_cat?post=24376"},{"taxonomy":"product_tag","embeddable":true,"href":"https:\/\/andalubox.com\/en\/wp-json\/wp\/v2\/product_tag?post=24376"}],"curies":[{"name":"wp","href":"https:\/\/api.w.org\/{rel}","templated":true}]}}