{"id":24357,"date":"2025-08-03T21:54:41","date_gmt":"2025-08-03T19:54:41","guid":{"rendered":"https:\/\/andalubox.com\/producto-andaluz\/condado-de-haza-crianza-ribera-del-duero-75-cl\/"},"modified":"2026-01-26T20:02:08","modified_gmt":"2026-01-26T19:02:08","slug":"condado-de-haza-crianza-ribera-del-duero-75-cl","status":"publish","type":"product","link":"https:\/\/andalubox.com\/en\/producto-andaluz\/condado-de-haza-crianza-ribera-del-duero-75-cl\/","title":{"rendered":"Condado de Haza Crianza Ribera del Duero 75 CL"},"content":{"rendered":"<p>Condado de Haza Crianza Ribera del Duero 75 CL, a red wine from the D.O. Ribera del Duero, produced by the Condado de Haza winery, belonging to the Familia Fern\u00e1ndez Rivera group, founded by Alejandro Fern\u00e1ndez. It is a 100% Tempranillo wine (Tinto Fino), made in a ch\u00e2teau style estate next to the Duero River. Appearance: Clean and bright, with a dark cherry or ruby red color and violet or purple hues, depending on the vintage.  <\/p>\n<ul>\n\t<li>Aroma: Intense and fruity, with ripe red and black fruits (blackberries, blackcurrants, raspberries), floral notes (violets) and hints of licorice typical of Tempranillo. The barrel aging contributes notes of roasted coffee, vanilla, smoked and sweet spices (cinnamon, pepper). <\/li>\n\t<li>Palate: Silky and fleshy entry, with well-integrated acidity and round, soft tannins. Black fruit flavors predominate, with smoky, toasty and vanilla notes from the American oak. It is powerful yet elegant, with a medium to long, lingering finish.  <\/li>\n\t<li>Aging: It is normally aged for 12 to 18 months in American oak barrels (fine grain, light-medium toast) and at least 6 months in the bottle. The unique cellar, dug 30 meters into the hillside, maintains optimum temperature and humidity. <\/li>\n\t<li>Winemaking: Made from Tempranillo grapes grown in 200 hectares of vineyards in Roa and La Horra (Burgos), at 750-850 meters altitude on sandy loam and clay soils. The climate is characterized by harsh winters and hot, dry summers, which guarantees optimum grape ripening. The grapes are harvested by hand, with vinification by gravity, without filtration or clarification for a natural wine. Certified organic and sustainable under the Sustainable Wineries for Climate Protection seal.   <\/li>\n\t<li>Percentage of alcohol: 14.5%.<\/li>\n<\/ul>","protected":false},"excerpt":{"rendered":"<p>Condado de Haza Crianza Ribera del Duero 75 CL, now exported to Europe.<\/p>\n","protected":false},"featured_media":24343,"comment_status":"open","ping_status":"closed","template":"","meta":{"site-sidebar-layout":"default","site-content-layout":"","ast-site-content-layout":"default","site-content-style":"default","site-sidebar-style":"default","ast-global-header-display":"","ast-banner-title-visibility":"","ast-main-header-display":"","ast-hfb-above-header-display":"","ast-hfb-below-header-display":"","ast-hfb-mobile-header-display":"","site-post-title":"","ast-breadcrumbs-content":"","ast-featured-img":"","footer-sml-layout":"","ast-disable-related-posts":"","theme-transparent-header-meta":"default","adv-header-id-meta":"","stick-header-meta":"","header-above-stick-meta":"","header-main-stick-meta":"","header-below-stick-meta":"","astra-migrate-meta-layouts":"default","ast-page-background-enabled":"default","ast-page-background-meta":{"desktop":{"background-color":"var(--ast-global-color-4)","background-image":"","background-repeat":"repeat","background-position":"center center","background-size":"auto","background-attachment":"scroll","background-type":"","background-media":"","overlay-type":"","overlay-color":"","overlay-opacity":"","overlay-gradient":""},"tablet":{"background-color":"","background-image":"","background-repeat":"repeat","background-position":"center center","background-size":"auto","background-attachment":"scroll","background-type":"","background-media":"","overlay-type":"","overlay-color":"","overlay-opacity":"","overlay-gradient":""},"mobile":{"background-color":"","background-image":"","background-repeat":"repeat","background-position":"center center","background-size":"auto","background-attachment":"scroll","background-type":"","background-media":"","overlay-type":"","overlay-color":"","overlay-opacity":"","overlay-gradient":""}},"ast-content-background-meta":{"desktop":{"background-color":"var(--ast-global-color-5)","background-image":"","background-repeat":"repeat","background-position":"center center","background-size":"auto","background-attachment":"scroll","background-type":"","background-media":"","overlay-type":"","overlay-color":"","overlay-opacity":"","overlay-gradient":""},"tablet":{"background-color":"var(--ast-global-color-5)","background-image":"","background-repeat":"repeat","background-position":"center center","background-size":"auto","background-attachment":"scroll","background-type":"","background-media":"","overlay-type":"","overlay-color":"","overlay-opacity":"","overlay-gradient":""},"mobile":{"background-color":"var(--ast-global-color-5)","background-image":"","background-repeat":"repeat","background-position":"center center","background-size":"auto","background-attachment":"scroll","background-type":"","background-media":"","overlay-type":"","overlay-color":"","overlay-opacity":"","overlay-gradient":""}}},"product_brand":[1270],"product_cat":[417,274],"product_tag":[],"class_list":{"0":"post-24357","1":"product","2":"type-product","3":"status-publish","4":"has-post-thumbnail","6":"product_brand-condado-de-haza","7":"product_cat-andalubox-exclusives","8":"product_cat-red-wine","9":"desktop-align-left","10":"tablet-align-left","11":"mobile-align-left","13":"first","14":"instock","15":"taxable","16":"shipping-taxable","17":"purchasable","18":"product-type-simple"},"_links":{"self":[{"href":"https:\/\/andalubox.com\/en\/wp-json\/wp\/v2\/product\/24357","targetHints":{"allow":["GET"]}}],"collection":[{"href":"https:\/\/andalubox.com\/en\/wp-json\/wp\/v2\/product"}],"about":[{"href":"https:\/\/andalubox.com\/en\/wp-json\/wp\/v2\/types\/product"}],"replies":[{"embeddable":true,"href":"https:\/\/andalubox.com\/en\/wp-json\/wp\/v2\/comments?post=24357"}],"wp:featuredmedia":[{"embeddable":true,"href":"https:\/\/andalubox.com\/en\/wp-json\/wp\/v2\/media\/24343"}],"wp:attachment":[{"href":"https:\/\/andalubox.com\/en\/wp-json\/wp\/v2\/media?parent=24357"}],"wp:term":[{"taxonomy":"product_brand","embeddable":true,"href":"https:\/\/andalubox.com\/en\/wp-json\/wp\/v2\/product_brand?post=24357"},{"taxonomy":"product_cat","embeddable":true,"href":"https:\/\/andalubox.com\/en\/wp-json\/wp\/v2\/product_cat?post=24357"},{"taxonomy":"product_tag","embeddable":true,"href":"https:\/\/andalubox.com\/en\/wp-json\/wp\/v2\/product_tag?post=24357"}],"curies":[{"name":"wp","href":"https:\/\/api.w.org\/{rel}","templated":true}]}}