{"id":23977,"date":"2025-07-18T11:26:06","date_gmt":"2025-07-18T09:26:06","guid":{"rendered":"https:\/\/andalubox.com\/producto-andaluz\/oloroso-la-cigarrera-75cl\/"},"modified":"2025-09-18T11:30:44","modified_gmt":"2025-09-18T09:30:44","slug":"oloroso-la-cigarrera-75cl","status":"publish","type":"product","link":"https:\/\/andalubox.com\/en\/producto-andaluz\/oloroso-la-cigarrera-75cl\/","title":{"rendered":"La Cigarrera Oloroso D.O. Sanl\u00facar de Barrameda 75cl"},"content":{"rendered":"<p>La Cigarrera Oloroso D.O. Sanl\u00facar de Barrameda 75cl<br>It comes from fully fermented musts of Palomino grapes, which due to its special structure, is subjected to oxidative aging (total absence of flor veil and direct action of oxygen) from the beginning, through the addition of alcohol up to 18\u00ba.<\/p>\n<p>PRODUCT INFORMATION SHEET<br>Product: La Cigarrera Oloroso Palomino Fino Manzanilla-Sanl\u00facar de Barrameda 75 cl<br>Variety: Palomino Fino<br>Country of origin: Spain<br>Region of origin: Andaluc\u00eda<br>Geographical Indication: D.O. Manzanilla-Sanl\u00facar de Barrameda<br>Bottle Format: 75 cl<br>Alcohol content: 18% Vol<br>Visual tasting notes: Mahogany color, Amber reflections<br>Olfactory tasting notes: Intense, Dried fruits, Plums, Dates, Nuts<br>Tasting notes: Silky, Structured, Corpulent, Tasty, Glyceric, Sweet, Full<br>Recommended food pairing: Red meats, Stews, Cured cheeses, Venison, Meat stews, Mushrooms<br>Serving temperature: 13\u00baC &#8211; 15\u00baC<br>Typology: Fortified wine.<br>D.O.: Manzanilla-Sanl\u00facar de Barrameda.<\/p>","protected":false},"excerpt":{"rendered":"<p>La Cigarrera Oloroso D.O. Sanl\u00facar de Barrameda 75cl for sale all over Europe.<br \/>18,65\u20ac\/litro<\/p>\n","protected":false},"featured_media":30994,"comment_status":"open","ping_status":"closed","template":"","meta":{"site-sidebar-layout":"default","site-content-layout":"","ast-site-content-layout":"default","site-content-style":"default","site-sidebar-style":"default","ast-global-header-display":"","ast-banner-title-visibility":"","ast-main-header-display":"","ast-hfb-above-header-display":"","ast-hfb-below-header-display":"","ast-hfb-mobile-header-display":"","site-post-title":"","ast-breadcrumbs-content":"","ast-featured-img":"","footer-sml-layout":"","ast-disable-related-posts":"","theme-transparent-header-meta":"default","adv-header-id-meta":"","stick-header-meta":"","header-above-stick-meta":"","header-main-stick-meta":"","header-below-stick-meta":"","astra-migrate-meta-layouts":"default","ast-page-background-enabled":"default","ast-page-background-meta":{"desktop":{"background-color":"var(--ast-global-color-4)","background-image":"","background-repeat":"repeat","background-position":"center center","background-size":"auto","background-attachment":"scroll","background-type":"","background-media":"","overlay-type":"","overlay-color":"","overlay-opacity":"","overlay-gradient":""},"tablet":{"background-color":"","background-image":"","background-repeat":"repeat","background-position":"center center","background-size":"auto","background-attachment":"scroll","background-type":"","background-media":"","overlay-type":"","overlay-color":"","overlay-opacity":"","overlay-gradient":""},"mobile":{"background-color":"","background-image":"","background-repeat":"repeat","background-position":"center center","background-size":"auto","background-attachment":"scroll","background-type":"","background-media":"","overlay-type":"","overlay-color":"","overlay-opacity":"","overlay-gradient":""}},"ast-content-background-meta":{"desktop":{"background-color":"var(--ast-global-color-5)","background-image":"","background-repeat":"repeat","background-position":"center center","background-size":"auto","background-attachment":"scroll","background-type":"","background-media":"","overlay-type":"","overlay-color":"","overlay-opacity":"","overlay-gradient":""},"tablet":{"background-color":"var(--ast-global-color-5)","background-image":"","background-repeat":"repeat","background-position":"center center","background-size":"auto","background-attachment":"scroll","background-type":"","background-media":"","overlay-type":"","overlay-color":"","overlay-opacity":"","overlay-gradient":""},"mobile":{"background-color":"var(--ast-global-color-5)","background-image":"","background-repeat":"repeat","background-position":"center center","background-size":"auto","background-attachment":"scroll","background-type":"","background-media":"","overlay-type":"","overlay-color":"","overlay-opacity":"","overlay-gradient":""}}},"product_brand":[1265],"product_cat":[],"product_tag":[994],"class_list":{"0":"post-23977","1":"product","2":"type-product","3":"status-publish","4":"has-post-thumbnail","6":"product_brand-la-cigarrera","7":"product_tag-oloroso-de-sanlucar-en","8":"desktop-align-left","9":"tablet-align-left","10":"mobile-align-left","12":"first","13":"instock","14":"taxable","15":"shipping-taxable","16":"purchasable","17":"product-type-simple"},"_links":{"self":[{"href":"https:\/\/andalubox.com\/en\/wp-json\/wp\/v2\/product\/23977","targetHints":{"allow":["GET"]}}],"collection":[{"href":"https:\/\/andalubox.com\/en\/wp-json\/wp\/v2\/product"}],"about":[{"href":"https:\/\/andalubox.com\/en\/wp-json\/wp\/v2\/types\/product"}],"replies":[{"embeddable":true,"href":"https:\/\/andalubox.com\/en\/wp-json\/wp\/v2\/comments?post=23977"}],"wp:featuredmedia":[{"embeddable":true,"href":"https:\/\/andalubox.com\/en\/wp-json\/wp\/v2\/media\/30994"}],"wp:attachment":[{"href":"https:\/\/andalubox.com\/en\/wp-json\/wp\/v2\/media?parent=23977"}],"wp:term":[{"taxonomy":"product_brand","embeddable":true,"href":"https:\/\/andalubox.com\/en\/wp-json\/wp\/v2\/product_brand?post=23977"},{"taxonomy":"product_cat","embeddable":true,"href":"https:\/\/andalubox.com\/en\/wp-json\/wp\/v2\/product_cat?post=23977"},{"taxonomy":"product_tag","embeddable":true,"href":"https:\/\/andalubox.com\/en\/wp-json\/wp\/v2\/product_tag?post=23977"}],"curies":[{"name":"wp","href":"https:\/\/api.w.org\/{rel}","templated":true}]}}