{"id":23891,"date":"2025-07-17T16:44:30","date_gmt":"2025-07-17T14:44:30","guid":{"rendered":"https:\/\/andalubox.com\/producto-andaluz\/aires-de-jaen-igp-extra-virgin-olive-oil-500-ml\/"},"modified":"2025-09-18T11:58:07","modified_gmt":"2025-09-18T09:58:07","slug":"aires-de-jaen-igp-extra-virgin-olive-oil-500-ml","status":"publish","type":"product","link":"https:\/\/andalubox.com\/en\/producto-andaluz\/aires-de-jaen-igp-extra-virgin-olive-oil-500-ml\/","title":{"rendered":"Aires de Ja\u00e9n IGP Extra Virgin Olive Oil 500ml"},"content":{"rendered":"<p>Aires de Ja\u00e9n IGP Extra Virgin Olive Oil 500 ML is a recognized brand of extra virgin olive oil (EVOO) produced in Ja\u00e9n, Spain, a region known as the olive oil capital of the world, where they mainly cultivate the Picual variety, along with others such as Arbequina, Frantoio and Empeltre. Its production stands out for its complete traceability, from cultivation to bottling, which guarantees quality and sustainability.<br>Characteristics of Aires de Ja\u00e9n Oil:<br>&#8211; Varieties: Mainly Picual, with a touch of Hojiblanca in some products. They also offer coupages with Arbequina, Frantoio and Empeltre.<br>Taste and Aroma: Fruity, with notes of green leaf, grass, tomato, green banana, apple and green almond. In the mouth, it is balanced, with a slight sharpness in the throat and a bitter touch, typical of early harvest EVOOs.   <br>&#8211; Color: Bright green tones at 20\u00baC.<br>&#8211; Quality: Certified with the Protected Geographical Indication (PGI) Aceite de Ja\u00e9n, which assures its origin and quality. They also produce organic EVOO.<br>Uses <\/p>","protected":false},"excerpt":{"rendered":"<p>Aires de Ja\u00e9n IGP Extra Virgin Olive Oil 500 ML<\/p>\n","protected":false},"featured_media":23886,"comment_status":"open","ping_status":"closed","template":"","meta":{"site-sidebar-layout":"default","site-content-layout":"","ast-site-content-layout":"default","site-content-style":"default","site-sidebar-style":"default","ast-global-header-display":"","ast-banner-title-visibility":"","ast-main-header-display":"","ast-hfb-above-header-display":"","ast-hfb-below-header-display":"","ast-hfb-mobile-header-display":"","site-post-title":"","ast-breadcrumbs-content":"","ast-featured-img":"","footer-sml-layout":"","ast-disable-related-posts":"","theme-transparent-header-meta":"default","adv-header-id-meta":"","stick-header-meta":"","header-above-stick-meta":"","header-main-stick-meta":"","header-below-stick-meta":"","astra-migrate-meta-layouts":"default","ast-page-background-enabled":"default","ast-page-background-meta":{"desktop":{"background-color":"var(--ast-global-color-4)","background-image":"","background-repeat":"repeat","background-position":"center center","background-size":"auto","background-attachment":"scroll","background-type":"","background-media":"","overlay-type":"","overlay-color":"","overlay-opacity":"","overlay-gradient":""},"tablet":{"background-color":"","background-image":"","background-repeat":"repeat","background-position":"center center","background-size":"auto","background-attachment":"scroll","background-type":"","background-media":"","overlay-type":"","overlay-color":"","overlay-opacity":"","overlay-gradient":""},"mobile":{"background-color":"","background-image":"","background-repeat":"repeat","background-position":"center center","background-size":"auto","background-attachment":"scroll","background-type":"","background-media":"","overlay-type":"","overlay-color":"","overlay-opacity":"","overlay-gradient":""}},"ast-content-background-meta":{"desktop":{"background-color":"var(--ast-global-color-5)","background-image":"","background-repeat":"repeat","background-position":"center center","background-size":"auto","background-attachment":"scroll","background-type":"","background-media":"","overlay-type":"","overlay-color":"","overlay-opacity":"","overlay-gradient":""},"tablet":{"background-color":"var(--ast-global-color-5)","background-image":"","background-repeat":"repeat","background-position":"center center","background-size":"auto","background-attachment":"scroll","background-type":"","background-media":"","overlay-type":"","overlay-color":"","overlay-opacity":"","overlay-gradient":""},"mobile":{"background-color":"var(--ast-global-color-5)","background-image":"","background-repeat":"repeat","background-position":"center center","background-size":"auto","background-attachment":"scroll","background-type":"","background-media":"","overlay-type":"","overlay-color":"","overlay-opacity":"","overlay-gradient":""}}},"product_brand":[1276],"product_cat":[296],"product_tag":[],"class_list":{"0":"post-23891","1":"product","2":"type-product","3":"status-publish","4":"has-post-thumbnail","6":"product_brand-aires-de-jaen","7":"product_cat-andalusia-oil","8":"desktop-align-left","9":"tablet-align-left","10":"mobile-align-left","12":"first","13":"instock","14":"taxable","15":"shipping-taxable","16":"purchasable","17":"product-type-simple"},"_links":{"self":[{"href":"https:\/\/andalubox.com\/en\/wp-json\/wp\/v2\/product\/23891","targetHints":{"allow":["GET"]}}],"collection":[{"href":"https:\/\/andalubox.com\/en\/wp-json\/wp\/v2\/product"}],"about":[{"href":"https:\/\/andalubox.com\/en\/wp-json\/wp\/v2\/types\/product"}],"replies":[{"embeddable":true,"href":"https:\/\/andalubox.com\/en\/wp-json\/wp\/v2\/comments?post=23891"}],"wp:featuredmedia":[{"embeddable":true,"href":"https:\/\/andalubox.com\/en\/wp-json\/wp\/v2\/media\/23886"}],"wp:attachment":[{"href":"https:\/\/andalubox.com\/en\/wp-json\/wp\/v2\/media?parent=23891"}],"wp:term":[{"taxonomy":"product_brand","embeddable":true,"href":"https:\/\/andalubox.com\/en\/wp-json\/wp\/v2\/product_brand?post=23891"},{"taxonomy":"product_cat","embeddable":true,"href":"https:\/\/andalubox.com\/en\/wp-json\/wp\/v2\/product_cat?post=23891"},{"taxonomy":"product_tag","embeddable":true,"href":"https:\/\/andalubox.com\/en\/wp-json\/wp\/v2\/product_tag?post=23891"}],"curies":[{"name":"wp","href":"https:\/\/api.w.org\/{rel}","templated":true}]}}