{"id":23651,"date":"2025-07-11T00:24:29","date_gmt":"2025-07-10T22:24:29","guid":{"rendered":"https:\/\/andalubox.com\/producto-andaluz\/protos-ecological-9-months-in-oak-barrels-ribera-del-duero-75-cl\/"},"modified":"2025-07-22T12:39:15","modified_gmt":"2025-07-22T10:39:15","slug":"protos-ecological-9-months-in-oak-barrels-ribera-del-duero-75-cl","status":"publish","type":"product","link":"https:\/\/andalubox.com\/en\/producto-andaluz\/protos-ecological-9-months-in-oak-barrels-ribera-del-duero-75-cl\/","title":{"rendered":"Protos Ecological 9 months in oak barrels Ribera del Duero 75cl"},"content":{"rendered":"Protos Ecol\u00f3gico 9 months Barrica Ribera del Duero 75 Cl\nProtos Ecol\u00f3gico refers to a range of organic wines produced by Bodegas Protos, a renowned winery in Ribera del Duero, Spain, with a history dating back to 1927. The term &#8220;Ecological&#8221; indicates that these wines are made from grapes grown in organically certified vineyards, following sustainable and environmentally friendly practices. The following is a detailed description based on available information: Main products in the Protos Ecol\u00f3gico range: Protos 9 Meses Ecol\u00f3gico (Red Wine): Varietal: 100% Tempranillo (also known as Tinta del Pa\u00eds).\nRegion: D.O. Ribera del Duero.\nVineyards: Sourced from organically certified vineyards at 800-840 meters altitude, on north-south facing slopes, with clay-loam and slightly alkaline soils. Yields are limited to 4500 kg\/ha for greater concentration. Production: The grapes are harvested by hand in 30 kg crates, fermented and macerated in small stainless steel tanks at 26 \u00b0C. The wine is aged for 9 months in new and one-year-old French oak barrels (some sources also mention American oak).\nTasting notes: Color: Cherry or ruby red with violet hues.\nAroma: Fresh, with prominent notes of red and black fruits, complemented by spicy nuances, subtle toasted notes and cocoa from the oak.\nPalate: Round, fresh, silky and balanced, with soft, pleasant tannins and a long, fruity finish with toasted notes.     \n\nAlcoholic content: 14.5% vol.\nFood pairing: Ideal with roast lamb, Italian dishes (pizza, spaghetti Bolognese, lasagna), paella, meat stews, semi-cured cheeses, grilled meats, sausages and mushrooms. Awards (for recent vintages): 2021: 91 points (Tim Atkin, Pe\u00f1\u00edn Guide).\n2020: 90 points (Pe\u00f1\u00edn Guide, Tim Atkin).\n2019: 90 points (Pe\u00f1\u00edn Guide), 91 points (James Suckling). ","protected":false},"excerpt":{"rendered":"<p>Protos Ecol\u00f3gico 9 months Barrica Ribera del Duero 75 Cl \/ Andalubox exports Protos Ecol\u00f3gico to Germany, Austria and Switzerland.<\/p>\n","protected":false},"featured_media":23646,"comment_status":"open","ping_status":"closed","template":"","meta":{"site-sidebar-layout":"default","site-content-layout":"","ast-site-content-layout":"default","site-content-style":"default","site-sidebar-style":"default","ast-global-header-display":"","ast-banner-title-visibility":"","ast-main-header-display":"","ast-hfb-above-header-display":"","ast-hfb-below-header-display":"","ast-hfb-mobile-header-display":"","site-post-title":"","ast-breadcrumbs-content":"","ast-featured-img":"","footer-sml-layout":"","ast-disable-related-posts":"","theme-transparent-header-meta":"default","adv-header-id-meta":"","stick-header-meta":"","header-above-stick-meta":"","header-main-stick-meta":"","header-below-stick-meta":"","astra-migrate-meta-layouts":"default","ast-page-background-enabled":"default","ast-page-background-meta":{"desktop":{"background-color":"var(--ast-global-color-4)","background-image":"","background-repeat":"repeat","background-position":"center center","background-size":"auto","background-attachment":"scroll","background-type":"","background-media":"","overlay-type":"","overlay-color":"","overlay-opacity":"","overlay-gradient":""},"tablet":{"background-color":"","background-image":"","background-repeat":"repeat","background-position":"center center","background-size":"auto","background-attachment":"scroll","background-type":"","background-media":"","overlay-type":"","overlay-color":"","overlay-opacity":"","overlay-gradient":""},"mobile":{"background-color":"","background-image":"","background-repeat":"repeat","background-position":"center center","background-size":"auto","background-attachment":"scroll","background-type":"","background-media":"","overlay-type":"","overlay-color":"","overlay-opacity":"","overlay-gradient":""}},"ast-content-background-meta":{"desktop":{"background-color":"var(--ast-global-color-5)","background-image":"","background-repeat":"repeat","background-position":"center center","background-size":"auto","background-attachment":"scroll","background-type":"","background-media":"","overlay-type":"","overlay-color":"","overlay-opacity":"","overlay-gradient":""},"tablet":{"background-color":"var(--ast-global-color-5)","background-image":"","background-repeat":"repeat","background-position":"center center","background-size":"auto","background-attachment":"scroll","background-type":"","background-media":"","overlay-type":"","overlay-color":"","overlay-opacity":"","overlay-gradient":""},"mobile":{"background-color":"var(--ast-global-color-5)","background-image":"","background-repeat":"repeat","background-position":"center center","background-size":"auto","background-attachment":"scroll","background-type":"","background-media":"","overlay-type":"","overlay-color":"","overlay-opacity":"","overlay-gradient":""}}},"product_brand":[1275],"product_cat":[274],"product_tag":[],"class_list":{"0":"post-23651","1":"product","2":"type-product","3":"status-publish","4":"has-post-thumbnail","6":"product_brand-protos","7":"product_cat-red-wine","8":"desktop-align-left","9":"tablet-align-left","10":"mobile-align-left","12":"first","13":"instock","14":"taxable","15":"shipping-taxable","16":"purchasable","17":"product-type-simple"},"_links":{"self":[{"href":"https:\/\/andalubox.com\/en\/wp-json\/wp\/v2\/product\/23651","targetHints":{"allow":["GET"]}}],"collection":[{"href":"https:\/\/andalubox.com\/en\/wp-json\/wp\/v2\/product"}],"about":[{"href":"https:\/\/andalubox.com\/en\/wp-json\/wp\/v2\/types\/product"}],"replies":[{"embeddable":true,"href":"https:\/\/andalubox.com\/en\/wp-json\/wp\/v2\/comments?post=23651"}],"wp:featuredmedia":[{"embeddable":true,"href":"https:\/\/andalubox.com\/en\/wp-json\/wp\/v2\/media\/23646"}],"wp:attachment":[{"href":"https:\/\/andalubox.com\/en\/wp-json\/wp\/v2\/media?parent=23651"}],"wp:term":[{"taxonomy":"product_brand","embeddable":true,"href":"https:\/\/andalubox.com\/en\/wp-json\/wp\/v2\/product_brand?post=23651"},{"taxonomy":"product_cat","embeddable":true,"href":"https:\/\/andalubox.com\/en\/wp-json\/wp\/v2\/product_cat?post=23651"},{"taxonomy":"product_tag","embeddable":true,"href":"https:\/\/andalubox.com\/en\/wp-json\/wp\/v2\/product_tag?post=23651"}],"curies":[{"name":"wp","href":"https:\/\/api.w.org\/{rel}","templated":true}]}}