{"id":23152,"date":"2025-06-27T12:22:55","date_gmt":"2025-06-27T10:22:55","guid":{"rendered":"https:\/\/andalubox.com\/producto-andaluz\/remedios-extra-virgin-olive-oil-from-olvera-sierra-de-cadiz-5l\/"},"modified":"2026-03-04T09:39:13","modified_gmt":"2026-03-04T08:39:13","slug":"remedios-extra-virgin-olive-oil-from-olvera-sierra-de-cadiz-5l","status":"publish","type":"product","link":"https:\/\/andalubox.com\/en\/producto-andaluz\/remedios-extra-virgin-olive-oil-from-olvera-sierra-de-cadiz-5l\/","title":{"rendered":"Remedios Extra Virgin Olive Oil from Olvera, Sierra de Cadiz 5L"},"content":{"rendered":"<h3><span style=\"font-size: 12pt;\">Extra virgin olive oil Nuestra Se\u00f1ora de Los Remedios, Olvera<\/span><br><span style=\"font-size: 12pt;\">Oil Campaign 2023-2024<\/span><\/h3>\n<p><strong>It is ideal for raw consumption as a dressing for salads and breakfasts, or as a base for stews and sauces, giving it an unmistakable personality! This extra virgin olive oil is the best selling bottle and the one that can be purchased at the most economical price per liter.  <\/strong><\/p>\n<p>Olive oil of superior category obtained directly from previously selected olives of the area and elaborated only by means of mechanical procedures. This Extra Virgin Olive Oil is extracted from the native variety Lech\u00edn, wisely mixed with manzanillo, verdial and alame\u00f1o olives among others. It comes from the Sierra de C\u00e1diz, a corner of Andalusia where the olive tree is cared for with deep respect for the environment and traditional harvesting methods are still maintained. The result is an oil of unique character.   <\/p>\n<p>The conditions of the area are the best for the production of the highest quality oil; altitude above sea level, harvesting methods and soil fertility. Then the olives from which our oils are produced are selected at the facilities of the Los Remedios-Picasat Cooperative. This is done on the basis of its state of maturity and health.  <\/p>\n<div id=\"tab-description\" class=\"tab-content\">\n<p>The Extra Virgin Olive Oil, like the rest of our Extra Virgin Olive Oil from the Sierra de C\u00e1diz, is produced under cold extraction. As it is developed under certain thermal conditions, it never alters the smell and taste of an authentic juice. Pure olive juice. Golden green color, intense fresh and fragrant fruity aroma, smooth and balanced on the palate.   <\/p>\n<\/div>\n<p>Produced and packaged by: LOS REMEDIOS PICASAT, S.C.A. OLVERA (C\u00c1DIZ).<\/p>\n<p>It can be found in specialized stores such as Andalubox in Seville, and exported throughout Europe at www.andalubox.com.<\/p>\n<p>Basis of the Mediterranean Diet for the whole of Europe.<\/p>","protected":false},"excerpt":{"rendered":"<p>Remedios Extra Virgin Olive Oil from Olvera, Sierra de Cadiz 5L<\/p>\n","protected":false},"featured_media":23147,"comment_status":"open","ping_status":"closed","template":"","meta":{"site-sidebar-layout":"default","site-content-layout":"","ast-site-content-layout":"default","site-content-style":"default","site-sidebar-style":"default","ast-global-header-display":"","ast-banner-title-visibility":"","ast-main-header-display":"","ast-hfb-above-header-display":"","ast-hfb-below-header-display":"","ast-hfb-mobile-header-display":"","site-post-title":"","ast-breadcrumbs-content":"","ast-featured-img":"","footer-sml-layout":"","ast-disable-related-posts":"","theme-transparent-header-meta":"default","adv-header-id-meta":"","stick-header-meta":"","header-above-stick-meta":"","header-main-stick-meta":"","header-below-stick-meta":"","astra-migrate-meta-layouts":"default","ast-page-background-enabled":"default","ast-page-background-meta":{"desktop":{"background-color":"var(--ast-global-color-4)","background-image":"","background-repeat":"repeat","background-position":"center center","background-size":"auto","background-attachment":"scroll","background-type":"","background-media":"","overlay-type":"","overlay-color":"","overlay-opacity":"","overlay-gradient":""},"tablet":{"background-color":"","background-image":"","background-repeat":"repeat","background-position":"center center","background-size":"auto","background-attachment":"scroll","background-type":"","background-media":"","overlay-type":"","overlay-color":"","overlay-opacity":"","overlay-gradient":""},"mobile":{"background-color":"","background-image":"","background-repeat":"repeat","background-position":"center center","background-size":"auto","background-attachment":"scroll","background-type":"","background-media":"","overlay-type":"","overlay-color":"","overlay-opacity":"","overlay-gradient":""}},"ast-content-background-meta":{"desktop":{"background-color":"var(--ast-global-color-5)","background-image":"","background-repeat":"repeat","background-position":"center center","background-size":"auto","background-attachment":"scroll","background-type":"","background-media":"","overlay-type":"","overlay-color":"","overlay-opacity":"","overlay-gradient":""},"tablet":{"background-color":"var(--ast-global-color-5)","background-image":"","background-repeat":"repeat","background-position":"center center","background-size":"auto","background-attachment":"scroll","background-type":"","background-media":"","overlay-type":"","overlay-color":"","overlay-opacity":"","overlay-gradient":""},"mobile":{"background-color":"var(--ast-global-color-5)","background-image":"","background-repeat":"repeat","background-position":"center center","background-size":"auto","background-attachment":"scroll","background-type":"","background-media":"","overlay-type":"","overlay-color":"","overlay-opacity":"","overlay-gradient":""}}},"product_brand":[1278],"product_cat":[296],"product_tag":[860,858,859],"class_list":{"0":"post-23152","1":"product","2":"type-product","3":"status-publish","4":"has-post-thumbnail","6":"product_brand-los-remedios","7":"product_cat-andalusia-oil","8":"product_tag-andalusian-extra-virgin","9":"product_tag-oil-from-cadiz","10":"product_tag-oil-from-the-seirra-de-cadiz","11":"desktop-align-left","12":"tablet-align-left","13":"mobile-align-left","15":"first","16":"instock","17":"taxable","18":"shipping-taxable","19":"purchasable","20":"product-type-simple"},"_links":{"self":[{"href":"https:\/\/andalubox.com\/en\/wp-json\/wp\/v2\/product\/23152","targetHints":{"allow":["GET"]}}],"collection":[{"href":"https:\/\/andalubox.com\/en\/wp-json\/wp\/v2\/product"}],"about":[{"href":"https:\/\/andalubox.com\/en\/wp-json\/wp\/v2\/types\/product"}],"replies":[{"embeddable":true,"href":"https:\/\/andalubox.com\/en\/wp-json\/wp\/v2\/comments?post=23152"}],"wp:featuredmedia":[{"embeddable":true,"href":"https:\/\/andalubox.com\/en\/wp-json\/wp\/v2\/media\/23147"}],"wp:attachment":[{"href":"https:\/\/andalubox.com\/en\/wp-json\/wp\/v2\/media?parent=23152"}],"wp:term":[{"taxonomy":"product_brand","embeddable":true,"href":"https:\/\/andalubox.com\/en\/wp-json\/wp\/v2\/product_brand?post=23152"},{"taxonomy":"product_cat","embeddable":true,"href":"https:\/\/andalubox.com\/en\/wp-json\/wp\/v2\/product_cat?post=23152"},{"taxonomy":"product_tag","embeddable":true,"href":"https:\/\/andalubox.com\/en\/wp-json\/wp\/v2\/product_tag?post=23152"}],"curies":[{"name":"wp","href":"https:\/\/api.w.org\/{rel}","templated":true}]}}