{"id":22262,"date":"2025-06-04T12:19:33","date_gmt":"2025-06-04T10:19:33","guid":{"rendered":"https:\/\/andalubox.com\/producto-andaluz\/el-sueno-del-nino-moscatel-de-alejandria-de-huelva-vintage-2022-75cl\/"},"modified":"2025-07-18T09:54:23","modified_gmt":"2025-07-18T07:54:23","slug":"el-sueno-del-nino-moscatel-de-alejandria-de-huelva-vintage-2022-75cl","status":"publish","type":"product","link":"https:\/\/andalubox.com\/en\/producto-andaluz\/el-sueno-del-nino-moscatel-de-alejandria-de-huelva-vintage-2022-75cl\/","title":{"rendered":"El Sue\u00f1o del Ni\u00f1o Moscatel de Alejandr\u00eda de Huelva, Vintage 2022, 75cl."},"content":{"rendered":"<p class=\"text-muted my-2\">A Moscatel de Alejandr\u00eda from barely one hectare of old vineyard planted in the heart of the Axarqu\u00eda in Malaga completes the trilogy with which Antonio and Jos\u00e9&#8217;s dream will begin, although we already anticipate that this will not be the end of the story, because there is no lack of desire and plenty of imagination. This dry Moscatel, worked &#8220;heroically&#8221;, is elegant, without aromatic excesses, but complex, tasty and balanced, in such a way that the freshness works as the backbone of the wine. From the same year as the previous ones, 1,500 bottles have been produced.  <\/p>\n<div class=\"js_product js_main_product mb-3\">\n<div>\n<div class=\"product_price mt-2 mb-3 d-inline-block\">\n<table class=\"tabla_caracteristicas gris\" style=\"width: 1132px\">\n<tbody>\n<tr>\n<td style=\"width: 474px\">Type<\/td>\n<td class=\"letra_naranja\" style=\"width: 658px\">aged on lees muscatel<\/td>\n<\/tr>\n<tr>\n<td style=\"width: 474px\">Zone<\/td>\n<td class=\"letra_naranja\" style=\"width: 658px\">Huelva County, Spain<\/td>\n<\/tr>\n<tr>\n<td style=\"width: 474px\">Producer<\/td>\n<td class=\"letra_naranja\" style=\"width: 658px\"><a href=\"http:\/\/encopa.es\/5494_bodega-contreras-ruiz\" target=\"_blank\" rel=\"noopener\">Contreras Ruiz Winery <\/a><\/td> \n<\/tr>\n<tr>\n<td style=\"width: 474px\">Variety<\/td>\n<td class=\"letra_naranja\" style=\"width: 658px\">Muscatel (100%)<\/td>\n<\/tr>\n<tr>\n<td style=\"width: 474px\">Alcoholic strength<\/td>\n<td class=\"letra_naranja\" style=\"width: 658px\">13% Vol.<\/td>\n<\/tr>\n<tr>\n<td style=\"width: 474px\">Format<\/td>\n<td class=\"letra_naranja\" style=\"width: 658px\">75cl<\/td>\n<\/tr>\n<tr>\n<td class=\"w-25\" style=\"width: 474px\">TYPE OF WINE<\/td>\n<td class=\"w-75 text-muted\" style=\"width: 658px\">Sweet<\/td>\n<\/tr>\n<tr>\n<td class=\"w-25\" style=\"width: 474px\">Select D.O. Wines<\/td>\n<td class=\"w-75 text-muted\" style=\"width: 658px\">COUNTY OF HUELVA<\/td>\n<\/tr>\n<tr>\n<td class=\"w-25\" style=\"width: 474px\">GRAPE VARIETY<\/td>\n<td class=\"w-75 text-muted\" style=\"width: 658px\">Muscat of Alexandria<\/td>\n<\/tr>\n<tr>\n<td class=\"w-25\" style=\"width: 474px\">ORGANIC<\/td>\n<td class=\"w-75 text-muted\" style=\"width: 658px\">RESPONSIBLE VITICULTURE<\/td>\n<\/tr>\n<\/tbody>\n<\/table>\n<\/div>\n<\/div>\n<\/div>","protected":false},"excerpt":{"rendered":"<p>El Sue\u00f1o del Ni\u00f1o Moscatel de Alejandr\u00eda de Huelva, Vintage 2022, 75cl<\/p>\n<p>Andalubox exports El Sue\u00f1o del Ni\u00f1o wine throughout Europe.<\/p>\n","protected":false},"featured_media":30961,"comment_status":"open","ping_status":"closed","template":"","meta":{"site-sidebar-layout":"default","site-content-layout":"","ast-site-content-layout":"default","site-content-style":"default","site-sidebar-style":"default","ast-global-header-display":"","ast-banner-title-visibility":"","ast-main-header-display":"","ast-hfb-above-header-display":"","ast-hfb-below-header-display":"","ast-hfb-mobile-header-display":"","site-post-title":"","ast-breadcrumbs-content":"","ast-featured-img":"","footer-sml-layout":"","ast-disable-related-posts":"","theme-transparent-header-meta":"default","adv-header-id-meta":"","stick-header-meta":"","header-above-stick-meta":"","header-main-stick-meta":"","header-below-stick-meta":"","astra-migrate-meta-layouts":"default","ast-page-background-enabled":"default","ast-page-background-meta":{"desktop":{"background-color":"var(--ast-global-color-4)","background-image":"","background-repeat":"repeat","background-position":"center center","background-size":"auto","background-attachment":"scroll","background-type":"","background-media":"","overlay-type":"","overlay-color":"","overlay-opacity":"","overlay-gradient":""},"tablet":{"background-color":"","background-image":"","background-repeat":"repeat","background-position":"center center","background-size":"auto","background-attachment":"scroll","background-type":"","background-media":"","overlay-type":"","overlay-color":"","overlay-opacity":"","overlay-gradient":""},"mobile":{"background-color":"","background-image":"","background-repeat":"repeat","background-position":"center center","background-size":"auto","background-attachment":"scroll","background-type":"","background-media":"","overlay-type":"","overlay-color":"","overlay-opacity":"","overlay-gradient":""}},"ast-content-background-meta":{"desktop":{"background-color":"var(--ast-global-color-5)","background-image":"","background-repeat":"repeat","background-position":"center center","background-size":"auto","background-attachment":"scroll","background-type":"","background-media":"","overlay-type":"","overlay-color":"","overlay-opacity":"","overlay-gradient":""},"tablet":{"background-color":"var(--ast-global-color-5)","background-image":"","background-repeat":"repeat","background-position":"center center","background-size":"auto","background-attachment":"scroll","background-type":"","background-media":"","overlay-type":"","overlay-color":"","overlay-opacity":"","overlay-gradient":""},"mobile":{"background-color":"var(--ast-global-color-5)","background-image":"","background-repeat":"repeat","background-position":"center center","background-size":"auto","background-attachment":"scroll","background-type":"","background-media":"","overlay-type":"","overlay-color":"","overlay-opacity":"","overlay-gradient":""}}},"product_brand":[1302],"product_cat":[],"product_tag":[747],"class_list":{"0":"post-22262","1":"product","2":"type-product","3":"status-publish","4":"has-post-thumbnail","6":"product_brand-bodegas-contreras-ruiz","7":"product_tag-huelva-county-muscatel","8":"desktop-align-left","9":"tablet-align-left","10":"mobile-align-left","12":"first","13":"instock","14":"taxable","15":"shipping-taxable","16":"purchasable","17":"product-type-simple"},"_links":{"self":[{"href":"https:\/\/andalubox.com\/en\/wp-json\/wp\/v2\/product\/22262","targetHints":{"allow":["GET"]}}],"collection":[{"href":"https:\/\/andalubox.com\/en\/wp-json\/wp\/v2\/product"}],"about":[{"href":"https:\/\/andalubox.com\/en\/wp-json\/wp\/v2\/types\/product"}],"replies":[{"embeddable":true,"href":"https:\/\/andalubox.com\/en\/wp-json\/wp\/v2\/comments?post=22262"}],"wp:featuredmedia":[{"embeddable":true,"href":"https:\/\/andalubox.com\/en\/wp-json\/wp\/v2\/media\/30961"}],"wp:attachment":[{"href":"https:\/\/andalubox.com\/en\/wp-json\/wp\/v2\/media?parent=22262"}],"wp:term":[{"taxonomy":"product_brand","embeddable":true,"href":"https:\/\/andalubox.com\/en\/wp-json\/wp\/v2\/product_brand?post=22262"},{"taxonomy":"product_cat","embeddable":true,"href":"https:\/\/andalubox.com\/en\/wp-json\/wp\/v2\/product_cat?post=22262"},{"taxonomy":"product_tag","embeddable":true,"href":"https:\/\/andalubox.com\/en\/wp-json\/wp\/v2\/product_tag?post=22262"}],"curies":[{"name":"wp","href":"https:\/\/api.w.org\/{rel}","templated":true}]}}