{"id":21226,"date":"2025-05-25T00:50:23","date_gmt":"2025-05-24T22:50:23","guid":{"rendered":"https:\/\/andalubox.com\/producto-andaluz\/marismilla-rose-wine-tintilla-de-cadiz-75cl\/"},"modified":"2025-05-25T00:51:23","modified_gmt":"2025-05-24T22:51:23","slug":"marismilla-rose-wine-tintilla-de-cadiz-75cl","status":"publish","type":"product","link":"https:\/\/andalubox.com\/en\/producto-andaluz\/marismilla-rose-wine-tintilla-de-cadiz-75cl\/","title":{"rendered":"MARISMILLA ROS\u00c9 WINE TINTILLA DE C\u00c1DIZ, 75CL"},"content":{"rendered":"<p>A different and original ros\u00e9 from the tintilla de Rota variety. <strong>Marismilla<\/strong> is a light, lively and fresh wine. With little color but with a lot of aroma. A different ros\u00e9 that expands the registers of this autochthonous and exclusive variety of the area.  <\/p>\n<div class=\"col-12 col-sm-6 product-features__item product-features__item--7\"><img decoding=\"async\" class=\"product-features__item__img lazyloaded\" src=\"https:\/\/www.decantalo.com\/es\/themes\/classic-rocket\/assets\/img\/features\/7.png\" alt=\"Andaluc\u00eda\" width=\"28\" height=\"25\" data-src=\"https:\/\/www.decantalo.com\/es\/themes\/classic-rocket\/assets\/img\/features\/7.png\"><span class=\"product-features__item__name\" style=\"font-size: 16px\">Production area: Andaluc\u00eda<\/span><\/div>\n<div class=\"col-12 col-sm-6 product-features__item product-features__item--12\"><img decoding=\"async\" class=\"product-features__item__img lazyloaded\" src=\"https:\/\/www.decantalo.com\/es\/themes\/classic-rocket\/assets\/img\/features\/12.png\" alt=\"VT Cadiz\" width=\"28\" height=\"25\" data-src=\"https:\/\/www.decantalo.com\/es\/themes\/classic-rocket\/assets\/img\/features\/12.png\"><span class=\"product-features__item__name\" style=\"font-size: 16px\">Appellation of origin: VT C\u00e1diz<\/span><\/div>\n<div class=\"col-12 col-sm-6 product-features__item product-features__item--13\"><img decoding=\"async\" class=\"product-features__item__img lazyloaded\" src=\"https:\/\/www.decantalo.com\/es\/themes\/classic-rocket\/assets\/img\/features\/13.png\" alt=\"Luis P\u00e9rez Winery\" width=\"28\" height=\"25\" data-src=\"https:\/\/www.decantalo.com\/es\/themes\/classic-rocket\/assets\/img\/features\/13.png\"><span class=\"product-features__item__name\" style=\"font-size: 16px\">Winery: Bodegas Luis P\u00e9rez<\/span><\/div>\n<div class=\"col-12 col-sm-6 product-features__item product-features__item--46\"><img loading=\"lazy\" decoding=\"async\" class=\"product-features__item__img lazyloaded\" src=\"https:\/\/www.decantalo.com\/es\/themes\/classic-rocket\/assets\/img\/features\/46.png\" alt=\"100% Tintilla de Rota\" width=\"28\" height=\"25\" data-src=\"https:\/\/www.decantalo.com\/es\/themes\/classic-rocket\/assets\/img\/features\/46.png\"><span class=\"product-features__item__name\" style=\"font-size: 16px\">Varieties: <\/span><span class=\"product-features__item__value\" style=\"font-size: 16px\">100% Tintilla de Rota<\/span><\/div>\n<div class=\"col-12 col-sm-6 product-features__item product-features__item--10001\"><img loading=\"lazy\" decoding=\"async\" class=\"product-features__item__img lazyloaded\" src=\"https:\/\/www.decantalo.com\/es\/themes\/classic-rocket\/assets\/img\/features\/volumen.png\" alt=\"75 cl.\" width=\"28\" height=\"25\" data-src=\"https:\/\/www.decantalo.com\/es\/themes\/classic-rocket\/assets\/img\/features\/volumen.png\"><span class=\"product-features__item__name\" style=\"font-size: 16px\">Volume: <\/span><span class=\"product-features__item__value\" style=\"font-size: 16px\">75 cl.<\/span><\/div>\n<div>\n<div class=\"col-12 col-sm-6 product-features__item product-features__item--3\"><img loading=\"lazy\" decoding=\"async\" class=\"product-features__item__img product-features__item__img--3 lazyloaded\" src=\"https:\/\/www.decantalo.com\/es\/themes\/classic-rocket\/assets\/img\/features\/3.png\" alt=\"14.50%\" width=\"28\" height=\"25\" data-src=\"https:\/\/www.decantalo.com\/es\/themes\/classic-rocket\/assets\/img\/features\/3.png\"><span class=\"product-features__item__name\" style=\"font-size: 16px\">Alcohol: <\/span><span class=\"product-features__item__value\" style=\"font-size: 16px\">14.50%<\/span><\/div>\n<div>\n<dl class=\"data-sheet\">\n<dt class=\"name\">Tasting Note<\/dt>\n<dd class=\"value\">It is characterized by a pale onion red color. The nose is intense and frank, very fruity with hints of cherry, red currant and red apple. The palate is silky but powerful, with an intense aftertaste.  <\/dd>\n<dt class=\"name\">Prepared by<\/dt>\n<dd class=\"value\">The clusters of Tintilla de Rota are 100% destemmed and vatted by gravity. The skins are in contact with the must for 4 hours. The must is fermented at low temperature and spends 6 months on its fermenting lees.  <\/dd>\n<\/dl>\n<\/div>\n<div class=\"col-12 col-sm-6 product-features__item product-features__item--7\"> <\/div>\n<\/div>","protected":false},"excerpt":{"rendered":"<p>A different and original ros\u00e9 from the tintilla de Rota variety. Marismilla is a light, lively and fresh wine. With little color but with a lot of aroma. A different ros\u00e9 that expands the registers of this autochthonous and exclusive variety of the area. Production area: Andaluc\u00eda Appellation of origin: VT C\u00e1diz Winery: Bodegas Luis [&hellip;]<\/p>\n","protected":false},"featured_media":30937,"comment_status":"open","ping_status":"closed","template":"","meta":{"site-sidebar-layout":"default","site-content-layout":"","ast-site-content-layout":"default","site-content-style":"default","site-sidebar-style":"default","ast-global-header-display":"","ast-banner-title-visibility":"","ast-main-header-display":"","ast-hfb-above-header-display":"","ast-hfb-below-header-display":"","ast-hfb-mobile-header-display":"","site-post-title":"","ast-breadcrumbs-content":"","ast-featured-img":"","footer-sml-layout":"","ast-disable-related-posts":"","theme-transparent-header-meta":"default","adv-header-id-meta":"","stick-header-meta":"","header-above-stick-meta":"","header-main-stick-meta":"","header-below-stick-meta":"","astra-migrate-meta-layouts":"default","ast-page-background-enabled":"default","ast-page-background-meta":{"desktop":{"background-color":"var(--ast-global-color-4)","background-image":"","background-repeat":"repeat","background-position":"center center","background-size":"auto","background-attachment":"scroll","background-type":"","background-media":"","overlay-type":"","overlay-color":"","overlay-opacity":"","overlay-gradient":""},"tablet":{"background-color":"","background-image":"","background-repeat":"repeat","background-position":"center center","background-size":"auto","background-attachment":"scroll","background-type":"","background-media":"","overlay-type":"","overlay-color":"","overlay-opacity":"","overlay-gradient":""},"mobile":{"background-color":"","background-image":"","background-repeat":"repeat","background-position":"center center","background-size":"auto","background-attachment":"scroll","background-type":"","background-media":"","overlay-type":"","overlay-color":"","overlay-opacity":"","overlay-gradient":""}},"ast-content-background-meta":{"desktop":{"background-color":"var(--ast-global-color-5)","background-image":"","background-repeat":"repeat","background-position":"center center","background-size":"auto","background-attachment":"scroll","background-type":"","background-media":"","overlay-type":"","overlay-color":"","overlay-opacity":"","overlay-gradient":""},"tablet":{"background-color":"var(--ast-global-color-5)","background-image":"","background-repeat":"repeat","background-position":"center center","background-size":"auto","background-attachment":"scroll","background-type":"","background-media":"","overlay-type":"","overlay-color":"","overlay-opacity":"","overlay-gradient":""},"mobile":{"background-color":"var(--ast-global-color-5)","background-image":"","background-repeat":"repeat","background-position":"center center","background-size":"auto","background-attachment":"scroll","background-type":"","background-media":"","overlay-type":"","overlay-color":"","overlay-opacity":"","overlay-gradient":""}}},"product_brand":[1290],"product_cat":[848],"product_tag":[],"class_list":{"0":"post-21226","1":"product","2":"type-product","3":"status-publish","4":"has-post-thumbnail","6":"product_brand-bodegas-luis-perez","7":"product_cat-rose-wine-en","8":"desktop-align-left","9":"tablet-align-left","10":"mobile-align-left","12":"first","13":"instock","14":"taxable","15":"shipping-taxable","16":"purchasable","17":"product-type-simple"},"_links":{"self":[{"href":"https:\/\/andalubox.com\/en\/wp-json\/wp\/v2\/product\/21226","targetHints":{"allow":["GET"]}}],"collection":[{"href":"https:\/\/andalubox.com\/en\/wp-json\/wp\/v2\/product"}],"about":[{"href":"https:\/\/andalubox.com\/en\/wp-json\/wp\/v2\/types\/product"}],"replies":[{"embeddable":true,"href":"https:\/\/andalubox.com\/en\/wp-json\/wp\/v2\/comments?post=21226"}],"wp:featuredmedia":[{"embeddable":true,"href":"https:\/\/andalubox.com\/en\/wp-json\/wp\/v2\/media\/30937"}],"wp:attachment":[{"href":"https:\/\/andalubox.com\/en\/wp-json\/wp\/v2\/media?parent=21226"}],"wp:term":[{"taxonomy":"product_brand","embeddable":true,"href":"https:\/\/andalubox.com\/en\/wp-json\/wp\/v2\/product_brand?post=21226"},{"taxonomy":"product_cat","embeddable":true,"href":"https:\/\/andalubox.com\/en\/wp-json\/wp\/v2\/product_cat?post=21226"},{"taxonomy":"product_tag","embeddable":true,"href":"https:\/\/andalubox.com\/en\/wp-json\/wp\/v2\/product_tag?post=21226"}],"curies":[{"name":"wp","href":"https:\/\/api.w.org\/{rel}","templated":true}]}}