{"id":21203,"date":"2025-05-24T22:22:50","date_gmt":"2025-05-24T20:22:50","guid":{"rendered":"https:\/\/andalubox.com\/producto-andaluz\/cloe-rose-rose-wine-from-malaga-75cl\/"},"modified":"2025-09-17T19:01:18","modified_gmt":"2025-09-17T17:01:18","slug":"cloe-rose-rose-wine-from-malaga-75cl","status":"publish","type":"product","link":"https:\/\/andalubox.com\/en\/producto-andaluz\/cloe-rose-rose-wine-from-malaga-75cl\/","title":{"rendered":"Cloe Ros\u00e9 Ros\u00e9 de Ronda 75cl"},"content":{"rendered":"<p>Cloe Ros\u00e9 Ros\u00e9 de Ronda 75cl made by <strong>direct bleeding<\/strong> to reduce color enhancement. It presents aromatic notes of <strong>white flowers, small red fruits and citrus<\/strong>. Very <strong>balanced, fresh, elegant and with hints of rose petals<\/strong>. It is ideal for pairing with pasta, smoked foods, salads and Asian cuisine.   <\/p>\n<div class=\"field field_bodega-name\">\n<div class=\"field__label\">The winery: Do\u00f1a Felisa Chinchilla Wines<\/div>\n<\/div>\n<div class=\"field field--name-field-wine-type field--type-entity-reference field--label-above\">\n<div class=\"field__label\">Type: Ros\u00e9<\/div>\n<\/div>\n<div class=\"field field--name-field-vintage field--type-entity-reference field--label-above\">\n<div class=\"field__label\">Year: 2023<\/div>\n<\/div>\n<div class=\"field field--name-field-alcohol field--type-decimal field--label-above\">\n<div class=\"field__label\">Alcohol content: 12.0% vol.<\/div>\n<\/div>\n<div class=\"field field--name-field-variety field--type-string field--label-above\">\n<div class=\"field__label\">Variety: 100% Grenache<\/div>\n<div>\n<div class=\"field__label\">Origin: Wine from Spain<\/div>\n<div>\n<h3 class=\"radio-canada-big\"><span style=\"font-size: 12pt;\">Tasting<\/span><\/h3>\n<div class=\"info two-column-wrapper tasting\">\n<div class=\"field field--name-field-visual field--type-string field--label-above\">\n<div class=\"field__label\">View: Pink with salmon and violet tones. Clean and bright. <\/div>\n<\/div>\n<div class=\"field field--name-field-nose field--type-string-long field--label-above\">\n<div class=\"field__label\">Nose: Notes of white flowers, small red fruits and citrus combine with aromas of wild roses.<\/div>\n<\/div>\n<div class=\"field field--name-field-mouth field--type-string-long field--label-above\">\n<div class=\"field__label\">Palate: Balanced, fresh on entry and very elegant, maintaining acidity and persistence in the aftertaste.<\/div>\n<\/div>\n<div class=\"field field--name-field-service-temperature field--type-string field--label-above\">\n<div class=\"field__label\">Serving temperature: It is recommended to serve between 10 and 12 \u00baC.<\/div>\n<\/div>\n<div class=\"field field--name-field-pairing field--type-string-long field--label-above\">\n<div class=\"field__label\">Pairing: Ideal with sushi, tuna, fine shells, oysters and salt fish.<\/div>\n<\/div>\n<\/div>\n<\/div>\n<\/div>\n<\/div>","protected":false},"excerpt":{"rendered":"<p>Cloe Ros\u00e9 Ros\u00e9 de Ronda 75cl made by direct bleeding to reduce color enhancement. It presents aromatic notes of white flowers, small red fruits and citrus. Very balanced, fresh, elegant and with hints of rose petals. It is ideal for pairing with pasta, smoked foods, salads and Asian cuisine. The winery: Do\u00f1a Felisa Chinchilla Wines [&hellip;]<\/p>\n","protected":false},"featured_media":21216,"comment_status":"open","ping_status":"closed","template":"","meta":{"site-sidebar-layout":"default","site-content-layout":"","ast-site-content-layout":"default","site-content-style":"default","site-sidebar-style":"default","ast-global-header-display":"","ast-banner-title-visibility":"","ast-main-header-display":"","ast-hfb-above-header-display":"","ast-hfb-below-header-display":"","ast-hfb-mobile-header-display":"","site-post-title":"","ast-breadcrumbs-content":"","ast-featured-img":"","footer-sml-layout":"","ast-disable-related-posts":"","theme-transparent-header-meta":"default","adv-header-id-meta":"","stick-header-meta":"","header-above-stick-meta":"","header-main-stick-meta":"","header-below-stick-meta":"","astra-migrate-meta-layouts":"default","ast-page-background-enabled":"default","ast-page-background-meta":{"desktop":{"background-color":"var(--ast-global-color-4)","background-image":"","background-repeat":"repeat","background-position":"center center","background-size":"auto","background-attachment":"scroll","background-type":"","background-media":"","overlay-type":"","overlay-color":"","overlay-opacity":"","overlay-gradient":""},"tablet":{"background-color":"","background-image":"","background-repeat":"repeat","background-position":"center center","background-size":"auto","background-attachment":"scroll","background-type":"","background-media":"","overlay-type":"","overlay-color":"","overlay-opacity":"","overlay-gradient":""},"mobile":{"background-color":"","background-image":"","background-repeat":"repeat","background-position":"center center","background-size":"auto","background-attachment":"scroll","background-type":"","background-media":"","overlay-type":"","overlay-color":"","overlay-opacity":"","overlay-gradient":""}},"ast-content-background-meta":{"desktop":{"background-color":"var(--ast-global-color-5)","background-image":"","background-repeat":"repeat","background-position":"center center","background-size":"auto","background-attachment":"scroll","background-type":"","background-media":"","overlay-type":"","overlay-color":"","overlay-opacity":"","overlay-gradient":""},"tablet":{"background-color":"var(--ast-global-color-5)","background-image":"","background-repeat":"repeat","background-position":"center center","background-size":"auto","background-attachment":"scroll","background-type":"","background-media":"","overlay-type":"","overlay-color":"","overlay-opacity":"","overlay-gradient":""},"mobile":{"background-color":"var(--ast-global-color-5)","background-image":"","background-repeat":"repeat","background-position":"center center","background-size":"auto","background-attachment":"scroll","background-type":"","background-media":"","overlay-type":"","overlay-color":"","overlay-opacity":"","overlay-gradient":""}}},"product_brand":[1292],"product_cat":[848],"product_tag":[],"class_list":{"0":"post-21203","1":"product","2":"type-product","3":"status-publish","4":"has-post-thumbnail","6":"product_brand-dona-felisa","7":"product_cat-rose-wine-en","8":"desktop-align-left","9":"tablet-align-left","10":"mobile-align-left","12":"first","13":"instock","14":"taxable","15":"shipping-taxable","16":"purchasable","17":"product-type-simple"},"_links":{"self":[{"href":"https:\/\/andalubox.com\/en\/wp-json\/wp\/v2\/product\/21203","targetHints":{"allow":["GET"]}}],"collection":[{"href":"https:\/\/andalubox.com\/en\/wp-json\/wp\/v2\/product"}],"about":[{"href":"https:\/\/andalubox.com\/en\/wp-json\/wp\/v2\/types\/product"}],"replies":[{"embeddable":true,"href":"https:\/\/andalubox.com\/en\/wp-json\/wp\/v2\/comments?post=21203"}],"wp:featuredmedia":[{"embeddable":true,"href":"https:\/\/andalubox.com\/en\/wp-json\/wp\/v2\/media\/21216"}],"wp:attachment":[{"href":"https:\/\/andalubox.com\/en\/wp-json\/wp\/v2\/media?parent=21203"}],"wp:term":[{"taxonomy":"product_brand","embeddable":true,"href":"https:\/\/andalubox.com\/en\/wp-json\/wp\/v2\/product_brand?post=21203"},{"taxonomy":"product_cat","embeddable":true,"href":"https:\/\/andalubox.com\/en\/wp-json\/wp\/v2\/product_cat?post=21203"},{"taxonomy":"product_tag","embeddable":true,"href":"https:\/\/andalubox.com\/en\/wp-json\/wp\/v2\/product_tag?post=21203"}],"curies":[{"name":"wp","href":"https:\/\/api.w.org\/{rel}","templated":true}]}}