{"id":20648,"date":"2025-05-12T13:41:46","date_gmt":"2025-05-12T11:41:46","guid":{"rendered":"https:\/\/andalubox.com\/producto-andaluz\/port-of-indies-gin-strawberry-0-0-75cl\/"},"modified":"2026-02-25T16:47:54","modified_gmt":"2026-02-25T15:47:54","slug":"puerto-de-indias-gin-fresa-00-75cl","status":"publish","type":"product","link":"https:\/\/andalubox.com\/en\/producto-andaluz\/port-of-indies-gin-strawberry-0-0-75cl\/","title":{"rendered":"Puerto de Indias Gin de Fresa 0,0% Alcohol de Sevilla 70cl"},"content":{"rendered":"<p>Puerto de Indias Gin de Fresa 0,0% Alcohol de Sevilla 70cl<\/p>\r\n<p>La <b>Puerto de Indias Gin de Fresa 0,0% Alcohol de Sevilla<\/b> es la versi\u00f3n sin alcohol de la famosa ginebra de fresa que revolucion\u00f3 el mercado. Mantiene el perfil de sabor ic\u00f3nico de la marca sevillana, ofreciendo una alternativa refrescante y baja en calor\u00edas.<\/p>\r\n<p>Es una <b>bebida aromatizada sin alcohol<\/b> con el inconfundible sabor a fresa.<\/p>\r\n<p>Ficha del Producto<\/p>\r\n<div class=\"horizontal-scroll-wrapper\">\r\n<div class=\"table-block-component\">\r\n<div class=\"table-block has-export-button\">\r\n<div class=\"table-content not-end-of-paragraph\">\r\n<table>\r\n<thead>\r\n<tr>\r\n<td>Caracter\u00edstica<\/td>\r\n<td>Detalle<\/td>\r\n<\/tr>\r\n<\/thead>\r\n<tbody>\r\n<tr>\r\n<td><b>Producto<\/b><\/td>\r\n<td>Bebida Aromatizada sin Alcohol<\/td>\r\n<\/tr>\r\n<tr>\r\n<td><b>Marca \/ Productor<\/b><\/td>\r\n<td><b>Puerto de Indias<\/b> (Los Alcores de Carmona S.L.)<\/td>\r\n<\/tr>\r\n<tr>\r\n<td><b>Origen<\/b><\/td>\r\n<td>Carmona, <b>Sevilla<\/b> (Espa\u00f1a)<\/td>\r\n<\/tr>\r\n<tr>\r\n<td><b>Contenido Alcoh\u00f3lico<\/b><\/td>\r\n<td><b>0,0% Vol.<\/b> (Sin alcohol)<\/td>\r\n<\/tr>\r\n<tr>\r\n<td><b>Formato<\/b><\/td>\r\n<td>Botella de <b>70 cl<\/b>.<\/td>\r\n<\/tr>\r\n<tr>\r\n<td><b>Sabor Principal<\/b><\/td>\r\n<td><b>Fresa Natural<\/b> (fresas de Huelva) y notas de <b>Enebro<\/b>.<\/td>\r\n<\/tr>\r\n<tr>\r\n<td><b>Color<\/b><\/td>\r\n<td><b>Transparente<\/b> (aunque la versi\u00f3n original es rosa, el pigmento natural de la fresa no se mantiene en la base sin alcohol).<\/td>\r\n<\/tr>\r\n<\/tbody>\r\n<\/table>\r\n<\/div>\r\n<\/div>\r\n<\/div>\r\n<\/div>\r\n<p><strong>Puerto de Indias presenta su innovadora Puerto de Indias Fresa 0,0: sin alcohol, pero con todo el sabor. Con Puerto de Indias 0,0 se redefine el placer sin alcohol. Adem\u00e1s, es una bebida sin az\u00facares, vegana y con solo 9,2 Kcal por copa<\/strong><\/p>\r\n<p>La marca sevillana, que revolucion\u00f3 el mercado con\u00a0<strong>la primera ginebra de fresas naturales del mundo<\/strong>, sorprende con la nueva versi\u00f3n de\u00a0<strong>Puerto de Indias 0,0: Sin alcohol, pero con su inconfundible sabor.<\/strong><\/p>\r\n<p>Andalubox recomienda comprar Ginebra de Sevilla.<\/p>\r\n<p>Andalubox recomienda comprar Ginebra de Sevilla.<\/p>","protected":false},"excerpt":{"rendered":"<p>Puerto de Indias Gin de Fresa 0,0% Alcohol de Sevilla 70cl ahora en toda Europa!<\/p>\n","protected":false},"featured_media":20645,"comment_status":"open","ping_status":"closed","template":"","meta":{"site-sidebar-layout":"default","site-content-layout":"","ast-site-content-layout":"default","site-content-style":"default","site-sidebar-style":"default","ast-global-header-display":"","ast-banner-title-visibility":"","ast-main-header-display":"","ast-hfb-above-header-display":"","ast-hfb-below-header-display":"","ast-hfb-mobile-header-display":"","site-post-title":"","ast-breadcrumbs-content":"","ast-featured-img":"","footer-sml-layout":"","ast-disable-related-posts":"","theme-transparent-header-meta":"default","adv-header-id-meta":"","stick-header-meta":"","header-above-stick-meta":"","header-main-stick-meta":"","header-below-stick-meta":"","astra-migrate-meta-layouts":"default","ast-page-background-enabled":"default","ast-page-background-meta":{"desktop":{"background-color":"var(--ast-global-color-4)","background-image":"","background-repeat":"repeat","background-position":"center center","background-size":"auto","background-attachment":"scroll","background-type":"","background-media":"","overlay-type":"","overlay-color":"","overlay-opacity":"","overlay-gradient":""},"tablet":{"background-color":"","background-image":"","background-repeat":"repeat","background-position":"center center","background-size":"auto","background-attachment":"scroll","background-type":"","background-media":"","overlay-type":"","overlay-color":"","overlay-opacity":"","overlay-gradient":""},"mobile":{"background-color":"","background-image":"","background-repeat":"repeat","background-position":"center center","background-size":"auto","background-attachment":"scroll","background-type":"","background-media":"","overlay-type":"","overlay-color":"","overlay-opacity":"","overlay-gradient":""}},"ast-content-background-meta":{"desktop":{"background-color":"var(--ast-global-color-5)","background-image":"","background-repeat":"repeat","background-position":"center center","background-size":"auto","background-attachment":"scroll","background-type":"","background-media":"","overlay-type":"","overlay-color":"","overlay-opacity":"","overlay-gradient":""},"tablet":{"background-color":"var(--ast-global-color-5)","background-image":"","background-repeat":"repeat","background-position":"center center","background-size":"auto","background-attachment":"scroll","background-type":"","background-media":"","overlay-type":"","overlay-color":"","overlay-opacity":"","overlay-gradient":""},"mobile":{"background-color":"var(--ast-global-color-5)","background-image":"","background-repeat":"repeat","background-position":"center center","background-size":"auto","background-attachment":"scroll","background-type":"","background-media":"","overlay-type":"","overlay-color":"","overlay-opacity":"","overlay-gradient":""}}},"product_brand":[1327],"product_cat":[1722,305],"product_tag":[],"class_list":{"0":"post-20648","1":"product","2":"type-product","3":"status-publish","4":"has-post-thumbnail","6":"product_brand-puerto-de-indias","7":"product_cat-ginebra-2-en","8":"product_cat-news","9":"desktop-align-left","10":"tablet-align-left","11":"mobile-align-left","13":"first","14":"instock","15":"taxable","16":"shipping-taxable","17":"purchasable","18":"product-type-simple"},"_links":{"self":[{"href":"https:\/\/andalubox.com\/en\/wp-json\/wp\/v2\/product\/20648","targetHints":{"allow":["GET"]}}],"collection":[{"href":"https:\/\/andalubox.com\/en\/wp-json\/wp\/v2\/product"}],"about":[{"href":"https:\/\/andalubox.com\/en\/wp-json\/wp\/v2\/types\/product"}],"replies":[{"embeddable":true,"href":"https:\/\/andalubox.com\/en\/wp-json\/wp\/v2\/comments?post=20648"}],"wp:featuredmedia":[{"embeddable":true,"href":"https:\/\/andalubox.com\/en\/wp-json\/wp\/v2\/media\/20645"}],"wp:attachment":[{"href":"https:\/\/andalubox.com\/en\/wp-json\/wp\/v2\/media?parent=20648"}],"wp:term":[{"taxonomy":"product_brand","embeddable":true,"href":"https:\/\/andalubox.com\/en\/wp-json\/wp\/v2\/product_brand?post=20648"},{"taxonomy":"product_cat","embeddable":true,"href":"https:\/\/andalubox.com\/en\/wp-json\/wp\/v2\/product_cat?post=20648"},{"taxonomy":"product_tag","embeddable":true,"href":"https:\/\/andalubox.com\/en\/wp-json\/wp\/v2\/product_tag?post=20648"}],"curies":[{"name":"wp","href":"https:\/\/api.w.org\/{rel}","templated":true}]}}