{"id":20464,"date":"2025-04-28T12:10:35","date_gmt":"2025-04-28T10:10:35","guid":{"rendered":"https:\/\/andalubox.com\/producto-andaluz\/larios-gin-seville-fair-2025-1l\/"},"modified":"2026-02-25T16:47:58","modified_gmt":"2026-02-25T15:47:58","slug":"larios-gin-feria-sevilla-2025-1l","status":"publish","type":"product","link":"https:\/\/andalubox.com\/en\/producto-andaluz\/larios-gin-seville-fair-2025-1l\/","title":{"rendered":"Larios Gin Ed. Feria Sevilla 2025, 1L"},"content":{"rendered":"<div class=\"node-section-wrapper extra body\">\r\n<div class=\"clearfix text-formatted field field--name-body field--type-text-with-summary field--label-hidden field__item\">\r\n<p>Larios Gin Ed. Feria Sevilla 2025, 1L<\/p>\r\n<p><strong>Larios Edici\u00f3n Feria Sevilla 2025 de Inspiraci\u00f3n Meditter\u00e1nea<\/strong><\/p>\r\n<p><strong>Descripci\u00f3n: Larios Dry Gin<\/strong>\u00a0encarna la esencia del Mediterr\u00e1neo a trav\u00e9s de su perfil de sabor refrescante complementado con flores de azahar y una mezcla de c\u00edtricos y bayas de enebro. A trav\u00e9s de una\u00a0<strong>doble destilaci\u00f3n \u00fanica\u00a0<\/strong>de bayas de enebro silvestre e ingredientes naturales seleccionados, Larios Dry obtiene su sabor limpio y seco con delicados aromas c\u00edtricos.<\/p>\r\n<p><strong>Elaboraci\u00f3n<\/strong>: <span style=\"font-size: 16px;\">Doble destilaci\u00f3n\u00a0de bayas de enebro silvestre e ingredientes naturales seleccionados en alambiques de cobre tradicionales.\u00a0 Anterior maceraci\u00f3n de bayas de enebro, naranjas y limones del Mediterr\u00e1neo.<\/span><\/p>\r\n<p><strong>Cata: Nariz: <\/strong><span style=\"font-size: 16px;\">Aromas ligeros, afrutados con una combinaci\u00f3n de enebro y naranja con un toque de especias.\u00a0<strong>Boca: <\/strong><\/span><span style=\"font-size: 16px;\">Limpio, suave y seco. Sabores de c\u00e1scara de naranja amarga y de lim\u00f3n y enebro. Las frutas evolucionan hacia notas especiadas.<\/span><\/p>\r\n<div class=\"field field--name-field-mouth field--type-string-long field--label-above\">\u00a0<\/div>\r\n<div class=\"node-section-wrapper extra tasting collapsible-mobile-content\">\u00a0<\/div>\r\n<\/div>\r\n<\/div>\r\n<div id=\"product-details\" class=\"node-section-wrapper extra id-product-details collapsible-mobile-content\">\u00a0<\/div>","protected":false},"excerpt":{"rendered":"<p>Larios Gin Ed. Feria Sevilla 2025, 1L Larios Edici\u00f3n Feria Sevilla 2025 de Inspiraci\u00f3n Meditter\u00e1nea Descripci\u00f3n: Larios Dry Gin\u00a0encarna la esencia del Mediterr\u00e1neo a trav\u00e9s de su perfil de sabor refrescante complementado con flores de azahar y una mezcla de c\u00edtricos y bayas de enebro. A trav\u00e9s de una\u00a0doble destilaci\u00f3n \u00fanica\u00a0de bayas de enebro silvestre [&hellip;]<\/p>\n","protected":false},"featured_media":26257,"comment_status":"open","ping_status":"closed","template":"","meta":{"site-sidebar-layout":"default","site-content-layout":"","ast-site-content-layout":"default","site-content-style":"default","site-sidebar-style":"default","ast-global-header-display":"","ast-banner-title-visibility":"","ast-main-header-display":"","ast-hfb-above-header-display":"","ast-hfb-below-header-display":"","ast-hfb-mobile-header-display":"","site-post-title":"","ast-breadcrumbs-content":"","ast-featured-img":"","footer-sml-layout":"","ast-disable-related-posts":"","theme-transparent-header-meta":"default","adv-header-id-meta":"","stick-header-meta":"","header-above-stick-meta":"","header-main-stick-meta":"","header-below-stick-meta":"","astra-migrate-meta-layouts":"default","ast-page-background-enabled":"default","ast-page-background-meta":{"desktop":{"background-color":"var(--ast-global-color-4)","background-image":"","background-repeat":"repeat","background-position":"center center","background-size":"auto","background-attachment":"scroll","background-type":"","background-media":"","overlay-type":"","overlay-color":"","overlay-opacity":"","overlay-gradient":""},"tablet":{"background-color":"","background-image":"","background-repeat":"repeat","background-position":"center center","background-size":"auto","background-attachment":"scroll","background-type":"","background-media":"","overlay-type":"","overlay-color":"","overlay-opacity":"","overlay-gradient":""},"mobile":{"background-color":"","background-image":"","background-repeat":"repeat","background-position":"center center","background-size":"auto","background-attachment":"scroll","background-type":"","background-media":"","overlay-type":"","overlay-color":"","overlay-opacity":"","overlay-gradient":""}},"ast-content-background-meta":{"desktop":{"background-color":"var(--ast-global-color-5)","background-image":"","background-repeat":"repeat","background-position":"center center","background-size":"auto","background-attachment":"scroll","background-type":"","background-media":"","overlay-type":"","overlay-color":"","overlay-opacity":"","overlay-gradient":""},"tablet":{"background-color":"var(--ast-global-color-5)","background-image":"","background-repeat":"repeat","background-position":"center center","background-size":"auto","background-attachment":"scroll","background-type":"","background-media":"","overlay-type":"","overlay-color":"","overlay-opacity":"","overlay-gradient":""},"mobile":{"background-color":"var(--ast-global-color-5)","background-image":"","background-repeat":"repeat","background-position":"center center","background-size":"auto","background-attachment":"scroll","background-type":"","background-media":"","overlay-type":"","overlay-color":"","overlay-opacity":"","overlay-gradient":""}}},"product_brand":[1192],"product_cat":[1722,305],"product_tag":[],"class_list":{"0":"post-20464","1":"product","2":"type-product","3":"status-publish","4":"has-post-thumbnail","6":"product_brand-larios","7":"product_cat-ginebra-2-en","8":"product_cat-news","9":"desktop-align-left","10":"tablet-align-left","11":"mobile-align-left","13":"first","14":"outofstock","15":"taxable","16":"shipping-taxable","17":"purchasable","18":"product-type-simple"},"_links":{"self":[{"href":"https:\/\/andalubox.com\/en\/wp-json\/wp\/v2\/product\/20464","targetHints":{"allow":["GET"]}}],"collection":[{"href":"https:\/\/andalubox.com\/en\/wp-json\/wp\/v2\/product"}],"about":[{"href":"https:\/\/andalubox.com\/en\/wp-json\/wp\/v2\/types\/product"}],"replies":[{"embeddable":true,"href":"https:\/\/andalubox.com\/en\/wp-json\/wp\/v2\/comments?post=20464"}],"wp:featuredmedia":[{"embeddable":true,"href":"https:\/\/andalubox.com\/en\/wp-json\/wp\/v2\/media\/26257"}],"wp:attachment":[{"href":"https:\/\/andalubox.com\/en\/wp-json\/wp\/v2\/media?parent=20464"}],"wp:term":[{"taxonomy":"product_brand","embeddable":true,"href":"https:\/\/andalubox.com\/en\/wp-json\/wp\/v2\/product_brand?post=20464"},{"taxonomy":"product_cat","embeddable":true,"href":"https:\/\/andalubox.com\/en\/wp-json\/wp\/v2\/product_cat?post=20464"},{"taxonomy":"product_tag","embeddable":true,"href":"https:\/\/andalubox.com\/en\/wp-json\/wp\/v2\/product_tag?post=20464"}],"curies":[{"name":"wp","href":"https:\/\/api.w.org\/{rel}","templated":true}]}}