{"id":20401,"date":"2025-04-24T11:14:42","date_gmt":"2025-04-24T09:14:42","guid":{"rendered":"https:\/\/andalubox.com\/producto-andaluz\/garcia-de-la-jara-cadiz-red-75cl\/"},"modified":"2025-09-19T20:07:51","modified_gmt":"2025-09-19T18:07:51","slug":"garcia-de-la-jara-cadiz-red-75cl","status":"publish","type":"product","link":"https:\/\/andalubox.com\/en\/producto-andaluz\/garcia-de-la-jara-cadiz-red-75cl\/","title":{"rendered":"Garc\u00eda de la Jara Red Wine from C\u00e1diz 75cl"},"content":{"rendered":"<p>Garc\u00eda de la Jara Red Wine from C\u00e1diz 75cl<\/p>\n<p><strong>VARIETIES<\/strong>: Petit Verdot (40%), Tannat (30%), Tintilla de Rota (30%)<\/p>\n<p><strong>VINEYARD: <\/strong>The two hectares of vineyards are less than 100 meters from La Jara Beach in Sanl\u00facar. Being so close to the sea, the soil is sandy and there is a microclimate of fresh, salty air. About 20 years ago, one hectare of Muscat free-standing vineyard was over-grafted with the Cadiz Tintilla de Rota and Atlantic Tannat varieties. The remaining hectare was planted with Petit Verdot fifteen years ago.   <\/p>\n<p><strong>VITICULTURE: <\/strong>Organic viticulture has always been done on the estate, now, we also have Organic Certification. The vineyard is home to a lot of local wildlife, including chameleons, and it is not uncommon to find birds&#8217; nests among the vines. <\/p>\n<p><strong>VINIFICATION: <\/strong>The grapes are picked by hand at night, we use head flashlights! The Petit Verdot grapes arrive first, usually followed a week or two later by the other varieties. The grapes are hand sorted and destemmed, then macerated in stainless steel tanks for a few days until fermentation with natural yeasts takes place. After malolactic fermentation, also spontaneous, the different varietals are blended. The wine is then transferred to second-use Bordeaux barrels where it rests for 6 months to soften some of the grape tannins. Bottling is done without fining or filtering. The wine is kept in bottle for about 6 months before release.      <\/p>\n<p><strong>Red wine with sea flavor<\/strong><\/p>\n<p><strong>TASTING NOTES: <\/strong>Smooth and silky, plums, chocolate and cedar on the nose. Fresh fruit, balsamic and herbal notes. Mineral and saline on the finish.  <\/p>\n<p class=\"CDt4Ke zfr3Q\" dir=\"ltr\"><strong>Aroma: <\/strong>Reserved at first, it gradually unfolds a whole range of complex and subtle aromas. Notes of plums, citrus and fresh tones, complemented by chocolate, ripe red fruit, vanilla, tobacco and cedar. <\/p>\n<div class=\"et_pb_module et_pb_wc_description et_pb_wc_description_0_tb_body et_pb_bg_layout_light et_pb_text_align_left\">\n<div class=\"et_pb_module_inner\">\n<p class=\"CDt4Ke zfr3Q\" dir=\"ltr\"><strong>Palate: <\/strong>First impact creamy, round and deep. Firm structure and tannin throughout the mouth until the finish, where it meets again with chocolate and ripe black fruit. <\/p>\n<\/div>\n<\/div>\n<div class=\"et_pb_module et_pb_wc_meta et_pb_wc_meta_0_tb_body et_pb_bg_layout_ et_pb_wc_meta_layout_inline\">\n<div class=\"et_pb_module_inner\">\n<div class=\"product_meta\"> <\/div>\n<\/div>\n<\/div>","protected":false},"excerpt":{"rendered":"<p>Garc\u00eda de la Jara Red Wine from C\u00e1diz 75cl all over Europe<\/p>\n","protected":false},"featured_media":20398,"comment_status":"open","ping_status":"closed","template":"","meta":{"site-sidebar-layout":"default","site-content-layout":"","ast-site-content-layout":"default","site-content-style":"default","site-sidebar-style":"default","ast-global-header-display":"","ast-banner-title-visibility":"","ast-main-header-display":"","ast-hfb-above-header-display":"","ast-hfb-below-header-display":"","ast-hfb-mobile-header-display":"","site-post-title":"","ast-breadcrumbs-content":"","ast-featured-img":"","footer-sml-layout":"","ast-disable-related-posts":"","theme-transparent-header-meta":"default","adv-header-id-meta":"","stick-header-meta":"","header-above-stick-meta":"","header-main-stick-meta":"","header-below-stick-meta":"","astra-migrate-meta-layouts":"default","ast-page-background-enabled":"default","ast-page-background-meta":{"desktop":{"background-color":"var(--ast-global-color-4)","background-image":"","background-repeat":"repeat","background-position":"center center","background-size":"auto","background-attachment":"scroll","background-type":"","background-media":"","overlay-type":"","overlay-color":"","overlay-opacity":"","overlay-gradient":""},"tablet":{"background-color":"","background-image":"","background-repeat":"repeat","background-position":"center center","background-size":"auto","background-attachment":"scroll","background-type":"","background-media":"","overlay-type":"","overlay-color":"","overlay-opacity":"","overlay-gradient":""},"mobile":{"background-color":"","background-image":"","background-repeat":"repeat","background-position":"center center","background-size":"auto","background-attachment":"scroll","background-type":"","background-media":"","overlay-type":"","overlay-color":"","overlay-opacity":"","overlay-gradient":""}},"ast-content-background-meta":{"desktop":{"background-color":"var(--ast-global-color-5)","background-image":"","background-repeat":"repeat","background-position":"center center","background-size":"auto","background-attachment":"scroll","background-type":"","background-media":"","overlay-type":"","overlay-color":"","overlay-opacity":"","overlay-gradient":""},"tablet":{"background-color":"var(--ast-global-color-5)","background-image":"","background-repeat":"repeat","background-position":"center center","background-size":"auto","background-attachment":"scroll","background-type":"","background-media":"","overlay-type":"","overlay-color":"","overlay-opacity":"","overlay-gradient":""},"mobile":{"background-color":"var(--ast-global-color-5)","background-image":"","background-repeat":"repeat","background-position":"center center","background-size":"auto","background-attachment":"scroll","background-type":"","background-media":"","overlay-type":"","overlay-color":"","overlay-opacity":"","overlay-gradient":""}}},"product_brand":[1325],"product_cat":[274],"product_tag":[],"class_list":{"0":"post-20401","1":"product","2":"type-product","3":"status-publish","4":"has-post-thumbnail","6":"product_brand-garcia-de-la-jara","7":"product_cat-red-wine","8":"desktop-align-left","9":"tablet-align-left","10":"mobile-align-left","12":"first","13":"instock","14":"taxable","15":"shipping-taxable","16":"purchasable","17":"product-type-simple"},"_links":{"self":[{"href":"https:\/\/andalubox.com\/en\/wp-json\/wp\/v2\/product\/20401","targetHints":{"allow":["GET"]}}],"collection":[{"href":"https:\/\/andalubox.com\/en\/wp-json\/wp\/v2\/product"}],"about":[{"href":"https:\/\/andalubox.com\/en\/wp-json\/wp\/v2\/types\/product"}],"replies":[{"embeddable":true,"href":"https:\/\/andalubox.com\/en\/wp-json\/wp\/v2\/comments?post=20401"}],"wp:featuredmedia":[{"embeddable":true,"href":"https:\/\/andalubox.com\/en\/wp-json\/wp\/v2\/media\/20398"}],"wp:attachment":[{"href":"https:\/\/andalubox.com\/en\/wp-json\/wp\/v2\/media?parent=20401"}],"wp:term":[{"taxonomy":"product_brand","embeddable":true,"href":"https:\/\/andalubox.com\/en\/wp-json\/wp\/v2\/product_brand?post=20401"},{"taxonomy":"product_cat","embeddable":true,"href":"https:\/\/andalubox.com\/en\/wp-json\/wp\/v2\/product_cat?post=20401"},{"taxonomy":"product_tag","embeddable":true,"href":"https:\/\/andalubox.com\/en\/wp-json\/wp\/v2\/product_tag?post=20401"}],"curies":[{"name":"wp","href":"https:\/\/api.w.org\/{rel}","templated":true}]}}