{"id":20283,"date":"2025-04-24T10:02:38","date_gmt":"2025-04-24T08:02:38","guid":{"rendered":"https:\/\/andalubox.com\/producto-andaluz\/la-sanluquena-manzanilla-d-o-p-75cl\/"},"modified":"2025-09-19T22:54:36","modified_gmt":"2025-09-19T20:54:36","slug":"la-sanluquena-manzanilla-d-o-p-75cl","status":"publish","type":"product","link":"https:\/\/andalubox.com\/en\/producto-andaluz\/la-sanluquena-manzanilla-d-o-p-75cl\/","title":{"rendered":"La Sanluque\u00f1a Manzanilla D.O.P. Sanl\u00facar de Barrameda, 75cl"},"content":{"rendered":"<p>La Sanluque\u00f1a Manzanilla D.O.P. Sanl\u00facar de Barrameda, 75cl<\/p>\n<p><b>La Sanluque\u00f1a Manzanilla D.O.P. Sanl\u00facar de Barrameda<\/b> is an excellent example of this generous wine, produced by Bodegas Caydsa.<\/p>\n<p>Here is a breakdown of its main features:<\/p>\n<ul>\n\t<li>\n<p><b>Type of wine:<\/b> Manzanilla, which is a type of sherry wine.<\/p>\n<\/li>\n\t<li>\n<p><b>Protected Designation of Origin (PDO):<\/b> Manzanilla &#8211; Sanl\u00facar de Barrameda. This denomination guarantees that the wine has been produced exclusively in the wineries of Sanl\u00facar de Barrameda, where the coastal climate and biological aging under the &#8220;veil of flor&#8221; give it its unique character. <\/p>\n<\/li>\n\t<li>\n<p><b>Grapes:<\/b> 100% Palomino Fino, the main variety of the region.<\/p>\n<\/li>\n\t<li>\n<p><b>Alcoholic graduation:<\/b> It is usually around 15% Vol.<\/p>\n<\/li>\n\t<li>\n<p><b>Winemaking:<\/b> It undergoes biological aging, a process in which a layer of yeast (the &#8220;flor&#8221;) forms on the surface of the wine in the barrels, protecting it from oxidation and giving it its distinctive aromas and flavors.<\/p>\n<\/li>\n\t<li>\n<p><b>Tasting notes:<\/b><\/p>\n<ul>\n\t<li>\n<p><b>Color:<\/b> Pale and bright yellow, with possible greenish or steely reflections.<\/p>\n<\/li>\n\t<li>\n<p><b>Aroma:<\/b> Intense and clean, with floral notes (often reminiscent of chamomile, hence its name), almonds, bakery and a marked saline character.<\/p>\n<\/li>\n\t<li>\n<p><b>Taste:<\/b> It is a dry and fresh wine, with a smooth and agile palate. Its salinity is perceived and a slight acidity that makes it very refreshing. The finish is persistent and can have a bitter touch.  <\/p>\n<\/li>\n<\/ul>\n<\/li>\n\t<li>\n<p><b>Pairing:<\/b><\/p>\n<ul>\n\t<li>\n<p>It is a perfect wine for aperitifs and to accompany a wide variety of tapas.<\/p>\n<\/li>\n\t<li>\n<p>Its ideal combination is with <b>seafood and fish<\/b>, especially those of the area such as prawns from Sanl\u00facar and &#8220;pesca\u00edto frito&#8221; (fried fish).<\/p>\n<\/li>\n\t<li>\n<p>It also pairs very well with Iberian ham, fresh or goat cheeses, olives and preserves (mojama, anchovies, etc.).<\/p>\n<\/li>\n<\/ul>\n<\/li>\n<\/ul>\n<p>Sanluque\u00f1a, like other manzanillas, is a wine best enjoyed chilled to appreciate its freshness and complexity.<\/p>","protected":false},"excerpt":{"rendered":"<p>La Sanluque\u00f1a Manzanilla PDO Sanl\u00facar de Barrameda, 75cl throughout Europe.<\/p>\n","protected":false},"featured_media":31010,"comment_status":"open","ping_status":"closed","template":"","meta":{"site-sidebar-layout":"default","site-content-layout":"","ast-site-content-layout":"default","site-content-style":"default","site-sidebar-style":"default","ast-global-header-display":"","ast-banner-title-visibility":"","ast-main-header-display":"","ast-hfb-above-header-display":"","ast-hfb-below-header-display":"","ast-hfb-mobile-header-display":"","site-post-title":"","ast-breadcrumbs-content":"","ast-featured-img":"","footer-sml-layout":"","ast-disable-related-posts":"","theme-transparent-header-meta":"default","adv-header-id-meta":"","stick-header-meta":"","header-above-stick-meta":"","header-main-stick-meta":"","header-below-stick-meta":"","astra-migrate-meta-layouts":"default","ast-page-background-enabled":"default","ast-page-background-meta":{"desktop":{"background-color":"var(--ast-global-color-4)","background-image":"","background-repeat":"repeat","background-position":"center center","background-size":"auto","background-attachment":"scroll","background-type":"","background-media":"","overlay-type":"","overlay-color":"","overlay-opacity":"","overlay-gradient":""},"tablet":{"background-color":"","background-image":"","background-repeat":"repeat","background-position":"center center","background-size":"auto","background-attachment":"scroll","background-type":"","background-media":"","overlay-type":"","overlay-color":"","overlay-opacity":"","overlay-gradient":""},"mobile":{"background-color":"","background-image":"","background-repeat":"repeat","background-position":"center center","background-size":"auto","background-attachment":"scroll","background-type":"","background-media":"","overlay-type":"","overlay-color":"","overlay-opacity":"","overlay-gradient":""}},"ast-content-background-meta":{"desktop":{"background-color":"var(--ast-global-color-5)","background-image":"","background-repeat":"repeat","background-position":"center center","background-size":"auto","background-attachment":"scroll","background-type":"","background-media":"","overlay-type":"","overlay-color":"","overlay-opacity":"","overlay-gradient":""},"tablet":{"background-color":"var(--ast-global-color-5)","background-image":"","background-repeat":"repeat","background-position":"center center","background-size":"auto","background-attachment":"scroll","background-type":"","background-media":"","overlay-type":"","overlay-color":"","overlay-opacity":"","overlay-gradient":""},"mobile":{"background-color":"var(--ast-global-color-5)","background-image":"","background-repeat":"repeat","background-position":"center center","background-size":"auto","background-attachment":"scroll","background-type":"","background-media":"","overlay-type":"","overlay-color":"","overlay-opacity":"","overlay-gradient":""}}},"product_brand":[1321],"product_cat":[],"product_tag":[],"class_list":{"0":"post-20283","1":"product","2":"type-product","3":"status-publish","4":"has-post-thumbnail","6":"product_brand-bodegas-juan-pinero","7":"desktop-align-left","8":"tablet-align-left","9":"mobile-align-left","11":"first","12":"instock","13":"taxable","14":"shipping-taxable","15":"purchasable","16":"product-type-simple"},"_links":{"self":[{"href":"https:\/\/andalubox.com\/en\/wp-json\/wp\/v2\/product\/20283","targetHints":{"allow":["GET"]}}],"collection":[{"href":"https:\/\/andalubox.com\/en\/wp-json\/wp\/v2\/product"}],"about":[{"href":"https:\/\/andalubox.com\/en\/wp-json\/wp\/v2\/types\/product"}],"replies":[{"embeddable":true,"href":"https:\/\/andalubox.com\/en\/wp-json\/wp\/v2\/comments?post=20283"}],"wp:featuredmedia":[{"embeddable":true,"href":"https:\/\/andalubox.com\/en\/wp-json\/wp\/v2\/media\/31010"}],"wp:attachment":[{"href":"https:\/\/andalubox.com\/en\/wp-json\/wp\/v2\/media?parent=20283"}],"wp:term":[{"taxonomy":"product_brand","embeddable":true,"href":"https:\/\/andalubox.com\/en\/wp-json\/wp\/v2\/product_brand?post=20283"},{"taxonomy":"product_cat","embeddable":true,"href":"https:\/\/andalubox.com\/en\/wp-json\/wp\/v2\/product_cat?post=20283"},{"taxonomy":"product_tag","embeddable":true,"href":"https:\/\/andalubox.com\/en\/wp-json\/wp\/v2\/product_tag?post=20283"}],"curies":[{"name":"wp","href":"https:\/\/api.w.org\/{rel}","templated":true}]}}