{"id":20125,"date":"2025-04-22T10:54:54","date_gmt":"2025-04-22T08:54:54","guid":{"rendered":"https:\/\/andalubox.com\/producto-andaluz\/apple-rives-non-alcoholic-70cl\/"},"modified":"2026-02-25T16:08:39","modified_gmt":"2026-02-25T15:08:39","slug":"rives-manzana-sin-alcohol-70cl","status":"publish","type":"product","link":"https:\/\/andalubox.com\/en\/producto-andaluz\/apple-rives-non-alcoholic-70cl\/","title":{"rendered":"Rives de Manzana Sin Alcohol de El Puerto de Santa Mar\u00eda 70cl"},"content":{"rendered":"<h2><strong style=\"font-size: 16px;\">Rives de Manzana Sin Alcohol de El Puerto de Santa Mar\u00eda 70cl<\/strong><\/h2>\r\n<h2><strong style=\"font-size: 16px;\">Rives Manzana Verde Sin Alcohol <\/strong><span style=\"font-size: 16px;\">es un\u00a0licor que ha de servirse muy fr\u00edo o con hielo. Es una bebida id\u00f3nea para disfrutar en aperitivos o c\u00f3cteles. Est\u00e1 compuesto a base de agua, az\u00facar, zumo de manzana, acidulante, conservantes y colorante.<\/span><\/h2>\r\n<div class=\"vc_row wpb_row vc_row-fluid\">\r\n<div class=\"wpb_column vc_column_container vc_col-sm-12\">\r\n<div class=\"vc_column-inner\">\r\n<div class=\"wpb_wrapper\">\r\n<div class=\"wpb_text_column wpb_content_element \">\r\n<div class=\"wpb_wrapper\">\r\n<p>A la vista presenta tonos verde claro. Al olfato es intenso, con aromas frutales a manzana verde. Se aconseja degustarlo muy fr\u00edo o con hielo, as\u00ed como en\u00a0<strong>c\u00f3cteles o combinados<\/strong>, tanto en aperitivos como en sobremesas. Tambi\u00e9n se puede utilizar en recetas de postres. Sin alcohol.<\/p>\r\n<\/div>\r\n<\/div>\r\n<\/div>\r\n<\/div>\r\n<\/div>\r\n<\/div>","protected":false},"excerpt":{"rendered":"<p>Rives de Manzana Sin Alcohol de El Puerto de Santa Mar\u00eda 70cl Rives Manzana Verde Sin Alcohol es un\u00a0licor que ha de servirse muy fr\u00edo o con hielo. Es una bebida id\u00f3nea para disfrutar en aperitivos o c\u00f3cteles. Est\u00e1 compuesto a base de agua, az\u00facar, zumo de manzana, acidulante, conservantes y colorante. A la vista [&hellip;]<\/p>\n","protected":false},"featured_media":20118,"comment_status":"open","ping_status":"closed","template":"","meta":{"site-sidebar-layout":"default","site-content-layout":"","ast-site-content-layout":"default","site-content-style":"default","site-sidebar-style":"default","ast-global-header-display":"","ast-banner-title-visibility":"","ast-main-header-display":"","ast-hfb-above-header-display":"","ast-hfb-below-header-display":"","ast-hfb-mobile-header-display":"","site-post-title":"","ast-breadcrumbs-content":"","ast-featured-img":"","footer-sml-layout":"","ast-disable-related-posts":"","theme-transparent-header-meta":"default","adv-header-id-meta":"","stick-header-meta":"","header-above-stick-meta":"","header-main-stick-meta":"","header-below-stick-meta":"","astra-migrate-meta-layouts":"default","ast-page-background-enabled":"default","ast-page-background-meta":{"desktop":{"background-color":"var(--ast-global-color-4)","background-image":"","background-repeat":"repeat","background-position":"center center","background-size":"auto","background-attachment":"scroll","background-type":"","background-media":"","overlay-type":"","overlay-color":"","overlay-opacity":"","overlay-gradient":""},"tablet":{"background-color":"","background-image":"","background-repeat":"repeat","background-position":"center center","background-size":"auto","background-attachment":"scroll","background-type":"","background-media":"","overlay-type":"","overlay-color":"","overlay-opacity":"","overlay-gradient":""},"mobile":{"background-color":"","background-image":"","background-repeat":"repeat","background-position":"center center","background-size":"auto","background-attachment":"scroll","background-type":"","background-media":"","overlay-type":"","overlay-color":"","overlay-opacity":"","overlay-gradient":""}},"ast-content-background-meta":{"desktop":{"background-color":"var(--ast-global-color-5)","background-image":"","background-repeat":"repeat","background-position":"center center","background-size":"auto","background-attachment":"scroll","background-type":"","background-media":"","overlay-type":"","overlay-color":"","overlay-opacity":"","overlay-gradient":""},"tablet":{"background-color":"var(--ast-global-color-5)","background-image":"","background-repeat":"repeat","background-position":"center center","background-size":"auto","background-attachment":"scroll","background-type":"","background-media":"","overlay-type":"","overlay-color":"","overlay-opacity":"","overlay-gradient":""},"mobile":{"background-color":"var(--ast-global-color-5)","background-image":"","background-repeat":"repeat","background-position":"center center","background-size":"auto","background-attachment":"scroll","background-type":"","background-media":"","overlay-type":"","overlay-color":"","overlay-opacity":"","overlay-gradient":""}}},"product_brand":[1333],"product_cat":[1664],"product_tag":[],"class_list":{"0":"post-20125","1":"product","2":"type-product","3":"status-publish","4":"has-post-thumbnail","6":"product_brand-rives","7":"product_cat-cremas-y-licores-dulces-en","8":"desktop-align-left","9":"tablet-align-left","10":"mobile-align-left","12":"first","13":"instock","14":"taxable","15":"shipping-taxable","16":"purchasable","17":"product-type-simple"},"_links":{"self":[{"href":"https:\/\/andalubox.com\/en\/wp-json\/wp\/v2\/product\/20125","targetHints":{"allow":["GET"]}}],"collection":[{"href":"https:\/\/andalubox.com\/en\/wp-json\/wp\/v2\/product"}],"about":[{"href":"https:\/\/andalubox.com\/en\/wp-json\/wp\/v2\/types\/product"}],"replies":[{"embeddable":true,"href":"https:\/\/andalubox.com\/en\/wp-json\/wp\/v2\/comments?post=20125"}],"wp:featuredmedia":[{"embeddable":true,"href":"https:\/\/andalubox.com\/en\/wp-json\/wp\/v2\/media\/20118"}],"wp:attachment":[{"href":"https:\/\/andalubox.com\/en\/wp-json\/wp\/v2\/media?parent=20125"}],"wp:term":[{"taxonomy":"product_brand","embeddable":true,"href":"https:\/\/andalubox.com\/en\/wp-json\/wp\/v2\/product_brand?post=20125"},{"taxonomy":"product_cat","embeddable":true,"href":"https:\/\/andalubox.com\/en\/wp-json\/wp\/v2\/product_cat?post=20125"},{"taxonomy":"product_tag","embeddable":true,"href":"https:\/\/andalubox.com\/en\/wp-json\/wp\/v2\/product_tag?post=20125"}],"curies":[{"name":"wp","href":"https:\/\/api.w.org\/{rel}","templated":true}]}}