{"id":19984,"date":"2025-04-15T12:47:46","date_gmt":"2025-04-15T10:47:46","guid":{"rendered":"https:\/\/andalubox.com\/producto-andaluz\/son-villa-tequila-blanco-silver-2-glasses-import-200ml\/"},"modified":"2026-02-25T13:14:13","modified_gmt":"2026-02-25T12:14:13","slug":"hijo-villa-tequila-blanco-silver-2-vasos-import-200ml","status":"publish","type":"product","link":"https:\/\/andalubox.com\/en\/producto-andaluz\/son-villa-tequila-blanco-silver-2-glasses-import-200ml\/","title":{"rendered":"Hijo Villa Tequila Blanco Silver + 2 vasos Importado de M\u00e9xico 200ml"},"content":{"rendered":"<p><strong>Hijo Villa Tequila Blanco Silver + 2 vasos Importado de M\u00e9xico 200ml<\/strong><\/p>\r\n<p><strong>Hijos De Villa Blanco<\/strong>\u00a0es un\u00a0<strong>tequila<\/strong>\u00a0visualmente incoloro, limpio y brillante, con un sabor caracter\u00edstico del agave y con toques de dulzor; su aroma es suave y delicado con frescos matices de agave y ligera notas dulces, con un dise\u00f1o muy particular de su envase de vidrio de fabricaci\u00f3n artesanal en forma de pistola, dise\u00f1adas para coleccionista, premiado nacional e internacionalmente, que recuerda el orgullo brav\u00edo mexicano.<\/p>\r\n<div class=\"col-30\">\r\n<div class=\"info-content-description\">\r\n<p>El\u00a0<strong>Tequila Hijos De Villa Blanco<\/strong>\u00a0es un producto creado para conmemorar el centenario de la revoluci\u00f3n Mexicana, espec\u00edficamente la batalla librada por la divisi\u00f3n del norte en la toma de zacatecas en 1914, posee una graduaci\u00f3n 40%, ideal como\u00a0<strong>regalo<\/strong>\u00a0en una ocasi\u00f3n especial para alguien amante del\u00a0<strong>tequila<\/strong>. En\u00a0<strong>Topdrinks<\/strong>\u00a0te invitamos a degustar este excelente\u00a0<strong>Tequila Hijos De Villa Blanco<\/strong>, que incluye\u00a0<strong>2 vasos<\/strong>, contenido de 200 ml de volumen, edici\u00f3n limitada y de botellas numeradas, ahora en promoci\u00f3n y con el\u00a0<strong>mejor precio<\/strong>\u00a0del mercado.<b><\/b><\/p>\r\n<p>&nbsp;<\/p>\r\n<\/div>\r\n<\/div>\r\n<div class=\"col-40\">\r\n<div id=\"banner-slider3\" class=\"owl-carousel owl-banner-carousel owl-bottom-narrow owl-theme owl-loaded owl-drag\">\r\n<div class=\"owl-stage-outer\">\r\n<div class=\"owl-stage\">\r\n<div class=\"owl-item cloned\">\r\n<div class=\"item item-carrousel-products\"><a href=\"https:\/\/www.topdrinks.es\/tequila-hijos-de-villa-blanco-pistola-02l-estuche-2-vasos.html#\" target=\"_blank\" rel=\"noopener\"><img decoding=\"async\" src=\"https:\/\/www.topdrinks.es\/pub\/media\/catalog\/product\/t\/e\/tequila-hijos-de-villa-blanco-pistola-40-r-estuche2-5118_4.png\" alt=\"Tequila Hijos De Villa Blanco Pistola 0,2 Litros Estuche 2 Vasos\" \/><\/a><\/div>\r\n<\/div>\r\n<div class=\"owl-item cloned\">\r\n<div class=\"item item-carrousel-products\">\u00a0<\/div>\r\n<\/div>\r\n<\/div>\r\n<\/div>\r\n<\/div>\r\n<\/div>\r\n<div class=\"col-30 down desktop-zone\">\r\n<div class=\"block-price\">\r\n<div>\u00a0<\/div>\r\n<\/div>\r\n<\/div>","protected":false},"excerpt":{"rendered":"<p>Hijo Villa Tequila Blanco Silver + 2 vasos Importado de M\u00e9xico 200ml en toda Europa<\/p>\n","protected":false},"featured_media":30859,"comment_status":"open","ping_status":"closed","template":"","meta":{"site-sidebar-layout":"default","site-content-layout":"","ast-site-content-layout":"default","site-content-style":"default","site-sidebar-style":"default","ast-global-header-display":"","ast-banner-title-visibility":"","ast-main-header-display":"","ast-hfb-above-header-display":"","ast-hfb-below-header-display":"","ast-hfb-mobile-header-display":"","site-post-title":"","ast-breadcrumbs-content":"","ast-featured-img":"","footer-sml-layout":"","ast-disable-related-posts":"","theme-transparent-header-meta":"default","adv-header-id-meta":"","stick-header-meta":"","header-above-stick-meta":"","header-main-stick-meta":"","header-below-stick-meta":"","astra-migrate-meta-layouts":"default","ast-page-background-enabled":"default","ast-page-background-meta":{"desktop":{"background-color":"var(--ast-global-color-4)","background-image":"","background-repeat":"repeat","background-position":"center center","background-size":"auto","background-attachment":"scroll","background-type":"","background-media":"","overlay-type":"","overlay-color":"","overlay-opacity":"","overlay-gradient":""},"tablet":{"background-color":"","background-image":"","background-repeat":"repeat","background-position":"center center","background-size":"auto","background-attachment":"scroll","background-type":"","background-media":"","overlay-type":"","overlay-color":"","overlay-opacity":"","overlay-gradient":""},"mobile":{"background-color":"","background-image":"","background-repeat":"repeat","background-position":"center center","background-size":"auto","background-attachment":"scroll","background-type":"","background-media":"","overlay-type":"","overlay-color":"","overlay-opacity":"","overlay-gradient":""}},"ast-content-background-meta":{"desktop":{"background-color":"var(--ast-global-color-5)","background-image":"","background-repeat":"repeat","background-position":"center center","background-size":"auto","background-attachment":"scroll","background-type":"","background-media":"","overlay-type":"","overlay-color":"","overlay-opacity":"","overlay-gradient":""},"tablet":{"background-color":"var(--ast-global-color-5)","background-image":"","background-repeat":"repeat","background-position":"center center","background-size":"auto","background-attachment":"scroll","background-type":"","background-media":"","overlay-type":"","overlay-color":"","overlay-opacity":"","overlay-gradient":""},"mobile":{"background-color":"var(--ast-global-color-5)","background-image":"","background-repeat":"repeat","background-position":"center center","background-size":"auto","background-attachment":"scroll","background-type":"","background-media":"","overlay-type":"","overlay-color":"","overlay-opacity":"","overlay-gradient":""}}},"product_brand":[1331],"product_cat":[417,1681],"product_tag":[],"class_list":{"0":"post-19984","1":"product","2":"type-product","3":"status-publish","4":"has-post-thumbnail","6":"product_brand-hijos-de-villa","7":"product_cat-andalubox-exclusives","8":"product_cat-white-spirits","9":"desktop-align-left","10":"tablet-align-left","11":"mobile-align-left","13":"first","14":"instock","15":"taxable","16":"shipping-taxable","17":"purchasable","18":"product-type-simple"},"_links":{"self":[{"href":"https:\/\/andalubox.com\/en\/wp-json\/wp\/v2\/product\/19984","targetHints":{"allow":["GET"]}}],"collection":[{"href":"https:\/\/andalubox.com\/en\/wp-json\/wp\/v2\/product"}],"about":[{"href":"https:\/\/andalubox.com\/en\/wp-json\/wp\/v2\/types\/product"}],"replies":[{"embeddable":true,"href":"https:\/\/andalubox.com\/en\/wp-json\/wp\/v2\/comments?post=19984"}],"wp:featuredmedia":[{"embeddable":true,"href":"https:\/\/andalubox.com\/en\/wp-json\/wp\/v2\/media\/30859"}],"wp:attachment":[{"href":"https:\/\/andalubox.com\/en\/wp-json\/wp\/v2\/media?parent=19984"}],"wp:term":[{"taxonomy":"product_brand","embeddable":true,"href":"https:\/\/andalubox.com\/en\/wp-json\/wp\/v2\/product_brand?post=19984"},{"taxonomy":"product_cat","embeddable":true,"href":"https:\/\/andalubox.com\/en\/wp-json\/wp\/v2\/product_cat?post=19984"},{"taxonomy":"product_tag","embeddable":true,"href":"https:\/\/andalubox.com\/en\/wp-json\/wp\/v2\/product_tag?post=19984"}],"curies":[{"name":"wp","href":"https:\/\/api.w.org\/{rel}","templated":true}]}}