{"id":19477,"date":"2025-04-08T14:03:23","date_gmt":"2025-04-08T12:03:23","guid":{"rendered":"https:\/\/andalubox.com\/producto-andaluz\/rum-prohibido-mexicano-reserva-70cl\/"},"modified":"2026-02-25T13:24:16","modified_gmt":"2026-02-25T12:24:16","slug":"ron-prohibido-mexicano-reserva-70cl","status":"publish","type":"product","link":"https:\/\/andalubox.com\/en\/producto-andaluz\/rum-prohibido-mexicano-reserva-70cl\/","title":{"rendered":"Ron Prohibido Mexicano Reserva 70cl"},"content":{"rendered":"<section class=\"elementor-section elementor-top-section elementor-element elementor-element-8179632 elementor-section-boxed elementor-section-height-default elementor-section-height-default\" data-id=\"8179632\" data-element_type=\"section\">\r\n<div class=\"elementor-container elementor-column-gap-default\">\r\n<div class=\"elementor-column elementor-col-50 elementor-top-column elementor-element elementor-element-c05737e\" data-id=\"c05737e\" data-element_type=\"column\">\r\n<div class=\"elementor-widget-wrap elementor-element-populated\">\r\n<div class=\"elementor-element elementor-element-4436dcc elementor-widget elementor-widget-woocommerce-product-short-description\" data-id=\"4436dcc\" data-element_type=\"widget\" data-widget_type=\"woocommerce-product-short-description.default\">\r\n<div class=\"elementor-widget-container\">\r\n<div class=\"woocommerce-product-details__short-description\">\r\n<p><strong>Ron Prohibido Mexicano Reserva 70cl<\/strong><\/p>\r\n<p><strong>Tipo:\u00a0<\/strong>Ron.<br \/>\r\n<strong>Denominaci\u00f3n:\u00a0<\/strong>M\u00e9xico.<br \/>\r\n<strong>Formato:\u00a0<\/strong>70 cl<br \/>\r\n<strong>Grado Alcoh\u00f3lico:\u00a0<\/strong>40\u00ba<br \/>\r\n<strong><u>Nota de Cata<\/u><\/strong><br \/>\r\n<strong>Vista:<\/strong>\u00a0Color marr\u00f3n oscuro con toques rojizos.<br \/>\r\n<strong>Nariz:\u00a0<\/strong>Aromas de frutos secos, pasas y ciruelas, seguidos por tonos de vainilla, nuez, mantequilla, chocolate y caf\u00e9.<br \/>\r\n<strong>Boca:\u00a0<\/strong>Acabado largo y sedoso con toques de caramelo y ligera amargura al final<strong>.<\/strong><\/p>\r\n<\/div>\r\n<\/div>\r\n<\/div>\r\n<\/div>\r\n<\/div>\r\n<\/div>\r\n<\/section>\r\n<section class=\"elementor-section elementor-top-section elementor-element elementor-element-2bdf797 elementor-section-boxed elementor-section-height-default elementor-section-height-default\" data-id=\"2bdf797\" data-element_type=\"section\">\r\n<div class=\"elementor-container elementor-column-gap-default\">\r\n<div class=\"elementor-column elementor-col-100 elementor-top-column elementor-element elementor-element-79931b6e\" data-id=\"79931b6e\" data-element_type=\"column\">\r\n<div class=\"elementor-widget-wrap elementor-element-populated\">\r\n<div class=\"elementor-element elementor-element-500bea1f elementor-widget elementor-widget-woocommerce-product-content\" data-id=\"500bea1f\" data-element_type=\"widget\" data-widget_type=\"woocommerce-product-content.default\">\r\n<div class=\"elementor-widget-container\">\r\n<p>Este ron tradicional de 12 a\u00f1os de antig\u00fcedad se destila en una columna antes de envejecer en barricas de roble en un sistema solera, un m\u00e9todo tambi\u00e9n utilizado para la crianza de los vinos de Jerez. El montaje perpetuo obtenido combina el poder de la juventud con la complejidad de los rones m\u00e1s antiguos.<\/p>\r\n<p>41,41\u20ac\/litro<\/p>\r\n<\/div>\r\n<\/div>\r\n<\/div>\r\n<\/div>\r\n<\/div>\r\n<\/section>","protected":false},"excerpt":{"rendered":"<p>Ron Prohibido Mexicano Reserva 70cl ahora en toda Europa!<\/p>\n","protected":false},"featured_media":19470,"comment_status":"open","ping_status":"closed","template":"","meta":{"site-sidebar-layout":"default","site-content-layout":"","ast-site-content-layout":"default","site-content-style":"default","site-sidebar-style":"default","ast-global-header-display":"","ast-banner-title-visibility":"","ast-main-header-display":"","ast-hfb-above-header-display":"","ast-hfb-below-header-display":"","ast-hfb-mobile-header-display":"","site-post-title":"","ast-breadcrumbs-content":"","ast-featured-img":"","footer-sml-layout":"","ast-disable-related-posts":"","theme-transparent-header-meta":"default","adv-header-id-meta":"","stick-header-meta":"","header-above-stick-meta":"","header-main-stick-meta":"","header-below-stick-meta":"","astra-migrate-meta-layouts":"default","ast-page-background-enabled":"default","ast-page-background-meta":{"desktop":{"background-color":"var(--ast-global-color-4)","background-image":"","background-repeat":"repeat","background-position":"center center","background-size":"auto","background-attachment":"scroll","background-type":"","background-media":"","overlay-type":"","overlay-color":"","overlay-opacity":"","overlay-gradient":""},"tablet":{"background-color":"","background-image":"","background-repeat":"repeat","background-position":"center center","background-size":"auto","background-attachment":"scroll","background-type":"","background-media":"","overlay-type":"","overlay-color":"","overlay-opacity":"","overlay-gradient":""},"mobile":{"background-color":"","background-image":"","background-repeat":"repeat","background-position":"center center","background-size":"auto","background-attachment":"scroll","background-type":"","background-media":"","overlay-type":"","overlay-color":"","overlay-opacity":"","overlay-gradient":""}},"ast-content-background-meta":{"desktop":{"background-color":"var(--ast-global-color-5)","background-image":"","background-repeat":"repeat","background-position":"center center","background-size":"auto","background-attachment":"scroll","background-type":"","background-media":"","overlay-type":"","overlay-color":"","overlay-opacity":"","overlay-gradient":""},"tablet":{"background-color":"var(--ast-global-color-5)","background-image":"","background-repeat":"repeat","background-position":"center center","background-size":"auto","background-attachment":"scroll","background-type":"","background-media":"","overlay-type":"","overlay-color":"","overlay-opacity":"","overlay-gradient":""},"mobile":{"background-color":"var(--ast-global-color-5)","background-image":"","background-repeat":"repeat","background-position":"center center","background-size":"auto","background-attachment":"scroll","background-type":"","background-media":"","overlay-type":"","overlay-color":"","overlay-opacity":"","overlay-gradient":""}}},"product_brand":[1342],"product_cat":[1670,305],"product_tag":[],"class_list":{"0":"post-19477","1":"product","2":"type-product","3":"status-publish","4":"has-post-thumbnail","6":"product_brand-el-ron-prohibido","7":"product_cat-liqueurs-and-spirits","8":"product_cat-news","9":"desktop-align-left","10":"tablet-align-left","11":"mobile-align-left","13":"first","14":"instock","15":"taxable","16":"shipping-taxable","17":"purchasable","18":"product-type-simple"},"_links":{"self":[{"href":"https:\/\/andalubox.com\/en\/wp-json\/wp\/v2\/product\/19477","targetHints":{"allow":["GET"]}}],"collection":[{"href":"https:\/\/andalubox.com\/en\/wp-json\/wp\/v2\/product"}],"about":[{"href":"https:\/\/andalubox.com\/en\/wp-json\/wp\/v2\/types\/product"}],"replies":[{"embeddable":true,"href":"https:\/\/andalubox.com\/en\/wp-json\/wp\/v2\/comments?post=19477"}],"wp:featuredmedia":[{"embeddable":true,"href":"https:\/\/andalubox.com\/en\/wp-json\/wp\/v2\/media\/19470"}],"wp:attachment":[{"href":"https:\/\/andalubox.com\/en\/wp-json\/wp\/v2\/media?parent=19477"}],"wp:term":[{"taxonomy":"product_brand","embeddable":true,"href":"https:\/\/andalubox.com\/en\/wp-json\/wp\/v2\/product_brand?post=19477"},{"taxonomy":"product_cat","embeddable":true,"href":"https:\/\/andalubox.com\/en\/wp-json\/wp\/v2\/product_cat?post=19477"},{"taxonomy":"product_tag","embeddable":true,"href":"https:\/\/andalubox.com\/en\/wp-json\/wp\/v2\/product_tag?post=19477"}],"curies":[{"name":"wp","href":"https:\/\/api.w.org\/{rel}","templated":true}]}}