{"id":19030,"date":"2025-03-18T11:08:58","date_gmt":"2025-03-18T10:08:58","guid":{"rendered":"https:\/\/andalubox.com\/producto-andaluz\/oremus-tokaji-late-harvest-2023-70-cl\/"},"modified":"2025-09-23T15:37:19","modified_gmt":"2025-09-23T13:37:19","slug":"oremus-tokaji-late-harvest-2023-70-cl","status":"publish","type":"product","link":"https:\/\/andalubox.com\/en\/producto-andaluz\/oremus-tokaji-late-harvest-2023-70-cl\/","title":{"rendered":"Oremus Tokaji White Wine Vega Sicilia P.D.O. Tokaji Late Harvest 2023 70cl"},"content":{"rendered":"<p><strong>Oremus Tokaji White Wine Vega Sicilia P.D.O. Tokaji Late Harvest 2023 70cl<\/strong><\/p>\n<p><strong>Sweet fortified wine made with furmint from Tokaji D.O. by Tokaj Oremus Vineyards and Winery.<\/strong><\/p>\n<p class=\"wysiwyg-text-align-justify\">Late Harvest is one of the treasures of the legendary Tokaj region, famous for the greatness of its naturally sweet wines. It is made from a blend of three Hungarian varieties: the furmint, whose acidity provides the perfect balance and counterpoint to the sweetness; the h\u00e1rslevel\u0171 grape, which adds creaminess and a silky texture; and the s\u00e1rgamuskot\u00e1ly, which rounds out the aromas. <\/p>\n<p class=\"wysiwyg-text-align-justify\">For its production, at least half of the berries must be Asz\u00fa noble berries, i.e. affected by botrytis or noble rot. Therefore, during the harvest, several passes are made through the vineyard and only those clusters with half of the berries affected by botrytis are harvested. <\/p>\n<p>34,57\/liter<\/p>","protected":false},"excerpt":{"rendered":"<p>Oremus Tokaji White Wine Vega Sicilia P.D.O. Tokaji Late Harvest 2023 70cl all over Europe!<\/p>\n","protected":false},"featured_media":19044,"template":"","meta":{"site-sidebar-layout":"default","site-content-layout":"","ast-site-content-layout":"default","site-content-style":"default","site-sidebar-style":"default","ast-global-header-display":"","ast-banner-title-visibility":"","ast-main-header-display":"","ast-hfb-above-header-display":"","ast-hfb-below-header-display":"","ast-hfb-mobile-header-display":"","site-post-title":"","ast-breadcrumbs-content":"","ast-featured-img":"","footer-sml-layout":"","ast-disable-related-posts":"","theme-transparent-header-meta":"default","adv-header-id-meta":"","stick-header-meta":"","header-above-stick-meta":"","header-main-stick-meta":"","header-below-stick-meta":"","astra-migrate-meta-layouts":"default","ast-page-background-enabled":"default","ast-page-background-meta":{"desktop":{"background-color":"var(--ast-global-color-4)","background-image":"","background-repeat":"repeat","background-position":"center center","background-size":"auto","background-attachment":"scroll","background-type":"","background-media":"","overlay-type":"","overlay-color":"","overlay-opacity":"","overlay-gradient":""},"tablet":{"background-color":"","background-image":"","background-repeat":"repeat","background-position":"center center","background-size":"auto","background-attachment":"scroll","background-type":"","background-media":"","overlay-type":"","overlay-color":"","overlay-opacity":"","overlay-gradient":""},"mobile":{"background-color":"","background-image":"","background-repeat":"repeat","background-position":"center center","background-size":"auto","background-attachment":"scroll","background-type":"","background-media":"","overlay-type":"","overlay-color":"","overlay-opacity":"","overlay-gradient":""}},"ast-content-background-meta":{"desktop":{"background-color":"var(--ast-global-color-5)","background-image":"","background-repeat":"repeat","background-position":"center center","background-size":"auto","background-attachment":"scroll","background-type":"","background-media":"","overlay-type":"","overlay-color":"","overlay-opacity":"","overlay-gradient":""},"tablet":{"background-color":"var(--ast-global-color-5)","background-image":"","background-repeat":"repeat","background-position":"center center","background-size":"auto","background-attachment":"scroll","background-type":"","background-media":"","overlay-type":"","overlay-color":"","overlay-opacity":"","overlay-gradient":""},"mobile":{"background-color":"var(--ast-global-color-5)","background-image":"","background-repeat":"repeat","background-position":"center center","background-size":"auto","background-attachment":"scroll","background-type":"","background-media":"","overlay-type":"","overlay-color":"","overlay-opacity":"","overlay-gradient":""}}},"product_brand":[1339],"product_cat":[417,272],"product_tag":[],"class_list":{"0":"post-19030","1":"product","2":"type-product","3":"status-publish","4":"has-post-thumbnail","6":"product_brand-oremus","7":"product_cat-andalubox-exclusives","8":"product_cat-white-wine","9":"desktop-align-left","10":"tablet-align-left","11":"mobile-align-left","13":"first","14":"instock","15":"taxable","16":"shipping-taxable","17":"purchasable","18":"product-type-simple"},"_links":{"self":[{"href":"https:\/\/andalubox.com\/en\/wp-json\/wp\/v2\/product\/19030","targetHints":{"allow":["GET"]}}],"collection":[{"href":"https:\/\/andalubox.com\/en\/wp-json\/wp\/v2\/product"}],"about":[{"href":"https:\/\/andalubox.com\/en\/wp-json\/wp\/v2\/types\/product"}],"wp:featuredmedia":[{"embeddable":true,"href":"https:\/\/andalubox.com\/en\/wp-json\/wp\/v2\/media\/19044"}],"wp:attachment":[{"href":"https:\/\/andalubox.com\/en\/wp-json\/wp\/v2\/media?parent=19030"}],"wp:term":[{"taxonomy":"product_brand","embeddable":true,"href":"https:\/\/andalubox.com\/en\/wp-json\/wp\/v2\/product_brand?post=19030"},{"taxonomy":"product_cat","embeddable":true,"href":"https:\/\/andalubox.com\/en\/wp-json\/wp\/v2\/product_cat?post=19030"},{"taxonomy":"product_tag","embeddable":true,"href":"https:\/\/andalubox.com\/en\/wp-json\/wp\/v2\/product_tag?post=19030"}],"curies":[{"name":"wp","href":"https:\/\/api.w.org\/{rel}","templated":true}]}}