{"id":19007,"date":"2025-03-18T10:03:51","date_gmt":"2025-03-18T09:03:51","guid":{"rendered":"https:\/\/andalubox.com\/producto-andaluz\/oremus-aszu-3-puttoyons-2019-50-cl\/"},"modified":"2025-09-22T18:49:17","modified_gmt":"2025-09-22T16:49:17","slug":"oremus-aszu-3-puttoyons-2019-50-cl","status":"publish","type":"product","link":"https:\/\/andalubox.com\/en\/producto-andaluz\/oremus-aszu-3-puttoyons-2019-50-cl\/","title":{"rendered":"Oremus Tokaji Aszu 3 Puttoyons Vintage 2019 50cl"},"content":{"rendered":"<div><strong>Oremus Tokaji Aszu 3 Puttoyons A\u00f1ada 2019 50cl<\/strong> is a sweet wine made by the <strong>Oremus<\/strong> winery in the prestigious <strong>Tokai<\/strong> appellation in<strong> Tokaj-Hegyalja <\/strong>(Hungary) from the indigenous varieties <strong>furmint, z\u00e9ta, h\u00e1rslevel\u00fc, sargamuskotaly<\/strong>.<\/div>\n<div> <\/div>\n<div>With the intention of recovering one of the most prestigious wine regions in the world, in 1993 the Alvarez family, owners of <strong>Vega Sicilia<\/strong>, founded the <strong>Tokaj Oremus<\/strong> winery. To do so, they built using the subway galleries built in the 13th century and followed the meticulous winemaking method developed more than 400 years ago. The result is an excellent range of wines considered some of the best in the world.    <\/div>\n<div>\n<p>The <b>Oremus Tokaji Asz\u00fa 3 Puttonyos A\u00f1ada 2019<\/b> is a high quality sweet wine from the prestigious Tokaj region in Hungary. The Oremus winery is owned by the Spanish group <b>Tempos Vega Sicilia<\/b>, which gives it a seal of excellence and a rigorous winemaking process. <\/p>\n<p>This wine is produced only in exceptional vintages, when climatic conditions are perfect for the development of <b>&#8220;botrytis cinerea&#8221;<\/b> or &#8220;noble rot&#8221;, a fungus that concentrates the sugars and aromas of the grapes. The term <b>&#8220;Puttonyos&#8221;<\/b> refers to the baskets of botrytized (asz\u00fa) grapes added per 136-liter barrel. A 3 Puttonyos is the lowest level of sweetness within the Asz\u00fa category, but still a wine with remarkable sweetness and vibrant acidity.  <\/p>\n<h3>Wine characteristics<\/h3>\n<ul>\n\t<li>\n<p><b>Vintage:<\/b> 2019, considered an exceptional vintage for Asz\u00fa wines.<\/p>\n<\/li>\n\t<li>\n<p><b>Type of wine:<\/b> Natural sweet white (liqueur).<\/p>\n<\/li>\n\t<li>\n<p><b>Grape varieties:<\/b> Mainly Furmint, Z\u00e9ta and H\u00e1rslevel\u00fc.<\/p>\n<\/li>\n\t<li>\n<p><b>Alcoholic strength:<\/b> About 12% vol.<\/p>\n<\/li>\n\t<li>\n<p><b>Format:<\/b> Bottle of 50 cl.<\/p>\n<\/li>\n\t<li>\n<p><b>Aging:<\/b> Aged in 136 and 220 liter Hungarian oak barrels in the property&#8217;s subway cellars for 2 to 3 years.<\/p>\n<\/li>\n<\/ul>\n<h3>Tasting notes<\/h3>\n<ul>\n\t<li>\n<p><b>Appearance:<\/b> Bright golden color.<\/p>\n<\/li>\n\t<li>\n<p><b>Nose:<\/b> Intense and complex aromas of candied fruits (apricot, quince, lime), honey, honeycomb and citrus notes.<\/p>\n<\/li>\n\t<li>\n<p><b>Palate:<\/b> It is an elegant wine, fresh and unctuous at the same time. Its marked acidity perfectly balances the sweetness, making it vibrant and velvety on the palate. The finish is long and persistent.  <\/p>\n<\/li>\n<\/ul>\n<h3>Pairing<\/h3>\n<p>Due to its sweetness and acidity, it is ideal as an accompaniment:<\/p>\n<ul>\n\t<li>\n<p>Desserts based on fruits or creams.<\/p>\n<\/li>\n\t<li>\n<p>Foie-gras.<\/p>\n<\/li>\n\t<li>\n<p>Blue and strong cheeses (such as Roquefort).<\/p>\n<\/li>\n\t<li>\n<p>White meats and dishes with sweet and sour touches.<\/p>\n<\/li>\n<\/ul>\n<\/div>","protected":false},"excerpt":{"rendered":"<p>Oremus Tokaji Aszu 3 Puttoyons Vintage 2019 50cl now in Europe!<\/p>\n","protected":false},"featured_media":19036,"comment_status":"open","ping_status":"closed","template":"","meta":{"site-sidebar-layout":"default","site-content-layout":"","ast-site-content-layout":"default","site-content-style":"default","site-sidebar-style":"default","ast-global-header-display":"","ast-banner-title-visibility":"","ast-main-header-display":"","ast-hfb-above-header-display":"","ast-hfb-below-header-display":"","ast-hfb-mobile-header-display":"","site-post-title":"","ast-breadcrumbs-content":"","ast-featured-img":"","footer-sml-layout":"","ast-disable-related-posts":"","theme-transparent-header-meta":"default","adv-header-id-meta":"","stick-header-meta":"","header-above-stick-meta":"","header-main-stick-meta":"","header-below-stick-meta":"","astra-migrate-meta-layouts":"default","ast-page-background-enabled":"default","ast-page-background-meta":{"desktop":{"background-color":"var(--ast-global-color-4)","background-image":"","background-repeat":"repeat","background-position":"center center","background-size":"auto","background-attachment":"scroll","background-type":"","background-media":"","overlay-type":"","overlay-color":"","overlay-opacity":"","overlay-gradient":""},"tablet":{"background-color":"","background-image":"","background-repeat":"repeat","background-position":"center center","background-size":"auto","background-attachment":"scroll","background-type":"","background-media":"","overlay-type":"","overlay-color":"","overlay-opacity":"","overlay-gradient":""},"mobile":{"background-color":"","background-image":"","background-repeat":"repeat","background-position":"center center","background-size":"auto","background-attachment":"scroll","background-type":"","background-media":"","overlay-type":"","overlay-color":"","overlay-opacity":"","overlay-gradient":""}},"ast-content-background-meta":{"desktop":{"background-color":"var(--ast-global-color-5)","background-image":"","background-repeat":"repeat","background-position":"center center","background-size":"auto","background-attachment":"scroll","background-type":"","background-media":"","overlay-type":"","overlay-color":"","overlay-opacity":"","overlay-gradient":""},"tablet":{"background-color":"var(--ast-global-color-5)","background-image":"","background-repeat":"repeat","background-position":"center center","background-size":"auto","background-attachment":"scroll","background-type":"","background-media":"","overlay-type":"","overlay-color":"","overlay-opacity":"","overlay-gradient":""},"mobile":{"background-color":"var(--ast-global-color-5)","background-image":"","background-repeat":"repeat","background-position":"center center","background-size":"auto","background-attachment":"scroll","background-type":"","background-media":"","overlay-type":"","overlay-color":"","overlay-opacity":"","overlay-gradient":""}}},"product_brand":[1339],"product_cat":[417,272],"product_tag":[],"class_list":{"0":"post-19007","1":"product","2":"type-product","3":"status-publish","4":"has-post-thumbnail","6":"product_brand-oremus","7":"product_cat-andalubox-exclusives","8":"product_cat-white-wine","9":"desktop-align-left","10":"tablet-align-left","11":"mobile-align-left","13":"first","14":"instock","15":"taxable","16":"shipping-taxable","17":"purchasable","18":"product-type-simple"},"_links":{"self":[{"href":"https:\/\/andalubox.com\/en\/wp-json\/wp\/v2\/product\/19007","targetHints":{"allow":["GET"]}}],"collection":[{"href":"https:\/\/andalubox.com\/en\/wp-json\/wp\/v2\/product"}],"about":[{"href":"https:\/\/andalubox.com\/en\/wp-json\/wp\/v2\/types\/product"}],"replies":[{"embeddable":true,"href":"https:\/\/andalubox.com\/en\/wp-json\/wp\/v2\/comments?post=19007"}],"wp:featuredmedia":[{"embeddable":true,"href":"https:\/\/andalubox.com\/en\/wp-json\/wp\/v2\/media\/19036"}],"wp:attachment":[{"href":"https:\/\/andalubox.com\/en\/wp-json\/wp\/v2\/media?parent=19007"}],"wp:term":[{"taxonomy":"product_brand","embeddable":true,"href":"https:\/\/andalubox.com\/en\/wp-json\/wp\/v2\/product_brand?post=19007"},{"taxonomy":"product_cat","embeddable":true,"href":"https:\/\/andalubox.com\/en\/wp-json\/wp\/v2\/product_cat?post=19007"},{"taxonomy":"product_tag","embeddable":true,"href":"https:\/\/andalubox.com\/en\/wp-json\/wp\/v2\/product_tag?post=19007"}],"curies":[{"name":"wp","href":"https:\/\/api.w.org\/{rel}","templated":true}]}}