{"id":18418,"date":"2025-02-20T15:50:16","date_gmt":"2025-02-20T14:50:16","guid":{"rendered":"https:\/\/andalubox.com\/producto-andaluz\/lustau-almacenista-amontillado-del-puerto-gonzalez-obregon-50-cl\/"},"modified":"2025-09-23T09:58:03","modified_gmt":"2025-09-23T07:58:03","slug":"lustau-almacenista-amontillado-del-puerto-gonzalez-obregon-50-cl","status":"publish","type":"product","link":"https:\/\/andalubox.com\/en\/producto-andaluz\/lustau-almacenista-amontillado-del-puerto-gonzalez-obregon-50-cl\/","title":{"rendered":"Lustau Almacenista Amontillado del Puerto Gonzalez Obregon 50cl"},"content":{"rendered":"<p data-start=\"720\" data-end=\"1023\"><strong data-start=\"720\" data-end=\"765\">Lustau Almacenista Amontillado del Puerto Gonzalez Obregon 50cl<\/strong><\/p>\n<p data-start=\"720\" data-end=\"1023\"><strong data-start=\"720\" data-end=\"765\">Lustau Almacenista Amontillado del Puerto<\/strong> is an oenological jewel from the winery of <strong data-start=\"815\" data-end=\"845\">Jos\u00e9 Luis Gonz\u00e1lez Obreg\u00f3n<\/strong>, in El Puerto de Santa Mar\u00eda. Aged under flor and later with oxidative aging in centenary barrels, it develops great depth and aromatic complexity. <\/p>\n<p data-start=\"1025\" data-end=\"1210\">The nose displays intense aromas of hazelnuts, spices and smoky notes. The palate is dry, with a perfect balance between acidity and structure, leaving a long and persistent finish. <\/p>\n<h3><span style=\"font-size: 12pt;\">Lustau Almacenista Amontillado del Puerto Gonzalez Obreg\u00f3n, 50cl<\/span><\/h3>\n<p>This amontillado is part of Bodegas Lustau&#8217;s &#8220;Almacenista&#8221; collection, which highlights the work of small independent winemakers who raise their sherry wines. In this case, the wine is a gem from the <b>Jos\u00e9 Luis Gonz\u00e1lez Obreg\u00f3n<\/b> winery in El Puerto de Santa Mar\u00eda. It is an exclusive wine of limited production, as its solera is composed of only 10 butts.  <\/p>\n<h4>Main Features<\/h4>\n<ul>\n\t<li>\n<p><b>Type of wine:<\/b> Amontillado (generous dry).<\/p>\n<\/li>\n\t<li>\n<p><b>Appellation of Origin:<\/b> D.O. Jerez-X\u00e9r\u00e8s-Sherry.<\/p>\n<\/li>\n\t<li>\n<p><b>Grapes:<\/b> 100% Palomino Fino.<\/p>\n<\/li>\n\t<li>\n<p><b>Aging:<\/b> It is the result of a complex and double aging process. First, it is <b>biologically aged<\/b> under a veil of flor (like a fino), which gives it its sharp notes. Subsequently, the flor veil disappears and the wine continues an <b>oxidative aging<\/b> (like an oloroso), in contact with the air, which gives it its color and complexity. It has an average age of about 12 years.   <\/p>\n<\/li>\n\t<li>\n<p><b>Color:<\/b> Dark golden, with amber reflections.<\/p>\n<\/li>\n<\/ul>\n<h4>Tasting Notes<\/h4>\n<ul>\n\t<li>\n<p><b>Nose (Aroma):<\/b> A very aromatic, complex and elegant wine. It combines notes of dried fruits (hazelnuts and walnuts) from the oxidative aging with the sharp touches of the flower veil. Aromas of sweet spices and a background of quince and fine wood are also perceived.  <\/p>\n<\/li>\n\t<li>\n<p><b>Palate (Taste):<\/b> Dry and full-bodied. In the mouth it is round and persistent, with a well integrated acidity. There are hints of almonds and a long, dry and elegant finish.  <\/p>\n<\/li>\n<\/ul>\n<h4>Pairing<\/h4>\n<p>Amontillado is one of the most versatile sherry wines for pairing, ideal to be the protagonist in an aperitif or to accompany a complete meal:<\/p>\n<ul>\n\t<li>\n<p><b>Starters:<\/b> Consomm\u00e9s, smoked meats and sausages.<\/p>\n<\/li>\n\t<li>\n<p><b>Main dishes:<\/b> Foie-gras, cold meats, mushrooms and fish with more flavor, such as tuna or cod.<\/p>\n<\/li>\n\t<li>\n<p><b>Cheeses:<\/b> Tables of cured cheeses.<\/p>\n<\/li>\n\t<li>\n<p><b>Oriental Cuisine:<\/b> Combines well with spicy dishes and Asian flavors.<\/p>\n<\/li>\n<\/ul>\n<h4>Service Temperature<\/h4>\n<p>It is recommended to be served at a temperature between <b>13\u00b0C and 14\u00b0C<\/b>. If served colder, it could lose some of its aromatic complexity. <\/p>","protected":false},"excerpt":{"rendered":"<p>Lustau Almacenista Amontillado del Puerto is a sherry wine elaborated by the almacenista Jos\u00e9 Luis Gonz\u00e1lez Obreg\u00f3n. Aged in a solera of centenary casks. <\/p>\n","protected":false},"featured_media":18409,"comment_status":"open","ping_status":"closed","template":"","meta":{"site-sidebar-layout":"default","site-content-layout":"","ast-site-content-layout":"default","site-content-style":"default","site-sidebar-style":"default","ast-global-header-display":"","ast-banner-title-visibility":"","ast-main-header-display":"","ast-hfb-above-header-display":"","ast-hfb-below-header-display":"","ast-hfb-mobile-header-display":"","site-post-title":"","ast-breadcrumbs-content":"","ast-featured-img":"","footer-sml-layout":"","ast-disable-related-posts":"","theme-transparent-header-meta":"default","adv-header-id-meta":"","stick-header-meta":"","header-above-stick-meta":"","header-main-stick-meta":"","header-below-stick-meta":"","astra-migrate-meta-layouts":"default","ast-page-background-enabled":"default","ast-page-background-meta":{"desktop":{"background-color":"var(--ast-global-color-4)","background-image":"","background-repeat":"repeat","background-position":"center center","background-size":"auto","background-attachment":"scroll","background-type":"","background-media":"","overlay-type":"","overlay-color":"","overlay-opacity":"","overlay-gradient":""},"tablet":{"background-color":"","background-image":"","background-repeat":"repeat","background-position":"center center","background-size":"auto","background-attachment":"scroll","background-type":"","background-media":"","overlay-type":"","overlay-color":"","overlay-opacity":"","overlay-gradient":""},"mobile":{"background-color":"","background-image":"","background-repeat":"repeat","background-position":"center center","background-size":"auto","background-attachment":"scroll","background-type":"","background-media":"","overlay-type":"","overlay-color":"","overlay-opacity":"","overlay-gradient":""}},"ast-content-background-meta":{"desktop":{"background-color":"var(--ast-global-color-5)","background-image":"","background-repeat":"repeat","background-position":"center center","background-size":"auto","background-attachment":"scroll","background-type":"","background-media":"","overlay-type":"","overlay-color":"","overlay-opacity":"","overlay-gradient":""},"tablet":{"background-color":"var(--ast-global-color-5)","background-image":"","background-repeat":"repeat","background-position":"center center","background-size":"auto","background-attachment":"scroll","background-type":"","background-media":"","overlay-type":"","overlay-color":"","overlay-opacity":"","overlay-gradient":""},"mobile":{"background-color":"var(--ast-global-color-5)","background-image":"","background-repeat":"repeat","background-position":"center center","background-size":"auto","background-attachment":"scroll","background-type":"","background-media":"","overlay-type":"","overlay-color":"","overlay-opacity":"","overlay-gradient":""}}},"product_brand":[1179],"product_cat":[15],"product_tag":[],"class_list":{"0":"post-18418","1":"product","2":"type-product","3":"status-publish","4":"has-post-thumbnail","6":"product_brand-lustau","7":"product_cat-sin-categorizar","8":"desktop-align-left","9":"tablet-align-left","10":"mobile-align-left","12":"first","13":"instock","14":"taxable","15":"shipping-taxable","16":"purchasable","17":"product-type-simple"},"_links":{"self":[{"href":"https:\/\/andalubox.com\/en\/wp-json\/wp\/v2\/product\/18418","targetHints":{"allow":["GET"]}}],"collection":[{"href":"https:\/\/andalubox.com\/en\/wp-json\/wp\/v2\/product"}],"about":[{"href":"https:\/\/andalubox.com\/en\/wp-json\/wp\/v2\/types\/product"}],"replies":[{"embeddable":true,"href":"https:\/\/andalubox.com\/en\/wp-json\/wp\/v2\/comments?post=18418"}],"wp:featuredmedia":[{"embeddable":true,"href":"https:\/\/andalubox.com\/en\/wp-json\/wp\/v2\/media\/18409"}],"wp:attachment":[{"href":"https:\/\/andalubox.com\/en\/wp-json\/wp\/v2\/media?parent=18418"}],"wp:term":[{"taxonomy":"product_brand","embeddable":true,"href":"https:\/\/andalubox.com\/en\/wp-json\/wp\/v2\/product_brand?post=18418"},{"taxonomy":"product_cat","embeddable":true,"href":"https:\/\/andalubox.com\/en\/wp-json\/wp\/v2\/product_cat?post=18418"},{"taxonomy":"product_tag","embeddable":true,"href":"https:\/\/andalubox.com\/en\/wp-json\/wp\/v2\/product_tag?post=18418"}],"curies":[{"name":"wp","href":"https:\/\/api.w.org\/{rel}","templated":true}]}}