{"id":15647,"date":"2024-12-02T18:11:10","date_gmt":"2024-12-02T17:11:10","guid":{"rendered":"https:\/\/andalubox.com\/producto-andaluz\/peninsula-apostate-wine-from-spain-75-cl\/"},"modified":"2025-09-02T21:20:47","modified_gmt":"2025-09-02T19:20:47","slug":"peninsula-apostate-wine-from-spain-75-cl","status":"publish","type":"product","link":"https:\/\/andalubox.com\/en\/producto-andaluz\/peninsula-apostate-wine-from-spain-75-cl\/","title":{"rendered":"Pen\u00ednsula Ap\u00f3stata Red Wine from Spain 75cl"},"content":{"rendered":"<p>Pen\u00ednsula Ap\u00f3stata Red Wine from Spain 75cl<\/p>\n<p>Pen\u00ednsula Ap\u00f3stata Vino Tinto de Espa\u00f1a 75 cl is a red wine produced by Pen\u00ednsula Vinicultores in Spain, made from 100% Tempranillo grapes from old vines from various regions of Castilla y Le\u00f3n, such as Morales de Toro (Zamora), Cigales (Valladolid) and Valtiendas (Segovia).<\/p>\n<p>This wine does not belong to any specific Denomination of Origin (D.O.), which allows for a unique expression of Tempranillo in different terroirs. Its aging in French and American oak barrels for 12 months results in a full-bodied, intense and fragrant wine. <\/p>\n<p>Tasting notes:<\/p>\n<ul>\n\t<li>Appearance: Intense cherry red with garnet reflections and viscous tear.<\/li>\n\t<li>Nose: Intense and clean, with aromas of black and blue fruits, spices and soft toasted notes from barrel aging.<\/li>\n\t<li>Palate: Juicy, vibrant and well-structured, with fine, muscular tannins, a sweet entry and fruity nuances, with a dry, robust finish.<\/li>\n\t<li>Alcoholic graduation: 14.6 % vol.<\/li>\n\t<li>Serving temperature: Recommended at 16 \u00b0C.<\/li>\n\t<li>Pairing: Ideal with grilled meats (especially lamb), pasta, migas, grilled lamb chops, rabbit stew or cured cheeses.<\/li>\n<\/ul>\n<p>Winemaking details: Grape variety: 100% Tempranillo (also known as Tinta de Toro, Tinto Fino or Cencibel).<br>Harvest: Manual, from old vines at high altitude with varied soils and continental climate influence.<br>Aging potential: It can age for at least five years.<\/p>","protected":false},"excerpt":{"rendered":"<p>Pen\u00ednsula Ap\u00f3stata Red Wine from Spain 75cl, shipments to ALL EUROPE.<\/p>\n<p>&nbsp;<\/p>\n","protected":false},"featured_media":15640,"comment_status":"open","ping_status":"closed","template":"","meta":{"site-sidebar-layout":"default","site-content-layout":"","ast-site-content-layout":"default","site-content-style":"default","site-sidebar-style":"default","ast-global-header-display":"","ast-banner-title-visibility":"","ast-main-header-display":"","ast-hfb-above-header-display":"","ast-hfb-below-header-display":"","ast-hfb-mobile-header-display":"","site-post-title":"","ast-breadcrumbs-content":"","ast-featured-img":"","footer-sml-layout":"","ast-disable-related-posts":"","theme-transparent-header-meta":"default","adv-header-id-meta":"","stick-header-meta":"","header-above-stick-meta":"","header-main-stick-meta":"","header-below-stick-meta":"","astra-migrate-meta-layouts":"default","ast-page-background-enabled":"default","ast-page-background-meta":{"desktop":{"background-color":"var(--ast-global-color-4)","background-image":"","background-repeat":"repeat","background-position":"center center","background-size":"auto","background-attachment":"scroll","background-type":"","background-media":"","overlay-type":"","overlay-color":"","overlay-opacity":"","overlay-gradient":""},"tablet":{"background-color":"","background-image":"","background-repeat":"repeat","background-position":"center center","background-size":"auto","background-attachment":"scroll","background-type":"","background-media":"","overlay-type":"","overlay-color":"","overlay-opacity":"","overlay-gradient":""},"mobile":{"background-color":"","background-image":"","background-repeat":"repeat","background-position":"center center","background-size":"auto","background-attachment":"scroll","background-type":"","background-media":"","overlay-type":"","overlay-color":"","overlay-opacity":"","overlay-gradient":""}},"ast-content-background-meta":{"desktop":{"background-color":"var(--ast-global-color-5)","background-image":"","background-repeat":"repeat","background-position":"center center","background-size":"auto","background-attachment":"scroll","background-type":"","background-media":"","overlay-type":"","overlay-color":"","overlay-opacity":"","overlay-gradient":""},"tablet":{"background-color":"var(--ast-global-color-5)","background-image":"","background-repeat":"repeat","background-position":"center center","background-size":"auto","background-attachment":"scroll","background-type":"","background-media":"","overlay-type":"","overlay-color":"","overlay-opacity":"","overlay-gradient":""},"mobile":{"background-color":"var(--ast-global-color-5)","background-image":"","background-repeat":"repeat","background-position":"center center","background-size":"auto","background-attachment":"scroll","background-type":"","background-media":"","overlay-type":"","overlay-color":"","overlay-opacity":"","overlay-gradient":""}}},"product_brand":[1349],"product_cat":[274],"product_tag":[],"class_list":{"0":"post-15647","1":"product","2":"type-product","3":"status-publish","4":"has-post-thumbnail","6":"product_brand-peninsula-vinicultores","7":"product_cat-red-wine","8":"desktop-align-left","9":"tablet-align-left","10":"mobile-align-left","12":"first","13":"instock","14":"taxable","15":"shipping-taxable","16":"purchasable","17":"product-type-simple"},"_links":{"self":[{"href":"https:\/\/andalubox.com\/en\/wp-json\/wp\/v2\/product\/15647","targetHints":{"allow":["GET"]}}],"collection":[{"href":"https:\/\/andalubox.com\/en\/wp-json\/wp\/v2\/product"}],"about":[{"href":"https:\/\/andalubox.com\/en\/wp-json\/wp\/v2\/types\/product"}],"replies":[{"embeddable":true,"href":"https:\/\/andalubox.com\/en\/wp-json\/wp\/v2\/comments?post=15647"}],"wp:featuredmedia":[{"embeddable":true,"href":"https:\/\/andalubox.com\/en\/wp-json\/wp\/v2\/media\/15640"}],"wp:attachment":[{"href":"https:\/\/andalubox.com\/en\/wp-json\/wp\/v2\/media?parent=15647"}],"wp:term":[{"taxonomy":"product_brand","embeddable":true,"href":"https:\/\/andalubox.com\/en\/wp-json\/wp\/v2\/product_brand?post=15647"},{"taxonomy":"product_cat","embeddable":true,"href":"https:\/\/andalubox.com\/en\/wp-json\/wp\/v2\/product_cat?post=15647"},{"taxonomy":"product_tag","embeddable":true,"href":"https:\/\/andalubox.com\/en\/wp-json\/wp\/v2\/product_tag?post=15647"}],"curies":[{"name":"wp","href":"https:\/\/api.w.org\/{rel}","templated":true}]}}