{"id":15146,"date":"2024-11-04T11:34:44","date_gmt":"2024-11-04T10:34:44","guid":{"rendered":"https:\/\/andalubox.com\/producto-andaluz\/tarifena-melva-de-tarifa-in-olive-oil-rr-125-no-canutera\/"},"modified":"2026-02-27T11:02:58","modified_gmt":"2026-02-27T10:02:58","slug":"tarifena-melva-de-tarifa-in-olive-oil-rr-125-no-canutera","status":"publish","type":"product","link":"https:\/\/andalubox.com\/en\/producto-andaluz\/tarifena-melva-de-tarifa-in-olive-oil-rr-125-no-canutera\/","title":{"rendered":"La Tarife\u00f1a Melva de Almadraba in Olive Oil, RR 125g"},"content":{"rendered":"<p>The Tarife\u00f1a Melva de Almadraba in Olive Oil, RR 125g is a prized blue back fish (Auxis rochei or Auxis thazard) from the Mediterranean, similar to tuna, caught using the traditional and sustainable almadraba method in the waters of Tarifa, Cadiz. It is larger than the frigate tuna, with a typical weight of about 1.5 kg and a length of about 50 cm, with a robust, rounded body and a purplish or black head. Its flesh is pink, tender and tasty, making it a delicacy in Andalusian cuisine, often confused with tuna due to its similarity.  <\/p>\n<p>Characteristics and nutritional value: Rich in protein, low in fat and calories, and rich in omega-3, vitamins (A, D, B) and minerals (calcium, iron, phosphorus, magnesium), it promotes cardiovascular health and cholesterol regulation. Its delicate and juicy texture and intense flavor make it versatile for culinary use. <\/p>\n<p>Culinary uses: Normally preserved in sunflower or olive oil, almadraba frigate tuna is used in salads, stews, sushi, toast or as an appetizer. Among its most outstanding recipes are \u00c1ngel Le\u00f3n&#8217;s dish with sea water and tomato, or rice with frigate tuna, mushrooms and Pedro Xim\u00e9nez. It is a basic product in high-end kitchens and gourmet products.  <\/p>\n<p>Artisanal producers such as Conservera de Tarifa use traditional methods, filleting by hand and canning without preservatives. The fish is caught between June and October, with high season from late August to early October. It has the Protected Geographical Indication (PGI) Melva de Andaluc\u00eda, which guarantees its quality and authenticity.  <\/p>\n<p>Availability: It is sold in formats such as 120 g, 125 g, 550 g or 1.8 kg cans, often under brands such as La Tarife\u00f1a, available in specialized stores such as Andalubox. And at www.andalubox.com. <\/p>\n<p>Cultural importance: Valued since Phoenician and Roman times, the frigate tuna is a culinary treasure in Andalusia, especially in Tarifa, where its scarcity and laborious preparation contribute to its prestige.<\/p>\n<p>Andalubox bets for the almadraba frigate tuna from Tarifa.<\/p>","protected":false},"excerpt":{"rendered":"<p>La Tarife\u00f1a Melva de Almadraba in Olive Oil, RR 125g. Sold all over Europe. <\/p>\n","protected":false},"featured_media":15143,"comment_status":"open","ping_status":"closed","template":"","meta":{"site-sidebar-layout":"default","site-content-layout":"","ast-site-content-layout":"default","site-content-style":"default","site-sidebar-style":"default","ast-global-header-display":"","ast-banner-title-visibility":"","ast-main-header-display":"","ast-hfb-above-header-display":"","ast-hfb-below-header-display":"","ast-hfb-mobile-header-display":"","site-post-title":"","ast-breadcrumbs-content":"","ast-featured-img":"","footer-sml-layout":"","ast-disable-related-posts":"","theme-transparent-header-meta":"default","adv-header-id-meta":"","stick-header-meta":"","header-above-stick-meta":"","header-main-stick-meta":"","header-below-stick-meta":"","astra-migrate-meta-layouts":"default","ast-page-background-enabled":"default","ast-page-background-meta":{"desktop":{"background-color":"var(--ast-global-color-4)","background-image":"","background-repeat":"repeat","background-position":"center center","background-size":"auto","background-attachment":"scroll","background-type":"","background-media":"","overlay-type":"","overlay-color":"","overlay-opacity":"","overlay-gradient":""},"tablet":{"background-color":"","background-image":"","background-repeat":"repeat","background-position":"center center","background-size":"auto","background-attachment":"scroll","background-type":"","background-media":"","overlay-type":"","overlay-color":"","overlay-opacity":"","overlay-gradient":""},"mobile":{"background-color":"","background-image":"","background-repeat":"repeat","background-position":"center center","background-size":"auto","background-attachment":"scroll","background-type":"","background-media":"","overlay-type":"","overlay-color":"","overlay-opacity":"","overlay-gradient":""}},"ast-content-background-meta":{"desktop":{"background-color":"var(--ast-global-color-5)","background-image":"","background-repeat":"repeat","background-position":"center center","background-size":"auto","background-attachment":"scroll","background-type":"","background-media":"","overlay-type":"","overlay-color":"","overlay-opacity":"","overlay-gradient":""},"tablet":{"background-color":"var(--ast-global-color-5)","background-image":"","background-repeat":"repeat","background-position":"center center","background-size":"auto","background-attachment":"scroll","background-type":"","background-media":"","overlay-type":"","overlay-color":"","overlay-opacity":"","overlay-gradient":""},"mobile":{"background-color":"var(--ast-global-color-5)","background-image":"","background-repeat":"repeat","background-position":"center center","background-size":"auto","background-attachment":"scroll","background-type":"","background-media":"","overlay-type":"","overlay-color":"","overlay-opacity":"","overlay-gradient":""}}},"product_brand":[],"product_cat":[250],"product_tag":[],"class_list":{"0":"post-15146","1":"product","2":"type-product","3":"status-publish","4":"has-post-thumbnail","6":"product_cat-almadraba-frigate-tuna","7":"desktop-align-left","8":"tablet-align-left","9":"mobile-align-left","11":"first","12":"instock","13":"taxable","14":"shipping-taxable","15":"purchasable","16":"product-type-simple"},"_links":{"self":[{"href":"https:\/\/andalubox.com\/en\/wp-json\/wp\/v2\/product\/15146","targetHints":{"allow":["GET"]}}],"collection":[{"href":"https:\/\/andalubox.com\/en\/wp-json\/wp\/v2\/product"}],"about":[{"href":"https:\/\/andalubox.com\/en\/wp-json\/wp\/v2\/types\/product"}],"replies":[{"embeddable":true,"href":"https:\/\/andalubox.com\/en\/wp-json\/wp\/v2\/comments?post=15146"}],"wp:featuredmedia":[{"embeddable":true,"href":"https:\/\/andalubox.com\/en\/wp-json\/wp\/v2\/media\/15143"}],"wp:attachment":[{"href":"https:\/\/andalubox.com\/en\/wp-json\/wp\/v2\/media?parent=15146"}],"wp:term":[{"taxonomy":"product_brand","embeddable":true,"href":"https:\/\/andalubox.com\/en\/wp-json\/wp\/v2\/product_brand?post=15146"},{"taxonomy":"product_cat","embeddable":true,"href":"https:\/\/andalubox.com\/en\/wp-json\/wp\/v2\/product_cat?post=15146"},{"taxonomy":"product_tag","embeddable":true,"href":"https:\/\/andalubox.com\/en\/wp-json\/wp\/v2\/product_tag?post=15146"}],"curies":[{"name":"wp","href":"https:\/\/api.w.org\/{rel}","templated":true}]}}