{"id":14836,"date":"2024-09-25T09:35:03","date_gmt":"2024-09-25T07:35:03","guid":{"rendered":"https:\/\/andalubox.com\/producto-andaluz\/gin-aguasanta-liquorice\/"},"modified":"2026-02-25T16:48:00","modified_gmt":"2026-02-25T15:48:00","slug":"ginebra-aguasanta-regaliz","status":"publish","type":"product","link":"https:\/\/andalubox.com\/en\/producto-andaluz\/gin-aguasanta-liquorice\/","title":{"rendered":"Aguasanta Gin Regaliz de Utrera 70cl"},"content":{"rendered":"<p>La ginebra <b>Aguasanta Gin Regaliz<\/b> de Utrera, Sevilla, es una bebida destilada que se distingue por su enfoque en un sabor \u00fanico e intenso, a diferencia de las ginebras m\u00e1s tradicionales o afrutadas.<\/p>\r\n<h3>Un Sabor \u00danico e Intenso<\/h3>\r\n<p>A diferencia de la ginebra tradicional, esta ginebra se elabora con una infusi\u00f3n de <b>regaliz<\/b>, lo que le da un perfil de sabor muy particular. El regaliz aporta notas dulces, anisadas y ligeramente amaderadas, que se mezclan con los bot\u00e1nicos de la ginebra, como el enebro, para crear una experiencia de degustaci\u00f3n muy distinta.<\/p>\r\n<h3>Notas de Cata y Caracter\u00edsticas<\/h3>\r\n<ul>\r\n\t<li>\r\n<p><b>Vista<\/b>: Un color brillante y transl\u00facido.<\/p>\r\n<\/li>\r\n\t<li>\r\n<p><b>Nariz<\/b>: En la nariz, predominan los aromas a regaliz, con toques de enebro y notas especiadas.<\/p>\r\n<\/li>\r\n\t<li>\r\n<p><b>Boca<\/b>: En boca es suave y dulce, con el sabor a regaliz como protagonista, seguido de un toque de an\u00eds. El final es largo y persistente, dejando una sensaci\u00f3n c\u00e1lida.<\/p>\r\n<\/li>\r\n<\/ul>\r\n<h3>Maridaje y Preparaci\u00f3n<\/h3>\r\n<p>La Aguasanta Gin Regaliz es ideal para aquellos que buscan un sabor m\u00e1s intenso y diferente. La forma m\u00e1s com\u00fan de servirla es en un gin-tonic, combinado con una t\u00f3nica neutra para permitir que el sabor del regaliz brille. Tambi\u00e9n se puede disfrutar en c\u00f3cteles que requieran un toque dulce y especiado.<\/p>\r\n<p>En resumen, la Aguasanta Gin Regaliz es una excelente opci\u00f3n si buscas una ginebra con un perfil de sabor m\u00e1s dulce, con notas especiadas, y diferente, ideal para quienes buscan experiencias nuevas.<\/p>","protected":false},"excerpt":{"rendered":"<p>La elaboraci\u00f3n del Gin Aguasanta Regaliz &amp; C\u00edtricos se realiza mediante la maceraci\u00f3n de los bot\u00e1nicos naturales y posterior destilaci\u00f3n en Alambique tradicional. A esta base destilada se le a\u00f1ade un alcohol neutro de grano de excepcional suavidad tras cinco destilaciones.<\/p>\n","protected":false},"featured_media":14831,"comment_status":"open","ping_status":"closed","template":"","meta":{"site-sidebar-layout":"default","site-content-layout":"","ast-site-content-layout":"default","site-content-style":"default","site-sidebar-style":"default","ast-global-header-display":"","ast-banner-title-visibility":"","ast-main-header-display":"","ast-hfb-above-header-display":"","ast-hfb-below-header-display":"","ast-hfb-mobile-header-display":"","site-post-title":"","ast-breadcrumbs-content":"","ast-featured-img":"","footer-sml-layout":"","ast-disable-related-posts":"","theme-transparent-header-meta":"default","adv-header-id-meta":"","stick-header-meta":"","header-above-stick-meta":"","header-main-stick-meta":"","header-below-stick-meta":"","astra-migrate-meta-layouts":"default","ast-page-background-enabled":"default","ast-page-background-meta":{"desktop":{"background-color":"var(--ast-global-color-4)","background-image":"","background-repeat":"repeat","background-position":"center center","background-size":"auto","background-attachment":"scroll","background-type":"","background-media":"","overlay-type":"","overlay-color":"","overlay-opacity":"","overlay-gradient":""},"tablet":{"background-color":"","background-image":"","background-repeat":"repeat","background-position":"center center","background-size":"auto","background-attachment":"scroll","background-type":"","background-media":"","overlay-type":"","overlay-color":"","overlay-opacity":"","overlay-gradient":""},"mobile":{"background-color":"","background-image":"","background-repeat":"repeat","background-position":"center center","background-size":"auto","background-attachment":"scroll","background-type":"","background-media":"","overlay-type":"","overlay-color":"","overlay-opacity":"","overlay-gradient":""}},"ast-content-background-meta":{"desktop":{"background-color":"var(--ast-global-color-5)","background-image":"","background-repeat":"repeat","background-position":"center center","background-size":"auto","background-attachment":"scroll","background-type":"","background-media":"","overlay-type":"","overlay-color":"","overlay-opacity":"","overlay-gradient":""},"tablet":{"background-color":"var(--ast-global-color-5)","background-image":"","background-repeat":"repeat","background-position":"center center","background-size":"auto","background-attachment":"scroll","background-type":"","background-media":"","overlay-type":"","overlay-color":"","overlay-opacity":"","overlay-gradient":""},"mobile":{"background-color":"var(--ast-global-color-5)","background-image":"","background-repeat":"repeat","background-position":"center center","background-size":"auto","background-attachment":"scroll","background-type":"","background-media":"","overlay-type":"","overlay-color":"","overlay-opacity":"","overlay-gradient":""}}},"product_brand":[1400],"product_cat":[1722],"product_tag":[],"class_list":{"0":"post-14836","1":"product","2":"type-product","3":"status-publish","4":"has-post-thumbnail","6":"product_brand-destileria-de-utrera","7":"product_cat-ginebra-2-en","8":"desktop-align-left","9":"tablet-align-left","10":"mobile-align-left","12":"first","13":"instock","14":"taxable","15":"shipping-taxable","16":"purchasable","17":"product-type-simple"},"_links":{"self":[{"href":"https:\/\/andalubox.com\/en\/wp-json\/wp\/v2\/product\/14836","targetHints":{"allow":["GET"]}}],"collection":[{"href":"https:\/\/andalubox.com\/en\/wp-json\/wp\/v2\/product"}],"about":[{"href":"https:\/\/andalubox.com\/en\/wp-json\/wp\/v2\/types\/product"}],"replies":[{"embeddable":true,"href":"https:\/\/andalubox.com\/en\/wp-json\/wp\/v2\/comments?post=14836"}],"wp:featuredmedia":[{"embeddable":true,"href":"https:\/\/andalubox.com\/en\/wp-json\/wp\/v2\/media\/14831"}],"wp:attachment":[{"href":"https:\/\/andalubox.com\/en\/wp-json\/wp\/v2\/media?parent=14836"}],"wp:term":[{"taxonomy":"product_brand","embeddable":true,"href":"https:\/\/andalubox.com\/en\/wp-json\/wp\/v2\/product_brand?post=14836"},{"taxonomy":"product_cat","embeddable":true,"href":"https:\/\/andalubox.com\/en\/wp-json\/wp\/v2\/product_cat?post=14836"},{"taxonomy":"product_tag","embeddable":true,"href":"https:\/\/andalubox.com\/en\/wp-json\/wp\/v2\/product_tag?post=14836"}],"curies":[{"name":"wp","href":"https:\/\/api.w.org\/{rel}","templated":true}]}}