{"id":13839,"date":"2024-06-11T09:39:15","date_gmt":"2024-06-11T07:39:15","guid":{"rendered":"https:\/\/andalubox.com\/producto-andaluz\/cruzcampo-gluten-free-special-third-beer-seville-33cl\/"},"modified":"2026-02-25T12:13:03","modified_gmt":"2026-02-25T11:13:03","slug":"cruzcampo-sin-gluten-especial-tercio-cerveza-sevilla","status":"publish","type":"product","link":"https:\/\/andalubox.com\/en\/producto-andaluz\/cruzcampo-gluten-free-special-third-beer-seville-33cl\/","title":{"rendered":"Cruzcampo Cerveza Especial Sin Gluten Tercio 33cl"},"content":{"rendered":"<p>Cruzcampo Cerveza Especial Sin Gluten Tercio 33cl<\/p>\r\n<p data-path-to-node=\"3\"><b data-path-to-node=\"3\" data-index-in-node=\"0\"><span class=\"citation-24 citation-end-24\">Todo el car\u00e1cter de la Cruzcampo de siempre, ahora apta para cel\u00edacos.<\/span><\/b><\/p>\r\n<p data-path-to-node=\"4\">La <b data-path-to-node=\"4\" data-index-in-node=\"3\">Cruzcampo Cerveza Especial Sin Gluten<\/b>\u00a0es la respuesta perfecta para quienes no quieren renunciar al sabor aut\u00e9ntico de una buena <b data-path-to-node=\"4\" data-index-in-node=\"124\">cerveza<\/b> de barril. <span class=\"citation-23\">Esta <\/span><b data-path-to-node=\"4\" data-index-in-node=\"148\"><span class=\"citation-23\">cerveza sin gluten<\/span><\/b><span class=\"citation-23 citation-end-23\"> mantiene intacto el proceso de elaboraci\u00f3n de la receta &#8220;Especial&#8221;, pero incorporando un proceso de desglutinizaci\u00f3n que garantiza la seguridad total para el consumidor cel\u00edaco sin alterar sus matices organol\u00e9pticos.<\/span><\/p>\r\n<p data-path-to-node=\"5\"><span class=\"citation-22\">Es una <\/span><b data-path-to-node=\"5\" data-index-in-node=\"7\"><span class=\"citation-22\">cerveza<\/span><\/b><span class=\"citation-22 citation-end-22\"> tipo Lager, con un color oro brillante y una espuma consistente, ideal para disfrutar en cualquier momento del d\u00eda con la confianza de un producto certificado.<\/span><\/p>\r\n<h3 data-path-to-node=\"6\">Notas de Cata<\/h3>\r\n<ul data-path-to-node=\"7\">\r\n\t<li>\r\n<p data-path-to-node=\"7,0,0\"><b data-path-to-node=\"7,0,0\" data-index-in-node=\"0\">Sabor:<\/b> Equilibrio perfecto entre el dulce de la malta y el amargor suave del l\u00fapulo.<\/p>\r\n<\/li>\r\n\t<li>\r\n<p data-path-to-node=\"7,1,0\"><b data-path-to-node=\"7,1,0\" data-index-in-node=\"0\">Aroma:<\/b> Notas frutales y un toque a cereal tostado muy caracter\u00edstico.<\/p>\r\n<\/li>\r\n\t<li>\r\n<p data-path-to-node=\"7,2,0\"><b data-path-to-node=\"7,2,0\" data-index-in-node=\"0\">Textura:<\/b> Refrescante, ligera y con ese punto de carb\u00f3nico que la hace \u00fanica.<\/p>\r\n<\/li>\r\n<\/ul>\r\n<h3 data-path-to-node=\"8\">\u00bfPor qu\u00e9 elegir Cruzcampo Sin Gluten?<\/h3>\r\n<p data-path-to-node=\"9\">Si buscas una <b data-path-to-node=\"9\" data-index-in-node=\"14\">cerveza sin gluten<\/b> que sepa a <b data-path-to-node=\"9\" data-index-in-node=\"44\">cerveza<\/b> de verdad, esta es la elecci\u00f3n ganadora. Es la opci\u00f3n preferida en los hogares espa\u00f1oles por su versatilidad en el maridaje, combinando a la perfecci\u00f3n con tapas, frituras de pescado o simplemente un buen plato de jam\u00f3n.<\/p>\r\n<p data-path-to-node=\"9\">Cruzcampo Cerveza Especial Sin Gluten Tercio 33cl<\/p>","protected":false},"excerpt":{"rendered":"<p>Disfruta de la cerveza sin gluten m\u00e1s famosa de Espa\u00f1a en la puerta de tu casa:<b data-path-to-node=\"12,0\" data-index-in-node=\"0\"> exportamos Cruzcampo Cerveza Especial Sin Gluten a toda Europa <\/b>con env\u00edo seguro y garantizado.<\/p>\n","protected":false},"featured_media":13834,"comment_status":"open","ping_status":"closed","template":"","meta":{"site-sidebar-layout":"default","site-content-layout":"","ast-site-content-layout":"default","site-content-style":"default","site-sidebar-style":"default","ast-global-header-display":"","ast-banner-title-visibility":"","ast-main-header-display":"","ast-hfb-above-header-display":"","ast-hfb-below-header-display":"","ast-hfb-mobile-header-display":"","site-post-title":"","ast-breadcrumbs-content":"","ast-featured-img":"","footer-sml-layout":"","ast-disable-related-posts":"","theme-transparent-header-meta":"default","adv-header-id-meta":"","stick-header-meta":"","header-above-stick-meta":"","header-main-stick-meta":"","header-below-stick-meta":"","astra-migrate-meta-layouts":"default","ast-page-background-enabled":"default","ast-page-background-meta":{"desktop":{"background-color":"var(--ast-global-color-4)","background-image":"","background-repeat":"repeat","background-position":"center center","background-size":"auto","background-attachment":"scroll","background-type":"","background-media":"","overlay-type":"","overlay-color":"","overlay-opacity":"","overlay-gradient":""},"tablet":{"background-color":"","background-image":"","background-repeat":"repeat","background-position":"center center","background-size":"auto","background-attachment":"scroll","background-type":"","background-media":"","overlay-type":"","overlay-color":"","overlay-opacity":"","overlay-gradient":""},"mobile":{"background-color":"","background-image":"","background-repeat":"repeat","background-position":"center center","background-size":"auto","background-attachment":"scroll","background-type":"","background-media":"","overlay-type":"","overlay-color":"","overlay-opacity":"","overlay-gradient":""}},"ast-content-background-meta":{"desktop":{"background-color":"var(--ast-global-color-5)","background-image":"","background-repeat":"repeat","background-position":"center center","background-size":"auto","background-attachment":"scroll","background-type":"","background-media":"","overlay-type":"","overlay-color":"","overlay-opacity":"","overlay-gradient":""},"tablet":{"background-color":"var(--ast-global-color-5)","background-image":"","background-repeat":"repeat","background-position":"center center","background-size":"auto","background-attachment":"scroll","background-type":"","background-media":"","overlay-type":"","overlay-color":"","overlay-opacity":"","overlay-gradient":""},"mobile":{"background-color":"var(--ast-global-color-5)","background-image":"","background-repeat":"repeat","background-position":"center center","background-size":"auto","background-attachment":"scroll","background-type":"","background-media":"","overlay-type":"","overlay-color":"","overlay-opacity":"","overlay-gradient":""}}},"product_brand":[1283],"product_cat":[266],"product_tag":[],"class_list":{"0":"post-13839","1":"product","2":"type-product","3":"status-publish","4":"has-post-thumbnail","6":"product_brand-cruzcampo","7":"product_cat-andalusian-beers","8":"desktop-align-left","9":"tablet-align-left","10":"mobile-align-left","12":"first","13":"instock","14":"taxable","15":"shipping-taxable","16":"purchasable","17":"product-type-simple"},"_links":{"self":[{"href":"https:\/\/andalubox.com\/en\/wp-json\/wp\/v2\/product\/13839","targetHints":{"allow":["GET"]}}],"collection":[{"href":"https:\/\/andalubox.com\/en\/wp-json\/wp\/v2\/product"}],"about":[{"href":"https:\/\/andalubox.com\/en\/wp-json\/wp\/v2\/types\/product"}],"replies":[{"embeddable":true,"href":"https:\/\/andalubox.com\/en\/wp-json\/wp\/v2\/comments?post=13839"}],"wp:featuredmedia":[{"embeddable":true,"href":"https:\/\/andalubox.com\/en\/wp-json\/wp\/v2\/media\/13834"}],"wp:attachment":[{"href":"https:\/\/andalubox.com\/en\/wp-json\/wp\/v2\/media?parent=13839"}],"wp:term":[{"taxonomy":"product_brand","embeddable":true,"href":"https:\/\/andalubox.com\/en\/wp-json\/wp\/v2\/product_brand?post=13839"},{"taxonomy":"product_cat","embeddable":true,"href":"https:\/\/andalubox.com\/en\/wp-json\/wp\/v2\/product_cat?post=13839"},{"taxonomy":"product_tag","embeddable":true,"href":"https:\/\/andalubox.com\/en\/wp-json\/wp\/v2\/product_tag?post=13839"}],"curies":[{"name":"wp","href":"https:\/\/api.w.org\/{rel}","templated":true}]}}