{"id":9925,"date":"2023-03-09T17:46:29","date_gmt":"2023-03-09T16:46:29","guid":{"rendered":"https:\/\/andalubox.com\/producto-andaluz\/milka-choc-choc\/"},"modified":"2025-06-20T09:38:54","modified_gmt":"2025-06-20T07:38:54","slug":"milka-choc-choc","status":"publish","type":"product","link":"https:\/\/andalubox.com\/de\/producto-andaluz\/milka-choc-choc\/","title":{"rendered":"Milka Choc &amp; Choc (Mit Kakao gef\u00fcllte Kekse, umh\u00fcllt von Alpenmilchschokolade)"},"content":{"rendered":"<p>Genie\u00dfen Sie den unwiderstehlichen Geschmack von Milka Choc&amp;choc, einer k\u00f6stlichen Kombination aus Milchschokolade. Dieses Produkt wird mit den besten Zutaten und der Qualit\u00e4tspflege von Milka hergestellt.<\/p>\n<p>Kaufen Sie jetzt Milka Choc&amp;choc und schenken Sie Ihren Geschmacksknospen ein unvergessliches Schokoladenerlebnis!<\/p>\n<h3>Zutaten<\/h3>\n<p>Zucker, Weizenmehl, Glukose-Fruktose-Sirup, Eier, Raps\u00f6l, Kakaobutter, Magermilchpulver, Kakaomasse, Stabilisator (Glycerin), Molkenpulver (aus Milch), Kartoffelst\u00e4rke, Sheabutter, Milchfett, fettarmes Kakaopulver, Emulgator (Sojalecithin, E475, E471, E476, Sonnenblumenlecithin), Vollmilchpulver, H\u00fchnereiwei\u00dfpulver, Backpulver (Diphosphate, Natriumcarbonate), Salz, Haselnussmark, Aromen, Verdickungsmittel (Xanthan).<\/p>\n<p><img fetchpriority=\"high\" decoding=\"async\" class=\"alignnone size-medium wp-image-9915\" src=\"https:\/\/andalubox.com\/wp-content\/uploads\/2023\/03\/milka-choc-375x500.jpg\" alt=\"Milka Choc &amp; Choc\" width=\"375\" height=\"500\" srcset=\"https:\/\/andalubox.com\/wp-content\/uploads\/2023\/03\/milka-choc-375x500.jpg 375w, https:\/\/andalubox.com\/wp-content\/uploads\/2023\/03\/milka-choc-768x1024.jpg 768w, https:\/\/andalubox.com\/wp-content\/uploads\/2023\/03\/milka-choc-600x800.jpg 600w, https:\/\/andalubox.com\/wp-content\/uploads\/2023\/03\/milka-choc.jpg 900w\" sizes=\"(max-width: 375px) 100vw, 375px\" \/><\/p>","protected":false},"excerpt":{"rendered":"<p>Torten mit F\u00fcllung und Schokolade<\/p>\n","protected":false},"featured_media":9922,"comment_status":"closed","ping_status":"closed","template":"","meta":{"site-sidebar-layout":"default","site-content-layout":"default","ast-site-content-layout":"default","site-content-style":"default","site-sidebar-style":"default","ast-global-header-display":"","ast-banner-title-visibility":"","ast-main-header-display":"","ast-hfb-above-header-display":"","ast-hfb-below-header-display":"","ast-hfb-mobile-header-display":"","site-post-title":"","ast-breadcrumbs-content":"","ast-featured-img":"","footer-sml-layout":"","ast-disable-related-posts":"","theme-transparent-header-meta":"default","adv-header-id-meta":"","stick-header-meta":"","header-above-stick-meta":"","header-main-stick-meta":"","header-below-stick-meta":"","astra-migrate-meta-layouts":"default","ast-page-background-enabled":"default","ast-page-background-meta":{"desktop":{"background-color":"var(--ast-global-color-4)","background-image":"","background-repeat":"repeat","background-position":"center center","background-size":"auto","background-attachment":"scroll","background-type":"","background-media":"","overlay-type":"","overlay-color":"","overlay-opacity":"","overlay-gradient":""},"tablet":{"background-color":"","background-image":"","background-repeat":"repeat","background-position":"center center","background-size":"auto","background-attachment":"scroll","background-type":"","background-media":"","overlay-type":"","overlay-color":"","overlay-opacity":"","overlay-gradient":""},"mobile":{"background-color":"","background-image":"","background-repeat":"repeat","background-position":"center center","background-size":"auto","background-attachment":"scroll","background-type":"","background-media":"","overlay-type":"","overlay-color":"","overlay-opacity":"","overlay-gradient":""}},"ast-content-background-meta":{"desktop":{"background-color":"var(--ast-global-color-5)","background-image":"","background-repeat":"repeat","background-position":"center center","background-size":"auto","background-attachment":"scroll","background-type":"","background-media":"","overlay-type":"","overlay-color":"","overlay-opacity":"","overlay-gradient":""},"tablet":{"background-color":"var(--ast-global-color-5)","background-image":"","background-repeat":"repeat","background-position":"center center","background-size":"auto","background-attachment":"scroll","background-type":"","background-media":"","overlay-type":"","overlay-color":"","overlay-opacity":"","overlay-gradient":""},"mobile":{"background-color":"var(--ast-global-color-5)","background-image":"","background-repeat":"repeat","background-position":"center center","background-size":"auto","background-attachment":"scroll","background-type":"","background-media":"","overlay-type":"","overlay-color":"","overlay-opacity":"","overlay-gradient":""}}},"product_brand":[1474],"product_cat":[373],"product_tag":[],"class_list":{"0":"post-9925","1":"product","2":"type-product","3":"status-publish","4":"has-post-thumbnail","6":"product_brand-milka","7":"product_cat-schokolade","8":"desktop-align-left","9":"tablet-align-left","10":"mobile-align-left","12":"first","13":"outofstock","14":"taxable","15":"shipping-taxable","16":"purchasable","17":"product-type-simple"},"_links":{"self":[{"href":"https:\/\/andalubox.com\/de\/wp-json\/wp\/v2\/product\/9925","targetHints":{"allow":["GET"]}}],"collection":[{"href":"https:\/\/andalubox.com\/de\/wp-json\/wp\/v2\/product"}],"about":[{"href":"https:\/\/andalubox.com\/de\/wp-json\/wp\/v2\/types\/product"}],"replies":[{"embeddable":true,"href":"https:\/\/andalubox.com\/de\/wp-json\/wp\/v2\/comments?post=9925"}],"wp:featuredmedia":[{"embeddable":true,"href":"https:\/\/andalubox.com\/de\/wp-json\/wp\/v2\/media\/9922"}],"wp:attachment":[{"href":"https:\/\/andalubox.com\/de\/wp-json\/wp\/v2\/media?parent=9925"}],"wp:term":[{"taxonomy":"product_brand","embeddable":true,"href":"https:\/\/andalubox.com\/de\/wp-json\/wp\/v2\/product_brand?post=9925"},{"taxonomy":"product_cat","embeddable":true,"href":"https:\/\/andalubox.com\/de\/wp-json\/wp\/v2\/product_cat?post=9925"},{"taxonomy":"product_tag","embeddable":true,"href":"https:\/\/andalubox.com\/de\/wp-json\/wp\/v2\/product_tag?post=9925"}],"curies":[{"name":"wp","href":"https:\/\/api.w.org\/{rel}","templated":true}]}}