{"id":9788,"date":"2023-02-22T10:40:22","date_gmt":"2023-02-22T09:40:22","guid":{"rendered":"https:\/\/andalubox.com\/producto-andaluz\/general-mills-zimt-toast-crunch-churros-schokolade-337g\/"},"modified":"2025-06-20T08:28:45","modified_gmt":"2025-06-20T06:28:45","slug":"zimttoast-knusper-curros","status":"publish","type":"product","link":"https:\/\/andalubox.com\/de\/producto-andaluz\/zimttoast-knusper-curros\/","title":{"rendered":"General Mills Cinnamon Toast Crunch Schokolade (Churros Schokolade) (Importiert aus USA), 337g"},"content":{"rendered":"<h2>N\u00e4hrwerttabelle<\/h2>\n<p>&nbsp;<\/p>\n<table class=\"NutritionTable_nutritionTable__8iawu\">\n<tbody>\n<tr class=\" NutritionTable_borderGapTop__lQevn\">\n<th class=\"NutritionTable_nutritionItemBold__1U049\" scope=\"row\">Fett gesamt<\/th>\n<td>5g<\/td>\n<\/tr>\n<tr class=\"NutritionTable_nutritionSubitem__y4w9w \">\n<th class=\"NutritionTable_nutritionItemBold__1U049\" scope=\"row\">Ges\u00e4ttigtes Fett<\/th>\n<td>0.5g<\/td>\n<\/tr>\n<tr class=\"NutritionTable_nutritionSubitem__y4w9w \">\n<th class=\"NutritionTable_nutritionItemBold__1U049\" scope=\"row\">Transfette<\/th>\n<td>0g<\/td>\n<\/tr>\n<tr class=\"NutritionTable_nutritionSubitem__y4w9w \">\n<th class=\"NutritionTable_nutritionItemBold__1U049\" scope=\"row\">Mehrfach unges\u00e4ttigte Fette<\/th>\n<td>1g<\/td>\n<\/tr>\n<tr class=\"NutritionTable_nutritionSubitem__y4w9w \">\n<th class=\"NutritionTable_nutritionItemBold__1U049\" scope=\"row\">Einfach unges\u00e4ttigte Fette<\/th>\n<td>2.5g<\/td>\n<\/tr>\n<tr class=\" \">\n<th class=\"NutritionTable_nutritionItemBold__1U049\" scope=\"row\">Cholesterin<\/th>\n<td>0mg<\/td>\n<\/tr>\n<tr class=\" \">\n<th class=\"NutritionTable_nutritionItemBold__1U049\" scope=\"row\">Natrium<\/th>\n<td>230mg<\/td>\n<\/tr>\n<tr class=\" \">\n<th class=\"NutritionTable_nutritionItemBold__1U049\" scope=\"row\">Kalium<\/th>\n<td>120mg<\/td>\n<\/tr>\n<tr class=\" \">\n<th class=\"NutritionTable_nutritionItemBold__1U049\" scope=\"row\">Kohlenhydrate gesamt<\/th>\n<td>31g<\/td>\n<\/tr>\n<tr class=\"NutritionTable_nutritionSubitem__y4w9w \">\n<th class=\"NutritionTable_nutritionItemBold__1U049\" scope=\"row\">Ballaststoffe<\/th>\n<td>3g<\/td>\n<\/tr>\n<tr class=\"NutritionTable_nutritionSubitem__y4w9w \">\n<th class=\"NutritionTable_nutritionItemBold__1U049\" scope=\"row\">Zucker gesamt<\/th>\n<td>10g<\/td>\n<\/tr>\n<tr class=\"NutritionTable_nutritionSubSubitem__o6UuD \">\n<th scope=\"row\">Einschlie\u00dflich. Zugesetzter Zucker<\/th>\n<td>10g<\/td>\n<\/tr>\n<tr class=\" NutritionTable_borderGapBottom__ekwRR\">\n<th class=\"NutritionTable_nutritionItemBold__1U049\" scope=\"row\">Eiwei\u00df<\/th>\n<td>3g<\/td>\n<\/tr>\n<tr class=\"NutritionTable_borderGapTop__lQevn NutritionTable_nutritionVitamins__68SO5\">\n<th scope=\"row\">Vitamin D<\/th>\n<td>2mcg<\/td>\n<\/tr>\n<tr class=\"\">\n<th scope=\"row\">Calcium<\/th>\n<td>130mg<\/td>\n<\/tr>\n<tr class=\"NutritionTable_borderGapBottom__ekwRR\">\n<th scope=\"row\">Eisen<\/th>\n<td>3.6mg<\/td>\n<\/tr>\n<\/tbody>\n<\/table>","protected":false},"excerpt":{"rendered":"<p>Ein k\u00f6stlicher Start in den Tag mit General Mills Cinnamon Toast Crunch Churros Chocolate. Von den in Spanien sehr beliebten Churros inspiriertes M\u00fcsli. Zimt verleiht diesem einzigartigen Fr\u00fchst\u00fcck die perfekte Note. Wir empfehlen, sie mit hei\u00dfer oder kalter Milch (je nach Geschmack) zu trinken, um diese Cerealien in vollen Z\u00fcgen zu genie\u00dfen.<\/p>\n","protected":false},"featured_media":9786,"comment_status":"closed","ping_status":"closed","template":"","meta":{"site-sidebar-layout":"default","site-content-layout":"default","ast-site-content-layout":"default","site-content-style":"default","site-sidebar-style":"default","ast-global-header-display":"","ast-banner-title-visibility":"","ast-main-header-display":"","ast-hfb-above-header-display":"","ast-hfb-below-header-display":"","ast-hfb-mobile-header-display":"","site-post-title":"","ast-breadcrumbs-content":"","ast-featured-img":"","footer-sml-layout":"","ast-disable-related-posts":"","theme-transparent-header-meta":"default","adv-header-id-meta":"","stick-header-meta":"","header-above-stick-meta":"","header-main-stick-meta":"","header-below-stick-meta":"","astra-migrate-meta-layouts":"default","ast-page-background-enabled":"default","ast-page-background-meta":{"desktop":{"background-color":"var(--ast-global-color-4)","background-image":"","background-repeat":"repeat","background-position":"center center","background-size":"auto","background-attachment":"scroll","background-type":"","background-media":"","overlay-type":"","overlay-color":"","overlay-opacity":"","overlay-gradient":""},"tablet":{"background-color":"","background-image":"","background-repeat":"repeat","background-position":"center center","background-size":"auto","background-attachment":"scroll","background-type":"","background-media":"","overlay-type":"","overlay-color":"","overlay-opacity":"","overlay-gradient":""},"mobile":{"background-color":"","background-image":"","background-repeat":"repeat","background-position":"center center","background-size":"auto","background-attachment":"scroll","background-type":"","background-media":"","overlay-type":"","overlay-color":"","overlay-opacity":"","overlay-gradient":""}},"ast-content-background-meta":{"desktop":{"background-color":"var(--ast-global-color-5)","background-image":"","background-repeat":"repeat","background-position":"center center","background-size":"auto","background-attachment":"scroll","background-type":"","background-media":"","overlay-type":"","overlay-color":"","overlay-opacity":"","overlay-gradient":""},"tablet":{"background-color":"var(--ast-global-color-5)","background-image":"","background-repeat":"repeat","background-position":"center center","background-size":"auto","background-attachment":"scroll","background-type":"","background-media":"","overlay-type":"","overlay-color":"","overlay-opacity":"","overlay-gradient":""},"mobile":{"background-color":"var(--ast-global-color-5)","background-image":"","background-repeat":"repeat","background-position":"center center","background-size":"auto","background-attachment":"scroll","background-type":"","background-media":"","overlay-type":"","overlay-color":"","overlay-opacity":"","overlay-gradient":""}}},"product_brand":[1225],"product_cat":[368],"product_tag":[],"class_list":{"0":"post-9788","1":"product","2":"type-product","3":"status-publish","4":"has-post-thumbnail","6":"product_brand-general-mills","7":"product_cat-getreide","8":"desktop-align-left","9":"tablet-align-left","10":"mobile-align-left","12":"first","13":"outofstock","14":"taxable","15":"shipping-taxable","16":"purchasable","17":"product-type-simple"},"_links":{"self":[{"href":"https:\/\/andalubox.com\/de\/wp-json\/wp\/v2\/product\/9788","targetHints":{"allow":["GET"]}}],"collection":[{"href":"https:\/\/andalubox.com\/de\/wp-json\/wp\/v2\/product"}],"about":[{"href":"https:\/\/andalubox.com\/de\/wp-json\/wp\/v2\/types\/product"}],"replies":[{"embeddable":true,"href":"https:\/\/andalubox.com\/de\/wp-json\/wp\/v2\/comments?post=9788"}],"wp:featuredmedia":[{"embeddable":true,"href":"https:\/\/andalubox.com\/de\/wp-json\/wp\/v2\/media\/9786"}],"wp:attachment":[{"href":"https:\/\/andalubox.com\/de\/wp-json\/wp\/v2\/media?parent=9788"}],"wp:term":[{"taxonomy":"product_brand","embeddable":true,"href":"https:\/\/andalubox.com\/de\/wp-json\/wp\/v2\/product_brand?post=9788"},{"taxonomy":"product_cat","embeddable":true,"href":"https:\/\/andalubox.com\/de\/wp-json\/wp\/v2\/product_cat?post=9788"},{"taxonomy":"product_tag","embeddable":true,"href":"https:\/\/andalubox.com\/de\/wp-json\/wp\/v2\/product_tag?post=9788"}],"curies":[{"name":"wp","href":"https:\/\/api.w.org\/{rel}","templated":true}]}}