{"id":9604,"date":"2023-02-09T16:56:45","date_gmt":"2023-02-09T15:56:45","guid":{"rendered":"https:\/\/andalubox.com\/producto-andaluz\/lustrillo-muskateller-im-fass-vergoren-sevilla-75-cl\/"},"modified":"2025-06-27T10:49:35","modified_gmt":"2025-06-27T08:49:35","slug":"lustrillo-moscatel-vergoren-in-barrica-sevilla","status":"publish","type":"product","link":"https:\/\/andalubox.com\/de\/producto-andaluz\/lustrillo-muskateller-im-fass-vergoren-sevilla-75-cl\/","title":{"rendered":"Lustrillo Moscatel im Sevilla-Fass vergoren 75cl"},"content":{"rendered":"<h2>Verkostungsnotiz<\/h2>\n<div class=\"field\">\n<div class=\"field-label\"><b>Erscheinungsbild: <\/b><span style=\"font-size: 16px\">Blassgoldene Farbe mit intensiveren Reflexen und dichter Tr\u00e4ne.<\/span><\/div>\n<\/div>\n<div class=\"field\">\n<div class=\"field-label\"><b>Die Nase: <\/b><span style=\"font-size: 16px\">S\u00fc\u00dfe Aromen, die typisch f\u00fcr die Moscatel-Traube sind, mit einem Hauch von Mineralien und Salz.<\/span><\/div>\n<\/div>\n<div class=\"field\">\n<div class=\"field-label\"><b>Mund:  <\/b><span style=\"font-size: 16px\">Frischer und sanfter Einstieg. Elegant und geschmeidig.<\/span><\/div>\n<\/div>\n<h2>Graduierung<\/h2>\n<p>14\u00ba<\/p>\n<h2>Sorte<\/h2>\n<p>100% Muskateller<\/p>\n<h2>Kategorie<\/h2>\n<p>Fassvergorener Wei\u00dfwein<\/p>","protected":false},"excerpt":{"rendered":"<div class=\"ql-block\" data-block-id=\"block-ac5a7b86-522c-426c-8520-ba2e199278d5\">In F\u00e4ssern vergorener Moscatel, der 6 Monate lang auf der Hefe in franz\u00f6sischen Eichenf\u00e4ssern reift.<\/div>\n<div class=\"ql-block\" data-block-id=\"block-c1be4999-8962-4e11-9434-67d65703709a\">Mittelgoldene Farbe, gute Dichte, in der Nase s\u00fc\u00df mit Noten von Muskateller, Zitrusfr\u00fcchten und Ankl\u00e4ngen von feinem Geb\u00e4ck und Toast. Im Mund ist er offen und geschmeidig, sehr angenehm und komplex zugleich.<\/div>\n<div class=\"ql-block\" data-block-id=\"block-003c89b7-2581-4d14-9f5c-c4cc94df588d\">Ideal f\u00fcr gegrillten oder gebackenen Fisch, mit Milchprodukten gekochte Pasta, Pasteten und Foi, wei\u00dfes Fleisch und H\u00fclsenfr\u00fcchte im Allgemeinen.<\/div>\n","protected":false},"featured_media":9601,"comment_status":"closed","ping_status":"closed","template":"","meta":{"site-sidebar-layout":"default","site-content-layout":"default","ast-site-content-layout":"default","site-content-style":"default","site-sidebar-style":"default","ast-global-header-display":"","ast-banner-title-visibility":"","ast-main-header-display":"","ast-hfb-above-header-display":"","ast-hfb-below-header-display":"","ast-hfb-mobile-header-display":"","site-post-title":"","ast-breadcrumbs-content":"","ast-featured-img":"","footer-sml-layout":"","ast-disable-related-posts":"","theme-transparent-header-meta":"default","adv-header-id-meta":"","stick-header-meta":"","header-above-stick-meta":"","header-main-stick-meta":"","header-below-stick-meta":"","astra-migrate-meta-layouts":"default","ast-page-background-enabled":"default","ast-page-background-meta":{"desktop":{"background-color":"var(--ast-global-color-4)","background-image":"","background-repeat":"repeat","background-position":"center center","background-size":"auto","background-attachment":"scroll","background-type":"","background-media":"","overlay-type":"","overlay-color":"","overlay-opacity":"","overlay-gradient":""},"tablet":{"background-color":"","background-image":"","background-repeat":"repeat","background-position":"center center","background-size":"auto","background-attachment":"scroll","background-type":"","background-media":"","overlay-type":"","overlay-color":"","overlay-opacity":"","overlay-gradient":""},"mobile":{"background-color":"","background-image":"","background-repeat":"repeat","background-position":"center center","background-size":"auto","background-attachment":"scroll","background-type":"","background-media":"","overlay-type":"","overlay-color":"","overlay-opacity":"","overlay-gradient":""}},"ast-content-background-meta":{"desktop":{"background-color":"var(--ast-global-color-5)","background-image":"","background-repeat":"repeat","background-position":"center center","background-size":"auto","background-attachment":"scroll","background-type":"","background-media":"","overlay-type":"","overlay-color":"","overlay-opacity":"","overlay-gradient":""},"tablet":{"background-color":"var(--ast-global-color-5)","background-image":"","background-repeat":"repeat","background-position":"center center","background-size":"auto","background-attachment":"scroll","background-type":"","background-media":"","overlay-type":"","overlay-color":"","overlay-opacity":"","overlay-gradient":""},"mobile":{"background-color":"var(--ast-global-color-5)","background-image":"","background-repeat":"repeat","background-position":"center center","background-size":"auto","background-attachment":"scroll","background-type":"","background-media":"","overlay-type":"","overlay-color":"","overlay-opacity":"","overlay-gradient":""}}},"product_brand":[1471],"product_cat":[342],"product_tag":[],"class_list":{"0":"post-9604","1":"product","2":"type-product","3":"status-publish","4":"has-post-thumbnail","6":"product_brand-bodegas-gonzalez-palacios","7":"product_cat-weiswein","8":"desktop-align-left","9":"tablet-align-left","10":"mobile-align-left","12":"first","13":"instock","14":"taxable","15":"shipping-taxable","16":"purchasable","17":"product-type-simple"},"_links":{"self":[{"href":"https:\/\/andalubox.com\/de\/wp-json\/wp\/v2\/product\/9604","targetHints":{"allow":["GET"]}}],"collection":[{"href":"https:\/\/andalubox.com\/de\/wp-json\/wp\/v2\/product"}],"about":[{"href":"https:\/\/andalubox.com\/de\/wp-json\/wp\/v2\/types\/product"}],"replies":[{"embeddable":true,"href":"https:\/\/andalubox.com\/de\/wp-json\/wp\/v2\/comments?post=9604"}],"wp:featuredmedia":[{"embeddable":true,"href":"https:\/\/andalubox.com\/de\/wp-json\/wp\/v2\/media\/9601"}],"wp:attachment":[{"href":"https:\/\/andalubox.com\/de\/wp-json\/wp\/v2\/media?parent=9604"}],"wp:term":[{"taxonomy":"product_brand","embeddable":true,"href":"https:\/\/andalubox.com\/de\/wp-json\/wp\/v2\/product_brand?post=9604"},{"taxonomy":"product_cat","embeddable":true,"href":"https:\/\/andalubox.com\/de\/wp-json\/wp\/v2\/product_cat?post=9604"},{"taxonomy":"product_tag","embeddable":true,"href":"https:\/\/andalubox.com\/de\/wp-json\/wp\/v2\/product_tag?post=9604"}],"curies":[{"name":"wp","href":"https:\/\/api.w.org\/{rel}","templated":true}]}}