{"id":8825,"date":"2023-03-18T15:58:25","date_gmt":"2023-03-18T14:58:25","guid":{"rendered":"https:\/\/andalubox.com\/producto-andaluz\/malteser-teaser-spreadable-200gr\/"},"modified":"2025-06-20T09:39:01","modified_gmt":"2025-06-20T07:39:01","slug":"malteser-teaser-spreadable-200g","status":"publish","type":"product","link":"https:\/\/andalubox.com\/de\/producto-andaluz\/maltesers-teasers-untable-200gr-2\/","title":{"rendered":"Maltesers Teasers Streichcreme, 200g"},"content":{"rendered":"<h2>Zutaten<\/h2>\n<p>Zucker, pflanzliche \u00d6le (Raps, Palm), knusprige Bienennestst\u00fcckchen (9%) (Glukosesirup, Gerstenmalzextrakt, Magermilchpulver, Palmfett, Weizenmehl, Zucker, Backtriebmittel (E341, E500, E501), Weizengluten, Buttermilchpulver (Milch), Salz), Magermilchpulver, Kakaopulver (Kakao), Backtriebmittel (E341, E500, E501), Weizengluten, Buttermilchpulver (Milch), Salz), Magermilchpulver, fettfreies Kakaopulver (5,4%), Laktose, s\u00fc\u00dfes Buttermilchpulver (Milch), Emulgator: Lecithine, nat\u00fcrliches Vanille-Aroma.<\/p>","protected":false},"excerpt":{"rendered":"<p><span>Maltesers streichf\u00e4hige Creme mit knusprigen St\u00fccken<\/span><\/p>\n<p><span>Weich und cremig mit einem k\u00f6stlichen Geschmack k\u00f6nnen Sie sie auf Kekse, Brownies, Toast, Sandwiches, Kuchen, Muffins&#8230; streichen oder in der Mikrowelle erhitzen, um eine hei\u00dfe Schokoladenso\u00dfe f\u00fcr Eis, frisches Obst, Kuchen, Torten, Puddings&#8230; zu machen. .<\/span><\/p>\n","protected":false},"featured_media":8781,"comment_status":"closed","ping_status":"closed","template":"","meta":{"site-sidebar-layout":"default","site-content-layout":"default","ast-site-content-layout":"default","site-content-style":"default","site-sidebar-style":"default","ast-global-header-display":"","ast-banner-title-visibility":"","ast-main-header-display":"","ast-hfb-above-header-display":"","ast-hfb-below-header-display":"","ast-hfb-mobile-header-display":"","site-post-title":"","ast-breadcrumbs-content":"","ast-featured-img":"","footer-sml-layout":"","ast-disable-related-posts":"","theme-transparent-header-meta":"default","adv-header-id-meta":"","stick-header-meta":"","header-above-stick-meta":"","header-main-stick-meta":"","header-below-stick-meta":"","astra-migrate-meta-layouts":"default","ast-page-background-enabled":"default","ast-page-background-meta":{"desktop":{"background-color":"var(--ast-global-color-4)","background-image":"","background-repeat":"repeat","background-position":"center center","background-size":"auto","background-attachment":"scroll","background-type":"","background-media":"","overlay-type":"","overlay-color":"","overlay-opacity":"","overlay-gradient":""},"tablet":{"background-color":"","background-image":"","background-repeat":"repeat","background-position":"center center","background-size":"auto","background-attachment":"scroll","background-type":"","background-media":"","overlay-type":"","overlay-color":"","overlay-opacity":"","overlay-gradient":""},"mobile":{"background-color":"","background-image":"","background-repeat":"repeat","background-position":"center center","background-size":"auto","background-attachment":"scroll","background-type":"","background-media":"","overlay-type":"","overlay-color":"","overlay-opacity":"","overlay-gradient":""}},"ast-content-background-meta":{"desktop":{"background-color":"var(--ast-global-color-5)","background-image":"","background-repeat":"repeat","background-position":"center center","background-size":"auto","background-attachment":"scroll","background-type":"","background-media":"","overlay-type":"","overlay-color":"","overlay-opacity":"","overlay-gradient":""},"tablet":{"background-color":"var(--ast-global-color-5)","background-image":"","background-repeat":"repeat","background-position":"center center","background-size":"auto","background-attachment":"scroll","background-type":"","background-media":"","overlay-type":"","overlay-color":"","overlay-opacity":"","overlay-gradient":""},"mobile":{"background-color":"var(--ast-global-color-5)","background-image":"","background-repeat":"repeat","background-position":"center center","background-size":"auto","background-attachment":"scroll","background-type":"","background-media":"","overlay-type":"","overlay-color":"","overlay-opacity":"","overlay-gradient":""}}},"product_brand":[1444],"product_cat":[373],"product_tag":[369],"class_list":{"0":"post-8825","1":"product","2":"type-product","3":"status-publish","4":"has-post-thumbnail","6":"product_brand-mars","7":"product_cat-schokolade","8":"product_tag-international-de","9":"desktop-align-left","10":"tablet-align-left","11":"mobile-align-left","13":"first","14":"outofstock","15":"taxable","16":"shipping-taxable","17":"purchasable","18":"product-type-simple"},"_links":{"self":[{"href":"https:\/\/andalubox.com\/de\/wp-json\/wp\/v2\/product\/8825","targetHints":{"allow":["GET"]}}],"collection":[{"href":"https:\/\/andalubox.com\/de\/wp-json\/wp\/v2\/product"}],"about":[{"href":"https:\/\/andalubox.com\/de\/wp-json\/wp\/v2\/types\/product"}],"replies":[{"embeddable":true,"href":"https:\/\/andalubox.com\/de\/wp-json\/wp\/v2\/comments?post=8825"}],"wp:featuredmedia":[{"embeddable":true,"href":"https:\/\/andalubox.com\/de\/wp-json\/wp\/v2\/media\/8781"}],"wp:attachment":[{"href":"https:\/\/andalubox.com\/de\/wp-json\/wp\/v2\/media?parent=8825"}],"wp:term":[{"taxonomy":"product_brand","embeddable":true,"href":"https:\/\/andalubox.com\/de\/wp-json\/wp\/v2\/product_brand?post=8825"},{"taxonomy":"product_cat","embeddable":true,"href":"https:\/\/andalubox.com\/de\/wp-json\/wp\/v2\/product_cat?post=8825"},{"taxonomy":"product_tag","embeddable":true,"href":"https:\/\/andalubox.com\/de\/wp-json\/wp\/v2\/product_tag?post=8825"}],"curies":[{"name":"wp","href":"https:\/\/api.w.org\/{rel}","templated":true}]}}