{"id":8804,"date":"2022-11-10T15:57:44","date_gmt":"2022-11-10T14:57:44","guid":{"rendered":"https:\/\/andalubox.com\/producto-andaluz\/mms-schokoriegel-gefuellt-mit-knusprigen-cerealien-165g\/"},"modified":"2025-06-20T09:38:47","modified_gmt":"2025-06-20T07:38:47","slug":"mms-schokolade-schokolade-gefullter-getreide-knusper-graham-knusper-kuchen-165gr","status":"publish","type":"product","link":"https:\/\/andalubox.com\/de\/producto-andaluz\/mms-schokolade-schokolade-gefullter-getreide-knusper-graham-knusper-kuchen-165gr\/","title":{"rendered":"M&amp;M&#8217;s Crispy (Schokoladenriegel gef\u00fcllt mit knusprigen Cerealien), 150g"},"content":{"rendered":"<h2>Zutaten<\/h2>\n<p>Zucker, Kakaobutter, Magermilchpulver, Kakaomasse, Butterfett (aus Milch), Laktose, Molkenpermeat (aus Milch), Reismehl, Vollmilchpulver, Weizenvollkornmehl, Emulgator (Sojalecithin, E471), Weizenmalzmehl, St\u00e4rke, Molkenpulver (aus Milch), Palmfett, Sheabutter, Glukosesirup, Salz, Raps\u00f6l, Stabilisator (Gummi Arabicum), Farbstoff*, Dextrin, \u00dcberzugsmittel (Carnaubawachs), Vanilleextrakt, Palmkernfett, Aroma. (Kann Erdnuss, Haselnuss, Mandel enthalten). * E100, E133, E160a, E162, E170, E172. Kakao 25% Minimum<\/p>","protected":false},"excerpt":{"rendered":"<p>Knusprige Milchschokolade, gef\u00fcllt mit Getreidedagrees Knuspertafel 150 g<\/p>\n<p>Vollmilchschokolade mit M&amp;M&#8217;s Minis (11%) (Vollmilchschokolade in einer bunten Zuckerh\u00fclle) und Knusperreis (4%).<\/p>\n","protected":false},"featured_media":8729,"comment_status":"closed","ping_status":"closed","template":"","meta":{"site-sidebar-layout":"default","site-content-layout":"default","ast-site-content-layout":"default","site-content-style":"default","site-sidebar-style":"default","ast-global-header-display":"","ast-banner-title-visibility":"","ast-main-header-display":"","ast-hfb-above-header-display":"","ast-hfb-below-header-display":"","ast-hfb-mobile-header-display":"","site-post-title":"","ast-breadcrumbs-content":"","ast-featured-img":"","footer-sml-layout":"","ast-disable-related-posts":"","theme-transparent-header-meta":"default","adv-header-id-meta":"","stick-header-meta":"","header-above-stick-meta":"","header-main-stick-meta":"","header-below-stick-meta":"","astra-migrate-meta-layouts":"default","ast-page-background-enabled":"default","ast-page-background-meta":{"desktop":{"background-color":"var(--ast-global-color-4)","background-image":"","background-repeat":"repeat","background-position":"center center","background-size":"auto","background-attachment":"scroll","background-type":"","background-media":"","overlay-type":"","overlay-color":"","overlay-opacity":"","overlay-gradient":""},"tablet":{"background-color":"","background-image":"","background-repeat":"repeat","background-position":"center center","background-size":"auto","background-attachment":"scroll","background-type":"","background-media":"","overlay-type":"","overlay-color":"","overlay-opacity":"","overlay-gradient":""},"mobile":{"background-color":"","background-image":"","background-repeat":"repeat","background-position":"center center","background-size":"auto","background-attachment":"scroll","background-type":"","background-media":"","overlay-type":"","overlay-color":"","overlay-opacity":"","overlay-gradient":""}},"ast-content-background-meta":{"desktop":{"background-color":"var(--ast-global-color-5)","background-image":"","background-repeat":"repeat","background-position":"center center","background-size":"auto","background-attachment":"scroll","background-type":"","background-media":"","overlay-type":"","overlay-color":"","overlay-opacity":"","overlay-gradient":""},"tablet":{"background-color":"var(--ast-global-color-5)","background-image":"","background-repeat":"repeat","background-position":"center center","background-size":"auto","background-attachment":"scroll","background-type":"","background-media":"","overlay-type":"","overlay-color":"","overlay-opacity":"","overlay-gradient":""},"mobile":{"background-color":"var(--ast-global-color-5)","background-image":"","background-repeat":"repeat","background-position":"center center","background-size":"auto","background-attachment":"scroll","background-type":"","background-media":"","overlay-type":"","overlay-color":"","overlay-opacity":"","overlay-gradient":""}}},"product_brand":[1444],"product_cat":[373],"product_tag":[],"class_list":{"0":"post-8804","1":"product","2":"type-product","3":"status-publish","4":"has-post-thumbnail","6":"product_brand-mars","7":"product_cat-schokolade","8":"desktop-align-left","9":"tablet-align-left","10":"mobile-align-left","12":"first","13":"outofstock","14":"taxable","15":"shipping-taxable","16":"purchasable","17":"product-type-simple"},"_links":{"self":[{"href":"https:\/\/andalubox.com\/de\/wp-json\/wp\/v2\/product\/8804","targetHints":{"allow":["GET"]}}],"collection":[{"href":"https:\/\/andalubox.com\/de\/wp-json\/wp\/v2\/product"}],"about":[{"href":"https:\/\/andalubox.com\/de\/wp-json\/wp\/v2\/types\/product"}],"replies":[{"embeddable":true,"href":"https:\/\/andalubox.com\/de\/wp-json\/wp\/v2\/comments?post=8804"}],"wp:featuredmedia":[{"embeddable":true,"href":"https:\/\/andalubox.com\/de\/wp-json\/wp\/v2\/media\/8729"}],"wp:attachment":[{"href":"https:\/\/andalubox.com\/de\/wp-json\/wp\/v2\/media?parent=8804"}],"wp:term":[{"taxonomy":"product_brand","embeddable":true,"href":"https:\/\/andalubox.com\/de\/wp-json\/wp\/v2\/product_brand?post=8804"},{"taxonomy":"product_cat","embeddable":true,"href":"https:\/\/andalubox.com\/de\/wp-json\/wp\/v2\/product_cat?post=8804"},{"taxonomy":"product_tag","embeddable":true,"href":"https:\/\/andalubox.com\/de\/wp-json\/wp\/v2\/product_tag?post=8804"}],"curies":[{"name":"wp","href":"https:\/\/api.w.org\/{rel}","templated":true}]}}