{"id":8795,"date":"2022-11-10T15:57:32","date_gmt":"2022-11-10T14:57:32","guid":{"rendered":"https:\/\/andalubox.com\/producto-andaluz\/lucky-charms-cerealien-442g-importiert-aus-den-usa\/"},"modified":"2025-06-20T08:28:43","modified_gmt":"2025-06-20T06:28:43","slug":"getreide-glucksbringer-442g-importiert-aus-us","status":"publish","type":"product","link":"https:\/\/andalubox.com\/de\/producto-andaluz\/getreide-glucksbringer-442g-importiert-aus-us\/","title":{"rendered":"Lucky Charms M\u00fcsli 442g (Importiert aus USA)"},"content":{"rendered":"<h2>Zutaten<\/h2>\n<p>Vollkornhafer, Zucker, Hafermehl, Mais, Maissirup, modifizierte Maisst\u00e4rke, Maisst\u00e4rke, Dextrose, Salz, Gelatine, Antioxidationsmittel: Trinatriumphosphat (E339), k\u00fcnstliche Farbstoffe (E102, E110, E129, E133), nat\u00fcrliche und k\u00fcnstliche Aromen, Antioxidationsmittel (Tocopherole). Hergestellt aus GVO-Zutaten. Enth\u00e4lt k\u00fcnstliche Farbstoffe: E102, E110, E129.<\/p>\n<h2>Allergene<\/h2>\n<p>Enth\u00e4lt Milchbestandteile<\/p>\n<h2>N\u00e4hrwertangaben pro 100 g:<\/h2>\n<p>Energiewert: 1569kJ\/ 375kcal, Fett: 4,2g, davon ges\u00e4ttigt: 0g, Kohlenhydrate: 81,3g, davon Zucker 35,4g, Eiwei\u00df: 8,3g, Salz: 0,65g.<\/p>","protected":false},"excerpt":{"rendered":"<p>Marshmallow-Getreide, darunter Herzen, Sterne, Kleebl\u00e4tter und Diamanten.<\/p>\n<p>Glutenfrei und angereichert mit 12 Vitaminen, Mineralien und Kalzium.<\/p>\n","protected":false},"featured_media":8679,"comment_status":"closed","ping_status":"closed","template":"","meta":{"site-sidebar-layout":"default","site-content-layout":"default","ast-site-content-layout":"default","site-content-style":"default","site-sidebar-style":"default","ast-global-header-display":"","ast-banner-title-visibility":"","ast-main-header-display":"","ast-hfb-above-header-display":"","ast-hfb-below-header-display":"","ast-hfb-mobile-header-display":"","site-post-title":"","ast-breadcrumbs-content":"","ast-featured-img":"","footer-sml-layout":"","ast-disable-related-posts":"","theme-transparent-header-meta":"default","adv-header-id-meta":"","stick-header-meta":"","header-above-stick-meta":"","header-main-stick-meta":"","header-below-stick-meta":"","astra-migrate-meta-layouts":"default","ast-page-background-enabled":"default","ast-page-background-meta":{"desktop":{"background-color":"var(--ast-global-color-4)","background-image":"","background-repeat":"repeat","background-position":"center center","background-size":"auto","background-attachment":"scroll","background-type":"","background-media":"","overlay-type":"","overlay-color":"","overlay-opacity":"","overlay-gradient":""},"tablet":{"background-color":"","background-image":"","background-repeat":"repeat","background-position":"center center","background-size":"auto","background-attachment":"scroll","background-type":"","background-media":"","overlay-type":"","overlay-color":"","overlay-opacity":"","overlay-gradient":""},"mobile":{"background-color":"","background-image":"","background-repeat":"repeat","background-position":"center center","background-size":"auto","background-attachment":"scroll","background-type":"","background-media":"","overlay-type":"","overlay-color":"","overlay-opacity":"","overlay-gradient":""}},"ast-content-background-meta":{"desktop":{"background-color":"var(--ast-global-color-5)","background-image":"","background-repeat":"repeat","background-position":"center center","background-size":"auto","background-attachment":"scroll","background-type":"","background-media":"","overlay-type":"","overlay-color":"","overlay-opacity":"","overlay-gradient":""},"tablet":{"background-color":"var(--ast-global-color-5)","background-image":"","background-repeat":"repeat","background-position":"center center","background-size":"auto","background-attachment":"scroll","background-type":"","background-media":"","overlay-type":"","overlay-color":"","overlay-opacity":"","overlay-gradient":""},"mobile":{"background-color":"var(--ast-global-color-5)","background-image":"","background-repeat":"repeat","background-position":"center center","background-size":"auto","background-attachment":"scroll","background-type":"","background-media":"","overlay-type":"","overlay-color":"","overlay-opacity":"","overlay-gradient":""}}},"product_brand":[1225],"product_cat":[368],"product_tag":[369],"class_list":{"0":"post-8795","1":"product","2":"type-product","3":"status-publish","4":"has-post-thumbnail","6":"product_brand-general-mills","7":"product_cat-getreide","8":"product_tag-international-de","9":"desktop-align-left","10":"tablet-align-left","11":"mobile-align-left","13":"first","14":"outofstock","15":"taxable","16":"shipping-taxable","17":"purchasable","18":"product-type-simple"},"_links":{"self":[{"href":"https:\/\/andalubox.com\/de\/wp-json\/wp\/v2\/product\/8795","targetHints":{"allow":["GET"]}}],"collection":[{"href":"https:\/\/andalubox.com\/de\/wp-json\/wp\/v2\/product"}],"about":[{"href":"https:\/\/andalubox.com\/de\/wp-json\/wp\/v2\/types\/product"}],"replies":[{"embeddable":true,"href":"https:\/\/andalubox.com\/de\/wp-json\/wp\/v2\/comments?post=8795"}],"wp:featuredmedia":[{"embeddable":true,"href":"https:\/\/andalubox.com\/de\/wp-json\/wp\/v2\/media\/8679"}],"wp:attachment":[{"href":"https:\/\/andalubox.com\/de\/wp-json\/wp\/v2\/media?parent=8795"}],"wp:term":[{"taxonomy":"product_brand","embeddable":true,"href":"https:\/\/andalubox.com\/de\/wp-json\/wp\/v2\/product_brand?post=8795"},{"taxonomy":"product_cat","embeddable":true,"href":"https:\/\/andalubox.com\/de\/wp-json\/wp\/v2\/product_cat?post=8795"},{"taxonomy":"product_tag","embeddable":true,"href":"https:\/\/andalubox.com\/de\/wp-json\/wp\/v2\/product_tag?post=8795"}],"curies":[{"name":"wp","href":"https:\/\/api.w.org\/{rel}","templated":true}]}}